{"id":12884,"date":"2021-11-11T14:05:02","date_gmt":"2021-11-11T13:05:02","guid":{"rendered":"https:\/\/parduotuve.kondena.lt\/?post_type=product&#038;p=12884"},"modified":"2024-01-24T12:51:38","modified_gmt":"2024-01-24T11:51:38","slug":"beurer-lr500-hepa-65w-oro-valytuvas","status":"publish","type":"product","link":"https:\/\/parduotuve.kondena.lt\/en\/produktai\/beurer-lr500-hepa-65w-oro-valytuvas\/","title":{"rendered":"Oro valytuvas BEURER LR500 HEPA 65W"},"content":{"rendered":"<p>Oro valytuvas BEURER LR500 HEPA 65W<\/p>\n<p>Giliai \u012fkv\u0117pk! Pa\u0161alinkite i\u0161 savo nam\u0173 sklindan\u010dius ter\u0161alus. Oro valytuvas LR 500 u\u017etikrina, kad oras, kuriuo kv\u0117puojate namuose, b\u016bt\u0173 \u0161varus, i\u0161filtruodamas daugyb\u0119 ore plintan\u010di\u0173 virus\u0173 ir bakterij\u0173. Taip j\u016bs\u0173 keturiose sienose gausite \u0161var\u0173 or\u0105.<\/p>\n<p>Programa valdomas oro valytuvas (WiFi)<br \/>\nOro valymas naudojant trij\u0173 sluoksni\u0173 filtr\u0173 sistem\u0105 (prie\u0161filtras + aktyvuotos anglies filtras + HEPA filtras): i\u0161 oro filtruojamos buitin\u0117s dulk\u0117s, gyv\u016bn\u0173 plaukai, kvapai, \u017eiedadulk\u0117s, \u012fvairios bakterijos ir virusai bei kenksmingos dujos.<br \/>\nBandymai rodo, kad trij\u0173 sluoksni\u0173 filtr\u0173 sistema su HEPA H13 filtru i\u0161filtruoja iki 95% daleli\u0173, kuri\u0173 dydis \u2265 0,02 \u00b5m (IUTA bandymas 2020 m. baland\u017eio m\u0117n. pagal DIN 71460-1)*. Pa\u0161alinama 99,95 % daleli\u0173, kuri\u0173 dydis \u2265 0,3 \u00b5m.<br \/>\nPM 2.5 jutiklis \u2013 atpa\u017e\u012fsta smulkias dulkes, kuri\u0173 daleli\u0173 dydis iki 2,5 \u00b5m<br \/>\nPapildomas oro valymas naudojant pasirenkam\u0105 ultravioletin\u0119 \u0161vies\u0105<br \/>\nKambario temperat\u016bros ir dr\u0117gm\u0117s ekranas<br \/>\n4 lygiai + turbo re\u017eimas<br \/>\nRankinio laikma\u010dio funkcija (1-24 val.)<br \/>\nAutomatin\u0117 funkcija<br \/>\nSu naktiniu re\u017eimu: itin tylus veikimas su pritemdytu valdymo skydeliu<br \/>\nFiltro keitimo indikatorius<br \/>\nKonfig\u016bravimas per Bluetooth\u00ae<br \/>\nSaugi automatinio i\u0161jungimo funkcija<br \/>\nTinka 34 m2 \u2013 106 m2 patalpoms<br \/>\n\u201ebeurer FreshHome\u201c program\u0105 galima atsisi\u0173sti nemokamai1)<\/p>","protected":false},"excerpt":{"rendered":"<p><strong>Techniniai duomenys:<\/strong><\/p>\n<ul>\n<li>Spalva: balt<\/li>\n<li>Galia: 65 W<\/li>\n<li>Na\u0161umas: 35-100 m\u00b2<\/li>\n<li>Laikmatis: 24 valandos<\/li>\n<li>Ry\u0161ys: Bluetooth 4.0<\/li>\n<li>Charakteristikos:\n<ul>\n<li>Automatic shutdown<\/li>\n<li>HEPA filtras<\/li>\n<li>LED screen<\/li>\n<\/ul>\n<\/li>\n<li>Reikalavimai: \u201eBeurer FresHome\u201c programa<\/li>\n<li>Maitinimas: elektros tinklas<\/li>\n<li>apytiksliai\u00a0matmenys: 42 x 66,3 x 27,8 cm<\/li>\n<\/ul>","protected":false},"featured_media":12885,"comment_status":"open","ping_status":"closed","template":"","meta":[],"product_cat":[196,214],"product_tag":[],"class_list":["post-12884","product","type-product","status-publish","has-post-thumbnail","hentry","product_cat-geram-orui","product_cat-oro-valytuvai"],"acf":[],"yoast_head":"<!-- This site is optimized with the Yoast SEO plugin v20.13 - https:\/\/yoast.com\/wordpress\/plugins\/seo\/ -->\n<title>Oro valytuvas BEURER LR500 HEPA 65W - Kondena<\/title>\n<meta name=\"description\" content=\"BEURER LR500 HEPA 65W oro valytuvas - tylus, efektyvus, maloniai kvepiantis oro valytuvas j\u016bs\u0173 auk\u0161\u010diausiam komfortui u\u017etikrinti.\" \/>\n<meta name=\"robots\" content=\"index, follow, max-snippet:-1, max-image-preview:large, max-video-preview:-1\" \/>\n<link rel=\"canonical\" href=\"https:\/\/parduotuve.kondena.lt\/en\/produktai\/beurer-lr500-hepa-65w-oro-valytuvas\/\" \/>\n<meta property=\"og:locale\" content=\"en_US\" \/>\n<meta property=\"og:type\" content=\"article\" \/>\n<meta property=\"og:title\" content=\"Oro valytuvas BEURER LR500 HEPA 65W - Kondena\" \/>\n<meta property=\"og:description\" content=\"BEURER LR500 HEPA 65W oro valytuvas - tylus, efektyvus, maloniai kvepiantis oro valytuvas j\u016bs\u0173 auk\u0161\u010diausiam komfortui u\u017etikrinti.\" \/>\n<meta property=\"og:url\" content=\"https:\/\/parduotuve.kondena.lt\/en\/produktai\/beurer-lr500-hepa-65w-oro-valytuvas\/\" \/>\n<meta property=\"og:site_name\" content=\"Kondena\" \/>\n<meta property=\"article:modified_time\" content=\"2024-01-24T11:51:38+00:00\" \/>\n<meta property=\"og:image\" content=\"https:\/\/parduotuve.kondena.lt\/wp-content\/uploads\/2021\/11\/air-purifier-beurer-lr500-hepa-65w-white_132670.jpg\" \/>\n\t<meta property=\"og:image:width\" content=\"600\" \/>\n\t<meta property=\"og:image:height\" content=\"600\" \/>\n\t<meta property=\"og:image:type\" content=\"image\/jpeg\" \/>\n<meta name=\"twitter:card\" content=\"summary_large_image\" \/>\n<meta name=\"twitter:label1\" content=\"Est. reading time\" \/>\n\t<meta name=\"twitter:data1\" content=\"1 minute\" \/>\n<script type=\"application\/ld+json\" class=\"yoast-schema-graph\">{\"@context\":\"https:\/\/schema.org\",\"@graph\":[{\"@type\":\"WebPage\",\"@id\":\"https:\/\/parduotuve.kondena.lt\/produktai\/beurer-lr500-hepa-65w-oro-valytuvas\/\",\"url\":\"https:\/\/parduotuve.kondena.lt\/produktai\/beurer-lr500-hepa-65w-oro-valytuvas\/\",\"name\":\"Oro valytuvas BEURER LR500 HEPA 65W - Kondena\",\"isPartOf\":{\"@id\":\"https:\/\/parduotuve.kondena.lt\/#website\"},\"datePublished\":\"2021-11-11T13:05:02+00:00\",\"dateModified\":\"2024-01-24T11:51:38+00:00\",\"description\":\"BEURER LR500 HEPA 65W oro valytuvas - tylus, efektyvus, maloniai kvepiantis oro valytuvas j\u016bs\u0173 auk\u0161\u010diausiam komfortui u\u017etikrinti.\",\"breadcrumb\":{\"@id\":\"https:\/\/parduotuve.kondena.lt\/produktai\/beurer-lr500-hepa-65w-oro-valytuvas\/#breadcrumb\"},\"inLanguage\":\"en-US\",\"potentialAction\":[{\"@type\":\"ReadAction\",\"target\":[\"https:\/\/parduotuve.kondena.lt\/produktai\/beurer-lr500-hepa-65w-oro-valytuvas\/\"]}]},{\"@type\":\"BreadcrumbList\",\"@id\":\"https:\/\/parduotuve.kondena.lt\/produktai\/beurer-lr500-hepa-65w-oro-valytuvas\/#breadcrumb\",\"itemListElement\":[{\"@type\":\"ListItem\",\"position\":1,\"name\":\"Parduotuv\u0117\",\"item\":\"https:\/\/parduotuve.kondena.lt\/parduotuve\/\"},{\"@type\":\"ListItem\",\"position\":2,\"name\":\"Oro valytuvas BEURER LR500 HEPA 65W\"}]},{\"@type\":\"WebSite\",\"@id\":\"https:\/\/parduotuve.kondena.lt\/#website\",\"url\":\"https:\/\/parduotuve.kondena.lt\/\",\"name\":\"Kondena\",\"description\":\"Kol kas tik dar vienas WordPress tinklalapis\",\"potentialAction\":[{\"@type\":\"SearchAction\",\"target\":{\"@type\":\"EntryPoint\",\"urlTemplate\":\"https:\/\/parduotuve.kondena.lt\/?s={search_term_string}\"},\"query-input\":\"required name=search_term_string\"}],\"inLanguage\":\"en-US\"}]}<\/script>\n<!-- \/ Yoast SEO plugin. -->","yoast_head_json":{"title":"Oro valytuvas BEURER LR500 HEPA 65W - Kondena","description":"BEURER LR500 HEPA 65W oro valytuvas - tylus, efektyvus, maloniai kvepiantis oro valytuvas j\u016bs\u0173 auk\u0161\u010diausiam komfortui u\u017etikrinti.","robots":{"index":"index","follow":"follow","max-snippet":"max-snippet:-1","max-image-preview":"max-image-preview:large","max-video-preview":"max-video-preview:-1"},"canonical":"https:\/\/parduotuve.kondena.lt\/en\/produktai\/beurer-lr500-hepa-65w-oro-valytuvas\/","og_locale":"en_US","og_type":"article","og_title":"Oro valytuvas BEURER LR500 HEPA 65W - Kondena","og_description":"BEURER LR500 HEPA 65W oro valytuvas - tylus, efektyvus, maloniai kvepiantis oro valytuvas j\u016bs\u0173 auk\u0161\u010diausiam komfortui u\u017etikrinti.","og_url":"https:\/\/parduotuve.kondena.lt\/en\/produktai\/beurer-lr500-hepa-65w-oro-valytuvas\/","og_site_name":"Kondena","article_modified_time":"2024-01-24T11:51:38+00:00","og_image":[{"width":600,"height":600,"url":"https:\/\/parduotuve.kondena.lt\/wp-content\/uploads\/2021\/11\/air-purifier-beurer-lr500-hepa-65w-white_132670.jpg","type":"image\/jpeg"}],"twitter_card":"summary_large_image","twitter_misc":{"Est. reading time":"1 minute"},"schema":{"@context":"https:\/\/schema.org","@graph":[{"@type":"WebPage","@id":"https:\/\/parduotuve.kondena.lt\/produktai\/beurer-lr500-hepa-65w-oro-valytuvas\/","url":"https:\/\/parduotuve.kondena.lt\/produktai\/beurer-lr500-hepa-65w-oro-valytuvas\/","name":"Oro valytuvas BEURER LR500 HEPA 65W - Kondena","isPartOf":{"@id":"https:\/\/parduotuve.kondena.lt\/#website"},"datePublished":"2021-11-11T13:05:02+00:00","dateModified":"2024-01-24T11:51:38+00:00","description":"BEURER LR500 HEPA 65W oro valytuvas - tylus, efektyvus, maloniai kvepiantis oro valytuvas j\u016bs\u0173 auk\u0161\u010diausiam komfortui u\u017etikrinti.","breadcrumb":{"@id":"https:\/\/parduotuve.kondena.lt\/produktai\/beurer-lr500-hepa-65w-oro-valytuvas\/#breadcrumb"},"inLanguage":"en-US","potentialAction":[{"@type":"ReadAction","target":["https:\/\/parduotuve.kondena.lt\/produktai\/beurer-lr500-hepa-65w-oro-valytuvas\/"]}]},{"@type":"BreadcrumbList","@id":"https:\/\/parduotuve.kondena.lt\/produktai\/beurer-lr500-hepa-65w-oro-valytuvas\/#breadcrumb","itemListElement":[{"@type":"ListItem","position":1,"name":"Parduotuv\u0117","item":"https:\/\/parduotuve.kondena.lt\/parduotuve\/"},{"@type":"ListItem","position":2,"name":"Oro valytuvas BEURER LR500 HEPA 65W"}]},{"@type":"WebSite","@id":"https:\/\/parduotuve.kondena.lt\/#website","url":"https:\/\/parduotuve.kondena.lt\/","name":"Kondena","description":"Kol kas tik dar vienas WordPress tinklalapis","potentialAction":[{"@type":"SearchAction","target":{"@type":"EntryPoint","urlTemplate":"https:\/\/parduotuve.kondena.lt\/?s={search_term_string}"},"query-input":"required name=search_term_string"}],"inLanguage":"en-US"}]}},"_links":{"self":[{"href":"https:\/\/parduotuve.kondena.lt\/en\/wp-json\/wp\/v2\/product\/12884","targetHints":{"allow":["GET"]}}],"collection":[{"href":"https:\/\/parduotuve.kondena.lt\/en\/wp-json\/wp\/v2\/product"}],"about":[{"href":"https:\/\/parduotuve.kondena.lt\/en\/wp-json\/wp\/v2\/types\/product"}],"replies":[{"embeddable":true,"href":"https:\/\/parduotuve.kondena.lt\/en\/wp-json\/wp\/v2\/comments?post=12884"}],"wp:featuredmedia":[{"embeddable":true,"href":"https:\/\/parduotuve.kondena.lt\/en\/wp-json\/wp\/v2\/media\/12885"}],"wp:attachment":[{"href":"https:\/\/parduotuve.kondena.lt\/en\/wp-json\/wp\/v2\/media?parent=12884"}],"wp:term":[{"taxonomy":"product_cat","embeddable":true,"href":"https:\/\/parduotuve.kondena.lt\/en\/wp-json\/wp\/v2\/product_cat?post=12884"},{"taxonomy":"product_tag","embeddable":true,"href":"https:\/\/parduotuve.kondena.lt\/en\/wp-json\/wp\/v2\/product_tag?post=12884"}],"curies":[{"name":"wp","href":"https:\/\/api.w.org\/{rel}","templated":true}]}}