{"id":12767,"date":"2021-10-10T15:24:02","date_gmt":"2021-10-10T14:24:02","guid":{"rendered":"https:\/\/parduotuve.kondena.lt\/?post_type=product&#038;p=12767"},"modified":"2023-02-27T13:19:23","modified_gmt":"2023-02-27T12:19:23","slug":"tempero-eco-150-ceram-base-mini-rekuperatorius","status":"publish","type":"product","link":"https:\/\/parduotuve.kondena.lt\/en\/produktai\/tempero-eco-150-ceram-base-mini-rekuperatorius\/","title":{"rendered":"Mini rekuperatorius TEMPERO ECO 150 CERAM BASE"},"content":{"rendered":"<p>Mini rekuperatorius TEMPERO ECO 150 CERAM BASE\u00a0&#8211; tai decentralizuotas v\u0117dinimo \u012frenginys su pakaitiniu oro jud\u0117jimu ir \u0161ilumos atgavimo sistema. Keramikinis \u0161ilumokaitis ir ekonomi\u0161kas ventiliatorius u\u017etikrina ma\u017eas energijos s\u0105naudas. Komplektuojamas su 160mm skersmens ortakiu. Tai idealus sprendimas vienam kambariui, kaip pavyzd\u017eiui miegamajam ar svetainei. Norint i\u0161gauti geresn\u012f balans\u0105 bei oro jud\u0117jim\u0105, rekomenduojama \u012frenginius montuoti kelis ir juos tarpusavyje suporuoti, suderinant paduodamo ir i\u0161traukiamo oro srautus. \u0160is mini rekuperatorius puikus sprendimas i\u0161laikyti rekomenduojamas CO2normas kambariuose, taip pat pa\u0161alinti buitinius ter\u0161alus, kvapus, dr\u0117gm\u0119 bei u\u017ekirsti keli\u0105 pel\u0117si\u0173 ir kit\u0173 kenksming\u0173 sveikatai mikroorganizm\u0173 atsiradimui ir dauginimuisi namuose.<\/p>\n<p><img decoding=\"async\" src=\"http:\/\/www.medgana.lt\/out_data\/image\/sudetis.jpg\" alt=\"\" \/><\/p>\n<p>Tempero Eco 150 Ceram yra priverstinio v\u0117dinimo \u012frenginys su energijos atgavimu. Ventiliatoriaus i\u0161traukiamas oras su\u0161ildo keramikin\u012f \u0161ilumokait\u012f, per kur\u012f v\u0117liau paduodamas \u0161vie\u017eias oras.<\/p>\n<p>Tempero Eco 150 Ceram \u012frengtas ekonomi\u0161kas, energij\u0105 taupantis EC ventiliatorius. \u0160is \u012frenginys padeda taupyti tiek \u0161altuoju, tiek \u0161iltuoju sezono metu.<\/p>\n<p>Keramikinis \u0161ilumokaitis pasi\u017eymi auk\u0161tu, iki 90% \u0161ilumogr\u0105\u017eos koeficientu.<\/p>\n<p>Mini rekuperatoriuje TEMPERO ECO 150 CERAM BASE \u012frengti du G3 klas\u0117s filtrai \u0161ilumokai\u010dio apsaugai nuo dulki\u0173. \u0160ie filtrai labai lengvai pri\u017ei\u016brimi arba kei\u010diami.<\/p>\n<p>Mini rekuperatorius TEMPERO ECO 150 CERAM BASE buvo sukurtas taip, kad b\u016bt\u0173 lengvai pri\u017ei\u016brimas ir aptarnaujamas.<\/p>\n<p>\u012erenginys sukurtas taip, kad b\u016bt\u0173 galima patogiai i\u0161valyti visas jo sudedam\u0105sias dalis.<\/p>\n<p>Ortakis jungiantis vidines ir i\u0161orines dalis gali b\u016bti trumpinamas arba prailginamas atsi\u017evelgiant \u012f pastat\u0173 sienos stor\u012f. Standarti\u0161kai komplektuojamas D160 40 cm ilgio ortakis.<\/p>\n<p>Valdomas tik ant \u012frenginio esan\u010diais mygtukais.<\/p>\n<p><strong>Funkcijos<\/strong><\/p>\n<ul>\n<li>Vidinis automatinis u\u017eraktas;<\/li>\n<li>ON \/ OFF jungiklis ir 2 grei\u010di\u0173 jungiklis;<\/li>\n<li>Funkcij\u0173 indikatoriaus lemput\u0117.<\/li>\n<\/ul>\n<p><strong>Privalumai:<\/strong><\/p>\n<ul>\n<li>Keramikos \u0161ilumokaitis, kurio efektyvumas iki 90%.<\/li>\n<li>Tinka vienam kambariui.<\/li>\n<li>Kompakti\u0161kas, universalus ir paprastas naudoti.<\/li>\n<li>Pagamintas i\u0161 auk\u0161tos kokyb\u0117s, patvari\u0173, nekenksming\u0173 med\u017eiag\u0173.<\/li>\n<li>Dvigubas filtras oro padavimui ir i\u0161traukimui lengvai i\u0161imamas ir plaunamas.<\/li>\n<li>Nesusidaro kondensatas.<\/li>\n<li>Reguliuojamas oro srautas iki 60m3\/h.<\/li>\n<li>Oro srautas juda viena kryptimi. I\u0161 prad\u017ei\u0173 i\u0161traukiamas, po to paduodamas.<\/li>\n<li>Ekonomi\u0161kas ventiliatorius<\/li>\n<li>Suma\u017eintas energijos suvartojimas<\/li>\n<li>Quiet operation<\/li>\n<li>Komplektuojamo ortakio ilgis nuo 250 iki 400mm<\/li>\n<li>V\u0117dinimo sistema, kuriai nereikia ved\u017eioti ortaki\u0173<\/li>\n<li>Filtrai ir keramikinis \u0161ilumokaitis lengvai i\u0161imami ir plaunami<\/li>\n<li>Galite lengvai sumontuoti \u0161\u012f \u012frengin\u012f vietoj senesnio modelio arba paprasto ventiliatoriaus be jokios papildomos intervencijos \u012f namo sien\u0105<\/li>\n<li>Vamzd\u017eio diametras 150 mm (skyl\u0117 sienoje gr\u0119\u017eiama 160 mm).<\/li>\n<\/ul>","protected":false},"excerpt":{"rendered":"<ul>\n<li>Vidinis automatinis u\u017eraktas;<\/li>\n<li>ON \/ OFF jungiklis ir 2 grei\u010di\u0173 jungiklis;<\/li>\n<li>Funkcij\u0173 indikatoriaus lemput\u0117.<\/li>\n<\/ul>","protected":false},"featured_media":12766,"comment_status":"open","ping_status":"closed","template":"","meta":[],"product_cat":[141,275,142],"product_tag":[],"class_list":["post-12767","product","type-product","status-publish","has-post-thumbnail","hentry","product_cat-vedinimas","product_cat-mini-rekuperatoriai","product_cat-vedinimo-irenginiai"],"acf":[],"yoast_head":"<!-- This site is optimized with the Yoast SEO plugin v20.13 - https:\/\/yoast.com\/wordpress\/plugins\/seo\/ -->\n<title>Mini rekuperatorius TEMPERO ECO 150 CERAM BASE - Kondena<\/title>\n<meta name=\"description\" content=\"TEMPERO ECO 150 CERAM BASE mini rekuperatorius - tai \u012frenginys galintis u\u017etikrinti j\u016bs\u0173 nam\u0173 auk\u0161\u010diausi\u0105 mikroklimato komfort\u0105.\" \/>\n<meta name=\"robots\" content=\"index, follow, max-snippet:-1, max-image-preview:large, max-video-preview:-1\" \/>\n<link rel=\"canonical\" href=\"https:\/\/parduotuve.kondena.lt\/en\/produktai\/tempero-eco-150-ceram-base-mini-rekuperatorius\/\" \/>\n<meta property=\"og:locale\" content=\"en_US\" \/>\n<meta property=\"og:type\" content=\"article\" \/>\n<meta property=\"og:title\" content=\"Mini rekuperatorius TEMPERO ECO 150 CERAM BASE - Kondena\" \/>\n<meta property=\"og:description\" content=\"TEMPERO ECO 150 CERAM BASE mini rekuperatorius - tai \u012frenginys galintis u\u017etikrinti j\u016bs\u0173 nam\u0173 auk\u0161\u010diausi\u0105 mikroklimato komfort\u0105.\" \/>\n<meta property=\"og:url\" content=\"https:\/\/parduotuve.kondena.lt\/en\/produktai\/tempero-eco-150-ceram-base-mini-rekuperatorius\/\" \/>\n<meta property=\"og:site_name\" content=\"Kondena\" \/>\n<meta property=\"article:modified_time\" content=\"2023-02-27T12:19:23+00:00\" \/>\n<meta property=\"og:image\" content=\"https:\/\/parduotuve.kondena.lt\/wp-content\/uploads\/2021\/11\/oerre-tempero-eco-ceram-mini-rekuperatorius-1.png\" \/>\n\t<meta property=\"og:image:width\" content=\"659\" \/>\n\t<meta property=\"og:image:height\" content=\"659\" \/>\n\t<meta property=\"og:image:type\" content=\"image\/png\" \/>\n<meta name=\"twitter:card\" content=\"summary_large_image\" \/>\n<meta name=\"twitter:label1\" content=\"Est. reading time\" \/>\n\t<meta name=\"twitter:data1\" content=\"3 minutes\" \/>\n<script type=\"application\/ld+json\" class=\"yoast-schema-graph\">{\"@context\":\"https:\/\/schema.org\",\"@graph\":[{\"@type\":\"WebPage\",\"@id\":\"https:\/\/parduotuve.kondena.lt\/produktai\/tempero-eco-150-ceram-base-mini-rekuperatorius\/\",\"url\":\"https:\/\/parduotuve.kondena.lt\/produktai\/tempero-eco-150-ceram-base-mini-rekuperatorius\/\",\"name\":\"Mini rekuperatorius TEMPERO ECO 150 CERAM BASE - Kondena\",\"isPartOf\":{\"@id\":\"https:\/\/parduotuve.kondena.lt\/#website\"},\"datePublished\":\"2021-10-10T14:24:02+00:00\",\"dateModified\":\"2023-02-27T12:19:23+00:00\",\"description\":\"TEMPERO ECO 150 CERAM BASE mini rekuperatorius - tai \u012frenginys galintis u\u017etikrinti j\u016bs\u0173 nam\u0173 auk\u0161\u010diausi\u0105 mikroklimato komfort\u0105.\",\"breadcrumb\":{\"@id\":\"https:\/\/parduotuve.kondena.lt\/produktai\/tempero-eco-150-ceram-base-mini-rekuperatorius\/#breadcrumb\"},\"inLanguage\":\"en-US\",\"potentialAction\":[{\"@type\":\"ReadAction\",\"target\":[\"https:\/\/parduotuve.kondena.lt\/produktai\/tempero-eco-150-ceram-base-mini-rekuperatorius\/\"]}]},{\"@type\":\"BreadcrumbList\",\"@id\":\"https:\/\/parduotuve.kondena.lt\/produktai\/tempero-eco-150-ceram-base-mini-rekuperatorius\/#breadcrumb\",\"itemListElement\":[{\"@type\":\"ListItem\",\"position\":1,\"name\":\"Parduotuv\u0117\",\"item\":\"https:\/\/parduotuve.kondena.lt\/parduotuve\/\"},{\"@type\":\"ListItem\",\"position\":2,\"name\":\"Mini rekuperatorius TEMPERO ECO 150 CERAM BASE\"}]},{\"@type\":\"WebSite\",\"@id\":\"https:\/\/parduotuve.kondena.lt\/#website\",\"url\":\"https:\/\/parduotuve.kondena.lt\/\",\"name\":\"Kondena\",\"description\":\"Kol kas tik dar vienas WordPress tinklalapis\",\"potentialAction\":[{\"@type\":\"SearchAction\",\"target\":{\"@type\":\"EntryPoint\",\"urlTemplate\":\"https:\/\/parduotuve.kondena.lt\/?s={search_term_string}\"},\"query-input\":\"required name=search_term_string\"}],\"inLanguage\":\"en-US\"}]}<\/script>\n<!-- \/ Yoast SEO plugin. -->","yoast_head_json":{"title":"Mini rekuperatorius TEMPERO ECO 150 CERAM BASE - Kondena","description":"TEMPERO ECO 150 CERAM BASE mini rekuperatorius - tai \u012frenginys galintis u\u017etikrinti j\u016bs\u0173 nam\u0173 auk\u0161\u010diausi\u0105 mikroklimato komfort\u0105.","robots":{"index":"index","follow":"follow","max-snippet":"max-snippet:-1","max-image-preview":"max-image-preview:large","max-video-preview":"max-video-preview:-1"},"canonical":"https:\/\/parduotuve.kondena.lt\/en\/produktai\/tempero-eco-150-ceram-base-mini-rekuperatorius\/","og_locale":"en_US","og_type":"article","og_title":"Mini rekuperatorius TEMPERO ECO 150 CERAM BASE - Kondena","og_description":"TEMPERO ECO 150 CERAM BASE mini rekuperatorius - tai \u012frenginys galintis u\u017etikrinti j\u016bs\u0173 nam\u0173 auk\u0161\u010diausi\u0105 mikroklimato komfort\u0105.","og_url":"https:\/\/parduotuve.kondena.lt\/en\/produktai\/tempero-eco-150-ceram-base-mini-rekuperatorius\/","og_site_name":"Kondena","article_modified_time":"2023-02-27T12:19:23+00:00","og_image":[{"width":659,"height":659,"url":"https:\/\/parduotuve.kondena.lt\/wp-content\/uploads\/2021\/11\/oerre-tempero-eco-ceram-mini-rekuperatorius-1.png","type":"image\/png"}],"twitter_card":"summary_large_image","twitter_misc":{"Est. reading time":"3 minutes"},"schema":{"@context":"https:\/\/schema.org","@graph":[{"@type":"WebPage","@id":"https:\/\/parduotuve.kondena.lt\/produktai\/tempero-eco-150-ceram-base-mini-rekuperatorius\/","url":"https:\/\/parduotuve.kondena.lt\/produktai\/tempero-eco-150-ceram-base-mini-rekuperatorius\/","name":"Mini rekuperatorius TEMPERO ECO 150 CERAM BASE - Kondena","isPartOf":{"@id":"https:\/\/parduotuve.kondena.lt\/#website"},"datePublished":"2021-10-10T14:24:02+00:00","dateModified":"2023-02-27T12:19:23+00:00","description":"TEMPERO ECO 150 CERAM BASE mini rekuperatorius - tai \u012frenginys galintis u\u017etikrinti j\u016bs\u0173 nam\u0173 auk\u0161\u010diausi\u0105 mikroklimato komfort\u0105.","breadcrumb":{"@id":"https:\/\/parduotuve.kondena.lt\/produktai\/tempero-eco-150-ceram-base-mini-rekuperatorius\/#breadcrumb"},"inLanguage":"en-US","potentialAction":[{"@type":"ReadAction","target":["https:\/\/parduotuve.kondena.lt\/produktai\/tempero-eco-150-ceram-base-mini-rekuperatorius\/"]}]},{"@type":"BreadcrumbList","@id":"https:\/\/parduotuve.kondena.lt\/produktai\/tempero-eco-150-ceram-base-mini-rekuperatorius\/#breadcrumb","itemListElement":[{"@type":"ListItem","position":1,"name":"Parduotuv\u0117","item":"https:\/\/parduotuve.kondena.lt\/parduotuve\/"},{"@type":"ListItem","position":2,"name":"Mini rekuperatorius TEMPERO ECO 150 CERAM BASE"}]},{"@type":"WebSite","@id":"https:\/\/parduotuve.kondena.lt\/#website","url":"https:\/\/parduotuve.kondena.lt\/","name":"Kondena","description":"Kol kas tik dar vienas WordPress tinklalapis","potentialAction":[{"@type":"SearchAction","target":{"@type":"EntryPoint","urlTemplate":"https:\/\/parduotuve.kondena.lt\/?s={search_term_string}"},"query-input":"required name=search_term_string"}],"inLanguage":"en-US"}]}},"_links":{"self":[{"href":"https:\/\/parduotuve.kondena.lt\/en\/wp-json\/wp\/v2\/product\/12767","targetHints":{"allow":["GET"]}}],"collection":[{"href":"https:\/\/parduotuve.kondena.lt\/en\/wp-json\/wp\/v2\/product"}],"about":[{"href":"https:\/\/parduotuve.kondena.lt\/en\/wp-json\/wp\/v2\/types\/product"}],"replies":[{"embeddable":true,"href":"https:\/\/parduotuve.kondena.lt\/en\/wp-json\/wp\/v2\/comments?post=12767"}],"wp:featuredmedia":[{"embeddable":true,"href":"https:\/\/parduotuve.kondena.lt\/en\/wp-json\/wp\/v2\/media\/12766"}],"wp:attachment":[{"href":"https:\/\/parduotuve.kondena.lt\/en\/wp-json\/wp\/v2\/media?parent=12767"}],"wp:term":[{"taxonomy":"product_cat","embeddable":true,"href":"https:\/\/parduotuve.kondena.lt\/en\/wp-json\/wp\/v2\/product_cat?post=12767"},{"taxonomy":"product_tag","embeddable":true,"href":"https:\/\/parduotuve.kondena.lt\/en\/wp-json\/wp\/v2\/product_tag?post=12767"}],"curies":[{"name":"wp","href":"https:\/\/api.w.org\/{rel}","templated":true}]}}