{"id":12663,"date":"2021-11-10T10:27:55","date_gmt":"2021-11-10T09:27:55","guid":{"rendered":"https:\/\/parduotuve.kondena.lt\/?post_type=product&#038;p=12663"},"modified":"2022-09-06T08:28:34","modified_gmt":"2022-09-06T07:28:34","slug":"innovagoods-600w-elektrinis-sildytuvas-su-valdymo-pulteliu","status":"publish","type":"product","link":"https:\/\/parduotuve.kondena.lt\/en\/produktai\/innovagoods-600w-elektrinis-sildytuvas-su-valdymo-pulteliu\/","title":{"rendered":"InnovaGoods 600W elektrinis \u0161ildytuvas su valdymo pulteliu"},"content":{"rendered":"<p>InnovaGoods 600W elektrinis \u0161ildytuvas su valdymo pulteliu<\/p>\n<ul>\n<li>Pagamintas i\u0161 ABS, PA ir PBT<\/li>\n<li>Tylus, kompakti\u0161kas ir inovatyvus dizainas<\/li>\n<li>Lengva naudotis ir perne\u0161ti<\/li>\n<li>Pritaikomas termostatas (15-32 \u00baC)<\/li>\n<li>Laikmatis iki 12 val (automati\u0161kai i\u0161sijungia)<\/li>\n<li>2 intensyvumo lygiai<\/li>\n<li>LED screen<\/li>\n<li>Apsauga nuo perkaitimo<\/li>\n<li>Tinka kambariams iki 15 m2<\/li>\n<li>\u012etampa: 220 &#8211; 240 V<\/li>\n<li>Frequency: 50-60 Hz<\/li>\n<li>Galingumas: 600 W<\/li>\n<li>Dydis apie: 14 x 14 x 11 cm<\/li>\n<li>Nuotolinio valdymo pultas (veikia su viena baterija CR2032, yra rinkinyje)<\/li>\n<li>Pakuot\u0117 ir instrukcija 24 kalbomis (angl\u0173, pranc\u016bz\u0173, ispan\u0173, vokie\u010di\u0173, ital\u0173, portugal\u0173, oland\u0173, lenk\u0173, vengr\u0173, rumun\u0173, dan\u0173, \u0161ved\u0173, suomi\u0173, lietuvi\u0173, norveg\u0173, slov\u0117n\u0173, graik\u0173, \u010dek\u0173, bulgar\u0173, kroat\u0173, slovak\u0173, est\u0173, rus\u0173 ir latvi\u0173)<\/li>\n<\/ul>","protected":false},"excerpt":{"rendered":"<ul>\n<li>Pagamintas i\u0161 ABS, PA ir PBT<\/li>\n<li>Tylus, kompakti\u0161kas ir inovatyvus dizainas<\/li>\n<li>Lengva naudotis ir perne\u0161ti<\/li>\n<li>Pritaikomas termostatas (15-32 \u00baC)<\/li>\n<li>Laikmatis iki 12 val (automati\u0161kai i\u0161sijungia)<\/li>\n<li>2 intensyvumo lygiai<\/li>\n<li>LED screen<\/li>\n<li>Apsauga nuo perkaitimo<\/li>\n<li>Tinka kambariams iki 15 m2<\/li>\n<li>\u012etampa: 220 &#8211; 240 V<\/li>\n<li>Frequency: 50-60 Hz<\/li>\n<li>Galingumas: 600 W<\/li>\n<li>Dydis apie: 14 x 14 x 11 cm<\/li>\n<li>Nuotolinio valdymo pultas (veikia su viena baterija CR2032, yra rinkinyje)<\/li>\n<li><\/li>\n<\/ul>","protected":false},"featured_media":12670,"comment_status":"open","ping_status":"closed","template":"","meta":[],"product_cat":[242,269],"product_tag":[],"class_list":["post-12663","product","type-product","status-publish","has-post-thumbnail","hentry","product_cat-sildymas","product_cat-mini-sildytuvai"],"acf":[],"yoast_head":"<!-- This site is optimized with the Yoast SEO plugin v20.13 - https:\/\/yoast.com\/wordpress\/plugins\/seo\/ -->\n<title>InnovaGoods 600W elektrinis \u0161ildytuvas su valdymo pulteliu - Kondena<\/title>\n<meta name=\"description\" content=\"InnovaGoods 600W elektrinis \u0161ildytuvas su valdymo pulteliu - tai auk\u0161tos kokyb\u0117s prietaisas laikinam arba avariniam patalp\u0173 \u0161ildymui palaikyti.\" \/>\n<meta name=\"robots\" content=\"index, follow, max-snippet:-1, max-image-preview:large, max-video-preview:-1\" \/>\n<link rel=\"canonical\" href=\"https:\/\/parduotuve.kondena.lt\/en\/produktai\/innovagoods-600w-elektrinis-sildytuvas-su-valdymo-pulteliu\/\" \/>\n<meta property=\"og:locale\" content=\"en_US\" \/>\n<meta property=\"og:type\" content=\"article\" \/>\n<meta property=\"og:title\" content=\"InnovaGoods 600W elektrinis \u0161ildytuvas su valdymo pulteliu - Kondena\" \/>\n<meta property=\"og:description\" content=\"InnovaGoods 600W elektrinis \u0161ildytuvas su valdymo pulteliu - tai auk\u0161tos kokyb\u0117s prietaisas laikinam arba avariniam patalp\u0173 \u0161ildymui palaikyti.\" \/>\n<meta property=\"og:url\" content=\"https:\/\/parduotuve.kondena.lt\/en\/produktai\/innovagoods-600w-elektrinis-sildytuvas-su-valdymo-pulteliu\/\" \/>\n<meta property=\"og:site_name\" content=\"Kondena\" \/>\n<meta property=\"article:modified_time\" content=\"2022-09-06T07:28:34+00:00\" \/>\n<meta property=\"og:image\" content=\"https:\/\/parduotuve.kondena.lt\/wp-content\/uploads\/2021\/11\/innovagoods-600w-elektrinis-sildytuvas-su-perjungimo-pulteliu.jpg\" \/>\n\t<meta property=\"og:image:width\" content=\"600\" \/>\n\t<meta property=\"og:image:height\" content=\"600\" \/>\n\t<meta property=\"og:image:type\" content=\"image\/jpeg\" \/>\n<meta name=\"twitter:card\" content=\"summary_large_image\" \/>\n<meta name=\"twitter:label1\" content=\"Est. reading time\" \/>\n\t<meta name=\"twitter:data1\" content=\"1 minute\" \/>\n<script type=\"application\/ld+json\" class=\"yoast-schema-graph\">{\"@context\":\"https:\/\/schema.org\",\"@graph\":[{\"@type\":\"WebPage\",\"@id\":\"https:\/\/parduotuve.kondena.lt\/produktai\/innovagoods-600w-elektrinis-sildytuvas-su-valdymo-pulteliu\/\",\"url\":\"https:\/\/parduotuve.kondena.lt\/produktai\/innovagoods-600w-elektrinis-sildytuvas-su-valdymo-pulteliu\/\",\"name\":\"InnovaGoods 600W elektrinis \u0161ildytuvas su valdymo pulteliu - Kondena\",\"isPartOf\":{\"@id\":\"https:\/\/parduotuve.kondena.lt\/#website\"},\"datePublished\":\"2021-11-10T09:27:55+00:00\",\"dateModified\":\"2022-09-06T07:28:34+00:00\",\"description\":\"InnovaGoods 600W elektrinis \u0161ildytuvas su valdymo pulteliu - tai auk\u0161tos kokyb\u0117s prietaisas laikinam arba avariniam patalp\u0173 \u0161ildymui palaikyti.\",\"breadcrumb\":{\"@id\":\"https:\/\/parduotuve.kondena.lt\/produktai\/innovagoods-600w-elektrinis-sildytuvas-su-valdymo-pulteliu\/#breadcrumb\"},\"inLanguage\":\"en-US\",\"potentialAction\":[{\"@type\":\"ReadAction\",\"target\":[\"https:\/\/parduotuve.kondena.lt\/produktai\/innovagoods-600w-elektrinis-sildytuvas-su-valdymo-pulteliu\/\"]}]},{\"@type\":\"BreadcrumbList\",\"@id\":\"https:\/\/parduotuve.kondena.lt\/produktai\/innovagoods-600w-elektrinis-sildytuvas-su-valdymo-pulteliu\/#breadcrumb\",\"itemListElement\":[{\"@type\":\"ListItem\",\"position\":1,\"name\":\"Parduotuv\u0117\",\"item\":\"https:\/\/parduotuve.kondena.lt\/parduotuve\/\"},{\"@type\":\"ListItem\",\"position\":2,\"name\":\"InnovaGoods 600W elektrinis \u0161ildytuvas su valdymo pulteliu\"}]},{\"@type\":\"WebSite\",\"@id\":\"https:\/\/parduotuve.kondena.lt\/#website\",\"url\":\"https:\/\/parduotuve.kondena.lt\/\",\"name\":\"Kondena\",\"description\":\"Kol kas tik dar vienas WordPress tinklalapis\",\"potentialAction\":[{\"@type\":\"SearchAction\",\"target\":{\"@type\":\"EntryPoint\",\"urlTemplate\":\"https:\/\/parduotuve.kondena.lt\/?s={search_term_string}\"},\"query-input\":\"required name=search_term_string\"}],\"inLanguage\":\"en-US\"}]}<\/script>\n<!-- \/ Yoast SEO plugin. -->","yoast_head_json":{"title":"InnovaGoods 600W elektrinis \u0161ildytuvas su valdymo pulteliu - Kondena","description":"InnovaGoods 600W elektrinis \u0161ildytuvas su valdymo pulteliu - tai auk\u0161tos kokyb\u0117s prietaisas laikinam arba avariniam patalp\u0173 \u0161ildymui palaikyti.","robots":{"index":"index","follow":"follow","max-snippet":"max-snippet:-1","max-image-preview":"max-image-preview:large","max-video-preview":"max-video-preview:-1"},"canonical":"https:\/\/parduotuve.kondena.lt\/en\/produktai\/innovagoods-600w-elektrinis-sildytuvas-su-valdymo-pulteliu\/","og_locale":"en_US","og_type":"article","og_title":"InnovaGoods 600W elektrinis \u0161ildytuvas su valdymo pulteliu - Kondena","og_description":"InnovaGoods 600W elektrinis \u0161ildytuvas su valdymo pulteliu - tai auk\u0161tos kokyb\u0117s prietaisas laikinam arba avariniam patalp\u0173 \u0161ildymui palaikyti.","og_url":"https:\/\/parduotuve.kondena.lt\/en\/produktai\/innovagoods-600w-elektrinis-sildytuvas-su-valdymo-pulteliu\/","og_site_name":"Kondena","article_modified_time":"2022-09-06T07:28:34+00:00","og_image":[{"width":600,"height":600,"url":"https:\/\/parduotuve.kondena.lt\/wp-content\/uploads\/2021\/11\/innovagoods-600w-elektrinis-sildytuvas-su-perjungimo-pulteliu.jpg","type":"image\/jpeg"}],"twitter_card":"summary_large_image","twitter_misc":{"Est. reading time":"1 minute"},"schema":{"@context":"https:\/\/schema.org","@graph":[{"@type":"WebPage","@id":"https:\/\/parduotuve.kondena.lt\/produktai\/innovagoods-600w-elektrinis-sildytuvas-su-valdymo-pulteliu\/","url":"https:\/\/parduotuve.kondena.lt\/produktai\/innovagoods-600w-elektrinis-sildytuvas-su-valdymo-pulteliu\/","name":"InnovaGoods 600W elektrinis \u0161ildytuvas su valdymo pulteliu - Kondena","isPartOf":{"@id":"https:\/\/parduotuve.kondena.lt\/#website"},"datePublished":"2021-11-10T09:27:55+00:00","dateModified":"2022-09-06T07:28:34+00:00","description":"InnovaGoods 600W elektrinis \u0161ildytuvas su valdymo pulteliu - tai auk\u0161tos kokyb\u0117s prietaisas laikinam arba avariniam patalp\u0173 \u0161ildymui palaikyti.","breadcrumb":{"@id":"https:\/\/parduotuve.kondena.lt\/produktai\/innovagoods-600w-elektrinis-sildytuvas-su-valdymo-pulteliu\/#breadcrumb"},"inLanguage":"en-US","potentialAction":[{"@type":"ReadAction","target":["https:\/\/parduotuve.kondena.lt\/produktai\/innovagoods-600w-elektrinis-sildytuvas-su-valdymo-pulteliu\/"]}]},{"@type":"BreadcrumbList","@id":"https:\/\/parduotuve.kondena.lt\/produktai\/innovagoods-600w-elektrinis-sildytuvas-su-valdymo-pulteliu\/#breadcrumb","itemListElement":[{"@type":"ListItem","position":1,"name":"Parduotuv\u0117","item":"https:\/\/parduotuve.kondena.lt\/parduotuve\/"},{"@type":"ListItem","position":2,"name":"InnovaGoods 600W elektrinis \u0161ildytuvas su valdymo pulteliu"}]},{"@type":"WebSite","@id":"https:\/\/parduotuve.kondena.lt\/#website","url":"https:\/\/parduotuve.kondena.lt\/","name":"Kondena","description":"Kol kas tik dar vienas WordPress tinklalapis","potentialAction":[{"@type":"SearchAction","target":{"@type":"EntryPoint","urlTemplate":"https:\/\/parduotuve.kondena.lt\/?s={search_term_string}"},"query-input":"required name=search_term_string"}],"inLanguage":"en-US"}]}},"_links":{"self":[{"href":"https:\/\/parduotuve.kondena.lt\/en\/wp-json\/wp\/v2\/product\/12663","targetHints":{"allow":["GET"]}}],"collection":[{"href":"https:\/\/parduotuve.kondena.lt\/en\/wp-json\/wp\/v2\/product"}],"about":[{"href":"https:\/\/parduotuve.kondena.lt\/en\/wp-json\/wp\/v2\/types\/product"}],"replies":[{"embeddable":true,"href":"https:\/\/parduotuve.kondena.lt\/en\/wp-json\/wp\/v2\/comments?post=12663"}],"wp:featuredmedia":[{"embeddable":true,"href":"https:\/\/parduotuve.kondena.lt\/en\/wp-json\/wp\/v2\/media\/12670"}],"wp:attachment":[{"href":"https:\/\/parduotuve.kondena.lt\/en\/wp-json\/wp\/v2\/media?parent=12663"}],"wp:term":[{"taxonomy":"product_cat","embeddable":true,"href":"https:\/\/parduotuve.kondena.lt\/en\/wp-json\/wp\/v2\/product_cat?post=12663"},{"taxonomy":"product_tag","embeddable":true,"href":"https:\/\/parduotuve.kondena.lt\/en\/wp-json\/wp\/v2\/product_tag?post=12663"}],"curies":[{"name":"wp","href":"https:\/\/api.w.org\/{rel}","templated":true}]}}