{"id":12660,"date":"2021-11-10T09:58:04","date_gmt":"2021-11-10T08:58:04","guid":{"rendered":"https:\/\/parduotuve.kondena.lt\/?post_type=product&#038;p=12660"},"modified":"2023-07-24T11:06:06","modified_gmt":"2023-07-24T10:06:06","slug":"plokstelinis-rekuperatorius-inspiro-800","status":"publish","type":"product","link":"https:\/\/parduotuve.kondena.lt\/en\/produktai\/plokstelinis-rekuperatorius-inspiro-800\/","title":{"rendered":"Plate recuperator INSPIRO 800"},"content":{"rendered":"<p>Plok\u0161telinis Rekuperatorius INSPIRO 800 yra skirtas v\u0117dinimo sistemai kaip modernus elementas, leid\u017eiantis atgauti energij\u0105 &#8211; \u0161ilum\u0105 ir dr\u0117gm\u0119.<\/p>\n<p>\u012erenginiuose yra entalpijos keitiklis, o tai rei\u0161kia, kad nereikia \u012frengti kondensato nutek\u0117jimo sistemos ir suma\u017e\u0117ja u\u017e\u0161alimo rizika, taip pat jis yra atsakingas u\u017e papildom\u0105 \u012f kambar\u012f tiekiamo oro dr\u0117kinim\u0105 \/ sausinim\u0105.<\/p>\n<p>\u012erenginyje naudojami 10 i\u0161 anksto nustatyt\u0173 grei\u010di\u0173 EC ventiliatoriai leid\u017eia tiekti ir i\u0161traukti reikiam\u0105 oro kiek\u012f.<\/p>\n<p>G3 pirminiai filtrai apsaugo \u0161ilumokait\u012f nuo greito u\u017eter\u0161imo, o F9 smulkaus oro tiekimo filtras garantuoja tiekiamo oro \u0161varum\u0105.<\/p>\n<p>Prietaiso valdymas vyksta per STANDARD arba PRESTIGE valdymo pult\u0105, atsi\u017evelgiant \u012f kliento pageidavimus.<\/p>\n<p><a href=\"https:\/\/reventongroup.eu\/\/app\/uploads\/2020\/08\/deklaracja-zgodno%C5%9Bci-rekuperatory-ENG.pdf\">Certificates<\/a><\/p>\n<p><a href=\"https:\/\/reventongroup.eu\/\/app\/uploads\/2019\/11\/technical-datasheet-energy-recovery-units-Reventon-INSPIRO-ENG-2019.pdf\">Technin\u0117s specifikacijos<\/a><\/p>","protected":false},"excerpt":{"rendered":"<p><strong>Supplied with smart STANDARD control panel.<\/strong><\/p>\n<ul>\n<li>steel housing covered with insulation<\/li>\n<li>G3 primary filters to protect the heat exchanger from dirt,<\/li>\n<li>equipped with an excellent F9 air supply filter,<\/li>\n<li>enthalpy converter for heat and moisture recovery,<\/li>\n<li>10 speed EC fans,<\/li>\n<li>An intuitive standard controller is included,<\/li>\n<li>power schedule<\/li>\n<li>automatinis \u201eBYPASS\u201c,<\/li>\n<li>sl\u0117gio skirtumo jungiklis, informuojantis apie purvo filtr\u0105 F9,<\/li>\n<li>CO\u2082 koncentracijos jutiklis \/ santykin\u0117s dr\u0117gm\u0117s jutiklis.<\/li>\n<\/ul>","protected":false},"featured_media":11333,"comment_status":"open","ping_status":"closed","template":"","meta":[],"product_cat":[141,268,142],"product_tag":[],"class_list":["post-12660","product","type-product","status-publish","has-post-thumbnail","hentry","product_cat-vedinimas","product_cat-rekuperatoriai","product_cat-vedinimo-irenginiai"],"acf":[],"yoast_head":"<!-- This site is optimized with the Yoast SEO plugin v20.13 - https:\/\/yoast.com\/wordpress\/plugins\/seo\/ -->\n<title>Plok\u0161telinis Rekuperatorius INSPIRO 800 - Kondena<\/title>\n<meta name=\"description\" content=\"Plok\u0161telinis Rekuperatorius INSPIRO 800 yra skirtas v\u0117dinimo sistemai kaip modernus elementas, leid\u017eiantis atgauti energij\u0105.\" \/>\n<meta name=\"robots\" content=\"index, follow, max-snippet:-1, max-image-preview:large, max-video-preview:-1\" \/>\n<link rel=\"canonical\" href=\"https:\/\/parduotuve.kondena.lt\/en\/produktai\/plokstelinis-rekuperatorius-inspiro-800\/\" \/>\n<meta property=\"og:locale\" content=\"en_US\" \/>\n<meta property=\"og:type\" content=\"article\" \/>\n<meta property=\"og:title\" content=\"Plok\u0161telinis Rekuperatorius INSPIRO 800 - Kondena\" \/>\n<meta property=\"og:description\" content=\"Plok\u0161telinis Rekuperatorius INSPIRO 800 yra skirtas v\u0117dinimo sistemai kaip modernus elementas, leid\u017eiantis atgauti energij\u0105.\" \/>\n<meta property=\"og:url\" content=\"https:\/\/parduotuve.kondena.lt\/en\/produktai\/plokstelinis-rekuperatorius-inspiro-800\/\" \/>\n<meta property=\"og:site_name\" content=\"Kondena\" \/>\n<meta property=\"article:modified_time\" content=\"2023-07-24T10:06:06+00:00\" \/>\n<meta property=\"og:image\" content=\"https:\/\/parduotuve.kondena.lt\/wp-content\/uploads\/2021\/10\/rekuperator-inspiro-3.jpg\" \/>\n\t<meta property=\"og:image:width\" content=\"1400\" \/>\n\t<meta property=\"og:image:height\" content=\"1400\" \/>\n\t<meta property=\"og:image:type\" content=\"image\/jpeg\" \/>\n<meta name=\"twitter:card\" content=\"summary_large_image\" \/>\n<meta name=\"twitter:label1\" content=\"Est. reading time\" \/>\n\t<meta name=\"twitter:data1\" content=\"1 minute\" \/>\n<script type=\"application\/ld+json\" class=\"yoast-schema-graph\">{\"@context\":\"https:\/\/schema.org\",\"@graph\":[{\"@type\":\"WebPage\",\"@id\":\"https:\/\/parduotuve.kondena.lt\/produktai\/plokstelinis-rekuperatorius-inspiro-800\/\",\"url\":\"https:\/\/parduotuve.kondena.lt\/produktai\/plokstelinis-rekuperatorius-inspiro-800\/\",\"name\":\"Plok\u0161telinis Rekuperatorius INSPIRO 800 - Kondena\",\"isPartOf\":{\"@id\":\"https:\/\/parduotuve.kondena.lt\/#website\"},\"datePublished\":\"2021-11-10T08:58:04+00:00\",\"dateModified\":\"2023-07-24T10:06:06+00:00\",\"description\":\"Plok\u0161telinis Rekuperatorius INSPIRO 800 yra skirtas v\u0117dinimo sistemai kaip modernus elementas, leid\u017eiantis atgauti energij\u0105.\",\"breadcrumb\":{\"@id\":\"https:\/\/parduotuve.kondena.lt\/produktai\/plokstelinis-rekuperatorius-inspiro-800\/#breadcrumb\"},\"inLanguage\":\"en-US\",\"potentialAction\":[{\"@type\":\"ReadAction\",\"target\":[\"https:\/\/parduotuve.kondena.lt\/produktai\/plokstelinis-rekuperatorius-inspiro-800\/\"]}]},{\"@type\":\"BreadcrumbList\",\"@id\":\"https:\/\/parduotuve.kondena.lt\/produktai\/plokstelinis-rekuperatorius-inspiro-800\/#breadcrumb\",\"itemListElement\":[{\"@type\":\"ListItem\",\"position\":1,\"name\":\"Parduotuv\u0117\",\"item\":\"https:\/\/parduotuve.kondena.lt\/parduotuve\/\"},{\"@type\":\"ListItem\",\"position\":2,\"name\":\"Plok\u0161telinis Rekuperatorius INSPIRO 800\"}]},{\"@type\":\"WebSite\",\"@id\":\"https:\/\/parduotuve.kondena.lt\/#website\",\"url\":\"https:\/\/parduotuve.kondena.lt\/\",\"name\":\"Kondena\",\"description\":\"Kol kas tik dar vienas WordPress tinklalapis\",\"potentialAction\":[{\"@type\":\"SearchAction\",\"target\":{\"@type\":\"EntryPoint\",\"urlTemplate\":\"https:\/\/parduotuve.kondena.lt\/?s={search_term_string}\"},\"query-input\":\"required name=search_term_string\"}],\"inLanguage\":\"en-US\"}]}<\/script>\n<!-- \/ Yoast SEO plugin. -->","yoast_head_json":{"title":"Plok\u0161telinis Rekuperatorius INSPIRO 800 - Kondena","description":"Plok\u0161telinis Rekuperatorius INSPIRO 800 yra skirtas v\u0117dinimo sistemai kaip modernus elementas, leid\u017eiantis atgauti energij\u0105.","robots":{"index":"index","follow":"follow","max-snippet":"max-snippet:-1","max-image-preview":"max-image-preview:large","max-video-preview":"max-video-preview:-1"},"canonical":"https:\/\/parduotuve.kondena.lt\/en\/produktai\/plokstelinis-rekuperatorius-inspiro-800\/","og_locale":"en_US","og_type":"article","og_title":"Plok\u0161telinis Rekuperatorius INSPIRO 800 - Kondena","og_description":"Plok\u0161telinis Rekuperatorius INSPIRO 800 yra skirtas v\u0117dinimo sistemai kaip modernus elementas, leid\u017eiantis atgauti energij\u0105.","og_url":"https:\/\/parduotuve.kondena.lt\/en\/produktai\/plokstelinis-rekuperatorius-inspiro-800\/","og_site_name":"Kondena","article_modified_time":"2023-07-24T10:06:06+00:00","og_image":[{"width":1400,"height":1400,"url":"https:\/\/parduotuve.kondena.lt\/wp-content\/uploads\/2021\/10\/rekuperator-inspiro-3.jpg","type":"image\/jpeg"}],"twitter_card":"summary_large_image","twitter_misc":{"Est. reading time":"1 minute"},"schema":{"@context":"https:\/\/schema.org","@graph":[{"@type":"WebPage","@id":"https:\/\/parduotuve.kondena.lt\/produktai\/plokstelinis-rekuperatorius-inspiro-800\/","url":"https:\/\/parduotuve.kondena.lt\/produktai\/plokstelinis-rekuperatorius-inspiro-800\/","name":"Plok\u0161telinis Rekuperatorius INSPIRO 800 - Kondena","isPartOf":{"@id":"https:\/\/parduotuve.kondena.lt\/#website"},"datePublished":"2021-11-10T08:58:04+00:00","dateModified":"2023-07-24T10:06:06+00:00","description":"Plok\u0161telinis Rekuperatorius INSPIRO 800 yra skirtas v\u0117dinimo sistemai kaip modernus elementas, leid\u017eiantis atgauti energij\u0105.","breadcrumb":{"@id":"https:\/\/parduotuve.kondena.lt\/produktai\/plokstelinis-rekuperatorius-inspiro-800\/#breadcrumb"},"inLanguage":"en-US","potentialAction":[{"@type":"ReadAction","target":["https:\/\/parduotuve.kondena.lt\/produktai\/plokstelinis-rekuperatorius-inspiro-800\/"]}]},{"@type":"BreadcrumbList","@id":"https:\/\/parduotuve.kondena.lt\/produktai\/plokstelinis-rekuperatorius-inspiro-800\/#breadcrumb","itemListElement":[{"@type":"ListItem","position":1,"name":"Parduotuv\u0117","item":"https:\/\/parduotuve.kondena.lt\/parduotuve\/"},{"@type":"ListItem","position":2,"name":"Plok\u0161telinis Rekuperatorius INSPIRO 800"}]},{"@type":"WebSite","@id":"https:\/\/parduotuve.kondena.lt\/#website","url":"https:\/\/parduotuve.kondena.lt\/","name":"Kondena","description":"Kol kas tik dar vienas WordPress tinklalapis","potentialAction":[{"@type":"SearchAction","target":{"@type":"EntryPoint","urlTemplate":"https:\/\/parduotuve.kondena.lt\/?s={search_term_string}"},"query-input":"required name=search_term_string"}],"inLanguage":"en-US"}]}},"_links":{"self":[{"href":"https:\/\/parduotuve.kondena.lt\/en\/wp-json\/wp\/v2\/product\/12660","targetHints":{"allow":["GET"]}}],"collection":[{"href":"https:\/\/parduotuve.kondena.lt\/en\/wp-json\/wp\/v2\/product"}],"about":[{"href":"https:\/\/parduotuve.kondena.lt\/en\/wp-json\/wp\/v2\/types\/product"}],"replies":[{"embeddable":true,"href":"https:\/\/parduotuve.kondena.lt\/en\/wp-json\/wp\/v2\/comments?post=12660"}],"wp:featuredmedia":[{"embeddable":true,"href":"https:\/\/parduotuve.kondena.lt\/en\/wp-json\/wp\/v2\/media\/11333"}],"wp:attachment":[{"href":"https:\/\/parduotuve.kondena.lt\/en\/wp-json\/wp\/v2\/media?parent=12660"}],"wp:term":[{"taxonomy":"product_cat","embeddable":true,"href":"https:\/\/parduotuve.kondena.lt\/en\/wp-json\/wp\/v2\/product_cat?post=12660"},{"taxonomy":"product_tag","embeddable":true,"href":"https:\/\/parduotuve.kondena.lt\/en\/wp-json\/wp\/v2\/product_tag?post=12660"}],"curies":[{"name":"wp","href":"https:\/\/api.w.org\/{rel}","templated":true}]}}