{"id":12651,"date":"2021-11-10T09:51:50","date_gmt":"2021-11-10T08:51:50","guid":{"rendered":"https:\/\/parduotuve.kondena.lt\/?post_type=product&#038;p=12651"},"modified":"2023-07-24T11:14:50","modified_gmt":"2023-07-24T10:14:50","slug":"plokstelinis-rekuperatorius-inspiro-basic-300","status":"publish","type":"product","link":"https:\/\/parduotuve.kondena.lt\/en\/produktai\/plokstelinis-rekuperatorius-inspiro-basic-300\/","title":{"rendered":"Plok\u0161telinis Rekuperatorius INSPIRO BASIC 300"},"content":{"rendered":"<p>Plok\u0161telinis Rekuperatorius INSPIRO BASIC 300 yra skirtas v\u0117dinimo sistemai kaip modernus elementas, leid\u017eiantis atgauti energij\u0105 &#8211; \u0161ilum\u0105 ir dr\u0117gm\u0119.<\/p>\n<p>It is intended for residential buildings<\/p>\n<ul>\n<li>hotels<\/li>\n<li>for the ventilation of apartment buildings<\/li>\n<\/ul>\n<p>The use of energy can significantly reduce the running costs of a building. The enthalpy converter in the device is responsible for additional humidification \/ dehumidification of the air supplied to the room. This technological solution means that there is no need to install a condensate drainage system and the risk of cold is reduced. 3-speed AC fans responsible for supply and exhaust ensure smooth exchange of used air with fresh air. The applied G3 primary filters protect the heat exchanger from rapid contamination. The connection and control of the device takes place via the control panel.<\/p>\n<p><a href=\"https:\/\/reventongroup.eu\/\/app\/uploads\/2020\/08\/deklaracja-zgodno%C5%9Bci-rekuperatory-ENG.pdf\">Certificates<\/a><\/p>\n<p><a href=\"https:\/\/reventongroup.eu\/\/app\/uploads\/2020\/08\/Technical-datasheet-energy-recovery-units-INSPIRO-BASIC-ENG-2020.pdf\">Technin\u0117s specifikacijos<\/a><\/p>","protected":false},"excerpt":{"rendered":"<p><strong>Comes with BASIC control panel.<\/strong><\/p>\n<ul>\n<li>G3 primary filters to protect the heat exchanger from dirt,<\/li>\n<li>enthalpy converter for heat and moisture recovery,<\/li>\n<li>3-speed AC fans<\/li>\n<li>An intuitive standard controller BASIC is included,<\/li>\n<li>power schedule<\/li>\n<li>manual ,,bypass\"<\/li>\n<li>filter pollution alarm<\/li>\n<\/ul>","protected":false},"featured_media":11317,"comment_status":"open","ping_status":"closed","template":"","meta":[],"product_cat":[141,268,142],"product_tag":[],"class_list":["post-12651","product","type-product","status-publish","has-post-thumbnail","hentry","product_cat-vedinimas","product_cat-rekuperatoriai","product_cat-vedinimo-irenginiai"],"acf":[],"yoast_head":"<!-- This site is optimized with the Yoast SEO plugin v20.13 - https:\/\/yoast.com\/wordpress\/plugins\/seo\/ -->\n<title>Plok\u0161telinis Rekuperatorius INSPIRO BASIC 300 - Kondena<\/title>\n<meta name=\"description\" content=\"Plok\u0161telinis Rekuperatorius INSPIRO BASIC 300 yra skirtas v\u0117dinimo sistemai kaip modernus elementas, leid\u017eiantis atgauti energij\u0105.\" \/>\n<meta name=\"robots\" content=\"index, follow, max-snippet:-1, max-image-preview:large, max-video-preview:-1\" \/>\n<link rel=\"canonical\" href=\"https:\/\/parduotuve.kondena.lt\/en\/produktai\/plokstelinis-rekuperatorius-inspiro-basic-300\/\" \/>\n<meta property=\"og:locale\" content=\"en_US\" \/>\n<meta property=\"og:type\" content=\"article\" \/>\n<meta property=\"og:title\" content=\"Plok\u0161telinis Rekuperatorius INSPIRO BASIC 300 - Kondena\" \/>\n<meta property=\"og:description\" content=\"Plok\u0161telinis Rekuperatorius INSPIRO BASIC 300 yra skirtas v\u0117dinimo sistemai kaip modernus elementas, leid\u017eiantis atgauti energij\u0105.\" \/>\n<meta property=\"og:url\" content=\"https:\/\/parduotuve.kondena.lt\/en\/produktai\/plokstelinis-rekuperatorius-inspiro-basic-300\/\" \/>\n<meta property=\"og:site_name\" content=\"Kondena\" \/>\n<meta property=\"article:modified_time\" content=\"2023-07-24T10:14:50+00:00\" \/>\n<meta property=\"og:image\" content=\"https:\/\/parduotuve.kondena.lt\/wp-content\/uploads\/2021\/10\/rekuperator-inspiro-basic-1-1.jpg\" \/>\n\t<meta property=\"og:image:width\" content=\"1400\" \/>\n\t<meta property=\"og:image:height\" content=\"1400\" \/>\n\t<meta property=\"og:image:type\" content=\"image\/jpeg\" \/>\n<meta name=\"twitter:card\" content=\"summary_large_image\" \/>\n<meta name=\"twitter:label1\" content=\"Est. reading time\" \/>\n\t<meta name=\"twitter:data1\" content=\"1 minute\" \/>\n<script type=\"application\/ld+json\" class=\"yoast-schema-graph\">{\"@context\":\"https:\/\/schema.org\",\"@graph\":[{\"@type\":\"WebPage\",\"@id\":\"https:\/\/parduotuve.kondena.lt\/produktai\/plokstelinis-rekuperatorius-inspiro-basic-300\/\",\"url\":\"https:\/\/parduotuve.kondena.lt\/produktai\/plokstelinis-rekuperatorius-inspiro-basic-300\/\",\"name\":\"Plok\u0161telinis Rekuperatorius INSPIRO BASIC 300 - Kondena\",\"isPartOf\":{\"@id\":\"https:\/\/parduotuve.kondena.lt\/#website\"},\"datePublished\":\"2021-11-10T08:51:50+00:00\",\"dateModified\":\"2023-07-24T10:14:50+00:00\",\"description\":\"Plok\u0161telinis Rekuperatorius INSPIRO BASIC 300 yra skirtas v\u0117dinimo sistemai kaip modernus elementas, leid\u017eiantis atgauti energij\u0105.\",\"breadcrumb\":{\"@id\":\"https:\/\/parduotuve.kondena.lt\/produktai\/plokstelinis-rekuperatorius-inspiro-basic-300\/#breadcrumb\"},\"inLanguage\":\"en-US\",\"potentialAction\":[{\"@type\":\"ReadAction\",\"target\":[\"https:\/\/parduotuve.kondena.lt\/produktai\/plokstelinis-rekuperatorius-inspiro-basic-300\/\"]}]},{\"@type\":\"BreadcrumbList\",\"@id\":\"https:\/\/parduotuve.kondena.lt\/produktai\/plokstelinis-rekuperatorius-inspiro-basic-300\/#breadcrumb\",\"itemListElement\":[{\"@type\":\"ListItem\",\"position\":1,\"name\":\"Parduotuv\u0117\",\"item\":\"https:\/\/parduotuve.kondena.lt\/parduotuve\/\"},{\"@type\":\"ListItem\",\"position\":2,\"name\":\"Plok\u0161telinis Rekuperatorius INSPIRO BASIC 300\"}]},{\"@type\":\"WebSite\",\"@id\":\"https:\/\/parduotuve.kondena.lt\/#website\",\"url\":\"https:\/\/parduotuve.kondena.lt\/\",\"name\":\"Kondena\",\"description\":\"Kol kas tik dar vienas WordPress tinklalapis\",\"potentialAction\":[{\"@type\":\"SearchAction\",\"target\":{\"@type\":\"EntryPoint\",\"urlTemplate\":\"https:\/\/parduotuve.kondena.lt\/?s={search_term_string}\"},\"query-input\":\"required name=search_term_string\"}],\"inLanguage\":\"en-US\"}]}<\/script>\n<!-- \/ Yoast SEO plugin. -->","yoast_head_json":{"title":"Plok\u0161telinis Rekuperatorius INSPIRO BASIC 300 - Kondena","description":"Plok\u0161telinis Rekuperatorius INSPIRO BASIC 300 yra skirtas v\u0117dinimo sistemai kaip modernus elementas, leid\u017eiantis atgauti energij\u0105.","robots":{"index":"index","follow":"follow","max-snippet":"max-snippet:-1","max-image-preview":"max-image-preview:large","max-video-preview":"max-video-preview:-1"},"canonical":"https:\/\/parduotuve.kondena.lt\/en\/produktai\/plokstelinis-rekuperatorius-inspiro-basic-300\/","og_locale":"en_US","og_type":"article","og_title":"Plok\u0161telinis Rekuperatorius INSPIRO BASIC 300 - Kondena","og_description":"Plok\u0161telinis Rekuperatorius INSPIRO BASIC 300 yra skirtas v\u0117dinimo sistemai kaip modernus elementas, leid\u017eiantis atgauti energij\u0105.","og_url":"https:\/\/parduotuve.kondena.lt\/en\/produktai\/plokstelinis-rekuperatorius-inspiro-basic-300\/","og_site_name":"Kondena","article_modified_time":"2023-07-24T10:14:50+00:00","og_image":[{"width":1400,"height":1400,"url":"https:\/\/parduotuve.kondena.lt\/wp-content\/uploads\/2021\/10\/rekuperator-inspiro-basic-1-1.jpg","type":"image\/jpeg"}],"twitter_card":"summary_large_image","twitter_misc":{"Est. reading time":"1 minute"},"schema":{"@context":"https:\/\/schema.org","@graph":[{"@type":"WebPage","@id":"https:\/\/parduotuve.kondena.lt\/produktai\/plokstelinis-rekuperatorius-inspiro-basic-300\/","url":"https:\/\/parduotuve.kondena.lt\/produktai\/plokstelinis-rekuperatorius-inspiro-basic-300\/","name":"Plok\u0161telinis Rekuperatorius INSPIRO BASIC 300 - Kondena","isPartOf":{"@id":"https:\/\/parduotuve.kondena.lt\/#website"},"datePublished":"2021-11-10T08:51:50+00:00","dateModified":"2023-07-24T10:14:50+00:00","description":"Plok\u0161telinis Rekuperatorius INSPIRO BASIC 300 yra skirtas v\u0117dinimo sistemai kaip modernus elementas, leid\u017eiantis atgauti energij\u0105.","breadcrumb":{"@id":"https:\/\/parduotuve.kondena.lt\/produktai\/plokstelinis-rekuperatorius-inspiro-basic-300\/#breadcrumb"},"inLanguage":"en-US","potentialAction":[{"@type":"ReadAction","target":["https:\/\/parduotuve.kondena.lt\/produktai\/plokstelinis-rekuperatorius-inspiro-basic-300\/"]}]},{"@type":"BreadcrumbList","@id":"https:\/\/parduotuve.kondena.lt\/produktai\/plokstelinis-rekuperatorius-inspiro-basic-300\/#breadcrumb","itemListElement":[{"@type":"ListItem","position":1,"name":"Parduotuv\u0117","item":"https:\/\/parduotuve.kondena.lt\/parduotuve\/"},{"@type":"ListItem","position":2,"name":"Plok\u0161telinis Rekuperatorius INSPIRO BASIC 300"}]},{"@type":"WebSite","@id":"https:\/\/parduotuve.kondena.lt\/#website","url":"https:\/\/parduotuve.kondena.lt\/","name":"Kondena","description":"Kol kas tik dar vienas WordPress tinklalapis","potentialAction":[{"@type":"SearchAction","target":{"@type":"EntryPoint","urlTemplate":"https:\/\/parduotuve.kondena.lt\/?s={search_term_string}"},"query-input":"required name=search_term_string"}],"inLanguage":"en-US"}]}},"_links":{"self":[{"href":"https:\/\/parduotuve.kondena.lt\/en\/wp-json\/wp\/v2\/product\/12651","targetHints":{"allow":["GET"]}}],"collection":[{"href":"https:\/\/parduotuve.kondena.lt\/en\/wp-json\/wp\/v2\/product"}],"about":[{"href":"https:\/\/parduotuve.kondena.lt\/en\/wp-json\/wp\/v2\/types\/product"}],"replies":[{"embeddable":true,"href":"https:\/\/parduotuve.kondena.lt\/en\/wp-json\/wp\/v2\/comments?post=12651"}],"wp:featuredmedia":[{"embeddable":true,"href":"https:\/\/parduotuve.kondena.lt\/en\/wp-json\/wp\/v2\/media\/11317"}],"wp:attachment":[{"href":"https:\/\/parduotuve.kondena.lt\/en\/wp-json\/wp\/v2\/media?parent=12651"}],"wp:term":[{"taxonomy":"product_cat","embeddable":true,"href":"https:\/\/parduotuve.kondena.lt\/en\/wp-json\/wp\/v2\/product_cat?post=12651"},{"taxonomy":"product_tag","embeddable":true,"href":"https:\/\/parduotuve.kondena.lt\/en\/wp-json\/wp\/v2\/product_tag?post=12651"}],"curies":[{"name":"wp","href":"https:\/\/api.w.org\/{rel}","templated":true}]}}