{"id":12609,"date":"2021-11-09T08:38:19","date_gmt":"2021-11-09T07:38:19","guid":{"rendered":"https:\/\/parduotuve.kondena.lt\/?post_type=product&#038;p=12609"},"modified":"2025-04-15T09:07:14","modified_gmt":"2025-04-15T08:07:14","slug":"xtp-006-elektrodinis-drekintuvas","status":"publish","type":"product","link":"https:\/\/parduotuve.kondena.lt\/en\/produktai\/xtp-006-elektrodinis-drekintuvas\/","title":{"rendered":"XTP 006 elektrodinis dr\u0117kintuvas"},"content":{"rendered":"<p>Elektrodiniai dr\u0117kintuvai:<\/p>\n<p>XT serijos elektrodiniai garo dr\u0117kintuvai skirti naudoti biuruose, gydymo \u012fstaigose, pramon\u0117je ir kitose patalpose. Lengvas montavimas ir minimali prie\u017ei\u016bra \u2013 XT serija yra viena i\u0161 prieinamiausi\u0173 dr\u0117kinimo sistem\u0173, kuri\u0105 galite \u012fsigyti ir \u012fdiegti.<br \/>\nXT serijos elektrodiniai dr\u0117kintuvai si\u016blo Jums ma\u017eas investicines i\u0161laidas, paprast\u0105 montavim\u0105 ir prie\u017ei\u016br\u0105.<\/p>\n<p>Matavimo tikslumas \u2013 +\/- 5%.<\/p>\n<p>Kompakti\u0161kas valdymas<br \/>\n\u2022 Valdymo skydelio XT modeliui d\u0117ka galima lengvai nusistatyti paj\u0117gum\u0105, dr\u0117gm\u0117s lyg\u012f patalpose;<br \/>\n\u2022 Valdymo protokolai Modbus, BACnet, LonTalk tik XT valdiklyje;<br \/>\n\u2022 Paprastas naudoti meniu;<br \/>\n\u2022 Internetin\u0117 prieig\u0105 prie vis\u0173 funkcij\u0173;<br \/>\n\u2022 Periodinis vandens i\u0161leidimas i\u0161 talpos.<\/p>\n<p>Valdiklio ypatyb\u0117s<\/p>\n<p>\u2022 Dr\u0117kintuvo valdymui naudojas i\u0161manus skaitmeninis valdiklis;<br \/>\n\u2022 Dr\u0117gm\u0117s ir srauto davikliai leid\u017eia reguliuoti patalpos dr\u0117gm\u0119;<br \/>\n\u2022 Pagrindiniai nustatymai lengvai pasiekiami ir koreguojami i\u0161 pagrindinio pultelio lango;<br \/>\n\u2022 Standartinis pastato valdymo Modbus protokolas, ta\u010diau galimi ir Bacnet ar LonTalk protokolai;<br \/>\n\u2022 WEB funkcija;<br \/>\n\u2022 Dr\u0117kintuvo darbo laiko skai\u010diavimo funkcija;<br \/>\n\u2022 Realaus laiko laikrodis.<\/p>\n<p>Svarbu sistemos veikimui<br \/>\n\u2022 Tinkamas tik vandentiekio vanduo;<br \/>\n\u2022 Vandens pH \u2013 turi b\u016bti nuo 7 iki 8,5;<br \/>\n\u2022 Demineralizuotas, dejonizuotas ar reversin\u0117s osmoz\u0117s vanduo netinka \u0161iam modeliui;<br \/>\n\u2022 Vandens laidumu nuo 125 iki 1250 \u03bcS\/cm;<br \/>\n\u2022 Paduodamo vandens sl\u0117gis nuo 175 iki 550 kPa.<\/p>\n<p>Kadangi in\u017einerin\u0117ms sistemos skiriama vis ma\u017eiau vietos, mes galime pasi\u016blyti garo purk\u0161tukus kuri\u0173 ne\u0161lampantis atstumas su dideliu garo kiekiu gali b\u016bti nuo 30 cm iki 2,5 m.<\/p>\n<p>Kiekvien\u0105 u\u017esakym\u0105 vertiname keliais pj\u016bviais: koks in\u017einerinis sprendimas b\u016bt\u0173 energeti\u0161kai efektyviausias konkre\u010dios \u012fmon\u0117s veiklos specifikai, koks yra veiklos proces\u0173 automatizavimo poreikis, kokie sprendimo scenarijai tinkami turimam investicij\u0173 biud\u017eetui, kaip i\u0161laikyti optimaliausi\u0105 kainos ir kokyb\u0117s santyk\u012f, atsi\u017evelgiant \u012f realius eksploatavimo ka\u0161tus.<\/p>","protected":false},"excerpt":{"rendered":"<p>Matavimo tikslumas \u2013 +\/- 5%.<\/p>\n<p>Kompakti\u0161kas valdymas<br \/>\n\u2022 Valdymo skydelio XT modeliui d\u0117ka galima lengvai nusistatyti paj\u0117gum\u0105, dr\u0117gm\u0117s lyg\u012f patalpose;<br \/>\n\u2022 Valdymo protokolai Modbus, BACnet, LonTalk tik XT valdiklyje;<br \/>\n\u2022 Paprastas naudoti meniu;<br \/>\n\u2022 Internetin\u0117 prieig\u0105 prie vis\u0173 funkcij\u0173;<br \/>\n\u2022 Periodinis vandens i\u0161leidimas i\u0161 talpos.<\/p>\n<p><strong>Nurodyta pirkimo kaina be davikli\u0173*<\/strong><\/p>","protected":false},"featured_media":12607,"comment_status":"open","ping_status":"closed","template":"","meta":[],"product_cat":[241],"product_tag":[],"class_list":["post-12609","product","type-product","status-publish","has-post-thumbnail","hentry","product_cat-pakabinami-drekintuvai"],"acf":[],"yoast_head":"<!-- This site is optimized with the Yoast SEO plugin v20.13 - https:\/\/yoast.com\/wordpress\/plugins\/seo\/ -->\n<title>XTP 006 elektrodinis dr\u0117kintuvas - Kondena<\/title>\n<meta name=\"description\" content=\"XTP 006 elektrodinis dr\u0117kintuvas - tai profesionalus amerikieti\u0161kos kokyb\u0117s dr\u0117kintuvas auk\u0161\u010diausiam j\u016bs\u0173 mikroklimato komfortui u\u017etikrinti.\" \/>\n<meta name=\"robots\" content=\"index, follow, max-snippet:-1, max-image-preview:large, max-video-preview:-1\" \/>\n<link rel=\"canonical\" href=\"https:\/\/parduotuve.kondena.lt\/en\/produktai\/xtp-006-elektrodinis-drekintuvas\/\" \/>\n<meta property=\"og:locale\" content=\"en_US\" \/>\n<meta property=\"og:type\" content=\"article\" \/>\n<meta property=\"og:title\" content=\"XTP 006 elektrodinis dr\u0117kintuvas - Kondena\" \/>\n<meta property=\"og:description\" content=\"XTP 006 elektrodinis dr\u0117kintuvas - tai profesionalus amerikieti\u0161kos kokyb\u0117s dr\u0117kintuvas auk\u0161\u010diausiam j\u016bs\u0173 mikroklimato komfortui u\u017etikrinti.\" \/>\n<meta property=\"og:url\" content=\"https:\/\/parduotuve.kondena.lt\/en\/produktai\/xtp-006-elektrodinis-drekintuvas\/\" \/>\n<meta property=\"og:site_name\" content=\"Kondena\" \/>\n<meta property=\"article:modified_time\" content=\"2025-04-15T08:07:14+00:00\" \/>\n<meta property=\"og:image\" content=\"https:\/\/parduotuve.kondena.lt\/wp-content\/uploads\/2021\/11\/xt-series-europe-de.jpg\" \/>\n\t<meta property=\"og:image:width\" content=\"720\" \/>\n\t<meta property=\"og:image:height\" content=\"720\" \/>\n\t<meta property=\"og:image:type\" content=\"image\/jpeg\" \/>\n<meta name=\"twitter:card\" content=\"summary_large_image\" \/>\n<meta name=\"twitter:label1\" content=\"Est. reading time\" \/>\n\t<meta name=\"twitter:data1\" content=\"2 minutes\" \/>\n<script type=\"application\/ld+json\" class=\"yoast-schema-graph\">{\"@context\":\"https:\/\/schema.org\",\"@graph\":[{\"@type\":\"WebPage\",\"@id\":\"https:\/\/parduotuve.kondena.lt\/produktai\/xtp-006-elektrodinis-drekintuvas\/\",\"url\":\"https:\/\/parduotuve.kondena.lt\/produktai\/xtp-006-elektrodinis-drekintuvas\/\",\"name\":\"XTP 006 elektrodinis dr\u0117kintuvas - Kondena\",\"isPartOf\":{\"@id\":\"https:\/\/parduotuve.kondena.lt\/#website\"},\"datePublished\":\"2021-11-09T07:38:19+00:00\",\"dateModified\":\"2025-04-15T08:07:14+00:00\",\"description\":\"XTP 006 elektrodinis dr\u0117kintuvas - tai profesionalus amerikieti\u0161kos kokyb\u0117s dr\u0117kintuvas auk\u0161\u010diausiam j\u016bs\u0173 mikroklimato komfortui u\u017etikrinti.\",\"breadcrumb\":{\"@id\":\"https:\/\/parduotuve.kondena.lt\/produktai\/xtp-006-elektrodinis-drekintuvas\/#breadcrumb\"},\"inLanguage\":\"en-US\",\"potentialAction\":[{\"@type\":\"ReadAction\",\"target\":[\"https:\/\/parduotuve.kondena.lt\/produktai\/xtp-006-elektrodinis-drekintuvas\/\"]}]},{\"@type\":\"BreadcrumbList\",\"@id\":\"https:\/\/parduotuve.kondena.lt\/produktai\/xtp-006-elektrodinis-drekintuvas\/#breadcrumb\",\"itemListElement\":[{\"@type\":\"ListItem\",\"position\":1,\"name\":\"Parduotuv\u0117\",\"item\":\"https:\/\/parduotuve.kondena.lt\/parduotuve\/\"},{\"@type\":\"ListItem\",\"position\":2,\"name\":\"XTP 006 elektrodinis dr\u0117kintuvas\"}]},{\"@type\":\"WebSite\",\"@id\":\"https:\/\/parduotuve.kondena.lt\/#website\",\"url\":\"https:\/\/parduotuve.kondena.lt\/\",\"name\":\"Kondena\",\"description\":\"Kol kas tik dar vienas WordPress tinklalapis\",\"potentialAction\":[{\"@type\":\"SearchAction\",\"target\":{\"@type\":\"EntryPoint\",\"urlTemplate\":\"https:\/\/parduotuve.kondena.lt\/?s={search_term_string}\"},\"query-input\":\"required name=search_term_string\"}],\"inLanguage\":\"en-US\"}]}<\/script>\n<!-- \/ Yoast SEO plugin. -->","yoast_head_json":{"title":"XTP 006 elektrodinis dr\u0117kintuvas - Kondena","description":"XTP 006 elektrodinis dr\u0117kintuvas - tai profesionalus amerikieti\u0161kos kokyb\u0117s dr\u0117kintuvas auk\u0161\u010diausiam j\u016bs\u0173 mikroklimato komfortui u\u017etikrinti.","robots":{"index":"index","follow":"follow","max-snippet":"max-snippet:-1","max-image-preview":"max-image-preview:large","max-video-preview":"max-video-preview:-1"},"canonical":"https:\/\/parduotuve.kondena.lt\/en\/produktai\/xtp-006-elektrodinis-drekintuvas\/","og_locale":"en_US","og_type":"article","og_title":"XTP 006 elektrodinis dr\u0117kintuvas - Kondena","og_description":"XTP 006 elektrodinis dr\u0117kintuvas - tai profesionalus amerikieti\u0161kos kokyb\u0117s dr\u0117kintuvas auk\u0161\u010diausiam j\u016bs\u0173 mikroklimato komfortui u\u017etikrinti.","og_url":"https:\/\/parduotuve.kondena.lt\/en\/produktai\/xtp-006-elektrodinis-drekintuvas\/","og_site_name":"Kondena","article_modified_time":"2025-04-15T08:07:14+00:00","og_image":[{"width":720,"height":720,"url":"https:\/\/parduotuve.kondena.lt\/wp-content\/uploads\/2021\/11\/xt-series-europe-de.jpg","type":"image\/jpeg"}],"twitter_card":"summary_large_image","twitter_misc":{"Est. reading time":"2 minutes"},"schema":{"@context":"https:\/\/schema.org","@graph":[{"@type":"WebPage","@id":"https:\/\/parduotuve.kondena.lt\/produktai\/xtp-006-elektrodinis-drekintuvas\/","url":"https:\/\/parduotuve.kondena.lt\/produktai\/xtp-006-elektrodinis-drekintuvas\/","name":"XTP 006 elektrodinis dr\u0117kintuvas - Kondena","isPartOf":{"@id":"https:\/\/parduotuve.kondena.lt\/#website"},"datePublished":"2021-11-09T07:38:19+00:00","dateModified":"2025-04-15T08:07:14+00:00","description":"XTP 006 elektrodinis dr\u0117kintuvas - tai profesionalus amerikieti\u0161kos kokyb\u0117s dr\u0117kintuvas auk\u0161\u010diausiam j\u016bs\u0173 mikroklimato komfortui u\u017etikrinti.","breadcrumb":{"@id":"https:\/\/parduotuve.kondena.lt\/produktai\/xtp-006-elektrodinis-drekintuvas\/#breadcrumb"},"inLanguage":"en-US","potentialAction":[{"@type":"ReadAction","target":["https:\/\/parduotuve.kondena.lt\/produktai\/xtp-006-elektrodinis-drekintuvas\/"]}]},{"@type":"BreadcrumbList","@id":"https:\/\/parduotuve.kondena.lt\/produktai\/xtp-006-elektrodinis-drekintuvas\/#breadcrumb","itemListElement":[{"@type":"ListItem","position":1,"name":"Parduotuv\u0117","item":"https:\/\/parduotuve.kondena.lt\/parduotuve\/"},{"@type":"ListItem","position":2,"name":"XTP 006 elektrodinis dr\u0117kintuvas"}]},{"@type":"WebSite","@id":"https:\/\/parduotuve.kondena.lt\/#website","url":"https:\/\/parduotuve.kondena.lt\/","name":"Kondena","description":"Kol kas tik dar vienas WordPress tinklalapis","potentialAction":[{"@type":"SearchAction","target":{"@type":"EntryPoint","urlTemplate":"https:\/\/parduotuve.kondena.lt\/?s={search_term_string}"},"query-input":"required name=search_term_string"}],"inLanguage":"en-US"}]}},"_links":{"self":[{"href":"https:\/\/parduotuve.kondena.lt\/en\/wp-json\/wp\/v2\/product\/12609","targetHints":{"allow":["GET"]}}],"collection":[{"href":"https:\/\/parduotuve.kondena.lt\/en\/wp-json\/wp\/v2\/product"}],"about":[{"href":"https:\/\/parduotuve.kondena.lt\/en\/wp-json\/wp\/v2\/types\/product"}],"replies":[{"embeddable":true,"href":"https:\/\/parduotuve.kondena.lt\/en\/wp-json\/wp\/v2\/comments?post=12609"}],"wp:featuredmedia":[{"embeddable":true,"href":"https:\/\/parduotuve.kondena.lt\/en\/wp-json\/wp\/v2\/media\/12607"}],"wp:attachment":[{"href":"https:\/\/parduotuve.kondena.lt\/en\/wp-json\/wp\/v2\/media?parent=12609"}],"wp:term":[{"taxonomy":"product_cat","embeddable":true,"href":"https:\/\/parduotuve.kondena.lt\/en\/wp-json\/wp\/v2\/product_cat?post=12609"},{"taxonomy":"product_tag","embeddable":true,"href":"https:\/\/parduotuve.kondena.lt\/en\/wp-json\/wp\/v2\/product_tag?post=12609"}],"curies":[{"name":"wp","href":"https:\/\/api.w.org\/{rel}","templated":true}]}}