{"id":12590,"date":"2021-11-09T07:57:38","date_gmt":"2021-11-09T06:57:38","guid":{"rendered":"https:\/\/parduotuve.kondena.lt\/?post_type=product&#038;p=12590"},"modified":"2022-09-06T08:29:38","modified_gmt":"2022-09-06T07:29:38","slug":"innovagoods-heatpod-prijungiamas-keramikinis-sildytuvas","status":"publish","type":"product","link":"https:\/\/parduotuve.kondena.lt\/en\/produktai\/innovagoods-heatpod-prijungiamas-keramikinis-sildytuvas\/","title":{"rendered":"InnovaGoods Heatpod prijungiamas keramikinis \u0161ildytuvas"},"content":{"rendered":"<p>InnovaGoods Heatpod prijungiamas keramikinis \u0161ildytuvas<\/p>\n<p>Material:<\/p>\n<ul>\n<li style=\"list-style-type: none;\">\n<ul>\n<li>ABS<\/li>\n<li>PA<\/li>\n<li>PBT<\/li>\n<\/ul>\n<\/li>\n<li>Mygtukas: On\/Off<\/li>\n<li>2 grei\u010di\u0173<\/li>\n<li>Termostatas: Reguliuojamas<\/li>\n<li>Temperat\u016bra: 15-32 \u2103<\/li>\n<li>Laikmatis: Iki 12 h<\/li>\n<li>Display:\n<ul>\n<li>LED<\/li>\n<li>Skaitmeninis<\/li>\n<\/ul>\n<\/li>\n<li>\u017demos s\u0105naudos<\/li>\n<li>Tylus<\/li>\n<li>Lengva naudoti, lengvas ir sovaldomas<\/li>\n<li>Easy to transport and store<\/li>\n<li>galia: 400 W<\/li>\n<li>220-240 V \/ 50-60 Hz<\/li>\n<li>Rozet\u0117s tipas: F<\/li>\n<li>Apytiksliai matmenys: 8,5 x 16 x 14 cm<\/li>\n<\/ul>\n<p>Pakuot\u0117 ir instrukcija 24 kalbomis (angl\u0173, pranc\u016bz\u0173, ispan\u0173, vokie\u010di\u0173, ital\u0173, portugal\u0173, oland\u0173, lenk\u0173, vengr\u0173, rumun\u0173, dan\u0173, \u0161ved\u0173, suomi\u0173, lietuvi\u0173, norveg\u0173, slov\u0117n\u0173, graik\u0173, \u010dek\u0173, bulgar\u0173, kroat\u0173, slovak\u0173, est\u0173, rus\u0173, latvi\u0173)<\/p>","protected":false},"excerpt":{"rendered":"<ul>\n<li>Mygtukas: On\/Off<\/li>\n<li>2 grei\u010di\u0173<\/li>\n<li>Termostatas: Reguliuojamas<\/li>\n<li>Temperat\u016bra: 15-32 \u2103<\/li>\n<li>Laikmatis: Iki 12 h<\/li>\n<li>Display:\n<ul>\n<li>LED<\/li>\n<li>Skaitmeninis<\/li>\n<\/ul>\n<\/li>\n<li>\u017demos s\u0105naudos<\/li>\n<li>Tylus<\/li>\n<li>Lengva naudoti, lengvas ir sovaldomas<\/li>\n<li>Easy to transport and store<\/li>\n<li>galia: 400 W<\/li>\n<li>220-240 V \/ 50-60 Hz<\/li>\n<li>Rozet\u0117s tipas: F<\/li>\n<li>Apytiksliai matmenys: 8,5 x 16 x 14 cm<\/li>\n<\/ul>","protected":false},"featured_media":12600,"comment_status":"open","ping_status":"closed","template":"","meta":[],"product_cat":[242,269],"product_tag":[],"class_list":["post-12590","product","type-product","status-publish","has-post-thumbnail","hentry","product_cat-sildymas","product_cat-mini-sildytuvai"],"acf":[],"yoast_head":"<!-- This site is optimized with the Yoast SEO plugin v20.13 - https:\/\/yoast.com\/wordpress\/plugins\/seo\/ -->\n<title>InnovaGoods Heatpod prijungiamas keramikinis \u0161ildytuvas - Kondena<\/title>\n<meta name=\"description\" content=\"InnovaGoods Heatpod prijungiamas keramikinis \u0161ildytuvas - tai auk\u0161tos kokyb\u0117s prietaisas laikinam arba avariniam patalp\u0173 \u0161ildymui palaikyti.\" \/>\n<meta name=\"robots\" content=\"index, follow, max-snippet:-1, max-image-preview:large, max-video-preview:-1\" \/>\n<link rel=\"canonical\" href=\"https:\/\/parduotuve.kondena.lt\/en\/produktai\/innovagoods-heatpod-prijungiamas-keramikinis-sildytuvas\/\" \/>\n<meta property=\"og:locale\" content=\"en_US\" \/>\n<meta property=\"og:type\" content=\"article\" \/>\n<meta property=\"og:title\" content=\"InnovaGoods Heatpod prijungiamas keramikinis \u0161ildytuvas - Kondena\" \/>\n<meta property=\"og:description\" content=\"InnovaGoods Heatpod prijungiamas keramikinis \u0161ildytuvas - tai auk\u0161tos kokyb\u0117s prietaisas laikinam arba avariniam patalp\u0173 \u0161ildymui palaikyti.\" \/>\n<meta property=\"og:url\" content=\"https:\/\/parduotuve.kondena.lt\/en\/produktai\/innovagoods-heatpod-prijungiamas-keramikinis-sildytuvas\/\" \/>\n<meta property=\"og:site_name\" content=\"Kondena\" \/>\n<meta property=\"article:modified_time\" content=\"2022-09-06T07:29:38+00:00\" \/>\n<meta property=\"og:image\" content=\"https:\/\/parduotuve.kondena.lt\/wp-content\/uploads\/2021\/11\/plug-in-ceramic-heater-heatpod-innovagoods-400w_100837.jpg\" \/>\n\t<meta property=\"og:image:width\" content=\"600\" \/>\n\t<meta property=\"og:image:height\" content=\"600\" \/>\n\t<meta property=\"og:image:type\" content=\"image\/jpeg\" \/>\n<meta name=\"twitter:card\" content=\"summary_large_image\" \/>\n<meta name=\"twitter:label1\" content=\"Est. reading time\" \/>\n\t<meta name=\"twitter:data1\" content=\"1 minute\" \/>\n<script type=\"application\/ld+json\" class=\"yoast-schema-graph\">{\"@context\":\"https:\/\/schema.org\",\"@graph\":[{\"@type\":\"WebPage\",\"@id\":\"https:\/\/parduotuve.kondena.lt\/produktai\/innovagoods-heatpod-prijungiamas-keramikinis-sildytuvas\/\",\"url\":\"https:\/\/parduotuve.kondena.lt\/produktai\/innovagoods-heatpod-prijungiamas-keramikinis-sildytuvas\/\",\"name\":\"InnovaGoods Heatpod prijungiamas keramikinis \u0161ildytuvas - Kondena\",\"isPartOf\":{\"@id\":\"https:\/\/parduotuve.kondena.lt\/#website\"},\"datePublished\":\"2021-11-09T06:57:38+00:00\",\"dateModified\":\"2022-09-06T07:29:38+00:00\",\"description\":\"InnovaGoods Heatpod prijungiamas keramikinis \u0161ildytuvas - tai auk\u0161tos kokyb\u0117s prietaisas laikinam arba avariniam patalp\u0173 \u0161ildymui palaikyti.\",\"breadcrumb\":{\"@id\":\"https:\/\/parduotuve.kondena.lt\/produktai\/innovagoods-heatpod-prijungiamas-keramikinis-sildytuvas\/#breadcrumb\"},\"inLanguage\":\"en-US\",\"potentialAction\":[{\"@type\":\"ReadAction\",\"target\":[\"https:\/\/parduotuve.kondena.lt\/produktai\/innovagoods-heatpod-prijungiamas-keramikinis-sildytuvas\/\"]}]},{\"@type\":\"BreadcrumbList\",\"@id\":\"https:\/\/parduotuve.kondena.lt\/produktai\/innovagoods-heatpod-prijungiamas-keramikinis-sildytuvas\/#breadcrumb\",\"itemListElement\":[{\"@type\":\"ListItem\",\"position\":1,\"name\":\"Parduotuv\u0117\",\"item\":\"https:\/\/parduotuve.kondena.lt\/parduotuve\/\"},{\"@type\":\"ListItem\",\"position\":2,\"name\":\"InnovaGoods Heatpod prijungiamas keramikinis \u0161ildytuvas\"}]},{\"@type\":\"WebSite\",\"@id\":\"https:\/\/parduotuve.kondena.lt\/#website\",\"url\":\"https:\/\/parduotuve.kondena.lt\/\",\"name\":\"Kondena\",\"description\":\"Kol kas tik dar vienas WordPress tinklalapis\",\"potentialAction\":[{\"@type\":\"SearchAction\",\"target\":{\"@type\":\"EntryPoint\",\"urlTemplate\":\"https:\/\/parduotuve.kondena.lt\/?s={search_term_string}\"},\"query-input\":\"required name=search_term_string\"}],\"inLanguage\":\"en-US\"}]}<\/script>\n<!-- \/ Yoast SEO plugin. -->","yoast_head_json":{"title":"InnovaGoods Heatpod prijungiamas keramikinis \u0161ildytuvas - Kondena","description":"InnovaGoods Heatpod prijungiamas keramikinis \u0161ildytuvas - tai auk\u0161tos kokyb\u0117s prietaisas laikinam arba avariniam patalp\u0173 \u0161ildymui palaikyti.","robots":{"index":"index","follow":"follow","max-snippet":"max-snippet:-1","max-image-preview":"max-image-preview:large","max-video-preview":"max-video-preview:-1"},"canonical":"https:\/\/parduotuve.kondena.lt\/en\/produktai\/innovagoods-heatpod-prijungiamas-keramikinis-sildytuvas\/","og_locale":"en_US","og_type":"article","og_title":"InnovaGoods Heatpod prijungiamas keramikinis \u0161ildytuvas - Kondena","og_description":"InnovaGoods Heatpod prijungiamas keramikinis \u0161ildytuvas - tai auk\u0161tos kokyb\u0117s prietaisas laikinam arba avariniam patalp\u0173 \u0161ildymui palaikyti.","og_url":"https:\/\/parduotuve.kondena.lt\/en\/produktai\/innovagoods-heatpod-prijungiamas-keramikinis-sildytuvas\/","og_site_name":"Kondena","article_modified_time":"2022-09-06T07:29:38+00:00","og_image":[{"width":600,"height":600,"url":"https:\/\/parduotuve.kondena.lt\/wp-content\/uploads\/2021\/11\/plug-in-ceramic-heater-heatpod-innovagoods-400w_100837.jpg","type":"image\/jpeg"}],"twitter_card":"summary_large_image","twitter_misc":{"Est. reading time":"1 minute"},"schema":{"@context":"https:\/\/schema.org","@graph":[{"@type":"WebPage","@id":"https:\/\/parduotuve.kondena.lt\/produktai\/innovagoods-heatpod-prijungiamas-keramikinis-sildytuvas\/","url":"https:\/\/parduotuve.kondena.lt\/produktai\/innovagoods-heatpod-prijungiamas-keramikinis-sildytuvas\/","name":"InnovaGoods Heatpod prijungiamas keramikinis \u0161ildytuvas - Kondena","isPartOf":{"@id":"https:\/\/parduotuve.kondena.lt\/#website"},"datePublished":"2021-11-09T06:57:38+00:00","dateModified":"2022-09-06T07:29:38+00:00","description":"InnovaGoods Heatpod prijungiamas keramikinis \u0161ildytuvas - tai auk\u0161tos kokyb\u0117s prietaisas laikinam arba avariniam patalp\u0173 \u0161ildymui palaikyti.","breadcrumb":{"@id":"https:\/\/parduotuve.kondena.lt\/produktai\/innovagoods-heatpod-prijungiamas-keramikinis-sildytuvas\/#breadcrumb"},"inLanguage":"en-US","potentialAction":[{"@type":"ReadAction","target":["https:\/\/parduotuve.kondena.lt\/produktai\/innovagoods-heatpod-prijungiamas-keramikinis-sildytuvas\/"]}]},{"@type":"BreadcrumbList","@id":"https:\/\/parduotuve.kondena.lt\/produktai\/innovagoods-heatpod-prijungiamas-keramikinis-sildytuvas\/#breadcrumb","itemListElement":[{"@type":"ListItem","position":1,"name":"Parduotuv\u0117","item":"https:\/\/parduotuve.kondena.lt\/parduotuve\/"},{"@type":"ListItem","position":2,"name":"InnovaGoods Heatpod prijungiamas keramikinis \u0161ildytuvas"}]},{"@type":"WebSite","@id":"https:\/\/parduotuve.kondena.lt\/#website","url":"https:\/\/parduotuve.kondena.lt\/","name":"Kondena","description":"Kol kas tik dar vienas WordPress tinklalapis","potentialAction":[{"@type":"SearchAction","target":{"@type":"EntryPoint","urlTemplate":"https:\/\/parduotuve.kondena.lt\/?s={search_term_string}"},"query-input":"required name=search_term_string"}],"inLanguage":"en-US"}]}},"_links":{"self":[{"href":"https:\/\/parduotuve.kondena.lt\/en\/wp-json\/wp\/v2\/product\/12590","targetHints":{"allow":["GET"]}}],"collection":[{"href":"https:\/\/parduotuve.kondena.lt\/en\/wp-json\/wp\/v2\/product"}],"about":[{"href":"https:\/\/parduotuve.kondena.lt\/en\/wp-json\/wp\/v2\/types\/product"}],"replies":[{"embeddable":true,"href":"https:\/\/parduotuve.kondena.lt\/en\/wp-json\/wp\/v2\/comments?post=12590"}],"wp:featuredmedia":[{"embeddable":true,"href":"https:\/\/parduotuve.kondena.lt\/en\/wp-json\/wp\/v2\/media\/12600"}],"wp:attachment":[{"href":"https:\/\/parduotuve.kondena.lt\/en\/wp-json\/wp\/v2\/media?parent=12590"}],"wp:term":[{"taxonomy":"product_cat","embeddable":true,"href":"https:\/\/parduotuve.kondena.lt\/en\/wp-json\/wp\/v2\/product_cat?post=12590"},{"taxonomy":"product_tag","embeddable":true,"href":"https:\/\/parduotuve.kondena.lt\/en\/wp-json\/wp\/v2\/product_tag?post=12590"}],"curies":[{"name":"wp","href":"https:\/\/api.w.org\/{rel}","templated":true}]}}