{"id":12558,"date":"2021-11-08T15:40:21","date_gmt":"2021-11-08T14:40:21","guid":{"rendered":"https:\/\/parduotuve.kondena.lt\/?post_type=product&#038;p=12558"},"modified":"2024-08-19T13:12:54","modified_gmt":"2024-08-19T12:12:54","slug":"innovagoods-garinamasis-oro-kondicionierius","status":"publish","type":"product","link":"https:\/\/parduotuve.kondena.lt\/en\/produktai\/innovagoods-garinamasis-oro-kondicionierius\/","title":{"rendered":"INNOVAGOODS Garinamasis oro kondicionierius be a\u0161men\u0173 90W"},"content":{"rendered":"<p>INNOVAGOODS Garinamasis oro kondicionierius be a\u0161men\u0173 90W<\/p>\n<p>Ne\u0161iojamas garuojantis ir jonizuojantis oro kondicionierius, turintis 4 funkcijas: jonizatorius, ventiliatorius, au\u0161intuvas ir dr\u0117kintuvas, kurie gaivina ir valo j\u016bs\u0173 aplink\u0105.<\/p>\n<p>Jonizuojanti funkcija visada veikia \u0161iame dr\u0117kintuve-valytuve, ji pritraukia ore esan\u010dius ne\u0161varumus ir i\u0161leid\u017eia \u0161var\u0173 or\u0105. Originalus dizainas be a\u0161men\u0173 \u0161velniai ir reguliariai stiprina oro sraut\u0105.<\/p>\n<p>\u0160i naujovi\u0161ka aerodinamin\u0117 technologija palengvina valym\u0105 ir padeda suma\u017einti triuk\u0161mo lyg\u012f bei pavojus, tod\u0117l \u0161is prietaisas yra tylesnis (\u226455 dB) ir saugesnis.<\/p>\n<ul>\n<li>Jame yra 360\u00ba oro difuzorius,<\/li>\n<li>jutiklinis valdymo pultas,<\/li>\n<li>nuotolinio valdymo pultas,<\/li>\n<li>laikmatis (iki 8 val.),<\/li>\n<li>3 grei\u010dio nustatymai (\u017eemas, vidutinis, auk\u0161tas)<\/li>\n<li>3 v\u0117dinimo nustatymai: normalus (nuolatinis oras), nat\u016bralus (nat\u016bralus v\u0117jelis) ir naktis (\u0161velnus v\u0117jelis).<\/li>\n<li>Automatinis i\u0161sijungimas gali b\u016bti nustatomas nuo 1 iki 8 valand\u0173: 1 val., 2 val., 3 val., 4 val., 8 val.<\/li>\n<li>Jame taip pat yra 6 spalv\u0173 LED lemput\u0117, suteikianti dizainui modernumo, eleganti\u0161kumo ir sukuria laisvesn\u0119 ir maloni\u0105 atmosfer\u0105.<\/li>\n<li>Vidinio indo talpa 3 litrai, ir, j\u012f galima i\u0161imti kaip filtr\u0105, kad b\u016bt\u0173 lengviau valyti.<\/li>\n<li>Jame taip pat yra v\u0117sios pakuot\u0117s: 2 i\u0161imamos talpyklos ledui, kurios, jei pageidaujama, pad\u0117s padidinti au\u0161inimo efekt\u0105.<\/li>\n<li>4 ratai palengvina perk\u0117lim\u0105 i\u0161 vieno kambario \u012f kit\u0105 ar biuro patalp\u0173. Jis apytiksliai veikia 20 m\u00b2 plote, jo galia yra 90 W. Taip pat sutaupysite energijos, nes jis vartoja ma\u017eai elektros.<\/li>\n<\/ul>\n<ul>\n<li>Material: ABS<\/li>\n<li>Original and portable design<\/li>\n<li>Type:\n<ul>\n<li>Power plant<\/li>\n<li>Be a\u0161men\u0173<\/li>\n<li>Tylus<\/li>\n<li>Multifunctional<\/li>\n<li>\u017demos s\u0105naudos<\/li>\n<\/ul>\n<\/li>\n<li>4-in-1:\n<ul>\n<li>Ventiliatorius<\/li>\n<li>Oro dr\u0117kintuvas<\/li>\n<li>Jonizatorius<\/li>\n<li>Au\u0161intuvas<\/li>\n<\/ul>\n<\/li>\n<li>oro srov\u0117: 360\u00ba<\/li>\n<li>3 grei\u010di\u0173<\/li>\n<li>3 naudojimo b\u016bdai: Normalu, nat\u016bralu ir naktis<\/li>\n<li>Talpa: 3 L<\/li>\n<li>Touch control<\/li>\n<li>LED \u0160viesus: 6 spalvos<\/li>\n<li>Laikmatis: Iki 8 h<\/li>\n<li>Nuotolinis valdiklis: Veikia su baterijomis (1 x CR2025, pridedamos)<\/li>\n<li>Kietos pakuot\u0117s: 2 nuimamos ledo pakuot\u0117s<\/li>\n<li>Su ratais: Lengva transportuoti ir laikyti<\/li>\n<li>Apytiksliai diapazonas: 20 m2<\/li>\n<li>triuk\u0161mo lygis: \u226455 dB<\/li>\n<li>galia: 90 W<\/li>\n<li>Rozet\u0117s tipas:\n<ul>\n<li>F<\/li>\n<li>Kabelio ilgis: 135 cm<\/li>\n<\/ul>\n<\/li>\n<li>Apytiksliai matmenys: 30,5 x 76 x 21,5 cm<\/li>\n<li>Pakuot\u0117 ir instrukcija 24 kalbomis (angl\u0173, pranc\u016bz\u0173, ispan\u0173, vokie\u010di\u0173, ital\u0173, portugal\u0173, oland\u0173, lenk\u0173, vengr\u0173, rumun\u0173, dan\u0173, \u0161ved\u0173, suomi\u0173, lietuvi\u0173, norveg\u0173, slov\u0117n\u0173, graik\u0173, \u010dek\u0173, bulgar\u0173, kroat\u0173, slovak\u0173, est\u0173, rus\u0173, latvi\u0173)<\/li>\n<\/ul>\n<p><iframe loading=\"lazy\" title=\"InnovaGoods Ionizing Evaporative Air Cooler\" width=\"895\" height=\"503\" src=\"https:\/\/www.youtube.com\/embed\/8J29KfDgdOA?feature=oembed\" frameborder=\"0\" allow=\"accelerometer; autoplay; clipboard-write; encrypted-media; gyroscope; picture-in-picture; web-share\" referrerpolicy=\"strict-origin-when-cross-origin\" allowfullscreen><\/iframe><\/p>","protected":false},"excerpt":{"rendered":"<ul>\n<li>3 grei\u010di\u0173<\/li>\n<li>3 naudojimo b\u016bdai: Normalu, nat\u016bralu ir naktis<\/li>\n<li>Talpa: 3 L<\/li>\n<li>Touch control<\/li>\n<li>LED \u0160viesus: 6 spalvos<\/li>\n<li>Laikmatis: Iki 8 h<\/li>\n<li>Nuotolinis valdiklis: Veikia su baterijomis (1 x CR2025, pridedamos)<\/li>\n<li>Kietos pakuot\u0117s: 2 nuimamos ledo pakuot\u0117s<\/li>\n<li>Su ratais: Lengva transportuoti ir laikyti<\/li>\n<li>Apytiksliai diapazonas: 20 m2<\/li>\n<li>triuk\u0161mo lygis: \u226455 dB<\/li>\n<li>galia: 90 W<\/li>\n<\/ul>","protected":false},"featured_media":12566,"comment_status":"open","ping_status":"closed","template":"","meta":[],"product_cat":[144,258],"product_tag":[],"class_list":["post-12558","product","type-product","status-publish","has-post-thumbnail","hentry","product_cat-vesinimas","product_cat-mobilus-oro-kondicionieriai"],"acf":[],"yoast_head":"<!-- This site is optimized with the Yoast SEO plugin v20.13 - https:\/\/yoast.com\/wordpress\/plugins\/seo\/ -->\n<title>INNOVAGOODS Garinamasis oro kondicionierius be a\u0161men\u0173 90W - Kondena<\/title>\n<meta name=\"description\" content=\"INNOVAGOODS Garinamasis oro kondicionierius - tai s \u012frenginys u\u017etikrinantis auk\u0161\u010diausio komforto mikroklimat\u0105 j\u016bs\u0173 namuose.\" \/>\n<meta name=\"robots\" content=\"index, follow, max-snippet:-1, max-image-preview:large, max-video-preview:-1\" \/>\n<link rel=\"canonical\" href=\"https:\/\/parduotuve.kondena.lt\/en\/produktai\/innovagoods-garinamasis-oro-kondicionierius\/\" \/>\n<meta property=\"og:locale\" content=\"en_US\" \/>\n<meta property=\"og:type\" content=\"article\" \/>\n<meta property=\"og:title\" content=\"INNOVAGOODS Garinamasis oro kondicionierius be a\u0161men\u0173 90W - Kondena\" \/>\n<meta property=\"og:description\" content=\"INNOVAGOODS Garinamasis oro kondicionierius - tai s \u012frenginys u\u017etikrinantis auk\u0161\u010diausio komforto mikroklimat\u0105 j\u016bs\u0173 namuose.\" \/>\n<meta property=\"og:url\" content=\"https:\/\/parduotuve.kondena.lt\/en\/produktai\/innovagoods-garinamasis-oro-kondicionierius\/\" \/>\n<meta property=\"og:site_name\" content=\"Kondena\" \/>\n<meta property=\"article:modified_time\" content=\"2024-08-19T12:12:54+00:00\" \/>\n<meta property=\"og:image\" content=\"https:\/\/parduotuve.kondena.lt\/wp-content\/uploads\/2021\/11\/bladeless-evaporative-air-conditioner-with-led-o-cool-innovagoods-90w_156424.jpg\" \/>\n\t<meta property=\"og:image:width\" content=\"600\" \/>\n\t<meta property=\"og:image:height\" content=\"600\" \/>\n\t<meta property=\"og:image:type\" content=\"image\/jpeg\" \/>\n<meta name=\"twitter:card\" content=\"summary_large_image\" \/>\n<meta name=\"twitter:label1\" content=\"Est. reading time\" \/>\n\t<meta name=\"twitter:data1\" content=\"2 minutes\" \/>\n<script type=\"application\/ld+json\" class=\"yoast-schema-graph\">{\"@context\":\"https:\/\/schema.org\",\"@graph\":[{\"@type\":\"WebPage\",\"@id\":\"https:\/\/parduotuve.kondena.lt\/produktai\/innovagoods-garinamasis-oro-kondicionierius\/\",\"url\":\"https:\/\/parduotuve.kondena.lt\/produktai\/innovagoods-garinamasis-oro-kondicionierius\/\",\"name\":\"INNOVAGOODS Garinamasis oro kondicionierius be a\u0161men\u0173 90W - Kondena\",\"isPartOf\":{\"@id\":\"https:\/\/parduotuve.kondena.lt\/#website\"},\"datePublished\":\"2021-11-08T14:40:21+00:00\",\"dateModified\":\"2024-08-19T12:12:54+00:00\",\"description\":\"INNOVAGOODS Garinamasis oro kondicionierius - tai s \u012frenginys u\u017etikrinantis auk\u0161\u010diausio komforto mikroklimat\u0105 j\u016bs\u0173 namuose.\",\"breadcrumb\":{\"@id\":\"https:\/\/parduotuve.kondena.lt\/produktai\/innovagoods-garinamasis-oro-kondicionierius\/#breadcrumb\"},\"inLanguage\":\"en-US\",\"potentialAction\":[{\"@type\":\"ReadAction\",\"target\":[\"https:\/\/parduotuve.kondena.lt\/produktai\/innovagoods-garinamasis-oro-kondicionierius\/\"]}]},{\"@type\":\"BreadcrumbList\",\"@id\":\"https:\/\/parduotuve.kondena.lt\/produktai\/innovagoods-garinamasis-oro-kondicionierius\/#breadcrumb\",\"itemListElement\":[{\"@type\":\"ListItem\",\"position\":1,\"name\":\"Parduotuv\u0117\",\"item\":\"https:\/\/parduotuve.kondena.lt\/parduotuve\/\"},{\"@type\":\"ListItem\",\"position\":2,\"name\":\"INNOVAGOODS Garinamasis oro kondicionierius be a\u0161men\u0173 90W\"}]},{\"@type\":\"WebSite\",\"@id\":\"https:\/\/parduotuve.kondena.lt\/#website\",\"url\":\"https:\/\/parduotuve.kondena.lt\/\",\"name\":\"Kondena\",\"description\":\"Kol kas tik dar vienas WordPress tinklalapis\",\"potentialAction\":[{\"@type\":\"SearchAction\",\"target\":{\"@type\":\"EntryPoint\",\"urlTemplate\":\"https:\/\/parduotuve.kondena.lt\/?s={search_term_string}\"},\"query-input\":\"required name=search_term_string\"}],\"inLanguage\":\"en-US\"}]}<\/script>\n<!-- \/ Yoast SEO plugin. -->","yoast_head_json":{"title":"INNOVAGOODS Garinamasis oro kondicionierius be a\u0161men\u0173 90W - Kondena","description":"INNOVAGOODS Garinamasis oro kondicionierius - tai s \u012frenginys u\u017etikrinantis auk\u0161\u010diausio komforto mikroklimat\u0105 j\u016bs\u0173 namuose.","robots":{"index":"index","follow":"follow","max-snippet":"max-snippet:-1","max-image-preview":"max-image-preview:large","max-video-preview":"max-video-preview:-1"},"canonical":"https:\/\/parduotuve.kondena.lt\/en\/produktai\/innovagoods-garinamasis-oro-kondicionierius\/","og_locale":"en_US","og_type":"article","og_title":"INNOVAGOODS Garinamasis oro kondicionierius be a\u0161men\u0173 90W - Kondena","og_description":"INNOVAGOODS Garinamasis oro kondicionierius - tai s \u012frenginys u\u017etikrinantis auk\u0161\u010diausio komforto mikroklimat\u0105 j\u016bs\u0173 namuose.","og_url":"https:\/\/parduotuve.kondena.lt\/en\/produktai\/innovagoods-garinamasis-oro-kondicionierius\/","og_site_name":"Kondena","article_modified_time":"2024-08-19T12:12:54+00:00","og_image":[{"width":600,"height":600,"url":"https:\/\/parduotuve.kondena.lt\/wp-content\/uploads\/2021\/11\/bladeless-evaporative-air-conditioner-with-led-o-cool-innovagoods-90w_156424.jpg","type":"image\/jpeg"}],"twitter_card":"summary_large_image","twitter_misc":{"Est. reading time":"2 minutes"},"schema":{"@context":"https:\/\/schema.org","@graph":[{"@type":"WebPage","@id":"https:\/\/parduotuve.kondena.lt\/produktai\/innovagoods-garinamasis-oro-kondicionierius\/","url":"https:\/\/parduotuve.kondena.lt\/produktai\/innovagoods-garinamasis-oro-kondicionierius\/","name":"INNOVAGOODS Garinamasis oro kondicionierius be a\u0161men\u0173 90W - Kondena","isPartOf":{"@id":"https:\/\/parduotuve.kondena.lt\/#website"},"datePublished":"2021-11-08T14:40:21+00:00","dateModified":"2024-08-19T12:12:54+00:00","description":"INNOVAGOODS Garinamasis oro kondicionierius - tai s \u012frenginys u\u017etikrinantis auk\u0161\u010diausio komforto mikroklimat\u0105 j\u016bs\u0173 namuose.","breadcrumb":{"@id":"https:\/\/parduotuve.kondena.lt\/produktai\/innovagoods-garinamasis-oro-kondicionierius\/#breadcrumb"},"inLanguage":"en-US","potentialAction":[{"@type":"ReadAction","target":["https:\/\/parduotuve.kondena.lt\/produktai\/innovagoods-garinamasis-oro-kondicionierius\/"]}]},{"@type":"BreadcrumbList","@id":"https:\/\/parduotuve.kondena.lt\/produktai\/innovagoods-garinamasis-oro-kondicionierius\/#breadcrumb","itemListElement":[{"@type":"ListItem","position":1,"name":"Parduotuv\u0117","item":"https:\/\/parduotuve.kondena.lt\/parduotuve\/"},{"@type":"ListItem","position":2,"name":"INNOVAGOODS Garinamasis oro kondicionierius be a\u0161men\u0173 90W"}]},{"@type":"WebSite","@id":"https:\/\/parduotuve.kondena.lt\/#website","url":"https:\/\/parduotuve.kondena.lt\/","name":"Kondena","description":"Kol kas tik dar vienas WordPress tinklalapis","potentialAction":[{"@type":"SearchAction","target":{"@type":"EntryPoint","urlTemplate":"https:\/\/parduotuve.kondena.lt\/?s={search_term_string}"},"query-input":"required name=search_term_string"}],"inLanguage":"en-US"}]}},"_links":{"self":[{"href":"https:\/\/parduotuve.kondena.lt\/en\/wp-json\/wp\/v2\/product\/12558","targetHints":{"allow":["GET"]}}],"collection":[{"href":"https:\/\/parduotuve.kondena.lt\/en\/wp-json\/wp\/v2\/product"}],"about":[{"href":"https:\/\/parduotuve.kondena.lt\/en\/wp-json\/wp\/v2\/types\/product"}],"replies":[{"embeddable":true,"href":"https:\/\/parduotuve.kondena.lt\/en\/wp-json\/wp\/v2\/comments?post=12558"}],"wp:featuredmedia":[{"embeddable":true,"href":"https:\/\/parduotuve.kondena.lt\/en\/wp-json\/wp\/v2\/media\/12566"}],"wp:attachment":[{"href":"https:\/\/parduotuve.kondena.lt\/en\/wp-json\/wp\/v2\/media?parent=12558"}],"wp:term":[{"taxonomy":"product_cat","embeddable":true,"href":"https:\/\/parduotuve.kondena.lt\/en\/wp-json\/wp\/v2\/product_cat?post=12558"},{"taxonomy":"product_tag","embeddable":true,"href":"https:\/\/parduotuve.kondena.lt\/en\/wp-json\/wp\/v2\/product_tag?post=12558"}],"curies":[{"name":"wp","href":"https:\/\/api.w.org\/{rel}","templated":true}]}}