{"id":12545,"date":"2021-11-08T15:28:21","date_gmt":"2021-11-08T14:28:21","guid":{"rendered":"https:\/\/parduotuve.kondena.lt\/?post_type=product&#038;p=12545"},"modified":"2021-11-12T08:12:48","modified_gmt":"2021-11-12T07:12:48","slug":"cecotec-energysilence-560-ventiliatorius-2","status":"publish","type":"product","link":"https:\/\/parduotuve.kondena.lt\/en\/produktai\/cecotec-energysilence-560-ventiliatorius-2\/","title":{"rendered":"CECOTEC EnergySilence 560 ventiliatorius"},"content":{"rendered":"<p>CECOTEC EnergySilence 560 ventiliatorius<\/p>\n<p>Charakteristikos:<\/p>\n<ul>\n<li style=\"list-style-type: none;\">\n<ul>\n<li>Lightweight and manageable<\/li>\n<li>Silence<\/li>\n<li>Svyravimas<\/li>\n<li>3 grei\u010diai<\/li>\n<\/ul>\n<\/li>\n<li>Auk\u0161tis: Reguliuojamas<\/li>\n<li>A\u0161menys: 4<\/li>\n<\/ul>\n<p><iframe loading=\"lazy\" title=\"Ventilador de Pie Cecotec EnergySilence 560 WoodStyle\" width=\"895\" height=\"503\" src=\"https:\/\/www.youtube.com\/embed\/cu6CtbUDHXU?feature=oembed\" frameborder=\"0\" allow=\"accelerometer; autoplay; clipboard-write; encrypted-media; gyroscope; picture-in-picture\" allowfullscreen><\/iframe><\/p>","protected":false},"excerpt":{"rendered":"<p>Charakteristikos:<\/p>\n<ul>\n<li style=\"list-style-type: none;\">\n<ul>\n<li>Lightweight and manageable<\/li>\n<li>Silence<\/li>\n<li>Svyravimas<\/li>\n<li>3 grei\u010diai<\/li>\n<\/ul>\n<\/li>\n<li>Auk\u0161tis: Reguliuojamas<\/li>\n<li>A\u0161menys: 4<\/li>\n<\/ul>","protected":false},"featured_media":12557,"comment_status":"open","ping_status":"closed","template":"","meta":[],"product_cat":[239,196],"product_tag":[],"class_list":["post-12545","product","type-product","status-publish","has-post-thumbnail","hentry","product_cat-pastatomi-ventiliatoriai","product_cat-geram-orui"],"acf":[],"yoast_head":"<!-- This site is optimized with the Yoast SEO plugin v20.13 - https:\/\/yoast.com\/wordpress\/plugins\/seo\/ -->\n<title>CECOTEC EnergySilence 560 ventiliatorius - Kondena<\/title>\n<meta name=\"description\" content=\"CECOTEC EnergySilence 560 ventiliatorius - tai ne tik auk\u0161tos kokyb\u0117s v\u0117sinimo \u012frenginys, puikiai tinka ir kaip stiliaus detal\u0117!\" \/>\n<meta name=\"robots\" content=\"index, follow, max-snippet:-1, max-image-preview:large, max-video-preview:-1\" \/>\n<link rel=\"canonical\" href=\"https:\/\/parduotuve.kondena.lt\/en\/produktai\/cecotec-energysilence-560-ventiliatorius-2\/\" \/>\n<meta property=\"og:locale\" content=\"en_US\" \/>\n<meta property=\"og:type\" content=\"article\" \/>\n<meta property=\"og:title\" content=\"CECOTEC EnergySilence 560 ventiliatorius - Kondena\" \/>\n<meta property=\"og:description\" content=\"CECOTEC EnergySilence 560 ventiliatorius - tai ne tik auk\u0161tos kokyb\u0117s v\u0117sinimo \u012frenginys, puikiai tinka ir kaip stiliaus detal\u0117!\" \/>\n<meta property=\"og:url\" content=\"https:\/\/parduotuve.kondena.lt\/en\/produktai\/cecotec-energysilence-560-ventiliatorius-2\/\" \/>\n<meta property=\"og:site_name\" content=\"Kondena\" \/>\n<meta property=\"article:modified_time\" content=\"2021-11-12T07:12:48+00:00\" \/>\n<meta property=\"og:image\" content=\"https:\/\/parduotuve.kondena.lt\/wp-content\/uploads\/2021\/11\/freestanding-fan-cecotec-energysilence-560-woodstyle_200503.jpg\" \/>\n\t<meta property=\"og:image:width\" content=\"600\" \/>\n\t<meta property=\"og:image:height\" content=\"600\" \/>\n\t<meta property=\"og:image:type\" content=\"image\/jpeg\" \/>\n<meta name=\"twitter:card\" content=\"summary_large_image\" \/>\n<meta name=\"twitter:label1\" content=\"Est. reading time\" \/>\n\t<meta name=\"twitter:data1\" content=\"1 minute\" \/>\n<script type=\"application\/ld+json\" class=\"yoast-schema-graph\">{\"@context\":\"https:\/\/schema.org\",\"@graph\":[{\"@type\":\"WebPage\",\"@id\":\"https:\/\/parduotuve.kondena.lt\/en\/produktai\/cecotec-energysilence-560-ventiliatorius-2\/\",\"url\":\"https:\/\/parduotuve.kondena.lt\/en\/produktai\/cecotec-energysilence-560-ventiliatorius-2\/\",\"name\":\"CECOTEC EnergySilence 560 ventiliatorius - Kondena\",\"isPartOf\":{\"@id\":\"https:\/\/parduotuve.kondena.lt\/#website\"},\"datePublished\":\"2021-11-08T14:28:21+00:00\",\"dateModified\":\"2021-11-12T07:12:48+00:00\",\"description\":\"CECOTEC EnergySilence 560 ventiliatorius - tai ne tik auk\u0161tos kokyb\u0117s v\u0117sinimo \u012frenginys, puikiai tinka ir kaip stiliaus detal\u0117!\",\"breadcrumb\":{\"@id\":\"https:\/\/parduotuve.kondena.lt\/en\/produktai\/cecotec-energysilence-560-ventiliatorius-2\/#breadcrumb\"},\"inLanguage\":\"en-US\",\"potentialAction\":[{\"@type\":\"ReadAction\",\"target\":[\"https:\/\/parduotuve.kondena.lt\/en\/produktai\/cecotec-energysilence-560-ventiliatorius-2\/\"]}]},{\"@type\":\"BreadcrumbList\",\"@id\":\"https:\/\/parduotuve.kondena.lt\/en\/produktai\/cecotec-energysilence-560-ventiliatorius-2\/#breadcrumb\",\"itemListElement\":[{\"@type\":\"ListItem\",\"position\":1,\"name\":\"Parduotuv\u0117\",\"item\":\"https:\/\/parduotuve.kondena.lt\/parduotuve\/\"},{\"@type\":\"ListItem\",\"position\":2,\"name\":\"CECOTEC EnergySilence 560 ventiliatorius\"}]},{\"@type\":\"WebSite\",\"@id\":\"https:\/\/parduotuve.kondena.lt\/#website\",\"url\":\"https:\/\/parduotuve.kondena.lt\/\",\"name\":\"Kondena\",\"description\":\"Kol kas tik dar vienas WordPress tinklalapis\",\"potentialAction\":[{\"@type\":\"SearchAction\",\"target\":{\"@type\":\"EntryPoint\",\"urlTemplate\":\"https:\/\/parduotuve.kondena.lt\/?s={search_term_string}\"},\"query-input\":\"required name=search_term_string\"}],\"inLanguage\":\"en-US\"}]}<\/script>\n<!-- \/ Yoast SEO plugin. -->","yoast_head_json":{"title":"CECOTEC EnergySilence 560 ventiliatorius - Kondena","description":"CECOTEC EnergySilence 560 ventiliatorius - tai ne tik auk\u0161tos kokyb\u0117s v\u0117sinimo \u012frenginys, puikiai tinka ir kaip stiliaus detal\u0117!","robots":{"index":"index","follow":"follow","max-snippet":"max-snippet:-1","max-image-preview":"max-image-preview:large","max-video-preview":"max-video-preview:-1"},"canonical":"https:\/\/parduotuve.kondena.lt\/en\/produktai\/cecotec-energysilence-560-ventiliatorius-2\/","og_locale":"en_US","og_type":"article","og_title":"CECOTEC EnergySilence 560 ventiliatorius - Kondena","og_description":"CECOTEC EnergySilence 560 ventiliatorius - tai ne tik auk\u0161tos kokyb\u0117s v\u0117sinimo \u012frenginys, puikiai tinka ir kaip stiliaus detal\u0117!","og_url":"https:\/\/parduotuve.kondena.lt\/en\/produktai\/cecotec-energysilence-560-ventiliatorius-2\/","og_site_name":"Kondena","article_modified_time":"2021-11-12T07:12:48+00:00","og_image":[{"width":600,"height":600,"url":"https:\/\/parduotuve.kondena.lt\/wp-content\/uploads\/2021\/11\/freestanding-fan-cecotec-energysilence-560-woodstyle_200503.jpg","type":"image\/jpeg"}],"twitter_card":"summary_large_image","twitter_misc":{"Est. reading time":"1 minute"},"schema":{"@context":"https:\/\/schema.org","@graph":[{"@type":"WebPage","@id":"https:\/\/parduotuve.kondena.lt\/en\/produktai\/cecotec-energysilence-560-ventiliatorius-2\/","url":"https:\/\/parduotuve.kondena.lt\/en\/produktai\/cecotec-energysilence-560-ventiliatorius-2\/","name":"CECOTEC EnergySilence 560 ventiliatorius - Kondena","isPartOf":{"@id":"https:\/\/parduotuve.kondena.lt\/#website"},"datePublished":"2021-11-08T14:28:21+00:00","dateModified":"2021-11-12T07:12:48+00:00","description":"CECOTEC EnergySilence 560 ventiliatorius - tai ne tik auk\u0161tos kokyb\u0117s v\u0117sinimo \u012frenginys, puikiai tinka ir kaip stiliaus detal\u0117!","breadcrumb":{"@id":"https:\/\/parduotuve.kondena.lt\/en\/produktai\/cecotec-energysilence-560-ventiliatorius-2\/#breadcrumb"},"inLanguage":"en-US","potentialAction":[{"@type":"ReadAction","target":["https:\/\/parduotuve.kondena.lt\/en\/produktai\/cecotec-energysilence-560-ventiliatorius-2\/"]}]},{"@type":"BreadcrumbList","@id":"https:\/\/parduotuve.kondena.lt\/en\/produktai\/cecotec-energysilence-560-ventiliatorius-2\/#breadcrumb","itemListElement":[{"@type":"ListItem","position":1,"name":"Parduotuv\u0117","item":"https:\/\/parduotuve.kondena.lt\/parduotuve\/"},{"@type":"ListItem","position":2,"name":"CECOTEC EnergySilence 560 ventiliatorius"}]},{"@type":"WebSite","@id":"https:\/\/parduotuve.kondena.lt\/#website","url":"https:\/\/parduotuve.kondena.lt\/","name":"Kondena","description":"Kol kas tik dar vienas WordPress tinklalapis","potentialAction":[{"@type":"SearchAction","target":{"@type":"EntryPoint","urlTemplate":"https:\/\/parduotuve.kondena.lt\/?s={search_term_string}"},"query-input":"required name=search_term_string"}],"inLanguage":"en-US"}]}},"_links":{"self":[{"href":"https:\/\/parduotuve.kondena.lt\/en\/wp-json\/wp\/v2\/product\/12545","targetHints":{"allow":["GET"]}}],"collection":[{"href":"https:\/\/parduotuve.kondena.lt\/en\/wp-json\/wp\/v2\/product"}],"about":[{"href":"https:\/\/parduotuve.kondena.lt\/en\/wp-json\/wp\/v2\/types\/product"}],"replies":[{"embeddable":true,"href":"https:\/\/parduotuve.kondena.lt\/en\/wp-json\/wp\/v2\/comments?post=12545"}],"wp:featuredmedia":[{"embeddable":true,"href":"https:\/\/parduotuve.kondena.lt\/en\/wp-json\/wp\/v2\/media\/12557"}],"wp:attachment":[{"href":"https:\/\/parduotuve.kondena.lt\/en\/wp-json\/wp\/v2\/media?parent=12545"}],"wp:term":[{"taxonomy":"product_cat","embeddable":true,"href":"https:\/\/parduotuve.kondena.lt\/en\/wp-json\/wp\/v2\/product_cat?post=12545"},{"taxonomy":"product_tag","embeddable":true,"href":"https:\/\/parduotuve.kondena.lt\/en\/wp-json\/wp\/v2\/product_tag?post=12545"}],"curies":[{"name":"wp","href":"https:\/\/api.w.org\/{rel}","templated":true}]}}