{"id":12533,"date":"2021-11-08T15:18:47","date_gmt":"2021-11-08T14:18:47","guid":{"rendered":"https:\/\/parduotuve.kondena.lt\/?post_type=product&#038;p=12533"},"modified":"2024-01-25T10:09:22","modified_gmt":"2024-01-25T09:09:22","slug":"innovagoods-copper-retro-ventiliatorius","status":"publish","type":"product","link":"https:\/\/parduotuve.kondena.lt\/en\/produktai\/innovagoods-copper-retro-ventiliatorius\/","title":{"rendered":"InnovaGoods Copper Retro ventiliatorius"},"content":{"rendered":"<p>InnovaGoods Copper Retro ventiliatorius<\/p>\n<p>Galingas metalinis pjedestalo ventiliatorius, turintis didel\u0119 v\u0117dinimo gali\u0105, tod\u0117l jis idealiai tinka kovoti su vasaros kar\u0161\u010diais. Jis pagamintas i\u0161 auk\u0161tos kokyb\u0117s med\u017eiag\u0173 ir i\u0161siskiria savo originaliu ir eleganti\u0161ku retro dizainu. Puikiai tinka norint u\u017etikrinti oro cirkuliavim\u0105 visuose namo kambariuose.<\/p>\n<ul>\n<li>Med\u017eiaga: Metalo lydinys<\/li>\n<li>Novatori\u0161kas ir funkcionalus dizainas<\/li>\n<li>Uzst\u0101d\u012b\u0161anas statuss: Retro<\/li>\n<li>Spalva: Vario spalvos apdaila<\/li>\n<li>Auk\u0161tos kokyb\u0117s, atsparus ir patvarus<\/li>\n<li>apytikris skersmuo: 40 cm (16&#8243;)<\/li>\n<li>3 grei\u010di\u0173: 1000-1350 r.p.m.<\/li>\n<li>Jud\u0117jimo kampas: 70\u00ba<\/li>\n<li>reguliuojamas kampas: 25\u00ba<\/li>\n<li>Pritaikomas au\u0161ktis apytikriai: 90-120 cm<\/li>\n<li>triuk\u0161mo lygis: 55-60 dB<\/li>\n<li>\u017demos s\u0105naudos<\/li>\n<li>galia: 55 W<\/li>\n<li>\u012ftampa: 220-240 V<\/li>\n<li>da\u017enis: 50-60 Hz<\/li>\n<li>Rozet\u0117s tipas: E<\/li>\n<li>Kabelio ilgis: 150 cm<\/li>\n<li>Pakuot\u0117 ir instrukcija 24 kalbomis (angl\u0173, pranc\u016bz\u0173, ispan\u0173, vokie\u010di\u0173, ital\u0173, portugal\u0173, oland\u0173, lenk\u0173, vengr\u0173, rumun\u0173, dan\u0173, \u0161ved\u0173, suomi\u0173, lietuvi\u0173, norveg\u0173, slov\u0117n\u0173, graik\u0173, \u010dek\u0173, bulgar\u0173, kroat\u0173, slovak\u0173, est\u0173, rus\u0173, latvi\u0173)<\/li>\n<\/ul>","protected":false},"excerpt":{"rendered":"<ul>\n<li>Spalva: Vario spalvos apdaila<\/li>\n<li>Auk\u0161tos kokyb\u0117s, atsparus ir patvarus<\/li>\n<li>apytikris skersmuo: 40 cm (16&#8243;)<\/li>\n<li>3 grei\u010di\u0173: 1000-1350 r.p.m.<\/li>\n<li>Jud\u0117jimo kampas: 70\u00ba<\/li>\n<li>reguliuojamas kampas: 25\u00ba<\/li>\n<li>Pritaikomas au\u0161ktis apytikriai: 90-120 cm<\/li>\n<li>triuk\u0161mo lygis: 55-60 dB<\/li>\n<li>\u017demos s\u0105naudos<\/li>\n<li>galia: 55 W<\/li>\n<li>\u012ftampa: 220-240 V<\/li>\n<li>da\u017enis: 50-60 Hz<\/li>\n<li>Rozet\u0117s tipas: E<\/li>\n<li><\/li>\n<\/ul>","protected":false},"featured_media":12540,"comment_status":"open","ping_status":"closed","template":"","meta":[],"product_cat":[239,196],"product_tag":[],"class_list":["post-12533","product","type-product","status-publish","has-post-thumbnail","hentry","product_cat-pastatomi-ventiliatoriai","product_cat-geram-orui"],"acf":[],"yoast_head":"<!-- This site is optimized with the Yoast SEO plugin v20.13 - https:\/\/yoast.com\/wordpress\/plugins\/seo\/ -->\n<title>InnovaGoods Copper Retro ventiliatorius - Kondena<\/title>\n<meta name=\"description\" content=\"InnovaGoods Copper Retro ventiliatorius - tai ne tik auk\u0161tos kokyb\u0117s v\u0117sinimo \u012frenginys, puikiai tinka ir kaip stiliaus detal\u0117!\" \/>\n<meta name=\"robots\" content=\"index, follow, max-snippet:-1, max-image-preview:large, max-video-preview:-1\" \/>\n<link rel=\"canonical\" href=\"https:\/\/parduotuve.kondena.lt\/en\/produktai\/innovagoods-copper-retro-ventiliatorius\/\" \/>\n<meta property=\"og:locale\" content=\"en_US\" \/>\n<meta property=\"og:type\" content=\"article\" \/>\n<meta property=\"og:title\" content=\"InnovaGoods Copper Retro ventiliatorius - Kondena\" \/>\n<meta property=\"og:description\" content=\"InnovaGoods Copper Retro ventiliatorius - tai ne tik auk\u0161tos kokyb\u0117s v\u0117sinimo \u012frenginys, puikiai tinka ir kaip stiliaus detal\u0117!\" \/>\n<meta property=\"og:url\" content=\"https:\/\/parduotuve.kondena.lt\/en\/produktai\/innovagoods-copper-retro-ventiliatorius\/\" \/>\n<meta property=\"og:site_name\" content=\"Kondena\" \/>\n<meta property=\"article:modified_time\" content=\"2024-01-25T09:09:22+00:00\" \/>\n<meta property=\"og:image\" content=\"https:\/\/parduotuve.kondena.lt\/wp-content\/uploads\/2021\/11\/freestanding-fan-copper-retro-innovagoods-o-40-cm-55w-refurbished-d_222066.jpg\" \/>\n\t<meta property=\"og:image:width\" content=\"600\" \/>\n\t<meta property=\"og:image:height\" content=\"600\" \/>\n\t<meta property=\"og:image:type\" content=\"image\/jpeg\" \/>\n<meta name=\"twitter:card\" content=\"summary_large_image\" \/>\n<meta name=\"twitter:label1\" content=\"Est. reading time\" \/>\n\t<meta name=\"twitter:data1\" content=\"1 minute\" \/>\n<script type=\"application\/ld+json\" class=\"yoast-schema-graph\">{\"@context\":\"https:\/\/schema.org\",\"@graph\":[{\"@type\":\"WebPage\",\"@id\":\"https:\/\/parduotuve.kondena.lt\/produktai\/innovagoods-copper-retro-ventiliatorius\/\",\"url\":\"https:\/\/parduotuve.kondena.lt\/produktai\/innovagoods-copper-retro-ventiliatorius\/\",\"name\":\"InnovaGoods Copper Retro ventiliatorius - Kondena\",\"isPartOf\":{\"@id\":\"https:\/\/parduotuve.kondena.lt\/#website\"},\"datePublished\":\"2021-11-08T14:18:47+00:00\",\"dateModified\":\"2024-01-25T09:09:22+00:00\",\"description\":\"InnovaGoods Copper Retro ventiliatorius - tai ne tik auk\u0161tos kokyb\u0117s v\u0117sinimo \u012frenginys, puikiai tinka ir kaip stiliaus detal\u0117!\",\"breadcrumb\":{\"@id\":\"https:\/\/parduotuve.kondena.lt\/produktai\/innovagoods-copper-retro-ventiliatorius\/#breadcrumb\"},\"inLanguage\":\"en-US\",\"potentialAction\":[{\"@type\":\"ReadAction\",\"target\":[\"https:\/\/parduotuve.kondena.lt\/produktai\/innovagoods-copper-retro-ventiliatorius\/\"]}]},{\"@type\":\"BreadcrumbList\",\"@id\":\"https:\/\/parduotuve.kondena.lt\/produktai\/innovagoods-copper-retro-ventiliatorius\/#breadcrumb\",\"itemListElement\":[{\"@type\":\"ListItem\",\"position\":1,\"name\":\"Parduotuv\u0117\",\"item\":\"https:\/\/parduotuve.kondena.lt\/parduotuve\/\"},{\"@type\":\"ListItem\",\"position\":2,\"name\":\"InnovaGoods Copper Retro ventiliatorius\"}]},{\"@type\":\"WebSite\",\"@id\":\"https:\/\/parduotuve.kondena.lt\/#website\",\"url\":\"https:\/\/parduotuve.kondena.lt\/\",\"name\":\"Kondena\",\"description\":\"Kol kas tik dar vienas WordPress tinklalapis\",\"potentialAction\":[{\"@type\":\"SearchAction\",\"target\":{\"@type\":\"EntryPoint\",\"urlTemplate\":\"https:\/\/parduotuve.kondena.lt\/?s={search_term_string}\"},\"query-input\":\"required name=search_term_string\"}],\"inLanguage\":\"en-US\"}]}<\/script>\n<!-- \/ Yoast SEO plugin. -->","yoast_head_json":{"title":"InnovaGoods Copper Retro ventiliatorius - Kondena","description":"InnovaGoods Copper Retro ventiliatorius - tai ne tik auk\u0161tos kokyb\u0117s v\u0117sinimo \u012frenginys, puikiai tinka ir kaip stiliaus detal\u0117!","robots":{"index":"index","follow":"follow","max-snippet":"max-snippet:-1","max-image-preview":"max-image-preview:large","max-video-preview":"max-video-preview:-1"},"canonical":"https:\/\/parduotuve.kondena.lt\/en\/produktai\/innovagoods-copper-retro-ventiliatorius\/","og_locale":"en_US","og_type":"article","og_title":"InnovaGoods Copper Retro ventiliatorius - Kondena","og_description":"InnovaGoods Copper Retro ventiliatorius - tai ne tik auk\u0161tos kokyb\u0117s v\u0117sinimo \u012frenginys, puikiai tinka ir kaip stiliaus detal\u0117!","og_url":"https:\/\/parduotuve.kondena.lt\/en\/produktai\/innovagoods-copper-retro-ventiliatorius\/","og_site_name":"Kondena","article_modified_time":"2024-01-25T09:09:22+00:00","og_image":[{"width":600,"height":600,"url":"https:\/\/parduotuve.kondena.lt\/wp-content\/uploads\/2021\/11\/freestanding-fan-copper-retro-innovagoods-o-40-cm-55w-refurbished-d_222066.jpg","type":"image\/jpeg"}],"twitter_card":"summary_large_image","twitter_misc":{"Est. reading time":"1 minute"},"schema":{"@context":"https:\/\/schema.org","@graph":[{"@type":"WebPage","@id":"https:\/\/parduotuve.kondena.lt\/produktai\/innovagoods-copper-retro-ventiliatorius\/","url":"https:\/\/parduotuve.kondena.lt\/produktai\/innovagoods-copper-retro-ventiliatorius\/","name":"InnovaGoods Copper Retro ventiliatorius - Kondena","isPartOf":{"@id":"https:\/\/parduotuve.kondena.lt\/#website"},"datePublished":"2021-11-08T14:18:47+00:00","dateModified":"2024-01-25T09:09:22+00:00","description":"InnovaGoods Copper Retro ventiliatorius - tai ne tik auk\u0161tos kokyb\u0117s v\u0117sinimo \u012frenginys, puikiai tinka ir kaip stiliaus detal\u0117!","breadcrumb":{"@id":"https:\/\/parduotuve.kondena.lt\/produktai\/innovagoods-copper-retro-ventiliatorius\/#breadcrumb"},"inLanguage":"en-US","potentialAction":[{"@type":"ReadAction","target":["https:\/\/parduotuve.kondena.lt\/produktai\/innovagoods-copper-retro-ventiliatorius\/"]}]},{"@type":"BreadcrumbList","@id":"https:\/\/parduotuve.kondena.lt\/produktai\/innovagoods-copper-retro-ventiliatorius\/#breadcrumb","itemListElement":[{"@type":"ListItem","position":1,"name":"Parduotuv\u0117","item":"https:\/\/parduotuve.kondena.lt\/parduotuve\/"},{"@type":"ListItem","position":2,"name":"InnovaGoods Copper Retro ventiliatorius"}]},{"@type":"WebSite","@id":"https:\/\/parduotuve.kondena.lt\/#website","url":"https:\/\/parduotuve.kondena.lt\/","name":"Kondena","description":"Kol kas tik dar vienas WordPress tinklalapis","potentialAction":[{"@type":"SearchAction","target":{"@type":"EntryPoint","urlTemplate":"https:\/\/parduotuve.kondena.lt\/?s={search_term_string}"},"query-input":"required name=search_term_string"}],"inLanguage":"en-US"}]}},"_links":{"self":[{"href":"https:\/\/parduotuve.kondena.lt\/en\/wp-json\/wp\/v2\/product\/12533","targetHints":{"allow":["GET"]}}],"collection":[{"href":"https:\/\/parduotuve.kondena.lt\/en\/wp-json\/wp\/v2\/product"}],"about":[{"href":"https:\/\/parduotuve.kondena.lt\/en\/wp-json\/wp\/v2\/types\/product"}],"replies":[{"embeddable":true,"href":"https:\/\/parduotuve.kondena.lt\/en\/wp-json\/wp\/v2\/comments?post=12533"}],"wp:featuredmedia":[{"embeddable":true,"href":"https:\/\/parduotuve.kondena.lt\/en\/wp-json\/wp\/v2\/media\/12540"}],"wp:attachment":[{"href":"https:\/\/parduotuve.kondena.lt\/en\/wp-json\/wp\/v2\/media?parent=12533"}],"wp:term":[{"taxonomy":"product_cat","embeddable":true,"href":"https:\/\/parduotuve.kondena.lt\/en\/wp-json\/wp\/v2\/product_cat?post=12533"},{"taxonomy":"product_tag","embeddable":true,"href":"https:\/\/parduotuve.kondena.lt\/en\/wp-json\/wp\/v2\/product_tag?post=12533"}],"curies":[{"name":"wp","href":"https:\/\/api.w.org\/{rel}","templated":true}]}}