{"id":12521,"date":"2021-11-08T15:11:31","date_gmt":"2021-11-08T14:11:31","guid":{"rendered":"https:\/\/parduotuve.kondena.lt\/?post_type=product&#038;p=12521"},"modified":"2024-01-25T10:13:59","modified_gmt":"2024-01-25T09:13:59","slug":"drekintuvas-mini-innovagoods-vaupure","status":"publish","type":"product","link":"https:\/\/parduotuve.kondena.lt\/en\/produktai\/drekintuvas-mini-innovagoods-vaupure\/","title":{"rendered":"Dr\u0117kintuvas mini INNOVAGOODS Vaupure"},"content":{"rendered":"<p>Dr\u0117kintuvas mini INNOVAGOODS Vaupure<\/p>\n<p>\u012ekraunamas \u0161alto r\u016bko ultragarsinis dr\u0117kintuvas, reguliuojantis dr\u0117gm\u0117s lyg\u012f atmosferoje, palaikantis teising\u0105 kv\u0117pavim\u0105 bei gerinantis miego kokyb\u0119 ir odos dr\u0117kinim\u0105. Kadangi \u0161is dr\u0117kintuvas veikia su ultragarsu, jis yra daug tylesnis, o kadangi jis neveikia su kar\u0161tu oru, j\u012f naudoti yra saugiau. D\u0117l ne\u0161iojamojo belaid\u017eio dizaino j\u012f lengva naudoti ir pastatyti visur, kur panor\u0117site. Jis i\u0161sijungia automati\u0161kai po 9 valand\u0173 veikimo arba kai jame n\u0117ra pakankamai vandens. Be to, j\u012f galima u\u017epildyti per bako ang\u0105 arba i\u0161 vir\u0161aus, o tai itin patogu. Idealiai tinka miegamiesiems, biurams ir svetain\u0117ms. Rekomenduojama naudoti distiliuot\u0105 vanden\u012f ir ned\u0117ti kvap\u0173 ar aromatini\u0173 aliej\u0173.<\/p>\n<ul>\n<li>Material:\n<ul>\n<li>ABS<\/li>\n<li>PP<\/li>\n<li>Silikoninis<\/li>\n<\/ul>\n<\/li>\n<li>Original and portable design<\/li>\n<li>Type:\n<ul>\n<li>Power plant<\/li>\n<li>Rechargeable<\/li>\n<li>Wireless<\/li>\n<\/ul>\n<\/li>\n<li>Ultragarsinis: Tylus<\/li>\n<li>V\u0117si migla<\/li>\n<li>USB \u012fkrova: Rinkinyje yra USB \u012f mikro USB laid\u0105<\/li>\n<li>\u0160velni naktin\u0117 \u0161viesa<\/li>\n<li>Talpa: 1 L<\/li>\n<li>2 b\u016bdai u\u017epildyti<\/li>\n<li>Pur\u0161kimas: 30-50 ml\/h<\/li>\n<li>LED \u012fkrovimo indikatorius<\/li>\n<li>Apytikslis diapazonas: 8 h<\/li>\n<li>Rinkinyje yra atsargin\u0117s dalys: 4 medvilniniai filtrai (\u00d8 0,6 x 15 cm)<\/li>\n<li>Lengva valyti ir pri\u017ei\u016br\u0117ti: Rekomenduojama naudoti distiliuot\u0105 vanden\u012f<\/li>\n<li>Automatinis i\u0161sijungimas: 9 h<\/li>\n<li>Akumuliatorius: 3,7 V \/ 3000 mAh<\/li>\n<li>DC 5 V \/ 2 A<\/li>\n<li>galia: 2 W<\/li>\n<li>Apytiksliai matmenys: 11 x 16,5 x 11 cm<\/li>\n<li>Pakuot\u0117 ir instrukcija 24 kalbomis (angl\u0173, pranc\u016bz\u0173, ispan\u0173, vokie\u010di\u0173, ital\u0173, portugal\u0173, oland\u0173, lenk\u0173, vengr\u0173, rumun\u0173, dan\u0173, \u0161ved\u0173, suomi\u0173, lietuvi\u0173, norveg\u0173, slov\u0117n\u0173, graik\u0173, \u010dek\u0173, bulgar\u0173, kroat\u0173, slovak\u0173, est\u0173, rus\u0173, latvi\u0173)<\/li>\n<\/ul>\n<p>&nbsp;<\/p>\n<p><iframe loading=\"lazy\" title=\"InnovaGoods Rechargeable Ultrasonic Humidifier\" width=\"895\" height=\"503\" src=\"https:\/\/www.youtube.com\/embed\/bjsOzwRLYNo?feature=oembed\" frameborder=\"0\" allow=\"accelerometer; autoplay; clipboard-write; encrypted-media; gyroscope; picture-in-picture; web-share\" allowfullscreen><\/iframe><\/p>\n<p>&nbsp;<\/p>","protected":false},"excerpt":{"rendered":"<ul>\n<li>Ultragarsinis: Tylus<\/li>\n<li>V\u0117si migla<\/li>\n<li>USB \u012fkrova: Rinkinyje yra USB \u012f mikro USB laid\u0105<\/li>\n<li>\u0160velni naktin\u0117 \u0161viesa<\/li>\n<li>Talpa: 1 L<\/li>\n<li>2 b\u016bdai u\u017epildyti<\/li>\n<li>Pur\u0161kimas: 30-50 ml\/h<\/li>\n<li>LED \u012fkrovimo indikatorius<\/li>\n<li>Apytikslis diapazonas: 8 h<\/li>\n<li>Rinkinyje yra atsargin\u0117s dalys: 4 medvilniniai filtrai (\u00d8 0,6 x 15 cm)<\/li>\n<li>Lengva valyti ir pri\u017ei\u016br\u0117ti: Rekomenduojama naudoti distiliuot\u0105 vanden\u012f<\/li>\n<li>Automatinis i\u0161sijungimas: 9 h<\/li>\n<li>Akumuliatorius: 3,7 V \/ 3000 mAh<\/li>\n<li>DC 5 V \/ 2 A<\/li>\n<li>galia: 2 W<\/li>\n<li>Apytiksliai matmenys: 11 x 16,5 x 11 cm<\/li>\n<\/ul>","protected":false},"featured_media":12532,"comment_status":"open","ping_status":"closed","template":"","meta":[],"product_cat":[232,196,197],"product_tag":[],"class_list":["post-12521","product","type-product","status-publish","has-post-thumbnail","hentry","product_cat-pastatomi-drekintuvai","product_cat-geram-orui","product_cat-mini-drekintuvai"],"acf":[],"yoast_head":"<!-- This site is optimized with the Yoast SEO plugin v20.13 - https:\/\/yoast.com\/wordpress\/plugins\/seo\/ -->\n<title>Dr\u0117kintuvas mini INNOVAGOODS Vaupure - Kondena<\/title>\n<meta name=\"description\" content=\"INNOVAGOODS Vaupure mini dr\u0117kintuvas - tai auk\u0161\u010diausios kokyb\u0117s \u012frenginys j\u016bs\u0173 nam\u0173 mikroklimato komfortui u\u017etikrinti.\" \/>\n<meta name=\"robots\" content=\"index, follow, max-snippet:-1, max-image-preview:large, max-video-preview:-1\" \/>\n<link rel=\"canonical\" href=\"https:\/\/parduotuve.kondena.lt\/en\/produktai\/drekintuvas-mini-innovagoods-vaupure\/\" \/>\n<meta property=\"og:locale\" content=\"en_US\" \/>\n<meta property=\"og:type\" content=\"article\" \/>\n<meta property=\"og:title\" content=\"Dr\u0117kintuvas mini INNOVAGOODS Vaupure - Kondena\" \/>\n<meta property=\"og:description\" content=\"INNOVAGOODS Vaupure mini dr\u0117kintuvas - tai auk\u0161\u010diausios kokyb\u0117s \u012frenginys j\u016bs\u0173 nam\u0173 mikroklimato komfortui u\u017etikrinti.\" \/>\n<meta property=\"og:url\" content=\"https:\/\/parduotuve.kondena.lt\/en\/produktai\/drekintuvas-mini-innovagoods-vaupure\/\" \/>\n<meta property=\"og:site_name\" content=\"Kondena\" \/>\n<meta property=\"article:modified_time\" content=\"2024-01-25T09:13:59+00:00\" \/>\n<meta property=\"og:image\" content=\"https:\/\/parduotuve.kondena.lt\/wp-content\/uploads\/2021\/11\/rechargeable-ultrasonic-humidifier-vaupure-innovagoods_144290.jpg\" \/>\n\t<meta property=\"og:image:width\" content=\"600\" \/>\n\t<meta property=\"og:image:height\" content=\"600\" \/>\n\t<meta property=\"og:image:type\" content=\"image\/jpeg\" \/>\n<meta name=\"twitter:card\" content=\"summary_large_image\" \/>\n<meta name=\"twitter:label1\" content=\"Est. reading time\" \/>\n\t<meta name=\"twitter:data1\" content=\"2 minutes\" \/>\n<script type=\"application\/ld+json\" class=\"yoast-schema-graph\">{\"@context\":\"https:\/\/schema.org\",\"@graph\":[{\"@type\":\"WebPage\",\"@id\":\"https:\/\/parduotuve.kondena.lt\/produktai\/drekintuvas-mini-innovagoods-vaupure\/\",\"url\":\"https:\/\/parduotuve.kondena.lt\/produktai\/drekintuvas-mini-innovagoods-vaupure\/\",\"name\":\"Dr\u0117kintuvas mini INNOVAGOODS Vaupure - Kondena\",\"isPartOf\":{\"@id\":\"https:\/\/parduotuve.kondena.lt\/#website\"},\"datePublished\":\"2021-11-08T14:11:31+00:00\",\"dateModified\":\"2024-01-25T09:13:59+00:00\",\"description\":\"INNOVAGOODS Vaupure mini dr\u0117kintuvas - tai auk\u0161\u010diausios kokyb\u0117s \u012frenginys j\u016bs\u0173 nam\u0173 mikroklimato komfortui u\u017etikrinti.\",\"breadcrumb\":{\"@id\":\"https:\/\/parduotuve.kondena.lt\/produktai\/drekintuvas-mini-innovagoods-vaupure\/#breadcrumb\"},\"inLanguage\":\"en-US\",\"potentialAction\":[{\"@type\":\"ReadAction\",\"target\":[\"https:\/\/parduotuve.kondena.lt\/produktai\/drekintuvas-mini-innovagoods-vaupure\/\"]}]},{\"@type\":\"BreadcrumbList\",\"@id\":\"https:\/\/parduotuve.kondena.lt\/produktai\/drekintuvas-mini-innovagoods-vaupure\/#breadcrumb\",\"itemListElement\":[{\"@type\":\"ListItem\",\"position\":1,\"name\":\"Parduotuv\u0117\",\"item\":\"https:\/\/parduotuve.kondena.lt\/parduotuve\/\"},{\"@type\":\"ListItem\",\"position\":2,\"name\":\"Dr\u0117kintuvas mini INNOVAGOODS Vaupure\"}]},{\"@type\":\"WebSite\",\"@id\":\"https:\/\/parduotuve.kondena.lt\/#website\",\"url\":\"https:\/\/parduotuve.kondena.lt\/\",\"name\":\"Kondena\",\"description\":\"Kol kas tik dar vienas WordPress tinklalapis\",\"potentialAction\":[{\"@type\":\"SearchAction\",\"target\":{\"@type\":\"EntryPoint\",\"urlTemplate\":\"https:\/\/parduotuve.kondena.lt\/?s={search_term_string}\"},\"query-input\":\"required name=search_term_string\"}],\"inLanguage\":\"en-US\"}]}<\/script>\n<!-- \/ Yoast SEO plugin. -->","yoast_head_json":{"title":"Dr\u0117kintuvas mini INNOVAGOODS Vaupure - Kondena","description":"INNOVAGOODS Vaupure mini dr\u0117kintuvas - tai auk\u0161\u010diausios kokyb\u0117s \u012frenginys j\u016bs\u0173 nam\u0173 mikroklimato komfortui u\u017etikrinti.","robots":{"index":"index","follow":"follow","max-snippet":"max-snippet:-1","max-image-preview":"max-image-preview:large","max-video-preview":"max-video-preview:-1"},"canonical":"https:\/\/parduotuve.kondena.lt\/en\/produktai\/drekintuvas-mini-innovagoods-vaupure\/","og_locale":"en_US","og_type":"article","og_title":"Dr\u0117kintuvas mini INNOVAGOODS Vaupure - Kondena","og_description":"INNOVAGOODS Vaupure mini dr\u0117kintuvas - tai auk\u0161\u010diausios kokyb\u0117s \u012frenginys j\u016bs\u0173 nam\u0173 mikroklimato komfortui u\u017etikrinti.","og_url":"https:\/\/parduotuve.kondena.lt\/en\/produktai\/drekintuvas-mini-innovagoods-vaupure\/","og_site_name":"Kondena","article_modified_time":"2024-01-25T09:13:59+00:00","og_image":[{"width":600,"height":600,"url":"https:\/\/parduotuve.kondena.lt\/wp-content\/uploads\/2021\/11\/rechargeable-ultrasonic-humidifier-vaupure-innovagoods_144290.jpg","type":"image\/jpeg"}],"twitter_card":"summary_large_image","twitter_misc":{"Est. reading time":"2 minutes"},"schema":{"@context":"https:\/\/schema.org","@graph":[{"@type":"WebPage","@id":"https:\/\/parduotuve.kondena.lt\/produktai\/drekintuvas-mini-innovagoods-vaupure\/","url":"https:\/\/parduotuve.kondena.lt\/produktai\/drekintuvas-mini-innovagoods-vaupure\/","name":"Dr\u0117kintuvas mini INNOVAGOODS Vaupure - Kondena","isPartOf":{"@id":"https:\/\/parduotuve.kondena.lt\/#website"},"datePublished":"2021-11-08T14:11:31+00:00","dateModified":"2024-01-25T09:13:59+00:00","description":"INNOVAGOODS Vaupure mini dr\u0117kintuvas - tai auk\u0161\u010diausios kokyb\u0117s \u012frenginys j\u016bs\u0173 nam\u0173 mikroklimato komfortui u\u017etikrinti.","breadcrumb":{"@id":"https:\/\/parduotuve.kondena.lt\/produktai\/drekintuvas-mini-innovagoods-vaupure\/#breadcrumb"},"inLanguage":"en-US","potentialAction":[{"@type":"ReadAction","target":["https:\/\/parduotuve.kondena.lt\/produktai\/drekintuvas-mini-innovagoods-vaupure\/"]}]},{"@type":"BreadcrumbList","@id":"https:\/\/parduotuve.kondena.lt\/produktai\/drekintuvas-mini-innovagoods-vaupure\/#breadcrumb","itemListElement":[{"@type":"ListItem","position":1,"name":"Parduotuv\u0117","item":"https:\/\/parduotuve.kondena.lt\/parduotuve\/"},{"@type":"ListItem","position":2,"name":"Dr\u0117kintuvas mini INNOVAGOODS Vaupure"}]},{"@type":"WebSite","@id":"https:\/\/parduotuve.kondena.lt\/#website","url":"https:\/\/parduotuve.kondena.lt\/","name":"Kondena","description":"Kol kas tik dar vienas WordPress tinklalapis","potentialAction":[{"@type":"SearchAction","target":{"@type":"EntryPoint","urlTemplate":"https:\/\/parduotuve.kondena.lt\/?s={search_term_string}"},"query-input":"required name=search_term_string"}],"inLanguage":"en-US"}]}},"_links":{"self":[{"href":"https:\/\/parduotuve.kondena.lt\/en\/wp-json\/wp\/v2\/product\/12521","targetHints":{"allow":["GET"]}}],"collection":[{"href":"https:\/\/parduotuve.kondena.lt\/en\/wp-json\/wp\/v2\/product"}],"about":[{"href":"https:\/\/parduotuve.kondena.lt\/en\/wp-json\/wp\/v2\/types\/product"}],"replies":[{"embeddable":true,"href":"https:\/\/parduotuve.kondena.lt\/en\/wp-json\/wp\/v2\/comments?post=12521"}],"wp:featuredmedia":[{"embeddable":true,"href":"https:\/\/parduotuve.kondena.lt\/en\/wp-json\/wp\/v2\/media\/12532"}],"wp:attachment":[{"href":"https:\/\/parduotuve.kondena.lt\/en\/wp-json\/wp\/v2\/media?parent=12521"}],"wp:term":[{"taxonomy":"product_cat","embeddable":true,"href":"https:\/\/parduotuve.kondena.lt\/en\/wp-json\/wp\/v2\/product_cat?post=12521"},{"taxonomy":"product_tag","embeddable":true,"href":"https:\/\/parduotuve.kondena.lt\/en\/wp-json\/wp\/v2\/product_tag?post=12521"}],"curies":[{"name":"wp","href":"https:\/\/api.w.org\/{rel}","templated":true}]}}