{"id":12468,"date":"2021-11-08T14:06:27","date_gmt":"2021-11-08T13:06:27","guid":{"rendered":"https:\/\/parduotuve.kondena.lt\/?post_type=product&#038;p=12468"},"modified":"2024-01-25T10:08:07","modified_gmt":"2024-01-25T09:08:07","slug":"innovagoods-purkstuvas-ventiliatorius","status":"publish","type":"product","link":"https:\/\/parduotuve.kondena.lt\/en\/produktai\/innovagoods-purkstuvas-ventiliatorius\/","title":{"rendered":"InnovaGoods purk\u0161tuvas &#8211; ventiliatorius"},"content":{"rendered":"<p>InnovaGoods purk\u0161tuvas &#8211; ventiliatorius<\/p>\n<p><b>InnovaGoods<\/b>\u00a0si\u016blo daug auk\u0161tos kokyb\u0117s produkt\u0173 namams, kurie i\u0161siskiria savo funkcionalumu, efektyvumu ir novatori\u0161ku dizainu. Purk\u0161tuvas \u2013 ventiliatorius su nuotolinio valdymo pultu InnovaGoods \u00d8 40 cm 70W Home Climate!<\/p>\n<p>Novatori\u0161kas ir universalus\u00a0ventiliatorius su purk\u0161tuvu, kuris akimirksniu atv\u0117sina aplink\u0105 pur\u0161kiant vandens mikrodaleles. Funkcijas galima naudoti atskirai, o eterinius aliejus \u012fpilti \u012f rezervuar\u0105, kad kvep\u0117t\u0173\u00a0oras.<\/p>\n<p><iframe loading=\"lazy\" title=\"InnovaGoods  Misting Fan 40 cm\" width=\"895\" height=\"503\" src=\"https:\/\/www.youtube.com\/embed\/HSXpk0fnur4?feature=oembed\" frameborder=\"0\" allow=\"accelerometer; autoplay; clipboard-write; encrypted-media; gyroscope; picture-in-picture; web-share\" allowfullscreen><\/iframe><\/p>\n<ul>\n<li style=\"list-style-type: none\">\n<ul>\n<li>Material:\n<ul>\n<li>PP<\/li>\n<li>Metalinis<\/li>\n<\/ul>\n<\/li>\n<li>Novatori\u0161kas ir funkcionalus dizainas<\/li>\n<li>Daugiafunkciniai:\n<ul>\n<li>Ventiliatorius<\/li>\n<li>Oro dr\u0117kintuvas<\/li>\n<li>Oro gaiviklis<\/li>\n<\/ul>\n<\/li>\n<li>LED screen<\/li>\n<li>Nebulizatorius:\n<ul>\n<li>Reguliuojamas<\/li>\n<li>18 intensyvumo lygiai<\/li>\n<\/ul>\n<\/li>\n<li>Rezervuaru:\n<ul>\n<li>2,5 L<\/li>\n<li>Iki 8 h<\/li>\n<\/ul>\n<\/li>\n<li>Ventiliatoriaus ir nuotolinio valdymo pulto valdikliai<\/li>\n<li>3 naudojimo b\u016bdai: nat\u016bralus, normalus ir miegas<\/li>\n<li>Laikmatis: 30 min-7,5 h<\/li>\n<li>3 grei\u010di\u0173: 1000-1350 r.p.m.<\/li>\n<li>Jud\u0117jimo tipas:\n<ul>\n<li>Jud\u0117jimo kampas 80\u00ba<\/li>\n<li>fiksuotas<\/li>\n<\/ul>\n<\/li>\n<li>Reguliuojamas kampas: reguliuojamas kampas<\/li>\n<li>apytikris skersmuo: 40 cm (16\u2033)<\/li>\n<li>Apyt. auk\u0161tis: 133 cm<\/li>\n<li>triuk\u0161mo lygis: 55-60 dB<\/li>\n<li>galia: 70 W<\/li>\n<li>220-240 V \/ 50-60 Hz<\/li>\n<li>Rozet\u0117s tipas: C<\/li>\n<li>Kabelio ilgis: 150 cm<\/li>\n<li>Pakuot\u0117 ir instrukcija 24 kalbomis (angl\u0173, pranc\u016bz\u0173, ispan\u0173, vokie\u010di\u0173, ital\u0173, portugal\u0173, oland\u0173, lenk\u0173, vengr\u0173, rumun\u0173, dan\u0173, \u0161ved\u0173, suomi\u0173, lietuvi\u0173, norveg\u0173, slov\u0117n\u0173, graik\u0173, \u010dek\u0173, bulgar\u0173, kroat\u0173, slovak\u0173, est\u0173, rus\u0173, latvi\u0173)<\/li>\n<\/ul>\n<\/li>\n<\/ul>","protected":false},"excerpt":{"rendered":"<ul>\n<li>Jud\u0117jimo tipas:\n<ul>\n<li>Jud\u0117jimo kampas 80\u00ba<\/li>\n<li>fiksuotas<\/li>\n<\/ul>\n<\/li>\n<li>Reguliuojamas kampas: reguliuojamas kampas<\/li>\n<li>apytikris skersmuo: 40 cm (16\u2033)<\/li>\n<li>Apyt. auk\u0161tis: 133 cm<\/li>\n<li>triuk\u0161mo lygis: 55-60 dB<\/li>\n<li>galia: 70 W<\/li>\n<li>220-240 V \/ 50-60 Hz<\/li>\n<li>Rozet\u0117s tipas: C<\/li>\n<li>Kabelio ilgis: 150 cm<\/li>\n<\/ul>","protected":false},"featured_media":12479,"comment_status":"open","ping_status":"closed","template":"","meta":[],"product_cat":[239,196],"product_tag":[],"class_list":["post-12468","product","type-product","status-publish","has-post-thumbnail","hentry","product_cat-pastatomi-ventiliatoriai","product_cat-geram-orui"],"acf":[],"yoast_head":"<!-- This site is optimized with the Yoast SEO plugin v20.13 - https:\/\/yoast.com\/wordpress\/plugins\/seo\/ -->\n<title>InnovaGoods purk\u0161tuvas - ventiliatorius - Kondena<\/title>\n<meta name=\"description\" content=\"InnovaGoods purk\u0161tuvas - ventiliatorius - tai ne tik auk\u0161tos kokyb\u0117s v\u0117sinimo \u012frenginys, puikiai tinka ir kaip stiliaus detal\u0117!\" \/>\n<meta name=\"robots\" content=\"index, follow, max-snippet:-1, max-image-preview:large, max-video-preview:-1\" \/>\n<link rel=\"canonical\" href=\"https:\/\/parduotuve.kondena.lt\/en\/produktai\/innovagoods-purkstuvas-ventiliatorius\/\" \/>\n<meta property=\"og:locale\" content=\"en_US\" \/>\n<meta property=\"og:type\" content=\"article\" \/>\n<meta property=\"og:title\" content=\"InnovaGoods purk\u0161tuvas - ventiliatorius - Kondena\" \/>\n<meta property=\"og:description\" content=\"InnovaGoods purk\u0161tuvas - ventiliatorius - tai ne tik auk\u0161tos kokyb\u0117s v\u0117sinimo \u012frenginys, puikiai tinka ir kaip stiliaus detal\u0117!\" \/>\n<meta property=\"og:url\" content=\"https:\/\/parduotuve.kondena.lt\/en\/produktai\/innovagoods-purkstuvas-ventiliatorius\/\" \/>\n<meta property=\"og:site_name\" content=\"Kondena\" \/>\n<meta property=\"article:modified_time\" content=\"2024-01-25T09:08:07+00:00\" \/>\n<meta property=\"og:image\" content=\"https:\/\/parduotuve.kondena.lt\/wp-content\/uploads\/2021\/11\/nebuliser-pedestal-fan-with-remote-control-innovagoods-o-40-cm-70w_121669.jpg\" \/>\n\t<meta property=\"og:image:width\" content=\"600\" \/>\n\t<meta property=\"og:image:height\" content=\"600\" \/>\n\t<meta property=\"og:image:type\" content=\"image\/jpeg\" \/>\n<meta name=\"twitter:card\" content=\"summary_large_image\" \/>\n<meta name=\"twitter:label1\" content=\"Est. reading time\" \/>\n\t<meta name=\"twitter:data1\" content=\"1 minute\" \/>\n<script type=\"application\/ld+json\" class=\"yoast-schema-graph\">{\"@context\":\"https:\/\/schema.org\",\"@graph\":[{\"@type\":\"WebPage\",\"@id\":\"https:\/\/parduotuve.kondena.lt\/produktai\/innovagoods-purkstuvas-ventiliatorius\/\",\"url\":\"https:\/\/parduotuve.kondena.lt\/produktai\/innovagoods-purkstuvas-ventiliatorius\/\",\"name\":\"InnovaGoods purk\u0161tuvas - ventiliatorius - Kondena\",\"isPartOf\":{\"@id\":\"https:\/\/parduotuve.kondena.lt\/#website\"},\"datePublished\":\"2021-11-08T13:06:27+00:00\",\"dateModified\":\"2024-01-25T09:08:07+00:00\",\"description\":\"InnovaGoods purk\u0161tuvas - ventiliatorius - tai ne tik auk\u0161tos kokyb\u0117s v\u0117sinimo \u012frenginys, puikiai tinka ir kaip stiliaus detal\u0117!\",\"breadcrumb\":{\"@id\":\"https:\/\/parduotuve.kondena.lt\/produktai\/innovagoods-purkstuvas-ventiliatorius\/#breadcrumb\"},\"inLanguage\":\"en-US\",\"potentialAction\":[{\"@type\":\"ReadAction\",\"target\":[\"https:\/\/parduotuve.kondena.lt\/produktai\/innovagoods-purkstuvas-ventiliatorius\/\"]}]},{\"@type\":\"BreadcrumbList\",\"@id\":\"https:\/\/parduotuve.kondena.lt\/produktai\/innovagoods-purkstuvas-ventiliatorius\/#breadcrumb\",\"itemListElement\":[{\"@type\":\"ListItem\",\"position\":1,\"name\":\"Parduotuv\u0117\",\"item\":\"https:\/\/parduotuve.kondena.lt\/parduotuve\/\"},{\"@type\":\"ListItem\",\"position\":2,\"name\":\"InnovaGoods purk\u0161tuvas &#8211; ventiliatorius\"}]},{\"@type\":\"WebSite\",\"@id\":\"https:\/\/parduotuve.kondena.lt\/#website\",\"url\":\"https:\/\/parduotuve.kondena.lt\/\",\"name\":\"Kondena\",\"description\":\"Kol kas tik dar vienas WordPress tinklalapis\",\"potentialAction\":[{\"@type\":\"SearchAction\",\"target\":{\"@type\":\"EntryPoint\",\"urlTemplate\":\"https:\/\/parduotuve.kondena.lt\/?s={search_term_string}\"},\"query-input\":\"required name=search_term_string\"}],\"inLanguage\":\"en-US\"}]}<\/script>\n<!-- \/ Yoast SEO plugin. -->","yoast_head_json":{"title":"InnovaGoods purk\u0161tuvas - ventiliatorius - Kondena","description":"InnovaGoods purk\u0161tuvas - ventiliatorius - tai ne tik auk\u0161tos kokyb\u0117s v\u0117sinimo \u012frenginys, puikiai tinka ir kaip stiliaus detal\u0117!","robots":{"index":"index","follow":"follow","max-snippet":"max-snippet:-1","max-image-preview":"max-image-preview:large","max-video-preview":"max-video-preview:-1"},"canonical":"https:\/\/parduotuve.kondena.lt\/en\/produktai\/innovagoods-purkstuvas-ventiliatorius\/","og_locale":"en_US","og_type":"article","og_title":"InnovaGoods purk\u0161tuvas - ventiliatorius - Kondena","og_description":"InnovaGoods purk\u0161tuvas - ventiliatorius - tai ne tik auk\u0161tos kokyb\u0117s v\u0117sinimo \u012frenginys, puikiai tinka ir kaip stiliaus detal\u0117!","og_url":"https:\/\/parduotuve.kondena.lt\/en\/produktai\/innovagoods-purkstuvas-ventiliatorius\/","og_site_name":"Kondena","article_modified_time":"2024-01-25T09:08:07+00:00","og_image":[{"width":600,"height":600,"url":"https:\/\/parduotuve.kondena.lt\/wp-content\/uploads\/2021\/11\/nebuliser-pedestal-fan-with-remote-control-innovagoods-o-40-cm-70w_121669.jpg","type":"image\/jpeg"}],"twitter_card":"summary_large_image","twitter_misc":{"Est. reading time":"1 minute"},"schema":{"@context":"https:\/\/schema.org","@graph":[{"@type":"WebPage","@id":"https:\/\/parduotuve.kondena.lt\/produktai\/innovagoods-purkstuvas-ventiliatorius\/","url":"https:\/\/parduotuve.kondena.lt\/produktai\/innovagoods-purkstuvas-ventiliatorius\/","name":"InnovaGoods purk\u0161tuvas - ventiliatorius - Kondena","isPartOf":{"@id":"https:\/\/parduotuve.kondena.lt\/#website"},"datePublished":"2021-11-08T13:06:27+00:00","dateModified":"2024-01-25T09:08:07+00:00","description":"InnovaGoods purk\u0161tuvas - ventiliatorius - tai ne tik auk\u0161tos kokyb\u0117s v\u0117sinimo \u012frenginys, puikiai tinka ir kaip stiliaus detal\u0117!","breadcrumb":{"@id":"https:\/\/parduotuve.kondena.lt\/produktai\/innovagoods-purkstuvas-ventiliatorius\/#breadcrumb"},"inLanguage":"en-US","potentialAction":[{"@type":"ReadAction","target":["https:\/\/parduotuve.kondena.lt\/produktai\/innovagoods-purkstuvas-ventiliatorius\/"]}]},{"@type":"BreadcrumbList","@id":"https:\/\/parduotuve.kondena.lt\/produktai\/innovagoods-purkstuvas-ventiliatorius\/#breadcrumb","itemListElement":[{"@type":"ListItem","position":1,"name":"Parduotuv\u0117","item":"https:\/\/parduotuve.kondena.lt\/parduotuve\/"},{"@type":"ListItem","position":2,"name":"InnovaGoods purk\u0161tuvas &#8211; ventiliatorius"}]},{"@type":"WebSite","@id":"https:\/\/parduotuve.kondena.lt\/#website","url":"https:\/\/parduotuve.kondena.lt\/","name":"Kondena","description":"Kol kas tik dar vienas WordPress tinklalapis","potentialAction":[{"@type":"SearchAction","target":{"@type":"EntryPoint","urlTemplate":"https:\/\/parduotuve.kondena.lt\/?s={search_term_string}"},"query-input":"required name=search_term_string"}],"inLanguage":"en-US"}]}},"_links":{"self":[{"href":"https:\/\/parduotuve.kondena.lt\/en\/wp-json\/wp\/v2\/product\/12468","targetHints":{"allow":["GET"]}}],"collection":[{"href":"https:\/\/parduotuve.kondena.lt\/en\/wp-json\/wp\/v2\/product"}],"about":[{"href":"https:\/\/parduotuve.kondena.lt\/en\/wp-json\/wp\/v2\/types\/product"}],"replies":[{"embeddable":true,"href":"https:\/\/parduotuve.kondena.lt\/en\/wp-json\/wp\/v2\/comments?post=12468"}],"wp:featuredmedia":[{"embeddable":true,"href":"https:\/\/parduotuve.kondena.lt\/en\/wp-json\/wp\/v2\/media\/12479"}],"wp:attachment":[{"href":"https:\/\/parduotuve.kondena.lt\/en\/wp-json\/wp\/v2\/media?parent=12468"}],"wp:term":[{"taxonomy":"product_cat","embeddable":true,"href":"https:\/\/parduotuve.kondena.lt\/en\/wp-json\/wp\/v2\/product_cat?post=12468"},{"taxonomy":"product_tag","embeddable":true,"href":"https:\/\/parduotuve.kondena.lt\/en\/wp-json\/wp\/v2\/product_tag?post=12468"}],"curies":[{"name":"wp","href":"https:\/\/api.w.org\/{rel}","templated":true}]}}