{"id":12465,"date":"2021-11-08T13:55:16","date_gmt":"2021-11-08T12:55:16","guid":{"rendered":"https:\/\/parduotuve.kondena.lt\/?post_type=product&#038;p=12465"},"modified":"2022-09-06T07:35:04","modified_gmt":"2022-09-06T06:35:04","slug":"cointra-teide-skaitmeninis-sildytuvas","status":"publish","type":"product","link":"https:\/\/parduotuve.kondena.lt\/en\/produktai\/cointra-teide-skaitmeninis-sildytuvas\/","title":{"rendered":"COINTRA TEIDE SKAITMENINIS \u0160ILDYTUVAS"},"content":{"rendered":"<ul>\n<li>Tipas: Skaitmeninis<\/li>\n<li>Spalva: Blanco<\/li>\n<li>galia: 1500 W<\/li>\n<li>Maitinimo blokas: Elektros tinklas<\/li>\n<\/ul>","protected":false},"excerpt":{"rendered":"<ul>\n<li>Tipas: Skaitmeninis<\/li>\n<li>Spalva: Blanco<\/li>\n<li>galia: 1500 W<\/li>\n<li>Maitinimo blokas: Elektros tinklas<\/li>\n<\/ul>","protected":false},"featured_media":12467,"comment_status":"open","ping_status":"closed","template":"","meta":[],"product_cat":[242,243],"product_tag":[],"class_list":["post-12465","product","type-product","status-publish","has-post-thumbnail","hentry","product_cat-sildymas","product_cat-pastatomi-sildytuvai"],"acf":[],"yoast_head":"<!-- This site is optimized with the Yoast SEO plugin v20.13 - https:\/\/yoast.com\/wordpress\/plugins\/seo\/ -->\n<title>COINTRA TEIDE SKAITMENINIS \u0160ILDYTUVAS - Kondena<\/title>\n<meta name=\"description\" content=\"COINTRA TEIDE SKAITMENINIS \u0160ILDYTUVAS - tai auk\u0161tos kokyb\u0117s prietaisas laikinam arba avariniam patalp\u0173 \u0161ildymui palaikyti.\" \/>\n<meta name=\"robots\" content=\"index, follow, max-snippet:-1, max-image-preview:large, max-video-preview:-1\" \/>\n<link rel=\"canonical\" href=\"https:\/\/parduotuve.kondena.lt\/en\/produktai\/cointra-teide-skaitmeninis-sildytuvas\/\" \/>\n<meta property=\"og:locale\" content=\"en_US\" \/>\n<meta property=\"og:type\" content=\"article\" \/>\n<meta property=\"og:title\" content=\"COINTRA TEIDE SKAITMENINIS \u0160ILDYTUVAS - Kondena\" \/>\n<meta property=\"og:description\" content=\"COINTRA TEIDE SKAITMENINIS \u0160ILDYTUVAS - tai auk\u0161tos kokyb\u0117s prietaisas laikinam arba avariniam patalp\u0173 \u0161ildymui palaikyti.\" \/>\n<meta property=\"og:url\" content=\"https:\/\/parduotuve.kondena.lt\/en\/produktai\/cointra-teide-skaitmeninis-sildytuvas\/\" \/>\n<meta property=\"og:site_name\" content=\"Kondena\" \/>\n<meta property=\"article:modified_time\" content=\"2022-09-06T06:35:04+00:00\" \/>\n<meta property=\"og:image\" content=\"https:\/\/parduotuve.kondena.lt\/wp-content\/uploads\/2021\/11\/digital-heater-cointra-teide-1500-1500w-ipx2-blanco_177037.jpg\" \/>\n\t<meta property=\"og:image:width\" content=\"600\" \/>\n\t<meta property=\"og:image:height\" content=\"600\" \/>\n\t<meta property=\"og:image:type\" content=\"image\/jpeg\" \/>\n<meta name=\"twitter:card\" content=\"summary_large_image\" \/>\n<meta name=\"twitter:label1\" content=\"Est. reading time\" \/>\n\t<meta name=\"twitter:data1\" content=\"1 minute\" \/>\n<script type=\"application\/ld+json\" class=\"yoast-schema-graph\">{\"@context\":\"https:\/\/schema.org\",\"@graph\":[{\"@type\":\"WebPage\",\"@id\":\"https:\/\/parduotuve.kondena.lt\/produktai\/cointra-teide-skaitmeninis-sildytuvas\/\",\"url\":\"https:\/\/parduotuve.kondena.lt\/produktai\/cointra-teide-skaitmeninis-sildytuvas\/\",\"name\":\"COINTRA TEIDE SKAITMENINIS \u0160ILDYTUVAS - Kondena\",\"isPartOf\":{\"@id\":\"https:\/\/parduotuve.kondena.lt\/#website\"},\"datePublished\":\"2021-11-08T12:55:16+00:00\",\"dateModified\":\"2022-09-06T06:35:04+00:00\",\"description\":\"COINTRA TEIDE SKAITMENINIS \u0160ILDYTUVAS - tai auk\u0161tos kokyb\u0117s prietaisas laikinam arba avariniam patalp\u0173 \u0161ildymui palaikyti.\",\"breadcrumb\":{\"@id\":\"https:\/\/parduotuve.kondena.lt\/produktai\/cointra-teide-skaitmeninis-sildytuvas\/#breadcrumb\"},\"inLanguage\":\"en-US\",\"potentialAction\":[{\"@type\":\"ReadAction\",\"target\":[\"https:\/\/parduotuve.kondena.lt\/produktai\/cointra-teide-skaitmeninis-sildytuvas\/\"]}]},{\"@type\":\"BreadcrumbList\",\"@id\":\"https:\/\/parduotuve.kondena.lt\/produktai\/cointra-teide-skaitmeninis-sildytuvas\/#breadcrumb\",\"itemListElement\":[{\"@type\":\"ListItem\",\"position\":1,\"name\":\"Parduotuv\u0117\",\"item\":\"https:\/\/parduotuve.kondena.lt\/parduotuve\/\"},{\"@type\":\"ListItem\",\"position\":2,\"name\":\"COINTRA TEIDE SKAITMENINIS \u0160ILDYTUVAS\"}]},{\"@type\":\"WebSite\",\"@id\":\"https:\/\/parduotuve.kondena.lt\/#website\",\"url\":\"https:\/\/parduotuve.kondena.lt\/\",\"name\":\"Kondena\",\"description\":\"Kol kas tik dar vienas WordPress tinklalapis\",\"potentialAction\":[{\"@type\":\"SearchAction\",\"target\":{\"@type\":\"EntryPoint\",\"urlTemplate\":\"https:\/\/parduotuve.kondena.lt\/?s={search_term_string}\"},\"query-input\":\"required name=search_term_string\"}],\"inLanguage\":\"en-US\"}]}<\/script>\n<!-- \/ Yoast SEO plugin. -->","yoast_head_json":{"title":"COINTRA TEIDE SKAITMENINIS \u0160ILDYTUVAS - Kondena","description":"COINTRA TEIDE SKAITMENINIS \u0160ILDYTUVAS - tai auk\u0161tos kokyb\u0117s prietaisas laikinam arba avariniam patalp\u0173 \u0161ildymui palaikyti.","robots":{"index":"index","follow":"follow","max-snippet":"max-snippet:-1","max-image-preview":"max-image-preview:large","max-video-preview":"max-video-preview:-1"},"canonical":"https:\/\/parduotuve.kondena.lt\/en\/produktai\/cointra-teide-skaitmeninis-sildytuvas\/","og_locale":"en_US","og_type":"article","og_title":"COINTRA TEIDE SKAITMENINIS \u0160ILDYTUVAS - Kondena","og_description":"COINTRA TEIDE SKAITMENINIS \u0160ILDYTUVAS - tai auk\u0161tos kokyb\u0117s prietaisas laikinam arba avariniam patalp\u0173 \u0161ildymui palaikyti.","og_url":"https:\/\/parduotuve.kondena.lt\/en\/produktai\/cointra-teide-skaitmeninis-sildytuvas\/","og_site_name":"Kondena","article_modified_time":"2022-09-06T06:35:04+00:00","og_image":[{"width":600,"height":600,"url":"https:\/\/parduotuve.kondena.lt\/wp-content\/uploads\/2021\/11\/digital-heater-cointra-teide-1500-1500w-ipx2-blanco_177037.jpg","type":"image\/jpeg"}],"twitter_card":"summary_large_image","twitter_misc":{"Est. reading time":"1 minute"},"schema":{"@context":"https:\/\/schema.org","@graph":[{"@type":"WebPage","@id":"https:\/\/parduotuve.kondena.lt\/produktai\/cointra-teide-skaitmeninis-sildytuvas\/","url":"https:\/\/parduotuve.kondena.lt\/produktai\/cointra-teide-skaitmeninis-sildytuvas\/","name":"COINTRA TEIDE SKAITMENINIS \u0160ILDYTUVAS - Kondena","isPartOf":{"@id":"https:\/\/parduotuve.kondena.lt\/#website"},"datePublished":"2021-11-08T12:55:16+00:00","dateModified":"2022-09-06T06:35:04+00:00","description":"COINTRA TEIDE SKAITMENINIS \u0160ILDYTUVAS - tai auk\u0161tos kokyb\u0117s prietaisas laikinam arba avariniam patalp\u0173 \u0161ildymui palaikyti.","breadcrumb":{"@id":"https:\/\/parduotuve.kondena.lt\/produktai\/cointra-teide-skaitmeninis-sildytuvas\/#breadcrumb"},"inLanguage":"en-US","potentialAction":[{"@type":"ReadAction","target":["https:\/\/parduotuve.kondena.lt\/produktai\/cointra-teide-skaitmeninis-sildytuvas\/"]}]},{"@type":"BreadcrumbList","@id":"https:\/\/parduotuve.kondena.lt\/produktai\/cointra-teide-skaitmeninis-sildytuvas\/#breadcrumb","itemListElement":[{"@type":"ListItem","position":1,"name":"Parduotuv\u0117","item":"https:\/\/parduotuve.kondena.lt\/parduotuve\/"},{"@type":"ListItem","position":2,"name":"COINTRA TEIDE SKAITMENINIS \u0160ILDYTUVAS"}]},{"@type":"WebSite","@id":"https:\/\/parduotuve.kondena.lt\/#website","url":"https:\/\/parduotuve.kondena.lt\/","name":"Kondena","description":"Kol kas tik dar vienas WordPress tinklalapis","potentialAction":[{"@type":"SearchAction","target":{"@type":"EntryPoint","urlTemplate":"https:\/\/parduotuve.kondena.lt\/?s={search_term_string}"},"query-input":"required name=search_term_string"}],"inLanguage":"en-US"}]}},"_links":{"self":[{"href":"https:\/\/parduotuve.kondena.lt\/en\/wp-json\/wp\/v2\/product\/12465","targetHints":{"allow":["GET"]}}],"collection":[{"href":"https:\/\/parduotuve.kondena.lt\/en\/wp-json\/wp\/v2\/product"}],"about":[{"href":"https:\/\/parduotuve.kondena.lt\/en\/wp-json\/wp\/v2\/types\/product"}],"replies":[{"embeddable":true,"href":"https:\/\/parduotuve.kondena.lt\/en\/wp-json\/wp\/v2\/comments?post=12465"}],"wp:featuredmedia":[{"embeddable":true,"href":"https:\/\/parduotuve.kondena.lt\/en\/wp-json\/wp\/v2\/media\/12467"}],"wp:attachment":[{"href":"https:\/\/parduotuve.kondena.lt\/en\/wp-json\/wp\/v2\/media?parent=12465"}],"wp:term":[{"taxonomy":"product_cat","embeddable":true,"href":"https:\/\/parduotuve.kondena.lt\/en\/wp-json\/wp\/v2\/product_cat?post=12465"},{"taxonomy":"product_tag","embeddable":true,"href":"https:\/\/parduotuve.kondena.lt\/en\/wp-json\/wp\/v2\/product_tag?post=12465"}],"curies":[{"name":"wp","href":"https:\/\/api.w.org\/{rel}","templated":true}]}}