{"id":12430,"date":"2021-11-08T13:37:11","date_gmt":"2021-11-08T12:37:11","guid":{"rendered":"https:\/\/parduotuve.kondena.lt\/?post_type=product&#038;p=12430"},"modified":"2024-01-25T10:15:09","modified_gmt":"2024-01-25T09:15:09","slug":"drekintuvas-belaidis-kroviklis-misvolt-innovagoods","status":"publish","type":"product","link":"https:\/\/parduotuve.kondena.lt\/en\/produktai\/drekintuvas-belaidis-kroviklis-misvolt-innovagoods\/","title":{"rendered":"Dr\u0117kintuvas + belaidis kroviklis MISVOLT INNOVAGOODS"},"content":{"rendered":"<p>Dr\u0117kintuvas + belaidis kroviklis MISVOLT INNOVAGOODS<\/p>\n<p>Originalus dr\u0117kintuvas ir mobilus stovas su greitu belaid\u017eiu \u012fkrovimu. D\u0117l dekoratyvaus, kompakti\u0161ko ir tylaus dizaino, jis idealiai tinka namams ar biurui.<\/p>\n<p><strong>Taip pat \u012f rezervuar\u0105 galite \u012fpilti esencijos la\u0161\u0173, kad jis tapt\u0173 aromato difuzoriumi.<\/strong><\/p>\n<p>Jame yra \u012fjungimo \/ i\u0161jungimo mygtukas, 230 ml talpos bakas, automatinis i\u0161sijungimas po 4 valand\u0173 ir \u0161viesos diod\u0173 lemput\u0117s, nurodan\u010dios prisijungim\u0105 ir belaid\u017eio \u012fkrovimo veikim\u0105.<\/p>\n<p>J\u012f galima naudoti \u012fvairiomis pad\u0117timis ir jo kampas reguliuojamas iki 180\u00ba. Taigi jis lengvai prisitaiko prie norimos pad\u0117ties.<\/p>\n<p>Paprastas ir eleganti\u0161kas b\u016bdas norintiems m\u0117gautis malonesne ir atpalaiduojan\u010dia aplinka namuose ar darbe.<\/p>\n<p>Jis n\u0117ra \u012fkraunamas, j\u012f reikia prijungti, kad veikt\u0173. Rinkinyje yra USB \u2013 mikro USB laidas ir pakaitiniai medvilniniai cilindrai.<\/p>\n<p><iframe loading=\"lazy\" title=\"InnovaGoods 3-in-1 Humidifier with Wireless Charger\" width=\"895\" height=\"503\" src=\"https:\/\/www.youtube.com\/embed\/TbRS_SAjWuA?feature=oembed\" frameborder=\"0\" allow=\"accelerometer; autoplay; clipboard-write; encrypted-media; gyroscope; picture-in-picture; web-share\" allowfullscreen><\/iframe><\/p>","protected":false},"excerpt":{"rendered":"<p>Daugiafunkcis:<\/p>\n<ul>\n<li style=\"list-style-type: none\">\n<ul>\n<li>Dr\u0117kintuvas kvap\u0173 difuzorius<\/li>\n<li>Belaidis \u012fkroviklis<\/li>\n<li>Mobilus palaikymas<\/li>\n<\/ul>\n<\/li>\n<\/ul>","protected":false},"featured_media":12449,"comment_status":"open","ping_status":"closed","template":"","meta":[],"product_cat":[267,232,196,197],"product_tag":[],"class_list":["post-12430","product","type-product","status-publish","has-post-thumbnail","hentry","product_cat-drekinimas","product_cat-pastatomi-drekintuvai","product_cat-geram-orui","product_cat-mini-drekintuvai"],"acf":[],"yoast_head":"<!-- This site is optimized with the Yoast SEO plugin v20.13 - https:\/\/yoast.com\/wordpress\/plugins\/seo\/ -->\n<title>Dr\u0117kintuvas + belaidis kroviklis MISVOLT INNOVAGOODS - Kondena<\/title>\n<meta name=\"description\" content=\"MISVOLT INNOVAGOODS dr\u0117kintuvas - tai auk\u0161\u010diausios kokyb\u0117s \u012frenginys j\u016bs\u0173 nam\u0173 mikroklimato komfortui u\u017etikrinti. Keli spalv\u0173 pasirinkimai.\" \/>\n<meta name=\"robots\" content=\"index, follow, max-snippet:-1, max-image-preview:large, max-video-preview:-1\" \/>\n<link rel=\"canonical\" href=\"https:\/\/parduotuve.kondena.lt\/en\/produktai\/drekintuvas-belaidis-kroviklis-misvolt-innovagoods\/\" \/>\n<meta property=\"og:locale\" content=\"en_US\" \/>\n<meta property=\"og:type\" content=\"article\" \/>\n<meta property=\"og:title\" content=\"Dr\u0117kintuvas + belaidis kroviklis MISVOLT INNOVAGOODS - Kondena\" \/>\n<meta property=\"og:description\" content=\"MISVOLT INNOVAGOODS dr\u0117kintuvas - tai auk\u0161\u010diausios kokyb\u0117s \u012frenginys j\u016bs\u0173 nam\u0173 mikroklimato komfortui u\u017etikrinti. Keli spalv\u0173 pasirinkimai.\" \/>\n<meta property=\"og:url\" content=\"https:\/\/parduotuve.kondena.lt\/en\/produktai\/drekintuvas-belaidis-kroviklis-misvolt-innovagoods\/\" \/>\n<meta property=\"og:site_name\" content=\"Kondena\" \/>\n<meta property=\"article:modified_time\" content=\"2024-01-25T09:15:09+00:00\" \/>\n<meta property=\"og:image\" content=\"https:\/\/parduotuve.kondena.lt\/wp-content\/uploads\/2021\/11\/3-in-1-wireless-charger-aroma-diffuser-and-humidifier-misvolt-innovagoods_149933.jpg\" \/>\n\t<meta property=\"og:image:width\" content=\"600\" \/>\n\t<meta property=\"og:image:height\" content=\"600\" \/>\n\t<meta property=\"og:image:type\" content=\"image\/jpeg\" \/>\n<meta name=\"twitter:card\" content=\"summary_large_image\" \/>\n<meta name=\"twitter:label1\" content=\"Est. reading time\" \/>\n\t<meta name=\"twitter:data1\" content=\"1 minute\" \/>\n<script type=\"application\/ld+json\" class=\"yoast-schema-graph\">{\"@context\":\"https:\/\/schema.org\",\"@graph\":[{\"@type\":\"WebPage\",\"@id\":\"https:\/\/parduotuve.kondena.lt\/produktai\/drekintuvas-belaidis-kroviklis-misvolt-innovagoods\/\",\"url\":\"https:\/\/parduotuve.kondena.lt\/produktai\/drekintuvas-belaidis-kroviklis-misvolt-innovagoods\/\",\"name\":\"Dr\u0117kintuvas + belaidis kroviklis MISVOLT INNOVAGOODS - Kondena\",\"isPartOf\":{\"@id\":\"https:\/\/parduotuve.kondena.lt\/#website\"},\"datePublished\":\"2021-11-08T12:37:11+00:00\",\"dateModified\":\"2024-01-25T09:15:09+00:00\",\"description\":\"MISVOLT INNOVAGOODS dr\u0117kintuvas - tai auk\u0161\u010diausios kokyb\u0117s \u012frenginys j\u016bs\u0173 nam\u0173 mikroklimato komfortui u\u017etikrinti. Keli spalv\u0173 pasirinkimai.\",\"breadcrumb\":{\"@id\":\"https:\/\/parduotuve.kondena.lt\/produktai\/drekintuvas-belaidis-kroviklis-misvolt-innovagoods\/#breadcrumb\"},\"inLanguage\":\"en-US\",\"potentialAction\":[{\"@type\":\"ReadAction\",\"target\":[\"https:\/\/parduotuve.kondena.lt\/produktai\/drekintuvas-belaidis-kroviklis-misvolt-innovagoods\/\"]}]},{\"@type\":\"BreadcrumbList\",\"@id\":\"https:\/\/parduotuve.kondena.lt\/produktai\/drekintuvas-belaidis-kroviklis-misvolt-innovagoods\/#breadcrumb\",\"itemListElement\":[{\"@type\":\"ListItem\",\"position\":1,\"name\":\"Parduotuv\u0117\",\"item\":\"https:\/\/parduotuve.kondena.lt\/parduotuve\/\"},{\"@type\":\"ListItem\",\"position\":2,\"name\":\"Dr\u0117kintuvas + belaidis kroviklis MISVOLT INNOVAGOODS\"}]},{\"@type\":\"WebSite\",\"@id\":\"https:\/\/parduotuve.kondena.lt\/#website\",\"url\":\"https:\/\/parduotuve.kondena.lt\/\",\"name\":\"Kondena\",\"description\":\"Kol kas tik dar vienas WordPress tinklalapis\",\"potentialAction\":[{\"@type\":\"SearchAction\",\"target\":{\"@type\":\"EntryPoint\",\"urlTemplate\":\"https:\/\/parduotuve.kondena.lt\/?s={search_term_string}\"},\"query-input\":\"required name=search_term_string\"}],\"inLanguage\":\"en-US\"}]}<\/script>\n<!-- \/ Yoast SEO plugin. -->","yoast_head_json":{"title":"Dr\u0117kintuvas + belaidis kroviklis MISVOLT INNOVAGOODS - Kondena","description":"MISVOLT INNOVAGOODS dr\u0117kintuvas - tai auk\u0161\u010diausios kokyb\u0117s \u012frenginys j\u016bs\u0173 nam\u0173 mikroklimato komfortui u\u017etikrinti. Keli spalv\u0173 pasirinkimai.","robots":{"index":"index","follow":"follow","max-snippet":"max-snippet:-1","max-image-preview":"max-image-preview:large","max-video-preview":"max-video-preview:-1"},"canonical":"https:\/\/parduotuve.kondena.lt\/en\/produktai\/drekintuvas-belaidis-kroviklis-misvolt-innovagoods\/","og_locale":"en_US","og_type":"article","og_title":"Dr\u0117kintuvas + belaidis kroviklis MISVOLT INNOVAGOODS - Kondena","og_description":"MISVOLT INNOVAGOODS dr\u0117kintuvas - tai auk\u0161\u010diausios kokyb\u0117s \u012frenginys j\u016bs\u0173 nam\u0173 mikroklimato komfortui u\u017etikrinti. Keli spalv\u0173 pasirinkimai.","og_url":"https:\/\/parduotuve.kondena.lt\/en\/produktai\/drekintuvas-belaidis-kroviklis-misvolt-innovagoods\/","og_site_name":"Kondena","article_modified_time":"2024-01-25T09:15:09+00:00","og_image":[{"width":600,"height":600,"url":"https:\/\/parduotuve.kondena.lt\/wp-content\/uploads\/2021\/11\/3-in-1-wireless-charger-aroma-diffuser-and-humidifier-misvolt-innovagoods_149933.jpg","type":"image\/jpeg"}],"twitter_card":"summary_large_image","twitter_misc":{"Est. reading time":"1 minute"},"schema":{"@context":"https:\/\/schema.org","@graph":[{"@type":"WebPage","@id":"https:\/\/parduotuve.kondena.lt\/produktai\/drekintuvas-belaidis-kroviklis-misvolt-innovagoods\/","url":"https:\/\/parduotuve.kondena.lt\/produktai\/drekintuvas-belaidis-kroviklis-misvolt-innovagoods\/","name":"Dr\u0117kintuvas + belaidis kroviklis MISVOLT INNOVAGOODS - Kondena","isPartOf":{"@id":"https:\/\/parduotuve.kondena.lt\/#website"},"datePublished":"2021-11-08T12:37:11+00:00","dateModified":"2024-01-25T09:15:09+00:00","description":"MISVOLT INNOVAGOODS dr\u0117kintuvas - tai auk\u0161\u010diausios kokyb\u0117s \u012frenginys j\u016bs\u0173 nam\u0173 mikroklimato komfortui u\u017etikrinti. Keli spalv\u0173 pasirinkimai.","breadcrumb":{"@id":"https:\/\/parduotuve.kondena.lt\/produktai\/drekintuvas-belaidis-kroviklis-misvolt-innovagoods\/#breadcrumb"},"inLanguage":"en-US","potentialAction":[{"@type":"ReadAction","target":["https:\/\/parduotuve.kondena.lt\/produktai\/drekintuvas-belaidis-kroviklis-misvolt-innovagoods\/"]}]},{"@type":"BreadcrumbList","@id":"https:\/\/parduotuve.kondena.lt\/produktai\/drekintuvas-belaidis-kroviklis-misvolt-innovagoods\/#breadcrumb","itemListElement":[{"@type":"ListItem","position":1,"name":"Parduotuv\u0117","item":"https:\/\/parduotuve.kondena.lt\/parduotuve\/"},{"@type":"ListItem","position":2,"name":"Dr\u0117kintuvas + belaidis kroviklis MISVOLT INNOVAGOODS"}]},{"@type":"WebSite","@id":"https:\/\/parduotuve.kondena.lt\/#website","url":"https:\/\/parduotuve.kondena.lt\/","name":"Kondena","description":"Kol kas tik dar vienas WordPress tinklalapis","potentialAction":[{"@type":"SearchAction","target":{"@type":"EntryPoint","urlTemplate":"https:\/\/parduotuve.kondena.lt\/?s={search_term_string}"},"query-input":"required name=search_term_string"}],"inLanguage":"en-US"}]}},"_links":{"self":[{"href":"https:\/\/parduotuve.kondena.lt\/en\/wp-json\/wp\/v2\/product\/12430","targetHints":{"allow":["GET"]}}],"collection":[{"href":"https:\/\/parduotuve.kondena.lt\/en\/wp-json\/wp\/v2\/product"}],"about":[{"href":"https:\/\/parduotuve.kondena.lt\/en\/wp-json\/wp\/v2\/types\/product"}],"replies":[{"embeddable":true,"href":"https:\/\/parduotuve.kondena.lt\/en\/wp-json\/wp\/v2\/comments?post=12430"}],"wp:featuredmedia":[{"embeddable":true,"href":"https:\/\/parduotuve.kondena.lt\/en\/wp-json\/wp\/v2\/media\/12449"}],"wp:attachment":[{"href":"https:\/\/parduotuve.kondena.lt\/en\/wp-json\/wp\/v2\/media?parent=12430"}],"wp:term":[{"taxonomy":"product_cat","embeddable":true,"href":"https:\/\/parduotuve.kondena.lt\/en\/wp-json\/wp\/v2\/product_cat?post=12430"},{"taxonomy":"product_tag","embeddable":true,"href":"https:\/\/parduotuve.kondena.lt\/en\/wp-json\/wp\/v2\/product_tag?post=12430"}],"curies":[{"name":"wp","href":"https:\/\/api.w.org\/{rel}","templated":true}]}}