{"id":12379,"date":"2021-11-08T13:04:53","date_gmt":"2021-11-08T12:04:53","guid":{"rendered":"https:\/\/parduotuve.kondena.lt\/?post_type=product&#038;p=12379"},"modified":"2024-01-25T10:17:57","modified_gmt":"2024-01-25T09:17:57","slug":"drekintuvas-mini-honey-pine-innovagoods","status":"publish","type":"product","link":"https:\/\/parduotuve.kondena.lt\/en\/produktai\/drekintuvas-mini-honey-pine-innovagoods\/","title":{"rendered":"Dr\u0117kintuvas mini HONEY PINE INNOVAGOODS"},"content":{"rendered":"<p>Dr\u0117kintuvas mini HONEY PINE INNOVAGOODS<\/p>\n<p>Unikalios formos dr\u0117kintuvas papuo\u0161 nam\u0173, biuro ar bet kuri\u0105 kit\u0105 erdv\u0119. Kartu palaikydamas tinkam\u0105 patalp\u0173 dr\u0117gm\u0119 \u0161ildymo sezono metu. Dr\u0117kintuvas taip pat turi aromaterapijos funkcij\u0105 \u2013 vos keli eterinio aliejaus la\u0161ai ir nam\u0173 oras bus pripildytas J\u016bs\u0173 norimu kvapu.<\/p>\n<ul>\n<li>Material: ABS<\/li>\n<li>Jutiklinis mygtukas: \u012fjungta\/i\u0161jungta<\/li>\n<li>Talpa: 180 ml<\/li>\n<li>Ultragarsinis<\/li>\n<li>Tylus<\/li>\n<li>Daugiaspalv\u0117 LED seka<\/li>\n<li>Dviguba funkcija: pagerina oro kokyb\u0119 ir kvepia aplink\u0105<\/li>\n<li>Ilgaam\u017ei\u0161kumas: 7 val<\/li>\n<li>Pur\u0161kimas: 30 ml\/val<\/li>\n<li>500 mA \/ 5 V \/ 2 W<\/li>\n<li>Veikia su USB jungtimi (yra USB mikro kabelis)<\/li>\n<li>I\u0161sijungia automati\u0161kai, kai baigiasi vanduo<\/li>\n<li>Sud\u0117tyje n\u0117ra eterini\u0173 aliej\u0173<\/li>\n<li>I\u0161matavimai: 8 x 12,5 x 8 cm<\/li>\n<\/ul>","protected":false},"excerpt":{"rendered":"<p>Su aromaterapijos funkcija.<\/p>\n<ul>\n<li>Talpa: 500 ml<\/li>\n<li>Charakteristikos: LED ekranas<\/li>\n<li>Laikmatis: 12 valand\u0173<\/li>\n<li>Funkcija: \u017eadintuvas<\/li>\n<li>Ap\u0161vietimas:\n<ul>\n<li>LED<\/li>\n<li>7 spalvos<\/li>\n<\/ul>\n<\/li>\n<li>Range: 30 m\u00b2<\/li>\n<li>I\u0161matavimai: 16,5 x 16,5 x 14,5 cm<\/li>\n<\/ul>","protected":false},"featured_media":12395,"comment_status":"open","ping_status":"closed","template":"","meta":[],"product_cat":[232,196,197],"product_tag":[],"class_list":["post-12379","product","type-product","status-publish","has-post-thumbnail","hentry","product_cat-pastatomi-drekintuvai","product_cat-geram-orui","product_cat-mini-drekintuvai"],"acf":[],"yoast_head":"<!-- This site is optimized with the Yoast SEO plugin v20.13 - https:\/\/yoast.com\/wordpress\/plugins\/seo\/ -->\n<title>Dr\u0117kintuvas mini HONEY PINE INNOVAGOODS - Kondena<\/title>\n<meta name=\"description\" content=\"HONEY PINE INNOVAGOODS mini dr\u0117kintuvas - tai auk\u0161\u010diausios kokyb\u0117s \u012frenginys j\u016bs\u0173 nam\u0173 mikroklimato komfortui u\u017etikrinti.\" \/>\n<meta name=\"robots\" content=\"index, follow, max-snippet:-1, max-image-preview:large, max-video-preview:-1\" \/>\n<link rel=\"canonical\" href=\"https:\/\/parduotuve.kondena.lt\/en\/produktai\/drekintuvas-mini-honey-pine-innovagoods\/\" \/>\n<meta property=\"og:locale\" content=\"en_US\" \/>\n<meta property=\"og:type\" content=\"article\" \/>\n<meta property=\"og:title\" content=\"Dr\u0117kintuvas mini HONEY PINE INNOVAGOODS - Kondena\" \/>\n<meta property=\"og:description\" content=\"HONEY PINE INNOVAGOODS mini dr\u0117kintuvas - tai auk\u0161\u010diausios kokyb\u0117s \u012frenginys j\u016bs\u0173 nam\u0173 mikroklimato komfortui u\u017etikrinti.\" \/>\n<meta property=\"og:url\" content=\"https:\/\/parduotuve.kondena.lt\/en\/produktai\/drekintuvas-mini-honey-pine-innovagoods\/\" \/>\n<meta property=\"og:site_name\" content=\"Kondena\" \/>\n<meta property=\"article:modified_time\" content=\"2024-01-25T09:17:57+00:00\" \/>\n<meta property=\"og:image\" content=\"https:\/\/parduotuve.kondena.lt\/wp-content\/uploads\/2021\/11\/mini-humidifier-scent-diffuser-honey-pine-innovagoods_93650.jpg\" \/>\n\t<meta property=\"og:image:width\" content=\"600\" \/>\n\t<meta property=\"og:image:height\" content=\"600\" \/>\n\t<meta property=\"og:image:type\" content=\"image\/jpeg\" \/>\n<meta name=\"twitter:card\" content=\"summary_large_image\" \/>\n<meta name=\"twitter:label1\" content=\"Est. reading time\" \/>\n\t<meta name=\"twitter:data1\" content=\"1 minute\" \/>\n<script type=\"application\/ld+json\" class=\"yoast-schema-graph\">{\"@context\":\"https:\/\/schema.org\",\"@graph\":[{\"@type\":\"WebPage\",\"@id\":\"https:\/\/parduotuve.kondena.lt\/produktai\/drekintuvas-mini-honey-pine-innovagoods\/\",\"url\":\"https:\/\/parduotuve.kondena.lt\/produktai\/drekintuvas-mini-honey-pine-innovagoods\/\",\"name\":\"Dr\u0117kintuvas mini HONEY PINE INNOVAGOODS - Kondena\",\"isPartOf\":{\"@id\":\"https:\/\/parduotuve.kondena.lt\/#website\"},\"datePublished\":\"2021-11-08T12:04:53+00:00\",\"dateModified\":\"2024-01-25T09:17:57+00:00\",\"description\":\"HONEY PINE INNOVAGOODS mini dr\u0117kintuvas - tai auk\u0161\u010diausios kokyb\u0117s \u012frenginys j\u016bs\u0173 nam\u0173 mikroklimato komfortui u\u017etikrinti.\",\"breadcrumb\":{\"@id\":\"https:\/\/parduotuve.kondena.lt\/produktai\/drekintuvas-mini-honey-pine-innovagoods\/#breadcrumb\"},\"inLanguage\":\"en-US\",\"potentialAction\":[{\"@type\":\"ReadAction\",\"target\":[\"https:\/\/parduotuve.kondena.lt\/produktai\/drekintuvas-mini-honey-pine-innovagoods\/\"]}]},{\"@type\":\"BreadcrumbList\",\"@id\":\"https:\/\/parduotuve.kondena.lt\/produktai\/drekintuvas-mini-honey-pine-innovagoods\/#breadcrumb\",\"itemListElement\":[{\"@type\":\"ListItem\",\"position\":1,\"name\":\"Parduotuv\u0117\",\"item\":\"https:\/\/parduotuve.kondena.lt\/parduotuve\/\"},{\"@type\":\"ListItem\",\"position\":2,\"name\":\"Dr\u0117kintuvas mini HONEY PINE INNOVAGOODS\"}]},{\"@type\":\"WebSite\",\"@id\":\"https:\/\/parduotuve.kondena.lt\/#website\",\"url\":\"https:\/\/parduotuve.kondena.lt\/\",\"name\":\"Kondena\",\"description\":\"Kol kas tik dar vienas WordPress tinklalapis\",\"potentialAction\":[{\"@type\":\"SearchAction\",\"target\":{\"@type\":\"EntryPoint\",\"urlTemplate\":\"https:\/\/parduotuve.kondena.lt\/?s={search_term_string}\"},\"query-input\":\"required name=search_term_string\"}],\"inLanguage\":\"en-US\"}]}<\/script>\n<!-- \/ Yoast SEO plugin. -->","yoast_head_json":{"title":"Dr\u0117kintuvas mini HONEY PINE INNOVAGOODS - Kondena","description":"HONEY PINE INNOVAGOODS mini dr\u0117kintuvas - tai auk\u0161\u010diausios kokyb\u0117s \u012frenginys j\u016bs\u0173 nam\u0173 mikroklimato komfortui u\u017etikrinti.","robots":{"index":"index","follow":"follow","max-snippet":"max-snippet:-1","max-image-preview":"max-image-preview:large","max-video-preview":"max-video-preview:-1"},"canonical":"https:\/\/parduotuve.kondena.lt\/en\/produktai\/drekintuvas-mini-honey-pine-innovagoods\/","og_locale":"en_US","og_type":"article","og_title":"Dr\u0117kintuvas mini HONEY PINE INNOVAGOODS - Kondena","og_description":"HONEY PINE INNOVAGOODS mini dr\u0117kintuvas - tai auk\u0161\u010diausios kokyb\u0117s \u012frenginys j\u016bs\u0173 nam\u0173 mikroklimato komfortui u\u017etikrinti.","og_url":"https:\/\/parduotuve.kondena.lt\/en\/produktai\/drekintuvas-mini-honey-pine-innovagoods\/","og_site_name":"Kondena","article_modified_time":"2024-01-25T09:17:57+00:00","og_image":[{"width":600,"height":600,"url":"https:\/\/parduotuve.kondena.lt\/wp-content\/uploads\/2021\/11\/mini-humidifier-scent-diffuser-honey-pine-innovagoods_93650.jpg","type":"image\/jpeg"}],"twitter_card":"summary_large_image","twitter_misc":{"Est. reading time":"1 minute"},"schema":{"@context":"https:\/\/schema.org","@graph":[{"@type":"WebPage","@id":"https:\/\/parduotuve.kondena.lt\/produktai\/drekintuvas-mini-honey-pine-innovagoods\/","url":"https:\/\/parduotuve.kondena.lt\/produktai\/drekintuvas-mini-honey-pine-innovagoods\/","name":"Dr\u0117kintuvas mini HONEY PINE INNOVAGOODS - Kondena","isPartOf":{"@id":"https:\/\/parduotuve.kondena.lt\/#website"},"datePublished":"2021-11-08T12:04:53+00:00","dateModified":"2024-01-25T09:17:57+00:00","description":"HONEY PINE INNOVAGOODS mini dr\u0117kintuvas - tai auk\u0161\u010diausios kokyb\u0117s \u012frenginys j\u016bs\u0173 nam\u0173 mikroklimato komfortui u\u017etikrinti.","breadcrumb":{"@id":"https:\/\/parduotuve.kondena.lt\/produktai\/drekintuvas-mini-honey-pine-innovagoods\/#breadcrumb"},"inLanguage":"en-US","potentialAction":[{"@type":"ReadAction","target":["https:\/\/parduotuve.kondena.lt\/produktai\/drekintuvas-mini-honey-pine-innovagoods\/"]}]},{"@type":"BreadcrumbList","@id":"https:\/\/parduotuve.kondena.lt\/produktai\/drekintuvas-mini-honey-pine-innovagoods\/#breadcrumb","itemListElement":[{"@type":"ListItem","position":1,"name":"Parduotuv\u0117","item":"https:\/\/parduotuve.kondena.lt\/parduotuve\/"},{"@type":"ListItem","position":2,"name":"Dr\u0117kintuvas mini HONEY PINE INNOVAGOODS"}]},{"@type":"WebSite","@id":"https:\/\/parduotuve.kondena.lt\/#website","url":"https:\/\/parduotuve.kondena.lt\/","name":"Kondena","description":"Kol kas tik dar vienas WordPress tinklalapis","potentialAction":[{"@type":"SearchAction","target":{"@type":"EntryPoint","urlTemplate":"https:\/\/parduotuve.kondena.lt\/?s={search_term_string}"},"query-input":"required name=search_term_string"}],"inLanguage":"en-US"}]}},"_links":{"self":[{"href":"https:\/\/parduotuve.kondena.lt\/en\/wp-json\/wp\/v2\/product\/12379","targetHints":{"allow":["GET"]}}],"collection":[{"href":"https:\/\/parduotuve.kondena.lt\/en\/wp-json\/wp\/v2\/product"}],"about":[{"href":"https:\/\/parduotuve.kondena.lt\/en\/wp-json\/wp\/v2\/types\/product"}],"replies":[{"embeddable":true,"href":"https:\/\/parduotuve.kondena.lt\/en\/wp-json\/wp\/v2\/comments?post=12379"}],"wp:featuredmedia":[{"embeddable":true,"href":"https:\/\/parduotuve.kondena.lt\/en\/wp-json\/wp\/v2\/media\/12395"}],"wp:attachment":[{"href":"https:\/\/parduotuve.kondena.lt\/en\/wp-json\/wp\/v2\/media?parent=12379"}],"wp:term":[{"taxonomy":"product_cat","embeddable":true,"href":"https:\/\/parduotuve.kondena.lt\/en\/wp-json\/wp\/v2\/product_cat?post=12379"},{"taxonomy":"product_tag","embeddable":true,"href":"https:\/\/parduotuve.kondena.lt\/en\/wp-json\/wp\/v2\/product_tag?post=12379"}],"curies":[{"name":"wp","href":"https:\/\/api.w.org\/{rel}","templated":true}]}}