{"id":11639,"date":"2021-10-21T12:45:40","date_gmt":"2021-10-21T12:45:40","guid":{"rendered":"http:\/\/parduotuve.kondena.lt\/?post_type=product&#038;p=11639"},"modified":"2021-11-23T12:46:52","modified_gmt":"2021-11-23T11:46:52","slug":"reverso-p-pakabinamas-fankoilas-ventiliatorinis-konvektorius","status":"publish","type":"product","link":"https:\/\/parduotuve.kondena.lt\/en\/produktai\/reverso-p-pakabinamas-fankoilas-ventiliatorinis-konvektorius\/","title":{"rendered":"REVERSO P pakabinamas fankoilas ventiliatorinis konvektorius"},"content":{"rendered":"<p><strong>REVERSO P pakabinamas fankoilas yra hidraulin\u0117 ventiliatoriaus rit\u0117, skirta montuoti ant grind\u0173 arba lubose<\/strong><\/p>\n<p><a href=\"http:\/\/parduotuve.kondena.lt\/wp-content\/uploads\/2021\/10\/P-pakabinamas.pdf\">Technin\u0117s specifikacijos\u00a0<\/a><\/p>\n<p>Funkcijos, i\u0161skirian\u010dios j\u0105 i\u0161 tos pa\u010dios kategorijos produkt\u0173, yra \u0161ios:<\/p>\n<ul>\n<li>Itin plonas, tik 12 cm<\/li>\n<li>Minimalus triuk\u0161mo lygis 20 dB (A)<\/li>\n<li>DC keitiklio technologija<\/li>\n<li>Ma\u017eos energijos s\u0105naudos, tik 4 vatai<\/li>\n<li>Modern design<\/li>\n<li>Valdymas \u012fmontuotas arba su nuotoliniu sieniu pultu<\/li>\n<li>Kair\u0117 arba de\u0161in\u0117 hidraulin\u0117s jungtys<\/li>\n<li>Tangentinis aliuminio ventiliatorius didesniam efektyvumui<\/li>\n<li>Ner\u016bdijan\u010dio plieno filtrai neribotos trukm\u0117s<\/li>\n<li>Spinduliuojanti plok\u0161t\u0117 pagal pageidavim\u0105<\/li>\n<li>Dvigubas fasadas priekyje ir gale, pagal pageidavim\u0105<\/li>\n<li>Priekin\u0117 plok\u0161t\u0117 i\u0161 gr\u016bdinto stiklo kristalo<\/li>\n<\/ul>\n<p><strong>REVERSO P pakabinamas fankoilas tik 12 cm plo\u010dio!<\/strong><\/p>\n<ul>\n<li>Trys dyd\u017eiai: 400-600-800<\/li>\n<li>2 ir 4 vamzd\u017ei\u0173 montavimas<\/li>\n<li>2 ir 3 kryp\u010di\u0173 pra\u0117jimo vo\u017etuvai<\/li>\n<li>Lengvas ir visi\u0161kas pritaikymas<\/li>\n<li>Jis gali b\u016bti montuojamas u\u017e dur\u0173<\/li>\n<li>\u201eWi-Fi\u201c valdikliai, skirti lengvai valdyti i\u0161man\u0173j\u012f telefon\u0105<\/li>\n<li>Reguliuojamas oro srautas su judan\u010diomis ekstruzijos grotel\u0117mis aliuminio<\/li>\n<li>A\u0161tuonios grei\u010dio programos<\/li>\n<li>\u0160ilumin\u0117s galios moduliavimas per \u012fvairius ventiliatorius grei\u010dio nustatymai<\/li>\n<li>Au\u0161inimo funkcija<\/li>\n<li>\u0160ildymo funkcija<\/li>\n<li>Sausinimo funkcija<\/li>\n<li>Valymo funkcija<\/li>\n<li>\u0160ildymo galia nuo 0,5 iki 4 kW<\/li>\n<\/ul>\n<p>&nbsp;<\/p>\n<p>TOP valdikliai su juodu jutikliniu ekranu ir \u201eWi-Fi\u201c funkcija, skirta lengvai valdyti i\u0161man\u0173j\u012f telefon\u0105 per program\u0105.<\/p>\n<p>Vis\u0105 \u201eReverso\u201c asortiment\u0105 lengva valdyti per lie\u010diam\u0105 ekran\u0105 ir patogi\u0105 program\u0105.<\/p>\n<p>Program\u0117l\u0117 prieinama tiek \u201eiOS\u201c, tiek \u201eAndroid\u201c sistemoms.<\/p>\n<p>&nbsp;<\/p>","protected":false},"excerpt":{"rendered":"<p><strong>Tinka tiek oro v\u0117sinimui, tiek \u0161ildymui<\/strong><\/p>\n<p>TOP valdikliai su juodu jutikliniu ekranu ir \u201eWi-Fi\u201c funkcija, skirta lengvai valdyti i\u0161man\u0173j\u012f telefon\u0105 per program\u0105.<\/p>\n<p>Vis\u0105 \u201eReverso\u201c asortiment\u0105 lengva valdyti per lie\u010diam\u0105 ekran\u0105 ir patogi\u0105 mobil\u0119 program\u0117l\u0119.<\/p>\n<p>Program\u0117l\u0117 prieinama tiek \u201eiOS\u201c, tiek \u201eAndroid\u201c sistemoms.<\/p>\n<p>&nbsp;<\/p>\n<p>Modelis \u201eReverso Mini\u201d yra labai \u017eemo auk\u0161\u010dio fankoilas. Tai taupo viet\u0105, o gaminio jungtys tiek i\u0161 kair\u0117s, tiek i\u0161 de\u0161in\u0117s pus\u0117s dar labiau padidina montavimo lankstum\u0105.<\/p>","protected":false},"featured_media":13339,"comment_status":"open","ping_status":"closed","template":"","meta":[],"product_cat":[222,144],"product_tag":[],"class_list":["post-11639","product","type-product","status-publish","has-post-thumbnail","hentry","product_cat-fankoilai","product_cat-vesinimas"],"acf":[],"yoast_head":"<!-- This site is optimized with the Yoast SEO plugin v20.13 - https:\/\/yoast.com\/wordpress\/plugins\/seo\/ -->\n<title>REVERSO P pakabinamas fankoilas ventiliatorinis konvektorius - Kondena<\/title>\n<meta name=\"description\" content=\"REVERSO P pakabinamas fankoilas - tai i\u0161skirtinio dizainos \u012frenginys skirtas patalpos v\u0117sinimui ir \u0161ildymui nuo geoterminio gr\u0119\u017einio\" \/>\n<meta name=\"robots\" content=\"index, follow, max-snippet:-1, max-image-preview:large, max-video-preview:-1\" \/>\n<link rel=\"canonical\" href=\"https:\/\/parduotuve.kondena.lt\/en\/produktai\/reverso-p-pakabinamas-fankoilas-ventiliatorinis-konvektorius\/\" \/>\n<meta property=\"og:locale\" content=\"en_US\" \/>\n<meta property=\"og:type\" content=\"article\" \/>\n<meta property=\"og:title\" content=\"REVERSO P pakabinamas fankoilas ventiliatorinis konvektorius - Kondena\" \/>\n<meta property=\"og:description\" content=\"REVERSO P pakabinamas fankoilas - tai i\u0161skirtinio dizainos \u012frenginys skirtas patalpos v\u0117sinimui ir \u0161ildymui nuo geoterminio gr\u0119\u017einio\" \/>\n<meta property=\"og:url\" content=\"https:\/\/parduotuve.kondena.lt\/en\/produktai\/reverso-p-pakabinamas-fankoilas-ventiliatorinis-konvektorius\/\" \/>\n<meta property=\"og:site_name\" content=\"Kondena\" \/>\n<meta property=\"article:modified_time\" content=\"2021-11-23T11:46:52+00:00\" \/>\n<meta property=\"og:image\" content=\"https:\/\/parduotuve.kondena.lt\/wp-content\/uploads\/2021\/10\/117171819_1238401706506979_6684991700026764821_n.jpg\" \/>\n\t<meta property=\"og:image:width\" content=\"2048\" \/>\n\t<meta property=\"og:image:height\" content=\"1536\" \/>\n\t<meta property=\"og:image:type\" content=\"image\/jpeg\" \/>\n<meta name=\"twitter:card\" content=\"summary_large_image\" \/>\n<meta name=\"twitter:label1\" content=\"Est. reading time\" \/>\n\t<meta name=\"twitter:data1\" content=\"1 minute\" \/>\n<script type=\"application\/ld+json\" class=\"yoast-schema-graph\">{\"@context\":\"https:\/\/schema.org\",\"@graph\":[{\"@type\":\"WebPage\",\"@id\":\"https:\/\/parduotuve.kondena.lt\/produktai\/reverso-p-pakabinamas-fankoilas-ventiliatorinis-konvektorius\/\",\"url\":\"https:\/\/parduotuve.kondena.lt\/produktai\/reverso-p-pakabinamas-fankoilas-ventiliatorinis-konvektorius\/\",\"name\":\"REVERSO P pakabinamas fankoilas ventiliatorinis konvektorius - Kondena\",\"isPartOf\":{\"@id\":\"https:\/\/parduotuve.kondena.lt\/#website\"},\"datePublished\":\"2021-10-21T12:45:40+00:00\",\"dateModified\":\"2021-11-23T11:46:52+00:00\",\"description\":\"REVERSO P pakabinamas fankoilas - tai i\u0161skirtinio dizainos \u012frenginys skirtas patalpos v\u0117sinimui ir \u0161ildymui nuo geoterminio gr\u0119\u017einio\",\"breadcrumb\":{\"@id\":\"https:\/\/parduotuve.kondena.lt\/produktai\/reverso-p-pakabinamas-fankoilas-ventiliatorinis-konvektorius\/#breadcrumb\"},\"inLanguage\":\"en-US\",\"potentialAction\":[{\"@type\":\"ReadAction\",\"target\":[\"https:\/\/parduotuve.kondena.lt\/produktai\/reverso-p-pakabinamas-fankoilas-ventiliatorinis-konvektorius\/\"]}]},{\"@type\":\"BreadcrumbList\",\"@id\":\"https:\/\/parduotuve.kondena.lt\/produktai\/reverso-p-pakabinamas-fankoilas-ventiliatorinis-konvektorius\/#breadcrumb\",\"itemListElement\":[{\"@type\":\"ListItem\",\"position\":1,\"name\":\"Parduotuv\u0117\",\"item\":\"https:\/\/parduotuve.kondena.lt\/parduotuve\/\"},{\"@type\":\"ListItem\",\"position\":2,\"name\":\"REVERSO P pakabinamas fankoilas ventiliatorinis konvektorius\"}]},{\"@type\":\"WebSite\",\"@id\":\"https:\/\/parduotuve.kondena.lt\/#website\",\"url\":\"https:\/\/parduotuve.kondena.lt\/\",\"name\":\"Kondena\",\"description\":\"Kol kas tik dar vienas WordPress tinklalapis\",\"potentialAction\":[{\"@type\":\"SearchAction\",\"target\":{\"@type\":\"EntryPoint\",\"urlTemplate\":\"https:\/\/parduotuve.kondena.lt\/?s={search_term_string}\"},\"query-input\":\"required name=search_term_string\"}],\"inLanguage\":\"en-US\"}]}<\/script>\n<!-- \/ Yoast SEO plugin. -->","yoast_head_json":{"title":"REVERSO P pakabinamas fankoilas ventiliatorinis konvektorius - Kondena","description":"REVERSO P pakabinamas fankoilas - tai i\u0161skirtinio dizainos \u012frenginys skirtas patalpos v\u0117sinimui ir \u0161ildymui nuo geoterminio gr\u0119\u017einio","robots":{"index":"index","follow":"follow","max-snippet":"max-snippet:-1","max-image-preview":"max-image-preview:large","max-video-preview":"max-video-preview:-1"},"canonical":"https:\/\/parduotuve.kondena.lt\/en\/produktai\/reverso-p-pakabinamas-fankoilas-ventiliatorinis-konvektorius\/","og_locale":"en_US","og_type":"article","og_title":"REVERSO P pakabinamas fankoilas ventiliatorinis konvektorius - Kondena","og_description":"REVERSO P pakabinamas fankoilas - tai i\u0161skirtinio dizainos \u012frenginys skirtas patalpos v\u0117sinimui ir \u0161ildymui nuo geoterminio gr\u0119\u017einio","og_url":"https:\/\/parduotuve.kondena.lt\/en\/produktai\/reverso-p-pakabinamas-fankoilas-ventiliatorinis-konvektorius\/","og_site_name":"Kondena","article_modified_time":"2021-11-23T11:46:52+00:00","og_image":[{"width":2048,"height":1536,"url":"https:\/\/parduotuve.kondena.lt\/wp-content\/uploads\/2021\/10\/117171819_1238401706506979_6684991700026764821_n.jpg","type":"image\/jpeg"}],"twitter_card":"summary_large_image","twitter_misc":{"Est. reading time":"1 minute"},"schema":{"@context":"https:\/\/schema.org","@graph":[{"@type":"WebPage","@id":"https:\/\/parduotuve.kondena.lt\/produktai\/reverso-p-pakabinamas-fankoilas-ventiliatorinis-konvektorius\/","url":"https:\/\/parduotuve.kondena.lt\/produktai\/reverso-p-pakabinamas-fankoilas-ventiliatorinis-konvektorius\/","name":"REVERSO P pakabinamas fankoilas ventiliatorinis konvektorius - Kondena","isPartOf":{"@id":"https:\/\/parduotuve.kondena.lt\/#website"},"datePublished":"2021-10-21T12:45:40+00:00","dateModified":"2021-11-23T11:46:52+00:00","description":"REVERSO P pakabinamas fankoilas - tai i\u0161skirtinio dizainos \u012frenginys skirtas patalpos v\u0117sinimui ir \u0161ildymui nuo geoterminio gr\u0119\u017einio","breadcrumb":{"@id":"https:\/\/parduotuve.kondena.lt\/produktai\/reverso-p-pakabinamas-fankoilas-ventiliatorinis-konvektorius\/#breadcrumb"},"inLanguage":"en-US","potentialAction":[{"@type":"ReadAction","target":["https:\/\/parduotuve.kondena.lt\/produktai\/reverso-p-pakabinamas-fankoilas-ventiliatorinis-konvektorius\/"]}]},{"@type":"BreadcrumbList","@id":"https:\/\/parduotuve.kondena.lt\/produktai\/reverso-p-pakabinamas-fankoilas-ventiliatorinis-konvektorius\/#breadcrumb","itemListElement":[{"@type":"ListItem","position":1,"name":"Parduotuv\u0117","item":"https:\/\/parduotuve.kondena.lt\/parduotuve\/"},{"@type":"ListItem","position":2,"name":"REVERSO P pakabinamas fankoilas ventiliatorinis konvektorius"}]},{"@type":"WebSite","@id":"https:\/\/parduotuve.kondena.lt\/#website","url":"https:\/\/parduotuve.kondena.lt\/","name":"Kondena","description":"Kol kas tik dar vienas WordPress tinklalapis","potentialAction":[{"@type":"SearchAction","target":{"@type":"EntryPoint","urlTemplate":"https:\/\/parduotuve.kondena.lt\/?s={search_term_string}"},"query-input":"required name=search_term_string"}],"inLanguage":"en-US"}]}},"_links":{"self":[{"href":"https:\/\/parduotuve.kondena.lt\/en\/wp-json\/wp\/v2\/product\/11639","targetHints":{"allow":["GET"]}}],"collection":[{"href":"https:\/\/parduotuve.kondena.lt\/en\/wp-json\/wp\/v2\/product"}],"about":[{"href":"https:\/\/parduotuve.kondena.lt\/en\/wp-json\/wp\/v2\/types\/product"}],"replies":[{"embeddable":true,"href":"https:\/\/parduotuve.kondena.lt\/en\/wp-json\/wp\/v2\/comments?post=11639"}],"wp:featuredmedia":[{"embeddable":true,"href":"https:\/\/parduotuve.kondena.lt\/en\/wp-json\/wp\/v2\/media\/13339"}],"wp:attachment":[{"href":"https:\/\/parduotuve.kondena.lt\/en\/wp-json\/wp\/v2\/media?parent=11639"}],"wp:term":[{"taxonomy":"product_cat","embeddable":true,"href":"https:\/\/parduotuve.kondena.lt\/en\/wp-json\/wp\/v2\/product_cat?post=11639"},{"taxonomy":"product_tag","embeddable":true,"href":"https:\/\/parduotuve.kondena.lt\/en\/wp-json\/wp\/v2\/product_tag?post=11639"}],"curies":[{"name":"wp","href":"https:\/\/api.w.org\/{rel}","templated":true}]}}