{"id":11481,"date":"2021-10-19T07:30:34","date_gmt":"2021-10-19T07:30:34","guid":{"rendered":"http:\/\/parduotuve.kondena.lt\/?post_type=product&#038;p=11481"},"modified":"2021-10-19T07:30:34","modified_gmt":"2021-10-19T07:30:34","slug":"elektrostatinis-filtras","status":"publish","type":"product","link":"https:\/\/parduotuve.kondena.lt\/en\/produktai\/elektrostatinis-filtras\/","title":{"rendered":"Elektrostatinis filtras"},"content":{"rendered":"<p>Elektrostatinis filtras, toliau ESF naudojamas kiet\u0173j\u0173 daleli\u0173 pa\u0161alinimui i\u0161 d\u016bm\u0173. \u012eeinantys d\u016bmai \u012f ESF yra tolygiai paskirstomi per vis\u0105 ESF veikimo plot\u0105 perforuot\u0173 plok\u0161\u010di\u0173 pagalba. Toliau tolygiai pasiskirst\u0119 d\u016bmai juda tarp surinkimo plok\u0161\u010di\u0173, kuri\u0173 viduje yra i\u0161d\u0117styti emisijos elektrodai, kurie \u012felektrina kiet\u0105sias daleles, kurias pradeda traukti surinkimo elektrodai (plok\u0161t\u0117s). D\u016bmams toliau judant per ESF did\u017eioji kiet\u0173j\u0173 dalis nus\u0117da ant surinkimo elektrod\u0173 ir i\u0161einantys d\u016bmai yra i\u0161valomi.<\/p>","protected":false},"excerpt":{"rendered":"<p>Elektrostatinis filtras, toliau ESF naudojamas kiet\u0173j\u0173 daleli\u0173 pa\u0161alinimui i\u0161 d\u016bm\u0173. \u012eeinantys d\u016bmai \u012f ESF yra tolygiai paskirstomi per vis\u0105 ESF veikimo plot\u0105 perforuot\u0173 plok\u0161\u010di\u0173 pagalba. Toliau tolygiai pasiskirst\u0119 d\u016bmai juda tarp surinkimo plok\u0161\u010di\u0173, kuri\u0173 viduje yra i\u0161d\u0117styti emisijos elektrodai, kurie \u012felektrina kiet\u0105sias daleles, kurias pradeda traukti surinkimo elektrodai (plok\u0161t\u0117s). D\u016bmams toliau judant per ESF did\u017eioji kiet\u0173j\u0173 dalis nus\u0117da ant surinkimo elektrod\u0173 ir i\u0161einantys d\u016bmai yra i\u0161valomi.<\/p>","protected":false},"featured_media":11482,"comment_status":"open","ping_status":"closed","template":"","meta":[],"product_cat":[141,211,213],"product_tag":[],"class_list":["post-11481","product","type-product","status-publish","has-post-thumbnail","hentry","product_cat-vedinimas","product_cat-filtrai","product_cat-elektrostatiniai-filtrai"],"acf":[],"yoast_head":"<!-- This site is optimized with the Yoast SEO plugin v20.13 - https:\/\/yoast.com\/wordpress\/plugins\/seo\/ -->\n<title>Elektrostatinis filtras - Kondena<\/title>\n<meta name=\"description\" content=\"Elektrostatinis filtras, toliau ESF naudojamas kiet\u0173j\u0173 daleli\u0173 pa\u0161alinimui i\u0161 d\u016bm\u0173.\" \/>\n<meta name=\"robots\" content=\"index, follow, max-snippet:-1, max-image-preview:large, max-video-preview:-1\" \/>\n<link rel=\"canonical\" href=\"https:\/\/parduotuve.kondena.lt\/en\/produktai\/elektrostatinis-filtras\/\" \/>\n<meta property=\"og:locale\" content=\"en_US\" \/>\n<meta property=\"og:type\" content=\"article\" \/>\n<meta property=\"og:title\" content=\"Elektrostatinis filtras - Kondena\" \/>\n<meta property=\"og:description\" content=\"Elektrostatinis filtras, toliau ESF naudojamas kiet\u0173j\u0173 daleli\u0173 pa\u0161alinimui i\u0161 d\u016bm\u0173.\" \/>\n<meta property=\"og:url\" content=\"https:\/\/parduotuve.kondena.lt\/en\/produktai\/elektrostatinis-filtras\/\" \/>\n<meta property=\"og:site_name\" content=\"Kondena\" \/>\n<meta property=\"og:image\" content=\"https:\/\/parduotuve.kondena.lt\/wp-content\/uploads\/2021\/10\/189290826.jpg\" \/>\n\t<meta property=\"og:image:width\" content=\"650\" \/>\n\t<meta property=\"og:image:height\" content=\"649\" \/>\n\t<meta property=\"og:image:type\" content=\"image\/jpeg\" \/>\n<meta name=\"twitter:card\" content=\"summary_large_image\" \/>\n<meta name=\"twitter:label1\" content=\"Est. reading time\" \/>\n\t<meta name=\"twitter:data1\" content=\"1 minute\" \/>\n<script type=\"application\/ld+json\" class=\"yoast-schema-graph\">{\"@context\":\"https:\/\/schema.org\",\"@graph\":[{\"@type\":\"WebPage\",\"@id\":\"https:\/\/parduotuve.kondena.lt\/en\/produktai\/elektrostatinis-filtras\/\",\"url\":\"https:\/\/parduotuve.kondena.lt\/en\/produktai\/elektrostatinis-filtras\/\",\"name\":\"Elektrostatinis filtras - Kondena\",\"isPartOf\":{\"@id\":\"https:\/\/parduotuve.kondena.lt\/#website\"},\"datePublished\":\"2021-10-19T07:30:34+00:00\",\"dateModified\":\"2021-10-19T07:30:34+00:00\",\"description\":\"Elektrostatinis filtras, toliau ESF naudojamas kiet\u0173j\u0173 daleli\u0173 pa\u0161alinimui i\u0161 d\u016bm\u0173.\",\"breadcrumb\":{\"@id\":\"https:\/\/parduotuve.kondena.lt\/en\/produktai\/elektrostatinis-filtras\/#breadcrumb\"},\"inLanguage\":\"en-US\",\"potentialAction\":[{\"@type\":\"ReadAction\",\"target\":[\"https:\/\/parduotuve.kondena.lt\/en\/produktai\/elektrostatinis-filtras\/\"]}]},{\"@type\":\"BreadcrumbList\",\"@id\":\"https:\/\/parduotuve.kondena.lt\/en\/produktai\/elektrostatinis-filtras\/#breadcrumb\",\"itemListElement\":[{\"@type\":\"ListItem\",\"position\":1,\"name\":\"Parduotuv\u0117\",\"item\":\"https:\/\/parduotuve.kondena.lt\/parduotuve\/\"},{\"@type\":\"ListItem\",\"position\":2,\"name\":\"Elektrostatinis filtras\"}]},{\"@type\":\"WebSite\",\"@id\":\"https:\/\/parduotuve.kondena.lt\/#website\",\"url\":\"https:\/\/parduotuve.kondena.lt\/\",\"name\":\"Kondena\",\"description\":\"Kol kas tik dar vienas WordPress tinklalapis\",\"potentialAction\":[{\"@type\":\"SearchAction\",\"target\":{\"@type\":\"EntryPoint\",\"urlTemplate\":\"https:\/\/parduotuve.kondena.lt\/?s={search_term_string}\"},\"query-input\":\"required name=search_term_string\"}],\"inLanguage\":\"en-US\"}]}<\/script>\n<!-- \/ Yoast SEO plugin. -->","yoast_head_json":{"title":"Elektrostatinis filtras - Kondena","description":"Elektrostatinis filtras, toliau ESF naudojamas kiet\u0173j\u0173 daleli\u0173 pa\u0161alinimui i\u0161 d\u016bm\u0173.","robots":{"index":"index","follow":"follow","max-snippet":"max-snippet:-1","max-image-preview":"max-image-preview:large","max-video-preview":"max-video-preview:-1"},"canonical":"https:\/\/parduotuve.kondena.lt\/en\/produktai\/elektrostatinis-filtras\/","og_locale":"en_US","og_type":"article","og_title":"Elektrostatinis filtras - Kondena","og_description":"Elektrostatinis filtras, toliau ESF naudojamas kiet\u0173j\u0173 daleli\u0173 pa\u0161alinimui i\u0161 d\u016bm\u0173.","og_url":"https:\/\/parduotuve.kondena.lt\/en\/produktai\/elektrostatinis-filtras\/","og_site_name":"Kondena","og_image":[{"width":650,"height":649,"url":"https:\/\/parduotuve.kondena.lt\/wp-content\/uploads\/2021\/10\/189290826.jpg","type":"image\/jpeg"}],"twitter_card":"summary_large_image","twitter_misc":{"Est. reading time":"1 minute"},"schema":{"@context":"https:\/\/schema.org","@graph":[{"@type":"WebPage","@id":"https:\/\/parduotuve.kondena.lt\/en\/produktai\/elektrostatinis-filtras\/","url":"https:\/\/parduotuve.kondena.lt\/en\/produktai\/elektrostatinis-filtras\/","name":"Elektrostatinis filtras - Kondena","isPartOf":{"@id":"https:\/\/parduotuve.kondena.lt\/#website"},"datePublished":"2021-10-19T07:30:34+00:00","dateModified":"2021-10-19T07:30:34+00:00","description":"Elektrostatinis filtras, toliau ESF naudojamas kiet\u0173j\u0173 daleli\u0173 pa\u0161alinimui i\u0161 d\u016bm\u0173.","breadcrumb":{"@id":"https:\/\/parduotuve.kondena.lt\/en\/produktai\/elektrostatinis-filtras\/#breadcrumb"},"inLanguage":"en-US","potentialAction":[{"@type":"ReadAction","target":["https:\/\/parduotuve.kondena.lt\/en\/produktai\/elektrostatinis-filtras\/"]}]},{"@type":"BreadcrumbList","@id":"https:\/\/parduotuve.kondena.lt\/en\/produktai\/elektrostatinis-filtras\/#breadcrumb","itemListElement":[{"@type":"ListItem","position":1,"name":"Parduotuv\u0117","item":"https:\/\/parduotuve.kondena.lt\/parduotuve\/"},{"@type":"ListItem","position":2,"name":"Elektrostatinis filtras"}]},{"@type":"WebSite","@id":"https:\/\/parduotuve.kondena.lt\/#website","url":"https:\/\/parduotuve.kondena.lt\/","name":"Kondena","description":"Kol kas tik dar vienas WordPress tinklalapis","potentialAction":[{"@type":"SearchAction","target":{"@type":"EntryPoint","urlTemplate":"https:\/\/parduotuve.kondena.lt\/?s={search_term_string}"},"query-input":"required name=search_term_string"}],"inLanguage":"en-US"}]}},"_links":{"self":[{"href":"https:\/\/parduotuve.kondena.lt\/en\/wp-json\/wp\/v2\/product\/11481","targetHints":{"allow":["GET"]}}],"collection":[{"href":"https:\/\/parduotuve.kondena.lt\/en\/wp-json\/wp\/v2\/product"}],"about":[{"href":"https:\/\/parduotuve.kondena.lt\/en\/wp-json\/wp\/v2\/types\/product"}],"replies":[{"embeddable":true,"href":"https:\/\/parduotuve.kondena.lt\/en\/wp-json\/wp\/v2\/comments?post=11481"}],"wp:featuredmedia":[{"embeddable":true,"href":"https:\/\/parduotuve.kondena.lt\/en\/wp-json\/wp\/v2\/media\/11482"}],"wp:attachment":[{"href":"https:\/\/parduotuve.kondena.lt\/en\/wp-json\/wp\/v2\/media?parent=11481"}],"wp:term":[{"taxonomy":"product_cat","embeddable":true,"href":"https:\/\/parduotuve.kondena.lt\/en\/wp-json\/wp\/v2\/product_cat?post=11481"},{"taxonomy":"product_tag","embeddable":true,"href":"https:\/\/parduotuve.kondena.lt\/en\/wp-json\/wp\/v2\/product_tag?post=11481"}],"curies":[{"name":"wp","href":"https:\/\/api.w.org\/{rel}","templated":true}]}}