{"id":11480,"date":"2021-10-19T07:25:23","date_gmt":"2021-10-19T07:25:23","guid":{"rendered":"http:\/\/parduotuve.kondena.lt\/?post_type=product&#038;p=11480"},"modified":"2021-10-19T07:32:40","modified_gmt":"2021-10-19T07:32:40","slug":"anglinis-filtras","status":"publish","type":"product","link":"https:\/\/parduotuve.kondena.lt\/en\/produktai\/anglinis-filtras\/","title":{"rendered":"Anglinis filtras"},"content":{"rendered":"<p>Anglinis filtras skirtas sulaikyti \u012fvairias ore i\u0161tirpusias med\u017eiagas i\u0161 tiekiamo arba \u0161alinamo oro. Angliniai filtrai efektyviai sulaiko tabako d\u016bmus, maisto kvapus, benzino, fenolio garus ir kitas buityje, vie\u0161ojoje aplinkoje ir pramon\u0117je i\u0161siskirian\u010dias med\u017eiagas.<\/p>","protected":false},"excerpt":{"rendered":"<p>Aktyvuotos anglies filtras skirtas sulaikyti \u012fvairias ore i\u0161tirpusias med\u017eiagas i\u0161 tiekiamo arba \u0161alinamo oro. Angliniai filtrai efektyviai sulaiko tabako d\u016bmus, maisto kvapus, benzino, fenolio garus ir kitas buityje, vie\u0161ojoje aplinkoje ir pramon\u0117je i\u0161siskirian\u010dias med\u017eiagas.<\/p>","protected":false},"featured_media":11484,"comment_status":"open","ping_status":"closed","template":"","meta":[],"product_cat":[141,211,212],"product_tag":[],"class_list":["post-11480","product","type-product","status-publish","has-post-thumbnail","hentry","product_cat-vedinimas","product_cat-filtrai","product_cat-angliniai-filtrai"],"acf":[],"yoast_head":"<!-- This site is optimized with the Yoast SEO plugin v20.13 - https:\/\/yoast.com\/wordpress\/plugins\/seo\/ -->\n<title>Anglinis filtras - Kondena<\/title>\n<meta name=\"description\" content=\"Anglinis filtras skirtas sulaikyti \u012fvairias ore i\u0161tirpusias med\u017eiagas i\u0161 tiekiamo arba \u0161alinamo oro, efektyviai sulaiko kvapus.\" \/>\n<meta name=\"robots\" content=\"index, follow, max-snippet:-1, max-image-preview:large, max-video-preview:-1\" \/>\n<link rel=\"canonical\" href=\"https:\/\/parduotuve.kondena.lt\/en\/produktai\/anglinis-filtras\/\" \/>\n<meta property=\"og:locale\" content=\"en_US\" \/>\n<meta property=\"og:type\" content=\"article\" \/>\n<meta property=\"og:title\" content=\"Anglinis filtras - Kondena\" \/>\n<meta property=\"og:description\" content=\"Anglinis filtras skirtas sulaikyti \u012fvairias ore i\u0161tirpusias med\u017eiagas i\u0161 tiekiamo arba \u0161alinamo oro, efektyviai sulaiko kvapus.\" \/>\n<meta property=\"og:url\" content=\"https:\/\/parduotuve.kondena.lt\/en\/produktai\/anglinis-filtras\/\" \/>\n<meta property=\"og:site_name\" content=\"Kondena\" \/>\n<meta property=\"article:modified_time\" content=\"2021-10-19T07:32:40+00:00\" \/>\n<meta property=\"og:image\" content=\"https:\/\/parduotuve.kondena.lt\/wp-content\/uploads\/2021\/10\/anglies-filtras-elica-cfc0141529a.jpg\" \/>\n\t<meta property=\"og:image:width\" content=\"900\" \/>\n\t<meta property=\"og:image:height\" content=\"900\" \/>\n\t<meta property=\"og:image:type\" content=\"image\/jpeg\" \/>\n<meta name=\"twitter:card\" content=\"summary_large_image\" \/>\n<meta name=\"twitter:label1\" content=\"Est. reading time\" \/>\n\t<meta name=\"twitter:data1\" content=\"1 minute\" \/>\n<script type=\"application\/ld+json\" class=\"yoast-schema-graph\">{\"@context\":\"https:\/\/schema.org\",\"@graph\":[{\"@type\":\"WebPage\",\"@id\":\"https:\/\/parduotuve.kondena.lt\/en\/produktai\/anglinis-filtras\/\",\"url\":\"https:\/\/parduotuve.kondena.lt\/en\/produktai\/anglinis-filtras\/\",\"name\":\"Anglinis filtras - Kondena\",\"isPartOf\":{\"@id\":\"https:\/\/parduotuve.kondena.lt\/#website\"},\"datePublished\":\"2021-10-19T07:25:23+00:00\",\"dateModified\":\"2021-10-19T07:32:40+00:00\",\"description\":\"Anglinis filtras skirtas sulaikyti \u012fvairias ore i\u0161tirpusias med\u017eiagas i\u0161 tiekiamo arba \u0161alinamo oro, efektyviai sulaiko kvapus.\",\"breadcrumb\":{\"@id\":\"https:\/\/parduotuve.kondena.lt\/en\/produktai\/anglinis-filtras\/#breadcrumb\"},\"inLanguage\":\"en-US\",\"potentialAction\":[{\"@type\":\"ReadAction\",\"target\":[\"https:\/\/parduotuve.kondena.lt\/en\/produktai\/anglinis-filtras\/\"]}]},{\"@type\":\"BreadcrumbList\",\"@id\":\"https:\/\/parduotuve.kondena.lt\/en\/produktai\/anglinis-filtras\/#breadcrumb\",\"itemListElement\":[{\"@type\":\"ListItem\",\"position\":1,\"name\":\"Parduotuv\u0117\",\"item\":\"https:\/\/parduotuve.kondena.lt\/parduotuve\/\"},{\"@type\":\"ListItem\",\"position\":2,\"name\":\"Anglinis filtras\"}]},{\"@type\":\"WebSite\",\"@id\":\"https:\/\/parduotuve.kondena.lt\/#website\",\"url\":\"https:\/\/parduotuve.kondena.lt\/\",\"name\":\"Kondena\",\"description\":\"Kol kas tik dar vienas WordPress tinklalapis\",\"potentialAction\":[{\"@type\":\"SearchAction\",\"target\":{\"@type\":\"EntryPoint\",\"urlTemplate\":\"https:\/\/parduotuve.kondena.lt\/?s={search_term_string}\"},\"query-input\":\"required name=search_term_string\"}],\"inLanguage\":\"en-US\"}]}<\/script>\n<!-- \/ Yoast SEO plugin. -->","yoast_head_json":{"title":"Anglinis filtras - Kondena","description":"Anglinis filtras skirtas sulaikyti \u012fvairias ore i\u0161tirpusias med\u017eiagas i\u0161 tiekiamo arba \u0161alinamo oro, efektyviai sulaiko kvapus.","robots":{"index":"index","follow":"follow","max-snippet":"max-snippet:-1","max-image-preview":"max-image-preview:large","max-video-preview":"max-video-preview:-1"},"canonical":"https:\/\/parduotuve.kondena.lt\/en\/produktai\/anglinis-filtras\/","og_locale":"en_US","og_type":"article","og_title":"Anglinis filtras - Kondena","og_description":"Anglinis filtras skirtas sulaikyti \u012fvairias ore i\u0161tirpusias med\u017eiagas i\u0161 tiekiamo arba \u0161alinamo oro, efektyviai sulaiko kvapus.","og_url":"https:\/\/parduotuve.kondena.lt\/en\/produktai\/anglinis-filtras\/","og_site_name":"Kondena","article_modified_time":"2021-10-19T07:32:40+00:00","og_image":[{"width":900,"height":900,"url":"https:\/\/parduotuve.kondena.lt\/wp-content\/uploads\/2021\/10\/anglies-filtras-elica-cfc0141529a.jpg","type":"image\/jpeg"}],"twitter_card":"summary_large_image","twitter_misc":{"Est. reading time":"1 minute"},"schema":{"@context":"https:\/\/schema.org","@graph":[{"@type":"WebPage","@id":"https:\/\/parduotuve.kondena.lt\/en\/produktai\/anglinis-filtras\/","url":"https:\/\/parduotuve.kondena.lt\/en\/produktai\/anglinis-filtras\/","name":"Anglinis filtras - Kondena","isPartOf":{"@id":"https:\/\/parduotuve.kondena.lt\/#website"},"datePublished":"2021-10-19T07:25:23+00:00","dateModified":"2021-10-19T07:32:40+00:00","description":"Anglinis filtras skirtas sulaikyti \u012fvairias ore i\u0161tirpusias med\u017eiagas i\u0161 tiekiamo arba \u0161alinamo oro, efektyviai sulaiko kvapus.","breadcrumb":{"@id":"https:\/\/parduotuve.kondena.lt\/en\/produktai\/anglinis-filtras\/#breadcrumb"},"inLanguage":"en-US","potentialAction":[{"@type":"ReadAction","target":["https:\/\/parduotuve.kondena.lt\/en\/produktai\/anglinis-filtras\/"]}]},{"@type":"BreadcrumbList","@id":"https:\/\/parduotuve.kondena.lt\/en\/produktai\/anglinis-filtras\/#breadcrumb","itemListElement":[{"@type":"ListItem","position":1,"name":"Parduotuv\u0117","item":"https:\/\/parduotuve.kondena.lt\/parduotuve\/"},{"@type":"ListItem","position":2,"name":"Anglinis filtras"}]},{"@type":"WebSite","@id":"https:\/\/parduotuve.kondena.lt\/#website","url":"https:\/\/parduotuve.kondena.lt\/","name":"Kondena","description":"Kol kas tik dar vienas WordPress tinklalapis","potentialAction":[{"@type":"SearchAction","target":{"@type":"EntryPoint","urlTemplate":"https:\/\/parduotuve.kondena.lt\/?s={search_term_string}"},"query-input":"required name=search_term_string"}],"inLanguage":"en-US"}]}},"_links":{"self":[{"href":"https:\/\/parduotuve.kondena.lt\/en\/wp-json\/wp\/v2\/product\/11480","targetHints":{"allow":["GET"]}}],"collection":[{"href":"https:\/\/parduotuve.kondena.lt\/en\/wp-json\/wp\/v2\/product"}],"about":[{"href":"https:\/\/parduotuve.kondena.lt\/en\/wp-json\/wp\/v2\/types\/product"}],"replies":[{"embeddable":true,"href":"https:\/\/parduotuve.kondena.lt\/en\/wp-json\/wp\/v2\/comments?post=11480"}],"wp:featuredmedia":[{"embeddable":true,"href":"https:\/\/parduotuve.kondena.lt\/en\/wp-json\/wp\/v2\/media\/11484"}],"wp:attachment":[{"href":"https:\/\/parduotuve.kondena.lt\/en\/wp-json\/wp\/v2\/media?parent=11480"}],"wp:term":[{"taxonomy":"product_cat","embeddable":true,"href":"https:\/\/parduotuve.kondena.lt\/en\/wp-json\/wp\/v2\/product_cat?post=11480"},{"taxonomy":"product_tag","embeddable":true,"href":"https:\/\/parduotuve.kondena.lt\/en\/wp-json\/wp\/v2\/product_tag?post=11480"}],"curies":[{"name":"wp","href":"https:\/\/api.w.org\/{rel}","templated":true}]}}