{"id":11478,"date":"2021-10-19T07:01:19","date_gmt":"2021-10-19T06:01:19","guid":{"rendered":"http:\/\/parduotuve.kondena.lt\/?post_type=product&#038;p=11478"},"modified":"2022-12-20T16:05:33","modified_gmt":"2022-12-20T15:05:33","slug":"nesiojamas-ozono-generatorius-elke-ac","status":"publish","type":"product","link":"https:\/\/parduotuve.kondena.lt\/en\/produktai\/nesiojamas-ozono-generatorius-elke-ac\/","title":{"rendered":"Portable ozone generator ELKE-AC"},"content":{"rendered":"<p>Ne\u0161iojamas ozono generatorius ELKE-AC &#8211; tai oro ir pavir\u0161i\u0173 dezinfekavimo sistema.<\/p>\n<p>Application<\/p>\n<p>Suitable for disinfecting and eliminating odors:<\/p>\n<ul>\n<li>for restaurants,<\/li>\n<li>kitchens<\/li>\n<li>hotel room disinfection,<\/li>\n<li>for home<\/li>\n<li>for offices,<\/li>\n<li>to eliminate the smell of food,<\/li>\n<li>car disinfection,<\/li>\n<li>container rooms.<\/li>\n<\/ul>\n<p><strong>There must be no people or animals in the room during ozonation. <\/strong><\/p>\n<p>After ozonation, the premises must be ventilated.<\/p>\n<p>1) <strong>NATURAL<\/strong> - can very well degrade the structure of other molecules. Used to kill viruses, bacteria, mold and fungus.<br \/>\n2) <strong>QUICK RESULTS<\/strong> - due to the short reaction time with other molecules, it is possible to return to the premises after disinfection.<br \/>\n3) <strong>ENVIRONMENTALLY FRIENDLY<\/strong> - leaves no residues of harmful chemicals.<br \/>\n4) <strong>EFFECTIVE<\/strong> - disinfection up to 99%.<\/p>","protected":false},"excerpt":{"rendered":"<p>1) <strong>NATURAL<\/strong> - can very well degrade the structure of other molecules. Used to kill viruses, bacteria, mold and fungus.<br \/>\n2) <strong>QUICK RESULTS<\/strong> - due to the short reaction time with other molecules, it is possible to return to the premises after disinfection.<br \/>\n3) <strong>ENVIRONMENTALLY FRIENDLY<\/strong> - leaves no residues of harmful chemicals.<br \/>\n4) <strong>EFFECTIVE<\/strong> - disinfection up to 99%.<\/p>","protected":false},"featured_media":11479,"comment_status":"open","ping_status":"closed","template":"","meta":[],"product_cat":[209,148],"product_tag":[],"class_list":["post-11478","product","type-product","status-publish","has-post-thumbnail","hentry","product_cat-ozono-generatorius","product_cat-dezinfekcija"],"acf":[],"yoast_head":"<!-- This site is optimized with the Yoast SEO plugin v20.13 - https:\/\/yoast.com\/wordpress\/plugins\/seo\/ -->\n<title>Ne\u0161iojamas ozono generatorius ELKE-AC - Kondena<\/title>\n<meta name=\"description\" content=\"Ne\u0161iojamas ozono generatorius ELKE-AC - tai oro ir pavir\u0161i\u0173 dezinfekavimo sistema skirta nedidel\u0117ms patalpoms kaip butai, kambariai, namai.\" \/>\n<meta name=\"robots\" content=\"index, follow, max-snippet:-1, max-image-preview:large, max-video-preview:-1\" \/>\n<link rel=\"canonical\" href=\"https:\/\/parduotuve.kondena.lt\/en\/produktai\/nesiojamas-ozono-generatorius-elke-ac\/\" \/>\n<meta property=\"og:locale\" content=\"en_US\" \/>\n<meta property=\"og:type\" content=\"article\" \/>\n<meta property=\"og:title\" content=\"Ne\u0161iojamas ozono generatorius ELKE-AC - Kondena\" \/>\n<meta property=\"og:description\" content=\"Ne\u0161iojamas ozono generatorius ELKE-AC - tai oro ir pavir\u0161i\u0173 dezinfekavimo sistema skirta nedidel\u0117ms patalpoms kaip butai, kambariai, namai.\" \/>\n<meta property=\"og:url\" content=\"https:\/\/parduotuve.kondena.lt\/en\/produktai\/nesiojamas-ozono-generatorius-elke-ac\/\" \/>\n<meta property=\"og:site_name\" content=\"Kondena\" \/>\n<meta property=\"article:modified_time\" content=\"2022-12-20T15:05:33+00:00\" \/>\n<meta property=\"og:image\" content=\"https:\/\/parduotuve.kondena.lt\/wp-content\/uploads\/2021\/10\/13.751B-002-1024x1016.png\" \/>\n\t<meta property=\"og:image:width\" content=\"1024\" \/>\n\t<meta property=\"og:image:height\" content=\"1016\" \/>\n\t<meta property=\"og:image:type\" content=\"image\/png\" \/>\n<meta name=\"twitter:card\" content=\"summary_large_image\" \/>\n<meta name=\"twitter:label1\" content=\"Est. reading time\" \/>\n\t<meta name=\"twitter:data1\" content=\"1 minute\" \/>\n<script type=\"application\/ld+json\" class=\"yoast-schema-graph\">{\"@context\":\"https:\/\/schema.org\",\"@graph\":[{\"@type\":\"WebPage\",\"@id\":\"https:\/\/parduotuve.kondena.lt\/produktai\/nesiojamas-ozono-generatorius-elke-ac\/\",\"url\":\"https:\/\/parduotuve.kondena.lt\/produktai\/nesiojamas-ozono-generatorius-elke-ac\/\",\"name\":\"Ne\u0161iojamas ozono generatorius ELKE-AC - Kondena\",\"isPartOf\":{\"@id\":\"https:\/\/parduotuve.kondena.lt\/#website\"},\"datePublished\":\"2021-10-19T06:01:19+00:00\",\"dateModified\":\"2022-12-20T15:05:33+00:00\",\"description\":\"Ne\u0161iojamas ozono generatorius ELKE-AC - tai oro ir pavir\u0161i\u0173 dezinfekavimo sistema skirta nedidel\u0117ms patalpoms kaip butai, kambariai, namai.\",\"breadcrumb\":{\"@id\":\"https:\/\/parduotuve.kondena.lt\/produktai\/nesiojamas-ozono-generatorius-elke-ac\/#breadcrumb\"},\"inLanguage\":\"en-US\",\"potentialAction\":[{\"@type\":\"ReadAction\",\"target\":[\"https:\/\/parduotuve.kondena.lt\/produktai\/nesiojamas-ozono-generatorius-elke-ac\/\"]}]},{\"@type\":\"BreadcrumbList\",\"@id\":\"https:\/\/parduotuve.kondena.lt\/produktai\/nesiojamas-ozono-generatorius-elke-ac\/#breadcrumb\",\"itemListElement\":[{\"@type\":\"ListItem\",\"position\":1,\"name\":\"Parduotuv\u0117\",\"item\":\"https:\/\/parduotuve.kondena.lt\/parduotuve\/\"},{\"@type\":\"ListItem\",\"position\":2,\"name\":\"Ne\u0161iojamas ozono generatorius ELKE-AC\"}]},{\"@type\":\"WebSite\",\"@id\":\"https:\/\/parduotuve.kondena.lt\/#website\",\"url\":\"https:\/\/parduotuve.kondena.lt\/\",\"name\":\"Kondena\",\"description\":\"Kol kas tik dar vienas WordPress tinklalapis\",\"potentialAction\":[{\"@type\":\"SearchAction\",\"target\":{\"@type\":\"EntryPoint\",\"urlTemplate\":\"https:\/\/parduotuve.kondena.lt\/?s={search_term_string}\"},\"query-input\":\"required name=search_term_string\"}],\"inLanguage\":\"en-US\"}]}<\/script>\n<!-- \/ Yoast SEO plugin. -->","yoast_head_json":{"title":"Ne\u0161iojamas ozono generatorius ELKE-AC - Kondena","description":"Ne\u0161iojamas ozono generatorius ELKE-AC - tai oro ir pavir\u0161i\u0173 dezinfekavimo sistema skirta nedidel\u0117ms patalpoms kaip butai, kambariai, namai.","robots":{"index":"index","follow":"follow","max-snippet":"max-snippet:-1","max-image-preview":"max-image-preview:large","max-video-preview":"max-video-preview:-1"},"canonical":"https:\/\/parduotuve.kondena.lt\/en\/produktai\/nesiojamas-ozono-generatorius-elke-ac\/","og_locale":"en_US","og_type":"article","og_title":"Ne\u0161iojamas ozono generatorius ELKE-AC - Kondena","og_description":"Ne\u0161iojamas ozono generatorius ELKE-AC - tai oro ir pavir\u0161i\u0173 dezinfekavimo sistema skirta nedidel\u0117ms patalpoms kaip butai, kambariai, namai.","og_url":"https:\/\/parduotuve.kondena.lt\/en\/produktai\/nesiojamas-ozono-generatorius-elke-ac\/","og_site_name":"Kondena","article_modified_time":"2022-12-20T15:05:33+00:00","og_image":[{"width":1024,"height":1016,"url":"https:\/\/parduotuve.kondena.lt\/wp-content\/uploads\/2021\/10\/13.751B-002-1024x1016.png","type":"image\/png"}],"twitter_card":"summary_large_image","twitter_misc":{"Est. reading time":"1 minute"},"schema":{"@context":"https:\/\/schema.org","@graph":[{"@type":"WebPage","@id":"https:\/\/parduotuve.kondena.lt\/produktai\/nesiojamas-ozono-generatorius-elke-ac\/","url":"https:\/\/parduotuve.kondena.lt\/produktai\/nesiojamas-ozono-generatorius-elke-ac\/","name":"Ne\u0161iojamas ozono generatorius ELKE-AC - Kondena","isPartOf":{"@id":"https:\/\/parduotuve.kondena.lt\/#website"},"datePublished":"2021-10-19T06:01:19+00:00","dateModified":"2022-12-20T15:05:33+00:00","description":"Ne\u0161iojamas ozono generatorius ELKE-AC - tai oro ir pavir\u0161i\u0173 dezinfekavimo sistema skirta nedidel\u0117ms patalpoms kaip butai, kambariai, namai.","breadcrumb":{"@id":"https:\/\/parduotuve.kondena.lt\/produktai\/nesiojamas-ozono-generatorius-elke-ac\/#breadcrumb"},"inLanguage":"en-US","potentialAction":[{"@type":"ReadAction","target":["https:\/\/parduotuve.kondena.lt\/produktai\/nesiojamas-ozono-generatorius-elke-ac\/"]}]},{"@type":"BreadcrumbList","@id":"https:\/\/parduotuve.kondena.lt\/produktai\/nesiojamas-ozono-generatorius-elke-ac\/#breadcrumb","itemListElement":[{"@type":"ListItem","position":1,"name":"Parduotuv\u0117","item":"https:\/\/parduotuve.kondena.lt\/parduotuve\/"},{"@type":"ListItem","position":2,"name":"Ne\u0161iojamas ozono generatorius ELKE-AC"}]},{"@type":"WebSite","@id":"https:\/\/parduotuve.kondena.lt\/#website","url":"https:\/\/parduotuve.kondena.lt\/","name":"Kondena","description":"Kol kas tik dar vienas WordPress tinklalapis","potentialAction":[{"@type":"SearchAction","target":{"@type":"EntryPoint","urlTemplate":"https:\/\/parduotuve.kondena.lt\/?s={search_term_string}"},"query-input":"required name=search_term_string"}],"inLanguage":"en-US"}]}},"_links":{"self":[{"href":"https:\/\/parduotuve.kondena.lt\/en\/wp-json\/wp\/v2\/product\/11478","targetHints":{"allow":["GET"]}}],"collection":[{"href":"https:\/\/parduotuve.kondena.lt\/en\/wp-json\/wp\/v2\/product"}],"about":[{"href":"https:\/\/parduotuve.kondena.lt\/en\/wp-json\/wp\/v2\/types\/product"}],"replies":[{"embeddable":true,"href":"https:\/\/parduotuve.kondena.lt\/en\/wp-json\/wp\/v2\/comments?post=11478"}],"wp:featuredmedia":[{"embeddable":true,"href":"https:\/\/parduotuve.kondena.lt\/en\/wp-json\/wp\/v2\/media\/11479"}],"wp:attachment":[{"href":"https:\/\/parduotuve.kondena.lt\/en\/wp-json\/wp\/v2\/media?parent=11478"}],"wp:term":[{"taxonomy":"product_cat","embeddable":true,"href":"https:\/\/parduotuve.kondena.lt\/en\/wp-json\/wp\/v2\/product_cat?post=11478"},{"taxonomy":"product_tag","embeddable":true,"href":"https:\/\/parduotuve.kondena.lt\/en\/wp-json\/wp\/v2\/product_tag?post=11478"}],"curies":[{"name":"wp","href":"https:\/\/api.w.org\/{rel}","templated":true}]}}