{"id":11472,"date":"2021-10-19T06:41:33","date_gmt":"2021-10-19T05:41:33","guid":{"rendered":"http:\/\/parduotuve.kondena.lt\/?post_type=product&#038;p=11472"},"modified":"2021-11-26T12:57:27","modified_gmt":"2021-11-26T11:57:27","slug":"uv-c-oro-dezinfekavimo-irenginys-uv-flow-wl","status":"publish","type":"product","link":"https:\/\/parduotuve.kondena.lt\/en\/produktai\/uv-c-oro-dezinfekavimo-irenginys-uv-flow-wl\/","title":{"rendered":"UV-C air disinfection unit UV-FLOW-WL"},"content":{"rendered":"<p><strong>UV-C air disinfector UV-FLOW-WL:<\/strong><\/p>\n<p>The UV-C air disinfector UV-FLOW-WL is a controlled unidirectional flow device with an operating range of 180 \u00b0.<br \/>\nThe powerful UV lamp is supplied in 2 different power models, each with a radiation peak at a wavelength of 235.7 nm. (nanometers), which has a strong bactericidal effect on all micro-organisms (molds, bacteria and viruses)<\/p>\n<p>UV-FLOW has a steel construction and an internal mirror reflector that creates parallel UV rays when reflected. These rays pass through a special black laminated grid that directs the UV rays into a one-way stream (the \u201cUV blade\u201d).<br \/>\nand installed in accordance with the instructions, this device can be used in the presence of people for intensive and continuous disinfection<\/p>\n<p>The UV-C air disinfector UV-FLOW-WL must be attached to the wall at a set minimum height (see Technical Specifications) from the floor to create a special horizontal flow. The flow under the ceiling will create an \"area of \u200b\u200bintense radiation\" that destroys all microorganisms in the air due to natural air convection.<\/p>\n<p>Microbial-rich air is continuously treated and disinfected with ultraviolet light; gradual decontamination of bacteria, viruses and mold is carried out, reducing the possibility of transmission of bacteria, viruses and infection in general.<\/p>\n<p>Continuous exposure ensures a continuous and progressive healthy environment, especially in hospitals, schools, restaurants, premises such as offices, laboratories, etc. such as tuberculosis and other diseases that can be transmitted by air.<\/p>","protected":false},"excerpt":{"rendered":"<p>Designed to ensure continuous and even high quality UV-C air purification in any room!<\/p>\n<p>- 254 Nm ozone-free UV-C lamps<br \/>\n- Operating radius 180 \u00b0<br \/>\n- Safe to use 24\/7 hanging over people.<br \/>\n- Safety switch<\/p>\n<p>60H-WL 60W is designed for 37m2<br \/>\nMinimum ceiling height 2.8m<\/p>\n<p>90H-WL 90W is designed for 50m2<br \/>\nMinimum ceiling height 3m<\/p>","protected":false},"featured_media":11477,"comment_status":"open","ping_status":"closed","template":"","meta":[],"product_cat":[207,148],"product_tag":[],"class_list":["post-11472","product","type-product","status-publish","has-post-thumbnail","hentry","product_cat-uv-c-irenginiai","product_cat-dezinfekcija"],"acf":[],"yoast_head":"<!-- This site is optimized with the Yoast SEO plugin v20.13 - https:\/\/yoast.com\/wordpress\/plugins\/seo\/ -->\n<title>UV-C oro dezinfekavimo \u012frenginys UV-FLOW-WL - Kondena<\/title>\n<meta name=\"description\" content=\"UV-C oro dezinfekavimo \u012frenginys UV-FLOW-WL skirtas u\u017etikrinti nuolatin\u012f oro nukenksminim\u0105 d\u0117l auk\u0161tos kokyb\u0117s UV technologijos.\" \/>\n<meta name=\"robots\" content=\"index, follow, max-snippet:-1, max-image-preview:large, max-video-preview:-1\" \/>\n<link rel=\"canonical\" href=\"https:\/\/parduotuve.kondena.lt\/en\/produktai\/uv-c-oro-dezinfekavimo-irenginys-uv-flow-wl\/\" \/>\n<meta property=\"og:locale\" content=\"en_US\" \/>\n<meta property=\"og:type\" content=\"article\" \/>\n<meta property=\"og:title\" content=\"UV-C oro dezinfekavimo \u012frenginys UV-FLOW-WL - Kondena\" \/>\n<meta property=\"og:description\" content=\"UV-C oro dezinfekavimo \u012frenginys UV-FLOW-WL skirtas u\u017etikrinti nuolatin\u012f oro nukenksminim\u0105 d\u0117l auk\u0161tos kokyb\u0117s UV technologijos.\" \/>\n<meta property=\"og:url\" content=\"https:\/\/parduotuve.kondena.lt\/en\/produktai\/uv-c-oro-dezinfekavimo-irenginys-uv-flow-wl\/\" \/>\n<meta property=\"og:site_name\" content=\"Kondena\" \/>\n<meta property=\"article:modified_time\" content=\"2021-11-26T11:57:27+00:00\" \/>\n<meta property=\"og:image\" content=\"https:\/\/parduotuve.kondena.lt\/wp-content\/uploads\/2021\/10\/10.png\" \/>\n\t<meta property=\"og:image:width\" content=\"1080\" \/>\n\t<meta property=\"og:image:height\" content=\"1080\" \/>\n\t<meta property=\"og:image:type\" content=\"image\/png\" \/>\n<meta name=\"twitter:card\" content=\"summary_large_image\" \/>\n<meta name=\"twitter:label1\" content=\"Est. reading time\" \/>\n\t<meta name=\"twitter:data1\" content=\"1 minute\" \/>\n<script type=\"application\/ld+json\" class=\"yoast-schema-graph\">{\"@context\":\"https:\/\/schema.org\",\"@graph\":[{\"@type\":\"WebPage\",\"@id\":\"https:\/\/parduotuve.kondena.lt\/en\/produktai\/uv-c-oro-dezinfekavimo-irenginys-uv-flow-wl\/\",\"url\":\"https:\/\/parduotuve.kondena.lt\/en\/produktai\/uv-c-oro-dezinfekavimo-irenginys-uv-flow-wl\/\",\"name\":\"UV-C oro dezinfekavimo \u012frenginys UV-FLOW-WL - Kondena\",\"isPartOf\":{\"@id\":\"https:\/\/parduotuve.kondena.lt\/#website\"},\"datePublished\":\"2021-10-19T05:41:33+00:00\",\"dateModified\":\"2021-11-26T11:57:27+00:00\",\"description\":\"UV-C oro dezinfekavimo \u012frenginys UV-FLOW-WL skirtas u\u017etikrinti nuolatin\u012f oro nukenksminim\u0105 d\u0117l auk\u0161tos kokyb\u0117s UV technologijos.\",\"breadcrumb\":{\"@id\":\"https:\/\/parduotuve.kondena.lt\/en\/produktai\/uv-c-oro-dezinfekavimo-irenginys-uv-flow-wl\/#breadcrumb\"},\"inLanguage\":\"en-US\",\"potentialAction\":[{\"@type\":\"ReadAction\",\"target\":[\"https:\/\/parduotuve.kondena.lt\/en\/produktai\/uv-c-oro-dezinfekavimo-irenginys-uv-flow-wl\/\"]}]},{\"@type\":\"BreadcrumbList\",\"@id\":\"https:\/\/parduotuve.kondena.lt\/en\/produktai\/uv-c-oro-dezinfekavimo-irenginys-uv-flow-wl\/#breadcrumb\",\"itemListElement\":[{\"@type\":\"ListItem\",\"position\":1,\"name\":\"Parduotuv\u0117\",\"item\":\"https:\/\/parduotuve.kondena.lt\/parduotuve\/\"},{\"@type\":\"ListItem\",\"position\":2,\"name\":\"UV-C oro dezinfekavimo \u012frenginys UV-FLOW-WL\"}]},{\"@type\":\"WebSite\",\"@id\":\"https:\/\/parduotuve.kondena.lt\/#website\",\"url\":\"https:\/\/parduotuve.kondena.lt\/\",\"name\":\"Kondena\",\"description\":\"Kol kas tik dar vienas WordPress tinklalapis\",\"potentialAction\":[{\"@type\":\"SearchAction\",\"target\":{\"@type\":\"EntryPoint\",\"urlTemplate\":\"https:\/\/parduotuve.kondena.lt\/?s={search_term_string}\"},\"query-input\":\"required name=search_term_string\"}],\"inLanguage\":\"en-US\"}]}<\/script>\n<!-- \/ Yoast SEO plugin. -->","yoast_head_json":{"title":"UV-C oro dezinfekavimo \u012frenginys UV-FLOW-WL - Kondena","description":"UV-C oro dezinfekavimo \u012frenginys UV-FLOW-WL skirtas u\u017etikrinti nuolatin\u012f oro nukenksminim\u0105 d\u0117l auk\u0161tos kokyb\u0117s UV technologijos.","robots":{"index":"index","follow":"follow","max-snippet":"max-snippet:-1","max-image-preview":"max-image-preview:large","max-video-preview":"max-video-preview:-1"},"canonical":"https:\/\/parduotuve.kondena.lt\/en\/produktai\/uv-c-oro-dezinfekavimo-irenginys-uv-flow-wl\/","og_locale":"en_US","og_type":"article","og_title":"UV-C oro dezinfekavimo \u012frenginys UV-FLOW-WL - Kondena","og_description":"UV-C oro dezinfekavimo \u012frenginys UV-FLOW-WL skirtas u\u017etikrinti nuolatin\u012f oro nukenksminim\u0105 d\u0117l auk\u0161tos kokyb\u0117s UV technologijos.","og_url":"https:\/\/parduotuve.kondena.lt\/en\/produktai\/uv-c-oro-dezinfekavimo-irenginys-uv-flow-wl\/","og_site_name":"Kondena","article_modified_time":"2021-11-26T11:57:27+00:00","og_image":[{"width":1080,"height":1080,"url":"https:\/\/parduotuve.kondena.lt\/wp-content\/uploads\/2021\/10\/10.png","type":"image\/png"}],"twitter_card":"summary_large_image","twitter_misc":{"Est. reading time":"1 minute"},"schema":{"@context":"https:\/\/schema.org","@graph":[{"@type":"WebPage","@id":"https:\/\/parduotuve.kondena.lt\/en\/produktai\/uv-c-oro-dezinfekavimo-irenginys-uv-flow-wl\/","url":"https:\/\/parduotuve.kondena.lt\/en\/produktai\/uv-c-oro-dezinfekavimo-irenginys-uv-flow-wl\/","name":"UV-C oro dezinfekavimo \u012frenginys UV-FLOW-WL - Kondena","isPartOf":{"@id":"https:\/\/parduotuve.kondena.lt\/#website"},"datePublished":"2021-10-19T05:41:33+00:00","dateModified":"2021-11-26T11:57:27+00:00","description":"UV-C oro dezinfekavimo \u012frenginys UV-FLOW-WL skirtas u\u017etikrinti nuolatin\u012f oro nukenksminim\u0105 d\u0117l auk\u0161tos kokyb\u0117s UV technologijos.","breadcrumb":{"@id":"https:\/\/parduotuve.kondena.lt\/en\/produktai\/uv-c-oro-dezinfekavimo-irenginys-uv-flow-wl\/#breadcrumb"},"inLanguage":"en-US","potentialAction":[{"@type":"ReadAction","target":["https:\/\/parduotuve.kondena.lt\/en\/produktai\/uv-c-oro-dezinfekavimo-irenginys-uv-flow-wl\/"]}]},{"@type":"BreadcrumbList","@id":"https:\/\/parduotuve.kondena.lt\/en\/produktai\/uv-c-oro-dezinfekavimo-irenginys-uv-flow-wl\/#breadcrumb","itemListElement":[{"@type":"ListItem","position":1,"name":"Parduotuv\u0117","item":"https:\/\/parduotuve.kondena.lt\/parduotuve\/"},{"@type":"ListItem","position":2,"name":"UV-C oro dezinfekavimo \u012frenginys UV-FLOW-WL"}]},{"@type":"WebSite","@id":"https:\/\/parduotuve.kondena.lt\/#website","url":"https:\/\/parduotuve.kondena.lt\/","name":"Kondena","description":"Kol kas tik dar vienas WordPress tinklalapis","potentialAction":[{"@type":"SearchAction","target":{"@type":"EntryPoint","urlTemplate":"https:\/\/parduotuve.kondena.lt\/?s={search_term_string}"},"query-input":"required name=search_term_string"}],"inLanguage":"en-US"}]}},"_links":{"self":[{"href":"https:\/\/parduotuve.kondena.lt\/en\/wp-json\/wp\/v2\/product\/11472","targetHints":{"allow":["GET"]}}],"collection":[{"href":"https:\/\/parduotuve.kondena.lt\/en\/wp-json\/wp\/v2\/product"}],"about":[{"href":"https:\/\/parduotuve.kondena.lt\/en\/wp-json\/wp\/v2\/types\/product"}],"replies":[{"embeddable":true,"href":"https:\/\/parduotuve.kondena.lt\/en\/wp-json\/wp\/v2\/comments?post=11472"}],"wp:featuredmedia":[{"embeddable":true,"href":"https:\/\/parduotuve.kondena.lt\/en\/wp-json\/wp\/v2\/media\/11477"}],"wp:attachment":[{"href":"https:\/\/parduotuve.kondena.lt\/en\/wp-json\/wp\/v2\/media?parent=11472"}],"wp:term":[{"taxonomy":"product_cat","embeddable":true,"href":"https:\/\/parduotuve.kondena.lt\/en\/wp-json\/wp\/v2\/product_cat?post=11472"},{"taxonomy":"product_tag","embeddable":true,"href":"https:\/\/parduotuve.kondena.lt\/en\/wp-json\/wp\/v2\/product_tag?post=11472"}],"curies":[{"name":"wp","href":"https:\/\/api.w.org\/{rel}","templated":true}]}}