{"id":11462,"date":"2021-10-19T06:37:31","date_gmt":"2021-10-19T06:37:31","guid":{"rendered":"http:\/\/parduotuve.kondena.lt\/?post_type=product&#038;p=11462"},"modified":"2021-11-26T12:57:25","modified_gmt":"2021-11-26T11:57:25","slug":"uv-c-oro-dezinfekavimo-irenginys-uv-fan_xs","status":"publish","type":"product","link":"https:\/\/parduotuve.kondena.lt\/en\/produktai\/uv-c-oro-dezinfekavimo-irenginys-uv-fan_xs\/","title":{"rendered":"UV-C air disinfection unit UV-FAN_XS"},"content":{"rendered":"<p><strong>UV-C air disinfection unit UV-FAN_XS:<\/strong><\/p>\n<p>Key features of UV-FAN-XS to ensure continuous air decontamination due to high quality UV technology and in any type of environment:<\/p>\n<ul>\n<li>Housing made of epoxy powder coated steel or AISI 304 stainless steel (model\u2026 -NX).<\/li>\n<li>Selective UV-C lamp (at 253.7 nm) High-performance, high-power UVC, ozone-free, for human use around the clock<\/li>\n<li>Bactericidal inner chamber made of special ultra-pure aluminum with high UV-C 253.7 nm reflectance<\/li>\n<li>Continuity of treatment 24 hours a day: for human use. ISO 15858 safety standard for devices with UV-C lamps.<\/li>\n<li>Special TiOx\u00ae technology (registered trademark of Light Progress Srl) with photocatalytic titanium dioxide, which removes organic and inorganic pollutants<\/li>\n<li>Compliance with ISO 15714, which specifies the dose of UV-C emitted and required<\/li>\n<li>Meets the noise standards of Directive 2006\/42 \/ EC &lt;36db at a distance of one meter<\/li>\n<li>Wall mounting, is a set for floor mounting<\/li>\n<li>Socket for visual inspection of lamps, transparent to visible light, but does not allow penetration of UV-C rays<\/li>\n<li>2 meter cable with plug<\/li>\n<li>Safety microswitch: allows the lamps to be switched off when the device is opened to allow access to the bactericidal chamber to prevent UV-C light from maintenance personnel<\/li>\n<li>CE marking (LVD 73\/23 - EMC 89\/336 - MD 93\/42), ISO 60335-1-2<\/li>\n<li>Power supply with electronic ballast typical of UV-C lamps.<\/li>\n<li>All materials used are tested and resistant to intense UV-C rays.<\/li>\n<li>Suitable for Class 1 devices - protected areas<\/li>\n<\/ul>","protected":false},"excerpt":{"rendered":"<p>Designed to ensure continuous and even high quality UV-C air purification in any room!<\/p>\n<p>- 254 Nm ozone-free UV-C lamps<br \/>\n- Stainless steel housing AISI 304<br \/>\n<strong>- Safe to use 24\/7 hanging over people<\/strong>, saugos standartas ISO 15858<br \/>\n- Built or wall mounted<br \/>\n- Automatic protection: the lamps switch off automatically when the housing is opened<br \/>\n- Suitable for an area of \u200b\u200b70m2<\/p>","protected":false},"featured_media":11464,"comment_status":"open","ping_status":"closed","template":"","meta":[],"product_cat":[207,148],"product_tag":[],"class_list":["post-11462","product","type-product","status-publish","has-post-thumbnail","hentry","product_cat-uv-c-irenginiai","product_cat-dezinfekcija"],"acf":[],"yoast_head":"<!-- This site is optimized with the Yoast SEO plugin v20.13 - https:\/\/yoast.com\/wordpress\/plugins\/seo\/ -->\n<title>UV-C oro dezinfekavimo \u012frenginys UV-FAN_XS - Kondena<\/title>\n<meta name=\"description\" content=\"UV-C oro dezinfekavimo \u012frenginys UV-FAN_XS skirtass u\u017etikrinti nuolatin\u012f oro nukenksminim\u0105 d\u0117l auk\u0161tos kokyb\u0117s UV technologijos.\" \/>\n<meta name=\"robots\" content=\"index, follow, max-snippet:-1, max-image-preview:large, max-video-preview:-1\" \/>\n<link rel=\"canonical\" href=\"https:\/\/parduotuve.kondena.lt\/en\/produktai\/uv-c-oro-dezinfekavimo-irenginys-uv-fan_xs\/\" \/>\n<meta property=\"og:locale\" content=\"en_US\" \/>\n<meta property=\"og:type\" content=\"article\" \/>\n<meta property=\"og:title\" content=\"UV-C oro dezinfekavimo \u012frenginys UV-FAN_XS - Kondena\" \/>\n<meta property=\"og:description\" content=\"UV-C oro dezinfekavimo \u012frenginys UV-FAN_XS skirtass u\u017etikrinti nuolatin\u012f oro nukenksminim\u0105 d\u0117l auk\u0161tos kokyb\u0117s UV technologijos.\" \/>\n<meta property=\"og:url\" content=\"https:\/\/parduotuve.kondena.lt\/en\/produktai\/uv-c-oro-dezinfekavimo-irenginys-uv-fan_xs\/\" \/>\n<meta property=\"og:site_name\" content=\"Kondena\" \/>\n<meta property=\"article:modified_time\" content=\"2021-11-26T11:57:25+00:00\" \/>\n<meta property=\"og:image\" content=\"https:\/\/parduotuve.kondena.lt\/wp-content\/uploads\/2021\/10\/2_1_UV-FAN-XS_orizzonatale-iso-22.jpg\" \/>\n\t<meta property=\"og:image:width\" content=\"1200\" \/>\n\t<meta property=\"og:image:height\" content=\"751\" \/>\n\t<meta property=\"og:image:type\" content=\"image\/jpeg\" \/>\n<meta name=\"twitter:card\" content=\"summary_large_image\" \/>\n<meta name=\"twitter:label1\" content=\"Est. reading time\" \/>\n\t<meta name=\"twitter:data1\" content=\"1 minute\" \/>\n<script type=\"application\/ld+json\" class=\"yoast-schema-graph\">{\"@context\":\"https:\/\/schema.org\",\"@graph\":[{\"@type\":\"WebPage\",\"@id\":\"https:\/\/parduotuve.kondena.lt\/en\/produktai\/uv-c-oro-dezinfekavimo-irenginys-uv-fan_xs\/\",\"url\":\"https:\/\/parduotuve.kondena.lt\/en\/produktai\/uv-c-oro-dezinfekavimo-irenginys-uv-fan_xs\/\",\"name\":\"UV-C oro dezinfekavimo \u012frenginys UV-FAN_XS - Kondena\",\"isPartOf\":{\"@id\":\"https:\/\/parduotuve.kondena.lt\/#website\"},\"datePublished\":\"2021-10-19T06:37:31+00:00\",\"dateModified\":\"2021-11-26T11:57:25+00:00\",\"description\":\"UV-C oro dezinfekavimo \u012frenginys UV-FAN_XS skirtass u\u017etikrinti nuolatin\u012f oro nukenksminim\u0105 d\u0117l auk\u0161tos kokyb\u0117s UV technologijos.\",\"breadcrumb\":{\"@id\":\"https:\/\/parduotuve.kondena.lt\/en\/produktai\/uv-c-oro-dezinfekavimo-irenginys-uv-fan_xs\/#breadcrumb\"},\"inLanguage\":\"en-US\",\"potentialAction\":[{\"@type\":\"ReadAction\",\"target\":[\"https:\/\/parduotuve.kondena.lt\/en\/produktai\/uv-c-oro-dezinfekavimo-irenginys-uv-fan_xs\/\"]}]},{\"@type\":\"BreadcrumbList\",\"@id\":\"https:\/\/parduotuve.kondena.lt\/en\/produktai\/uv-c-oro-dezinfekavimo-irenginys-uv-fan_xs\/#breadcrumb\",\"itemListElement\":[{\"@type\":\"ListItem\",\"position\":1,\"name\":\"Parduotuv\u0117\",\"item\":\"https:\/\/parduotuve.kondena.lt\/parduotuve\/\"},{\"@type\":\"ListItem\",\"position\":2,\"name\":\"UV-C oro dezinfekavimo \u012frenginys UV-FAN_XS\"}]},{\"@type\":\"WebSite\",\"@id\":\"https:\/\/parduotuve.kondena.lt\/#website\",\"url\":\"https:\/\/parduotuve.kondena.lt\/\",\"name\":\"Kondena\",\"description\":\"Kol kas tik dar vienas WordPress tinklalapis\",\"potentialAction\":[{\"@type\":\"SearchAction\",\"target\":{\"@type\":\"EntryPoint\",\"urlTemplate\":\"https:\/\/parduotuve.kondena.lt\/?s={search_term_string}\"},\"query-input\":\"required name=search_term_string\"}],\"inLanguage\":\"en-US\"}]}<\/script>\n<!-- \/ Yoast SEO plugin. -->","yoast_head_json":{"title":"UV-C oro dezinfekavimo \u012frenginys UV-FAN_XS - Kondena","description":"UV-C oro dezinfekavimo \u012frenginys UV-FAN_XS skirtass u\u017etikrinti nuolatin\u012f oro nukenksminim\u0105 d\u0117l auk\u0161tos kokyb\u0117s UV technologijos.","robots":{"index":"index","follow":"follow","max-snippet":"max-snippet:-1","max-image-preview":"max-image-preview:large","max-video-preview":"max-video-preview:-1"},"canonical":"https:\/\/parduotuve.kondena.lt\/en\/produktai\/uv-c-oro-dezinfekavimo-irenginys-uv-fan_xs\/","og_locale":"en_US","og_type":"article","og_title":"UV-C oro dezinfekavimo \u012frenginys UV-FAN_XS - Kondena","og_description":"UV-C oro dezinfekavimo \u012frenginys UV-FAN_XS skirtass u\u017etikrinti nuolatin\u012f oro nukenksminim\u0105 d\u0117l auk\u0161tos kokyb\u0117s UV technologijos.","og_url":"https:\/\/parduotuve.kondena.lt\/en\/produktai\/uv-c-oro-dezinfekavimo-irenginys-uv-fan_xs\/","og_site_name":"Kondena","article_modified_time":"2021-11-26T11:57:25+00:00","og_image":[{"width":1200,"height":751,"url":"https:\/\/parduotuve.kondena.lt\/wp-content\/uploads\/2021\/10\/2_1_UV-FAN-XS_orizzonatale-iso-22.jpg","type":"image\/jpeg"}],"twitter_card":"summary_large_image","twitter_misc":{"Est. reading time":"1 minute"},"schema":{"@context":"https:\/\/schema.org","@graph":[{"@type":"WebPage","@id":"https:\/\/parduotuve.kondena.lt\/en\/produktai\/uv-c-oro-dezinfekavimo-irenginys-uv-fan_xs\/","url":"https:\/\/parduotuve.kondena.lt\/en\/produktai\/uv-c-oro-dezinfekavimo-irenginys-uv-fan_xs\/","name":"UV-C oro dezinfekavimo \u012frenginys UV-FAN_XS - Kondena","isPartOf":{"@id":"https:\/\/parduotuve.kondena.lt\/#website"},"datePublished":"2021-10-19T06:37:31+00:00","dateModified":"2021-11-26T11:57:25+00:00","description":"UV-C oro dezinfekavimo \u012frenginys UV-FAN_XS skirtass u\u017etikrinti nuolatin\u012f oro nukenksminim\u0105 d\u0117l auk\u0161tos kokyb\u0117s UV technologijos.","breadcrumb":{"@id":"https:\/\/parduotuve.kondena.lt\/en\/produktai\/uv-c-oro-dezinfekavimo-irenginys-uv-fan_xs\/#breadcrumb"},"inLanguage":"en-US","potentialAction":[{"@type":"ReadAction","target":["https:\/\/parduotuve.kondena.lt\/en\/produktai\/uv-c-oro-dezinfekavimo-irenginys-uv-fan_xs\/"]}]},{"@type":"BreadcrumbList","@id":"https:\/\/parduotuve.kondena.lt\/en\/produktai\/uv-c-oro-dezinfekavimo-irenginys-uv-fan_xs\/#breadcrumb","itemListElement":[{"@type":"ListItem","position":1,"name":"Parduotuv\u0117","item":"https:\/\/parduotuve.kondena.lt\/parduotuve\/"},{"@type":"ListItem","position":2,"name":"UV-C oro dezinfekavimo \u012frenginys UV-FAN_XS"}]},{"@type":"WebSite","@id":"https:\/\/parduotuve.kondena.lt\/#website","url":"https:\/\/parduotuve.kondena.lt\/","name":"Kondena","description":"Kol kas tik dar vienas WordPress tinklalapis","potentialAction":[{"@type":"SearchAction","target":{"@type":"EntryPoint","urlTemplate":"https:\/\/parduotuve.kondena.lt\/?s={search_term_string}"},"query-input":"required name=search_term_string"}],"inLanguage":"en-US"}]}},"_links":{"self":[{"href":"https:\/\/parduotuve.kondena.lt\/en\/wp-json\/wp\/v2\/product\/11462","targetHints":{"allow":["GET"]}}],"collection":[{"href":"https:\/\/parduotuve.kondena.lt\/en\/wp-json\/wp\/v2\/product"}],"about":[{"href":"https:\/\/parduotuve.kondena.lt\/en\/wp-json\/wp\/v2\/types\/product"}],"replies":[{"embeddable":true,"href":"https:\/\/parduotuve.kondena.lt\/en\/wp-json\/wp\/v2\/comments?post=11462"}],"wp:featuredmedia":[{"embeddable":true,"href":"https:\/\/parduotuve.kondena.lt\/en\/wp-json\/wp\/v2\/media\/11464"}],"wp:attachment":[{"href":"https:\/\/parduotuve.kondena.lt\/en\/wp-json\/wp\/v2\/media?parent=11462"}],"wp:term":[{"taxonomy":"product_cat","embeddable":true,"href":"https:\/\/parduotuve.kondena.lt\/en\/wp-json\/wp\/v2\/product_cat?post=11462"},{"taxonomy":"product_tag","embeddable":true,"href":"https:\/\/parduotuve.kondena.lt\/en\/wp-json\/wp\/v2\/product_tag?post=11462"}],"curies":[{"name":"wp","href":"https:\/\/api.w.org\/{rel}","templated":true}]}}