{"id":11449,"date":"2021-02-19T06:07:28","date_gmt":"2021-02-19T05:07:28","guid":{"rendered":"http:\/\/parduotuve.kondena.lt\/?post_type=product&#038;p=11449"},"modified":"2024-08-28T12:48:11","modified_gmt":"2024-08-28T11:48:11","slug":"plysinis-difuzorius-dpp6","status":"publish","type":"product","link":"https:\/\/parduotuve.kondena.lt\/en\/produktai\/plysinis-difuzorius-dpp6\/","title":{"rendered":"Ply\u0161inis difuzorius DPP6"},"content":{"rendered":"<p>Ply\u0161inis difuzorius DPP6 &#8211; tinkamas tiek oro padavimui, tiek ir oro i\u0161traukimui. \u0160ie difuzoriai nereguliuojami, nominalus vienetas.<\/p>\n<p><strong>Komplekt\u0105 sudaro: difuzorius, paskirstymo d\u0117\u017e\u0117, at\u0161aka ortakio pajungimui (2vnt).<\/strong><\/p>\n<p>Ply\u0161inis nepriglaistomas difuzorius<strong>\u00a0suitable for air supply and extraction<\/strong>. \u0160ie difuzoriai\u00a0<strong>nereguliuojami<\/strong>, nominalus vienas pajungimo elementas.<\/p>\n<p>Bendra informacija:<\/p>\n<p><img decoding=\"async\" src=\"https:\/\/www.rekuperatoriucentras.lt\/images\/Userfiles\/Untitled4.png\" \/><\/p>","protected":false},"excerpt":{"rendered":"<p>MONTAVIMO ANGA 50X60MM iki 70 M3\/H<\/p>\n<p><strong>Komplekt\u0105 sudaro: difuzorius, paskirstymo d\u0117\u017e\u0117, at\u0161aka ortakio pajungimui (2vnt).<\/strong><\/p>\n<p>Ply\u0161inis nepriglaistomas difuzorius<strong>\u00a0suitable for air supply and extraction<\/strong>. \u0160ie difuzoriai\u00a0<strong>nereguliuojami<\/strong>, nominalus vienas pajungimo elementas.<\/p>","protected":false},"featured_media":11455,"comment_status":"open","ping_status":"closed","template":"","meta":[],"product_cat":[141,192],"product_tag":[],"class_list":["post-11449","product","type-product","status-publish","has-post-thumbnail","hentry","product_cat-vedinimas","product_cat-plysiniai-oro-difuzoriai"],"acf":[],"yoast_head":"<!-- This site is optimized with the Yoast SEO plugin v20.13 - https:\/\/yoast.com\/wordpress\/plugins\/seo\/ -->\n<title>Ply\u0161inis difuzorius DPP6 - Kondena<\/title>\n<meta name=\"description\" content=\"Ply\u0161inis difuzorius DPP6 - tinkamas tiek oro padavimui, tiek ir oro i\u0161traukimui. \u0160ie difuzoriai nereguliuojami, nominalus vienetas.\" \/>\n<meta name=\"robots\" content=\"index, follow, max-snippet:-1, max-image-preview:large, max-video-preview:-1\" \/>\n<link rel=\"canonical\" href=\"https:\/\/parduotuve.kondena.lt\/en\/produktai\/plysinis-difuzorius-dpp6\/\" \/>\n<meta property=\"og:locale\" content=\"en_US\" \/>\n<meta property=\"og:type\" content=\"article\" \/>\n<meta property=\"og:title\" content=\"Ply\u0161inis difuzorius DPP6 - Kondena\" \/>\n<meta property=\"og:description\" content=\"Ply\u0161inis difuzorius DPP6 - tinkamas tiek oro padavimui, tiek ir oro i\u0161traukimui. \u0160ie difuzoriai nereguliuojami, nominalus vienetas.\" \/>\n<meta property=\"og:url\" content=\"https:\/\/parduotuve.kondena.lt\/en\/produktai\/plysinis-difuzorius-dpp6\/\" \/>\n<meta property=\"og:site_name\" content=\"Kondena\" \/>\n<meta property=\"article:modified_time\" content=\"2024-08-28T11:48:11+00:00\" \/>\n<meta property=\"og:image\" content=\"https:\/\/parduotuve.kondena.lt\/wp-content\/uploads\/2021\/10\/plysinis-difuzorius-priglaistomas-3.png\" \/>\n\t<meta property=\"og:image:width\" content=\"1188\" \/>\n\t<meta property=\"og:image:height\" content=\"1188\" \/>\n\t<meta property=\"og:image:type\" content=\"image\/png\" \/>\n<meta name=\"twitter:card\" content=\"summary_large_image\" \/>\n<meta name=\"twitter:label1\" content=\"Est. reading time\" \/>\n\t<meta name=\"twitter:data1\" content=\"1 minute\" \/>\n<script type=\"application\/ld+json\" class=\"yoast-schema-graph\">{\"@context\":\"https:\/\/schema.org\",\"@graph\":[{\"@type\":\"WebPage\",\"@id\":\"https:\/\/parduotuve.kondena.lt\/produktai\/plysinis-difuzorius-dpp6\/\",\"url\":\"https:\/\/parduotuve.kondena.lt\/produktai\/plysinis-difuzorius-dpp6\/\",\"name\":\"Ply\u0161inis difuzorius DPP6 - Kondena\",\"isPartOf\":{\"@id\":\"https:\/\/parduotuve.kondena.lt\/#website\"},\"datePublished\":\"2021-02-19T05:07:28+00:00\",\"dateModified\":\"2024-08-28T11:48:11+00:00\",\"description\":\"Ply\u0161inis difuzorius DPP6 - tinkamas tiek oro padavimui, tiek ir oro i\u0161traukimui. \u0160ie difuzoriai nereguliuojami, nominalus vienetas.\",\"breadcrumb\":{\"@id\":\"https:\/\/parduotuve.kondena.lt\/produktai\/plysinis-difuzorius-dpp6\/#breadcrumb\"},\"inLanguage\":\"en-US\",\"potentialAction\":[{\"@type\":\"ReadAction\",\"target\":[\"https:\/\/parduotuve.kondena.lt\/produktai\/plysinis-difuzorius-dpp6\/\"]}]},{\"@type\":\"BreadcrumbList\",\"@id\":\"https:\/\/parduotuve.kondena.lt\/produktai\/plysinis-difuzorius-dpp6\/#breadcrumb\",\"itemListElement\":[{\"@type\":\"ListItem\",\"position\":1,\"name\":\"Parduotuv\u0117\",\"item\":\"https:\/\/parduotuve.kondena.lt\/parduotuve\/\"},{\"@type\":\"ListItem\",\"position\":2,\"name\":\"Ply\u0161inis difuzorius DPP6\"}]},{\"@type\":\"WebSite\",\"@id\":\"https:\/\/parduotuve.kondena.lt\/#website\",\"url\":\"https:\/\/parduotuve.kondena.lt\/\",\"name\":\"Kondena\",\"description\":\"Kol kas tik dar vienas WordPress tinklalapis\",\"potentialAction\":[{\"@type\":\"SearchAction\",\"target\":{\"@type\":\"EntryPoint\",\"urlTemplate\":\"https:\/\/parduotuve.kondena.lt\/?s={search_term_string}\"},\"query-input\":\"required name=search_term_string\"}],\"inLanguage\":\"en-US\"}]}<\/script>\n<!-- \/ Yoast SEO plugin. -->","yoast_head_json":{"title":"Ply\u0161inis difuzorius DPP6 - Kondena","description":"Ply\u0161inis difuzorius DPP6 - tinkamas tiek oro padavimui, tiek ir oro i\u0161traukimui. \u0160ie difuzoriai nereguliuojami, nominalus vienetas.","robots":{"index":"index","follow":"follow","max-snippet":"max-snippet:-1","max-image-preview":"max-image-preview:large","max-video-preview":"max-video-preview:-1"},"canonical":"https:\/\/parduotuve.kondena.lt\/en\/produktai\/plysinis-difuzorius-dpp6\/","og_locale":"en_US","og_type":"article","og_title":"Ply\u0161inis difuzorius DPP6 - Kondena","og_description":"Ply\u0161inis difuzorius DPP6 - tinkamas tiek oro padavimui, tiek ir oro i\u0161traukimui. \u0160ie difuzoriai nereguliuojami, nominalus vienetas.","og_url":"https:\/\/parduotuve.kondena.lt\/en\/produktai\/plysinis-difuzorius-dpp6\/","og_site_name":"Kondena","article_modified_time":"2024-08-28T11:48:11+00:00","og_image":[{"width":1188,"height":1188,"url":"https:\/\/parduotuve.kondena.lt\/wp-content\/uploads\/2021\/10\/plysinis-difuzorius-priglaistomas-3.png","type":"image\/png"}],"twitter_card":"summary_large_image","twitter_misc":{"Est. reading time":"1 minute"},"schema":{"@context":"https:\/\/schema.org","@graph":[{"@type":"WebPage","@id":"https:\/\/parduotuve.kondena.lt\/produktai\/plysinis-difuzorius-dpp6\/","url":"https:\/\/parduotuve.kondena.lt\/produktai\/plysinis-difuzorius-dpp6\/","name":"Ply\u0161inis difuzorius DPP6 - Kondena","isPartOf":{"@id":"https:\/\/parduotuve.kondena.lt\/#website"},"datePublished":"2021-02-19T05:07:28+00:00","dateModified":"2024-08-28T11:48:11+00:00","description":"Ply\u0161inis difuzorius DPP6 - tinkamas tiek oro padavimui, tiek ir oro i\u0161traukimui. \u0160ie difuzoriai nereguliuojami, nominalus vienetas.","breadcrumb":{"@id":"https:\/\/parduotuve.kondena.lt\/produktai\/plysinis-difuzorius-dpp6\/#breadcrumb"},"inLanguage":"en-US","potentialAction":[{"@type":"ReadAction","target":["https:\/\/parduotuve.kondena.lt\/produktai\/plysinis-difuzorius-dpp6\/"]}]},{"@type":"BreadcrumbList","@id":"https:\/\/parduotuve.kondena.lt\/produktai\/plysinis-difuzorius-dpp6\/#breadcrumb","itemListElement":[{"@type":"ListItem","position":1,"name":"Parduotuv\u0117","item":"https:\/\/parduotuve.kondena.lt\/parduotuve\/"},{"@type":"ListItem","position":2,"name":"Ply\u0161inis difuzorius DPP6"}]},{"@type":"WebSite","@id":"https:\/\/parduotuve.kondena.lt\/#website","url":"https:\/\/parduotuve.kondena.lt\/","name":"Kondena","description":"Kol kas tik dar vienas WordPress tinklalapis","potentialAction":[{"@type":"SearchAction","target":{"@type":"EntryPoint","urlTemplate":"https:\/\/parduotuve.kondena.lt\/?s={search_term_string}"},"query-input":"required name=search_term_string"}],"inLanguage":"en-US"}]}},"_links":{"self":[{"href":"https:\/\/parduotuve.kondena.lt\/en\/wp-json\/wp\/v2\/product\/11449","targetHints":{"allow":["GET"]}}],"collection":[{"href":"https:\/\/parduotuve.kondena.lt\/en\/wp-json\/wp\/v2\/product"}],"about":[{"href":"https:\/\/parduotuve.kondena.lt\/en\/wp-json\/wp\/v2\/types\/product"}],"replies":[{"embeddable":true,"href":"https:\/\/parduotuve.kondena.lt\/en\/wp-json\/wp\/v2\/comments?post=11449"}],"wp:featuredmedia":[{"embeddable":true,"href":"https:\/\/parduotuve.kondena.lt\/en\/wp-json\/wp\/v2\/media\/11455"}],"wp:attachment":[{"href":"https:\/\/parduotuve.kondena.lt\/en\/wp-json\/wp\/v2\/media?parent=11449"}],"wp:term":[{"taxonomy":"product_cat","embeddable":true,"href":"https:\/\/parduotuve.kondena.lt\/en\/wp-json\/wp\/v2\/product_cat?post=11449"},{"taxonomy":"product_tag","embeddable":true,"href":"https:\/\/parduotuve.kondena.lt\/en\/wp-json\/wp\/v2\/product_tag?post=11449"}],"curies":[{"name":"wp","href":"https:\/\/api.w.org\/{rel}","templated":true}]}}