{"id":11229,"date":"2021-11-08T13:15:44","date_gmt":"2021-11-08T12:15:44","guid":{"rendered":"https:\/\/parduotuve.kondena.lt\/?post_type=product&#038;p=11229"},"modified":"2025-11-04T09:30:35","modified_gmt":"2025-11-04T08:30:35","slug":"sieniniai-difuzoriai-viva-s","status":"publish","type":"product","link":"https:\/\/parduotuve.kondena.lt\/en\/produktai\/sieniniai-difuzoriai-viva-s\/","title":{"rendered":"Sieniniai difuzoriai VIVA-S"},"content":{"rendered":"<p>Sieniniai difuzoriai VIVA-S garantuoja i\u0161baigt\u0105 i\u0161vaizd\u0105 bet kuriame moderniame interjere. Lengvai pritaikomi prietaisai pasi\u017eymi auk\u0161ta kokybe ir gali b\u016bti naudojami tiek tiekiamam, tiek i\u0161metamam orui. VIVA-S modelis skirtas montuoti ant pavir\u0161iaus.<\/p>\n<p><a href=\"https:\/\/climeconair.com\/wp-content\/uploads\/2020\/08\/VIVA-S_asennusohjeet.pdf\">Technical data<\/a><\/p>\n<p>PIRMIAUSIA DIZAINAS!<\/p>\n<p>Pavir\u0161iaus ir \u012fleid\u017eiamos grotel\u0117s tinka tiekiamam, tiek i\u0161metamam orui ir gali b\u016bti montuojamos vienoje eil\u0117je. Oras gali b\u016bti tiekiamas \u012f kambar\u012f ir i\u0161 jo i\u0161 vienos eil\u0117s &#8211; nepakenkiant stiliui.<\/p>\n<p>VIVA grotel\u0117s yra tikrai i\u0161skirtinio, unikalaus ir i\u0161skirtinio dizaino vir\u0161\u016bn\u0117.<\/p>\n<p>&nbsp;<\/p>\n<p>Platus oro srautas ir pla\u010diai prisitaikanti metimo schema<br \/>\nD\u0117l plataus oro srauto, grotel\u0117s si\u016blo sprendimus \u012fvairiems atvejams. Itin plati reguliavimo sritis gali b\u016bti neatskiriama gerai subalansuotos v\u0117dinimo sistemos dalis.<\/p>\n<p>Labai reguliuojamas metimo modelis u\u017etikrina auk\u0161t\u0105 prisitaikymo lyg\u012f per vis\u0105 groteli\u0173 gyvavimo cikl\u0105. Metimo schem\u0105 galima pakoreguoti, kad ji atitikt\u0173 i\u0161d\u0117stymo pakeitimus, o tiekiamas oras gali b\u016bti nukreiptas \u012f kambario poilsio zon\u0105, net jei VIVA buvo pastatytas kampe.<\/p>\n<p>Protingi sprendimai padidina taikymo universalum\u0105<br \/>\nVIVA galima prijungti prie ortakio i\u0161 prietaiso galo arba i\u0161 \u0161ono. Tokiu b\u016bdu ortakius galima nustatyti \u012fvairiais b\u016bdais. Kanal\u0173 strukt\u016bra daugeliu atnaujinimo atvej\u0173 neribos groteli\u0173 naudojimo.<\/p>\n<p>VIVA taip pat gali b\u016bti naudojamas tiekiamam orui esant \u017eemai temperat\u016brai. VIVA gali b\u016bti naudojamas erdv\u0117s au\u0161inimui.<\/p>\n<p>Naudojant itin lengvai atidarom\u0105 VIVA pavir\u0161i\u0173 galima \u017eymiai sutrumpinti montavimo, prie\u017ei\u016bros ir reguliavimo etap\u0173 laik\u0105. Atidarymo mechanizmas palengvina prietaiso naudojim\u0105 per vis\u0105 jo gyvavimo cikl\u0105.<\/p>","protected":false},"excerpt":{"rendered":"<p><strong>PIRMIAUSIA DIZAINAS!<\/strong><\/p>\n<p>Pavir\u0161iaus ir \u012fleid\u017eiamos grotel\u0117s tinka tiekiamam, tiek i\u0161metamam orui ir gali b\u016bti montuojamos vienoje eil\u0117je. Oras gali b\u016bti tiekiamas \u012f kambar\u012f ir i\u0161 jo i\u0161 vienos eil\u0117s &#8211; nepakenkiant stiliui.<\/p>\n<p>VIVA grotel\u0117s yra unikalaus ir i\u0161skirtinio dizaino vir\u0161\u016bn\u0117.<\/p>\n<p>&nbsp;<\/p>","protected":false},"featured_media":11234,"comment_status":"open","ping_status":"closed","template":"","meta":[],"product_cat":[141,191],"product_tag":[],"class_list":["post-11229","product","type-product","status-publish","has-post-thumbnail","hentry","product_cat-vedinimas","product_cat-kvadratiniai-oro-difuzoriai"],"acf":[],"yoast_head":"<!-- This site is optimized with the Yoast SEO plugin v20.13 - https:\/\/yoast.com\/wordpress\/plugins\/seo\/ -->\n<title>Sieniniai difuzoriai VIVA-S - Kondena<\/title>\n<meta name=\"description\" content=\"Sieniniai difuzoriai VIVA-S - tai auk\u0161\u010diausios kokyb\u0117s dizainas ir techniniai parametrai viename. Platus spalv\u0173 spektro pasirinkimas.\" \/>\n<meta name=\"robots\" content=\"index, follow, max-snippet:-1, max-image-preview:large, max-video-preview:-1\" \/>\n<link rel=\"canonical\" href=\"https:\/\/parduotuve.kondena.lt\/en\/produktai\/sieniniai-difuzoriai-viva-s\/\" \/>\n<meta property=\"og:locale\" content=\"en_US\" \/>\n<meta property=\"og:type\" content=\"article\" \/>\n<meta property=\"og:title\" content=\"Sieniniai difuzoriai VIVA-S - Kondena\" \/>\n<meta property=\"og:description\" content=\"Sieniniai difuzoriai VIVA-S - tai auk\u0161\u010diausios kokyb\u0117s dizainas ir techniniai parametrai viename. Platus spalv\u0173 spektro pasirinkimas.\" \/>\n<meta property=\"og:url\" content=\"https:\/\/parduotuve.kondena.lt\/en\/produktai\/sieniniai-difuzoriai-viva-s\/\" \/>\n<meta property=\"og:site_name\" content=\"Kondena\" \/>\n<meta property=\"article:modified_time\" content=\"2025-11-04T08:30:35+00:00\" \/>\n<meta property=\"og:image\" content=\"https:\/\/parduotuve.kondena.lt\/wp-content\/uploads\/2021\/10\/VIVA-S-600x600-2.png\" \/>\n\t<meta property=\"og:image:width\" content=\"600\" \/>\n\t<meta property=\"og:image:height\" content=\"600\" \/>\n\t<meta property=\"og:image:type\" content=\"image\/png\" \/>\n<meta name=\"twitter:card\" content=\"summary_large_image\" \/>\n<meta name=\"twitter:label1\" content=\"Est. reading time\" \/>\n\t<meta name=\"twitter:data1\" content=\"1 minute\" \/>\n<script type=\"application\/ld+json\" class=\"yoast-schema-graph\">{\"@context\":\"https:\/\/schema.org\",\"@graph\":[{\"@type\":\"WebPage\",\"@id\":\"https:\/\/parduotuve.kondena.lt\/en\/produktai\/sieniniai-difuzoriai-viva-s\/\",\"url\":\"https:\/\/parduotuve.kondena.lt\/en\/produktai\/sieniniai-difuzoriai-viva-s\/\",\"name\":\"Sieniniai difuzoriai VIVA-S - Kondena\",\"isPartOf\":{\"@id\":\"https:\/\/parduotuve.kondena.lt\/#website\"},\"datePublished\":\"2021-11-08T12:15:44+00:00\",\"dateModified\":\"2025-11-04T08:30:35+00:00\",\"description\":\"Sieniniai difuzoriai VIVA-S - tai auk\u0161\u010diausios kokyb\u0117s dizainas ir techniniai parametrai viename. Platus spalv\u0173 spektro pasirinkimas.\",\"breadcrumb\":{\"@id\":\"https:\/\/parduotuve.kondena.lt\/en\/produktai\/sieniniai-difuzoriai-viva-s\/#breadcrumb\"},\"inLanguage\":\"en-US\",\"potentialAction\":[{\"@type\":\"ReadAction\",\"target\":[\"https:\/\/parduotuve.kondena.lt\/en\/produktai\/sieniniai-difuzoriai-viva-s\/\"]}]},{\"@type\":\"BreadcrumbList\",\"@id\":\"https:\/\/parduotuve.kondena.lt\/en\/produktai\/sieniniai-difuzoriai-viva-s\/#breadcrumb\",\"itemListElement\":[{\"@type\":\"ListItem\",\"position\":1,\"name\":\"Parduotuv\u0117\",\"item\":\"https:\/\/parduotuve.kondena.lt\/parduotuve\/\"},{\"@type\":\"ListItem\",\"position\":2,\"name\":\"Sieniniai difuzoriai VIVA-S\"}]},{\"@type\":\"WebSite\",\"@id\":\"https:\/\/parduotuve.kondena.lt\/#website\",\"url\":\"https:\/\/parduotuve.kondena.lt\/\",\"name\":\"Kondena\",\"description\":\"Kol kas tik dar vienas WordPress tinklalapis\",\"potentialAction\":[{\"@type\":\"SearchAction\",\"target\":{\"@type\":\"EntryPoint\",\"urlTemplate\":\"https:\/\/parduotuve.kondena.lt\/?s={search_term_string}\"},\"query-input\":\"required name=search_term_string\"}],\"inLanguage\":\"en-US\"}]}<\/script>\n<!-- \/ Yoast SEO plugin. -->","yoast_head_json":{"title":"Sieniniai difuzoriai VIVA-S - Kondena","description":"Sieniniai difuzoriai VIVA-S - tai auk\u0161\u010diausios kokyb\u0117s dizainas ir techniniai parametrai viename. Platus spalv\u0173 spektro pasirinkimas.","robots":{"index":"index","follow":"follow","max-snippet":"max-snippet:-1","max-image-preview":"max-image-preview:large","max-video-preview":"max-video-preview:-1"},"canonical":"https:\/\/parduotuve.kondena.lt\/en\/produktai\/sieniniai-difuzoriai-viva-s\/","og_locale":"en_US","og_type":"article","og_title":"Sieniniai difuzoriai VIVA-S - Kondena","og_description":"Sieniniai difuzoriai VIVA-S - tai auk\u0161\u010diausios kokyb\u0117s dizainas ir techniniai parametrai viename. Platus spalv\u0173 spektro pasirinkimas.","og_url":"https:\/\/parduotuve.kondena.lt\/en\/produktai\/sieniniai-difuzoriai-viva-s\/","og_site_name":"Kondena","article_modified_time":"2025-11-04T08:30:35+00:00","og_image":[{"width":600,"height":600,"url":"https:\/\/parduotuve.kondena.lt\/wp-content\/uploads\/2021\/10\/VIVA-S-600x600-2.png","type":"image\/png"}],"twitter_card":"summary_large_image","twitter_misc":{"Est. reading time":"1 minute"},"schema":{"@context":"https:\/\/schema.org","@graph":[{"@type":"WebPage","@id":"https:\/\/parduotuve.kondena.lt\/en\/produktai\/sieniniai-difuzoriai-viva-s\/","url":"https:\/\/parduotuve.kondena.lt\/en\/produktai\/sieniniai-difuzoriai-viva-s\/","name":"Sieniniai difuzoriai VIVA-S - Kondena","isPartOf":{"@id":"https:\/\/parduotuve.kondena.lt\/#website"},"datePublished":"2021-11-08T12:15:44+00:00","dateModified":"2025-11-04T08:30:35+00:00","description":"Sieniniai difuzoriai VIVA-S - tai auk\u0161\u010diausios kokyb\u0117s dizainas ir techniniai parametrai viename. Platus spalv\u0173 spektro pasirinkimas.","breadcrumb":{"@id":"https:\/\/parduotuve.kondena.lt\/en\/produktai\/sieniniai-difuzoriai-viva-s\/#breadcrumb"},"inLanguage":"en-US","potentialAction":[{"@type":"ReadAction","target":["https:\/\/parduotuve.kondena.lt\/en\/produktai\/sieniniai-difuzoriai-viva-s\/"]}]},{"@type":"BreadcrumbList","@id":"https:\/\/parduotuve.kondena.lt\/en\/produktai\/sieniniai-difuzoriai-viva-s\/#breadcrumb","itemListElement":[{"@type":"ListItem","position":1,"name":"Parduotuv\u0117","item":"https:\/\/parduotuve.kondena.lt\/parduotuve\/"},{"@type":"ListItem","position":2,"name":"Sieniniai difuzoriai VIVA-S"}]},{"@type":"WebSite","@id":"https:\/\/parduotuve.kondena.lt\/#website","url":"https:\/\/parduotuve.kondena.lt\/","name":"Kondena","description":"Kol kas tik dar vienas WordPress tinklalapis","potentialAction":[{"@type":"SearchAction","target":{"@type":"EntryPoint","urlTemplate":"https:\/\/parduotuve.kondena.lt\/?s={search_term_string}"},"query-input":"required name=search_term_string"}],"inLanguage":"en-US"}]}},"_links":{"self":[{"href":"https:\/\/parduotuve.kondena.lt\/en\/wp-json\/wp\/v2\/product\/11229","targetHints":{"allow":["GET"]}}],"collection":[{"href":"https:\/\/parduotuve.kondena.lt\/en\/wp-json\/wp\/v2\/product"}],"about":[{"href":"https:\/\/parduotuve.kondena.lt\/en\/wp-json\/wp\/v2\/types\/product"}],"replies":[{"embeddable":true,"href":"https:\/\/parduotuve.kondena.lt\/en\/wp-json\/wp\/v2\/comments?post=11229"}],"wp:featuredmedia":[{"embeddable":true,"href":"https:\/\/parduotuve.kondena.lt\/en\/wp-json\/wp\/v2\/media\/11234"}],"wp:attachment":[{"href":"https:\/\/parduotuve.kondena.lt\/en\/wp-json\/wp\/v2\/media?parent=11229"}],"wp:term":[{"taxonomy":"product_cat","embeddable":true,"href":"https:\/\/parduotuve.kondena.lt\/en\/wp-json\/wp\/v2\/product_cat?post=11229"},{"taxonomy":"product_tag","embeddable":true,"href":"https:\/\/parduotuve.kondena.lt\/en\/wp-json\/wp\/v2\/product_tag?post=11229"}],"curies":[{"name":"wp","href":"https:\/\/api.w.org\/{rel}","templated":true}]}}