{"id":11221,"date":"2021-10-11T13:07:10","date_gmt":"2021-10-11T13:07:10","guid":{"rendered":"https:\/\/parduotuve.kondena.lt\/?post_type=product&#038;p=11221"},"modified":"2022-10-25T07:05:47","modified_gmt":"2022-10-25T06:05:47","slug":"groteles-viva-sl","status":"publish","type":"product","link":"https:\/\/parduotuve.kondena.lt\/en\/produktai\/groteles-viva-sl\/","title":{"rendered":"Grotel\u0117s VIVA-SL"},"content":{"rendered":"<p>Ant pavir\u0161iaus montuojamos VIVA-SL grotel\u0117s tinka kaip tiekiamo oro galinis \u012ftaisas. VIVA-SL modeliuose yra grotel\u0117s, tvirtinimo r\u0117mas ir reguliavimo plok\u0161t\u0117. VIVA-SL taip pat tinka tiesiniam montavimui, kuris garantuoja i\u0161baigt\u0105 i\u0161vaizd\u0105 bet kuriame moderniame interjere.<\/p>\n<p><img decoding=\"async\" src=\"https:\/\/climeconair.com\/wp-content\/uploads\/2021\/04\/VIVA-SL-rajaytyskuva-300x233.png\" \/><\/p>","protected":false},"excerpt":{"rendered":"<p><strong>PIRMIAUSIA DIZAINAS!<\/strong><\/p>\n<p>\u201eVIVA-SL\u201c dizainas yra i\u0161skirtinis, unikalus ir prana\u0161esnis.<\/p>\n<p>Pla\u010diai prisitaikanti metimo schema<\/p>\n<p>VIVA-SL grotel\u0117s skirtos montuoti ant sienos. Sklaidos model\u012f galima nukreipti pagal situacij\u0105 ir prireikus. VIVA-SL taip pat puikiai tinka \u017eemos temperat\u016bros orui ir gali b\u016bti naudojamas patalpos v\u0117sinimui, pavyzd\u017eiui, kar\u0161t\u0105 vasar\u0105.<\/p>","protected":false},"featured_media":11227,"comment_status":"open","ping_status":"closed","template":"","meta":[],"product_cat":[141,199],"product_tag":[],"class_list":["post-11221","product","type-product","status-publish","has-post-thumbnail","hentry","product_cat-vedinimas","product_cat-groteles"],"acf":[],"yoast_head":"<!-- This site is optimized with the Yoast SEO plugin v20.13 - https:\/\/yoast.com\/wordpress\/plugins\/seo\/ -->\n<title>Grotel\u0117s VIVA-SL - Kondena<\/title>\n<meta name=\"description\" content=\"Grotel\u0117s VIVA-SL - tai auk\u0161\u010diausios kokyb\u0117s dizainas ir techniniai parametrai viename. Platus spalv\u0173 spektro pasirinkimas.\" \/>\n<meta name=\"robots\" content=\"index, follow, max-snippet:-1, max-image-preview:large, max-video-preview:-1\" \/>\n<link rel=\"canonical\" href=\"https:\/\/parduotuve.kondena.lt\/en\/produktai\/groteles-viva-sl\/\" \/>\n<meta property=\"og:locale\" content=\"en_US\" \/>\n<meta property=\"og:type\" content=\"article\" \/>\n<meta property=\"og:title\" content=\"Grotel\u0117s VIVA-SL - Kondena\" \/>\n<meta property=\"og:description\" content=\"Grotel\u0117s VIVA-SL - tai auk\u0161\u010diausios kokyb\u0117s dizainas ir techniniai parametrai viename. Platus spalv\u0173 spektro pasirinkimas.\" \/>\n<meta property=\"og:url\" content=\"https:\/\/parduotuve.kondena.lt\/en\/produktai\/groteles-viva-sl\/\" \/>\n<meta property=\"og:site_name\" content=\"Kondena\" \/>\n<meta property=\"article:modified_time\" content=\"2022-10-25T06:05:47+00:00\" \/>\n<meta property=\"og:image\" content=\"https:\/\/parduotuve.kondena.lt\/wp-content\/uploads\/2021\/10\/VIVA-SL-tuotekuva-e1618918078131.png\" \/>\n\t<meta property=\"og:image:width\" content=\"600\" \/>\n\t<meta property=\"og:image:height\" content=\"456\" \/>\n\t<meta property=\"og:image:type\" content=\"image\/png\" \/>\n<meta name=\"twitter:card\" content=\"summary_large_image\" \/>\n<meta name=\"twitter:label1\" content=\"Est. reading time\" \/>\n\t<meta name=\"twitter:data1\" content=\"1 minute\" \/>\n<script type=\"application\/ld+json\" class=\"yoast-schema-graph\">{\"@context\":\"https:\/\/schema.org\",\"@graph\":[{\"@type\":\"WebPage\",\"@id\":\"https:\/\/parduotuve.kondena.lt\/produktai\/groteles-viva-sl\/\",\"url\":\"https:\/\/parduotuve.kondena.lt\/produktai\/groteles-viva-sl\/\",\"name\":\"Grotel\u0117s VIVA-SL - Kondena\",\"isPartOf\":{\"@id\":\"https:\/\/parduotuve.kondena.lt\/#website\"},\"datePublished\":\"2021-10-11T13:07:10+00:00\",\"dateModified\":\"2022-10-25T06:05:47+00:00\",\"description\":\"Grotel\u0117s VIVA-SL - tai auk\u0161\u010diausios kokyb\u0117s dizainas ir techniniai parametrai viename. Platus spalv\u0173 spektro pasirinkimas.\",\"breadcrumb\":{\"@id\":\"https:\/\/parduotuve.kondena.lt\/produktai\/groteles-viva-sl\/#breadcrumb\"},\"inLanguage\":\"en-US\",\"potentialAction\":[{\"@type\":\"ReadAction\",\"target\":[\"https:\/\/parduotuve.kondena.lt\/produktai\/groteles-viva-sl\/\"]}]},{\"@type\":\"BreadcrumbList\",\"@id\":\"https:\/\/parduotuve.kondena.lt\/produktai\/groteles-viva-sl\/#breadcrumb\",\"itemListElement\":[{\"@type\":\"ListItem\",\"position\":1,\"name\":\"Parduotuv\u0117\",\"item\":\"https:\/\/parduotuve.kondena.lt\/parduotuve\/\"},{\"@type\":\"ListItem\",\"position\":2,\"name\":\"Grotel\u0117s VIVA-SL\"}]},{\"@type\":\"WebSite\",\"@id\":\"https:\/\/parduotuve.kondena.lt\/#website\",\"url\":\"https:\/\/parduotuve.kondena.lt\/\",\"name\":\"Kondena\",\"description\":\"Kol kas tik dar vienas WordPress tinklalapis\",\"potentialAction\":[{\"@type\":\"SearchAction\",\"target\":{\"@type\":\"EntryPoint\",\"urlTemplate\":\"https:\/\/parduotuve.kondena.lt\/?s={search_term_string}\"},\"query-input\":\"required name=search_term_string\"}],\"inLanguage\":\"en-US\"}]}<\/script>\n<!-- \/ Yoast SEO plugin. -->","yoast_head_json":{"title":"Grotel\u0117s VIVA-SL - Kondena","description":"Grotel\u0117s VIVA-SL - tai auk\u0161\u010diausios kokyb\u0117s dizainas ir techniniai parametrai viename. Platus spalv\u0173 spektro pasirinkimas.","robots":{"index":"index","follow":"follow","max-snippet":"max-snippet:-1","max-image-preview":"max-image-preview:large","max-video-preview":"max-video-preview:-1"},"canonical":"https:\/\/parduotuve.kondena.lt\/en\/produktai\/groteles-viva-sl\/","og_locale":"en_US","og_type":"article","og_title":"Grotel\u0117s VIVA-SL - Kondena","og_description":"Grotel\u0117s VIVA-SL - tai auk\u0161\u010diausios kokyb\u0117s dizainas ir techniniai parametrai viename. Platus spalv\u0173 spektro pasirinkimas.","og_url":"https:\/\/parduotuve.kondena.lt\/en\/produktai\/groteles-viva-sl\/","og_site_name":"Kondena","article_modified_time":"2022-10-25T06:05:47+00:00","og_image":[{"width":600,"height":456,"url":"https:\/\/parduotuve.kondena.lt\/wp-content\/uploads\/2021\/10\/VIVA-SL-tuotekuva-e1618918078131.png","type":"image\/png"}],"twitter_card":"summary_large_image","twitter_misc":{"Est. reading time":"1 minute"},"schema":{"@context":"https:\/\/schema.org","@graph":[{"@type":"WebPage","@id":"https:\/\/parduotuve.kondena.lt\/produktai\/groteles-viva-sl\/","url":"https:\/\/parduotuve.kondena.lt\/produktai\/groteles-viva-sl\/","name":"Grotel\u0117s VIVA-SL - Kondena","isPartOf":{"@id":"https:\/\/parduotuve.kondena.lt\/#website"},"datePublished":"2021-10-11T13:07:10+00:00","dateModified":"2022-10-25T06:05:47+00:00","description":"Grotel\u0117s VIVA-SL - tai auk\u0161\u010diausios kokyb\u0117s dizainas ir techniniai parametrai viename. Platus spalv\u0173 spektro pasirinkimas.","breadcrumb":{"@id":"https:\/\/parduotuve.kondena.lt\/produktai\/groteles-viva-sl\/#breadcrumb"},"inLanguage":"en-US","potentialAction":[{"@type":"ReadAction","target":["https:\/\/parduotuve.kondena.lt\/produktai\/groteles-viva-sl\/"]}]},{"@type":"BreadcrumbList","@id":"https:\/\/parduotuve.kondena.lt\/produktai\/groteles-viva-sl\/#breadcrumb","itemListElement":[{"@type":"ListItem","position":1,"name":"Parduotuv\u0117","item":"https:\/\/parduotuve.kondena.lt\/parduotuve\/"},{"@type":"ListItem","position":2,"name":"Grotel\u0117s VIVA-SL"}]},{"@type":"WebSite","@id":"https:\/\/parduotuve.kondena.lt\/#website","url":"https:\/\/parduotuve.kondena.lt\/","name":"Kondena","description":"Kol kas tik dar vienas WordPress tinklalapis","potentialAction":[{"@type":"SearchAction","target":{"@type":"EntryPoint","urlTemplate":"https:\/\/parduotuve.kondena.lt\/?s={search_term_string}"},"query-input":"required name=search_term_string"}],"inLanguage":"en-US"}]}},"_links":{"self":[{"href":"https:\/\/parduotuve.kondena.lt\/en\/wp-json\/wp\/v2\/product\/11221","targetHints":{"allow":["GET"]}}],"collection":[{"href":"https:\/\/parduotuve.kondena.lt\/en\/wp-json\/wp\/v2\/product"}],"about":[{"href":"https:\/\/parduotuve.kondena.lt\/en\/wp-json\/wp\/v2\/types\/product"}],"replies":[{"embeddable":true,"href":"https:\/\/parduotuve.kondena.lt\/en\/wp-json\/wp\/v2\/comments?post=11221"}],"wp:featuredmedia":[{"embeddable":true,"href":"https:\/\/parduotuve.kondena.lt\/en\/wp-json\/wp\/v2\/media\/11227"}],"wp:attachment":[{"href":"https:\/\/parduotuve.kondena.lt\/en\/wp-json\/wp\/v2\/media?parent=11221"}],"wp:term":[{"taxonomy":"product_cat","embeddable":true,"href":"https:\/\/parduotuve.kondena.lt\/en\/wp-json\/wp\/v2\/product_cat?post=11221"},{"taxonomy":"product_tag","embeddable":true,"href":"https:\/\/parduotuve.kondena.lt\/en\/wp-json\/wp\/v2\/product_tag?post=11221"}],"curies":[{"name":"wp","href":"https:\/\/api.w.org\/{rel}","templated":true}]}}