{"id":11184,"date":"2021-03-11T12:23:37","date_gmt":"2021-03-11T11:23:37","guid":{"rendered":"https:\/\/parduotuve.kondena.lt\/?post_type=product&#038;p=11184"},"modified":"2022-12-16T13:32:59","modified_gmt":"2022-12-16T12:32:59","slug":"salinamo-oro-difuzorius-pinodq","status":"publish","type":"product","link":"https:\/\/parduotuve.kondena.lt\/en\/produktai\/salinamo-oro-difuzorius-pinodq\/","title":{"rendered":"\u0160alinamo oro difuzorius PINODq"},"content":{"rendered":"<p>\u0160alinamo oro difuzorius PINODq suteikia i\u0161skirtin\u012f dizain\u0105 unikaliai ma\u017eoje pakuot\u0117je. Prietaisai tinka tiek naujos statybos, tiek renovacijos aik\u0161tel\u0117ms, u\u017ebaigiant svetain\u0117s interjero dizain\u0105.<\/p>\n<p><a href=\"https:\/\/climeconair.com\/wp-content\/uploads\/2020\/08\/PINO-ENG.pdf\">Technical data<\/a><\/p>\n<p>Oro srauto diapazonas 5-50 dm\u00b3\/s, 18-180 m\u00b3\/h<\/p>\n<p>PINO yra vienas ma\u017eiausi\u0173 techni\u0161kai \u012fmanom\u0173 i\u0161metimo oro vo\u017etuv\u0173, kur\u012f galima sumontuoti matomoje vietoje. Prietaisas buvo sukurtas papildyti m\u016bs\u0173 TINO tiekiamo oro vo\u017etuv\u0173 serij\u0105, kuri\u0105 galima naudoti kartu su PINO, ta\u010diau PINO galima derinti ir su bet kuriuo kitu tiekiamo oro vo\u017etuvu.<\/p>\n<p>I\u0161metimo oro vo\u017etuvai yra i\u0161gaubti (PINODq) arba \u012fgaubti (PINOCq).<\/p>\n<p>Patikimi matavimai kartu su greitu ir tiksliu reguliavimu yra svarbios PINO serijos savyb\u0117s. Prietaisas tinka tiek naujoms statyboms, tiek renovacijai.<\/p>\n<p>Stilingas i\u0161metimo oro vo\u017etuvas dabar gali b\u016bti naudojamas kaip interjero dizaino papildymas.<\/p>\n<p>PINODq-100 ir PINODq-125 veikia kaip d\u016bm\u0173 slopintuvas<\/p>","protected":false},"excerpt":{"rendered":"<ul>\n<li>\u017demas garso lygis, lengvai valomas<\/li>\n<li>Galima i\u0161gaubta (PINODq) arba \u012fgaubta (PINOCq) konstrukcija<\/li>\n<li>Patikimas matavimas ir greitas, tikslus reguliavimas<\/li>\n<\/ul>","protected":false},"featured_media":11189,"comment_status":"open","ping_status":"closed","template":"","meta":[],"product_cat":[189,191],"product_tag":[],"class_list":["post-11184","product","type-product","status-publish","has-post-thumbnail","hentry","product_cat-difuzoriai","product_cat-kvadratiniai-oro-difuzoriai"],"acf":[],"yoast_head":"<!-- This site is optimized with the Yoast SEO plugin v20.13 - https:\/\/yoast.com\/wordpress\/plugins\/seo\/ -->\n<title>\u0160alinamo oro difuzorius PINODq - Kondena<\/title>\n<meta name=\"description\" content=\"\u0160alinamo oro difuzorius PINODq sujungia puikias garso ir oro savybes ir u\u017etikrina tyl\u0173 ir be skersv\u0117j\u0173 oro paskirstym\u0105 patalpoje.\" \/>\n<meta name=\"robots\" content=\"index, follow, max-snippet:-1, max-image-preview:large, max-video-preview:-1\" \/>\n<link rel=\"canonical\" href=\"https:\/\/parduotuve.kondena.lt\/en\/produktai\/salinamo-oro-difuzorius-pinodq\/\" \/>\n<meta property=\"og:locale\" content=\"en_US\" \/>\n<meta property=\"og:type\" content=\"article\" \/>\n<meta property=\"og:title\" content=\"\u0160alinamo oro difuzorius PINODq - Kondena\" \/>\n<meta property=\"og:description\" content=\"\u0160alinamo oro difuzorius PINODq sujungia puikias garso ir oro savybes ir u\u017etikrina tyl\u0173 ir be skersv\u0117j\u0173 oro paskirstym\u0105 patalpoje.\" \/>\n<meta property=\"og:url\" content=\"https:\/\/parduotuve.kondena.lt\/en\/produktai\/salinamo-oro-difuzorius-pinodq\/\" \/>\n<meta property=\"og:site_name\" content=\"Kondena\" \/>\n<meta property=\"article:modified_time\" content=\"2022-12-16T12:32:59+00:00\" \/>\n<meta property=\"og:image\" content=\"https:\/\/parduotuve.kondena.lt\/wp-content\/uploads\/2021\/10\/PINODq-600x600-1.png\" \/>\n\t<meta property=\"og:image:width\" content=\"600\" \/>\n\t<meta property=\"og:image:height\" content=\"600\" \/>\n\t<meta property=\"og:image:type\" content=\"image\/png\" \/>\n<meta name=\"twitter:card\" content=\"summary_large_image\" \/>\n<meta name=\"twitter:label1\" content=\"Est. reading time\" \/>\n\t<meta name=\"twitter:data1\" content=\"1 minute\" \/>\n<script type=\"application\/ld+json\" class=\"yoast-schema-graph\">{\"@context\":\"https:\/\/schema.org\",\"@graph\":[{\"@type\":\"WebPage\",\"@id\":\"https:\/\/parduotuve.kondena.lt\/produktai\/salinamo-oro-difuzorius-pinodq\/\",\"url\":\"https:\/\/parduotuve.kondena.lt\/produktai\/salinamo-oro-difuzorius-pinodq\/\",\"name\":\"\u0160alinamo oro difuzorius PINODq - Kondena\",\"isPartOf\":{\"@id\":\"https:\/\/parduotuve.kondena.lt\/#website\"},\"datePublished\":\"2021-03-11T11:23:37+00:00\",\"dateModified\":\"2022-12-16T12:32:59+00:00\",\"description\":\"\u0160alinamo oro difuzorius PINODq sujungia puikias garso ir oro savybes ir u\u017etikrina tyl\u0173 ir be skersv\u0117j\u0173 oro paskirstym\u0105 patalpoje.\",\"breadcrumb\":{\"@id\":\"https:\/\/parduotuve.kondena.lt\/produktai\/salinamo-oro-difuzorius-pinodq\/#breadcrumb\"},\"inLanguage\":\"en-US\",\"potentialAction\":[{\"@type\":\"ReadAction\",\"target\":[\"https:\/\/parduotuve.kondena.lt\/produktai\/salinamo-oro-difuzorius-pinodq\/\"]}]},{\"@type\":\"BreadcrumbList\",\"@id\":\"https:\/\/parduotuve.kondena.lt\/produktai\/salinamo-oro-difuzorius-pinodq\/#breadcrumb\",\"itemListElement\":[{\"@type\":\"ListItem\",\"position\":1,\"name\":\"Parduotuv\u0117\",\"item\":\"https:\/\/parduotuve.kondena.lt\/parduotuve\/\"},{\"@type\":\"ListItem\",\"position\":2,\"name\":\"\u0160alinamo oro difuzorius PINODq\"}]},{\"@type\":\"WebSite\",\"@id\":\"https:\/\/parduotuve.kondena.lt\/#website\",\"url\":\"https:\/\/parduotuve.kondena.lt\/\",\"name\":\"Kondena\",\"description\":\"Kol kas tik dar vienas WordPress tinklalapis\",\"potentialAction\":[{\"@type\":\"SearchAction\",\"target\":{\"@type\":\"EntryPoint\",\"urlTemplate\":\"https:\/\/parduotuve.kondena.lt\/?s={search_term_string}\"},\"query-input\":\"required name=search_term_string\"}],\"inLanguage\":\"en-US\"}]}<\/script>\n<!-- \/ Yoast SEO plugin. -->","yoast_head_json":{"title":"\u0160alinamo oro difuzorius PINODq - Kondena","description":"\u0160alinamo oro difuzorius PINODq sujungia puikias garso ir oro savybes ir u\u017etikrina tyl\u0173 ir be skersv\u0117j\u0173 oro paskirstym\u0105 patalpoje.","robots":{"index":"index","follow":"follow","max-snippet":"max-snippet:-1","max-image-preview":"max-image-preview:large","max-video-preview":"max-video-preview:-1"},"canonical":"https:\/\/parduotuve.kondena.lt\/en\/produktai\/salinamo-oro-difuzorius-pinodq\/","og_locale":"en_US","og_type":"article","og_title":"\u0160alinamo oro difuzorius PINODq - Kondena","og_description":"\u0160alinamo oro difuzorius PINODq sujungia puikias garso ir oro savybes ir u\u017etikrina tyl\u0173 ir be skersv\u0117j\u0173 oro paskirstym\u0105 patalpoje.","og_url":"https:\/\/parduotuve.kondena.lt\/en\/produktai\/salinamo-oro-difuzorius-pinodq\/","og_site_name":"Kondena","article_modified_time":"2022-12-16T12:32:59+00:00","og_image":[{"width":600,"height":600,"url":"https:\/\/parduotuve.kondena.lt\/wp-content\/uploads\/2021\/10\/PINODq-600x600-1.png","type":"image\/png"}],"twitter_card":"summary_large_image","twitter_misc":{"Est. reading time":"1 minute"},"schema":{"@context":"https:\/\/schema.org","@graph":[{"@type":"WebPage","@id":"https:\/\/parduotuve.kondena.lt\/produktai\/salinamo-oro-difuzorius-pinodq\/","url":"https:\/\/parduotuve.kondena.lt\/produktai\/salinamo-oro-difuzorius-pinodq\/","name":"\u0160alinamo oro difuzorius PINODq - Kondena","isPartOf":{"@id":"https:\/\/parduotuve.kondena.lt\/#website"},"datePublished":"2021-03-11T11:23:37+00:00","dateModified":"2022-12-16T12:32:59+00:00","description":"\u0160alinamo oro difuzorius PINODq sujungia puikias garso ir oro savybes ir u\u017etikrina tyl\u0173 ir be skersv\u0117j\u0173 oro paskirstym\u0105 patalpoje.","breadcrumb":{"@id":"https:\/\/parduotuve.kondena.lt\/produktai\/salinamo-oro-difuzorius-pinodq\/#breadcrumb"},"inLanguage":"en-US","potentialAction":[{"@type":"ReadAction","target":["https:\/\/parduotuve.kondena.lt\/produktai\/salinamo-oro-difuzorius-pinodq\/"]}]},{"@type":"BreadcrumbList","@id":"https:\/\/parduotuve.kondena.lt\/produktai\/salinamo-oro-difuzorius-pinodq\/#breadcrumb","itemListElement":[{"@type":"ListItem","position":1,"name":"Parduotuv\u0117","item":"https:\/\/parduotuve.kondena.lt\/parduotuve\/"},{"@type":"ListItem","position":2,"name":"\u0160alinamo oro difuzorius PINODq"}]},{"@type":"WebSite","@id":"https:\/\/parduotuve.kondena.lt\/#website","url":"https:\/\/parduotuve.kondena.lt\/","name":"Kondena","description":"Kol kas tik dar vienas WordPress tinklalapis","potentialAction":[{"@type":"SearchAction","target":{"@type":"EntryPoint","urlTemplate":"https:\/\/parduotuve.kondena.lt\/?s={search_term_string}"},"query-input":"required name=search_term_string"}],"inLanguage":"en-US"}]}},"_links":{"self":[{"href":"https:\/\/parduotuve.kondena.lt\/en\/wp-json\/wp\/v2\/product\/11184","targetHints":{"allow":["GET"]}}],"collection":[{"href":"https:\/\/parduotuve.kondena.lt\/en\/wp-json\/wp\/v2\/product"}],"about":[{"href":"https:\/\/parduotuve.kondena.lt\/en\/wp-json\/wp\/v2\/types\/product"}],"replies":[{"embeddable":true,"href":"https:\/\/parduotuve.kondena.lt\/en\/wp-json\/wp\/v2\/comments?post=11184"}],"wp:featuredmedia":[{"embeddable":true,"href":"https:\/\/parduotuve.kondena.lt\/en\/wp-json\/wp\/v2\/media\/11189"}],"wp:attachment":[{"href":"https:\/\/parduotuve.kondena.lt\/en\/wp-json\/wp\/v2\/media?parent=11184"}],"wp:term":[{"taxonomy":"product_cat","embeddable":true,"href":"https:\/\/parduotuve.kondena.lt\/en\/wp-json\/wp\/v2\/product_cat?post=11184"},{"taxonomy":"product_tag","embeddable":true,"href":"https:\/\/parduotuve.kondena.lt\/en\/wp-json\/wp\/v2\/product_tag?post=11184"}],"curies":[{"name":"wp","href":"https:\/\/api.w.org\/{rel}","templated":true}]}}