{"id":11178,"date":"2021-10-11T12:12:04","date_gmt":"2021-10-11T12:12:04","guid":{"rendered":"https:\/\/parduotuve.kondena.lt\/?post_type=product&#038;p=11178"},"modified":"2022-12-19T08:58:53","modified_gmt":"2022-12-19T07:58:53","slug":"tiekiamo-oro-difuzorius-tino","status":"publish","type":"product","link":"https:\/\/parduotuve.kondena.lt\/en\/produktai\/tiekiamo-oro-difuzorius-tino\/","title":{"rendered":"Tiekiamo oro difuzorius TINO"},"content":{"rendered":"<p>Tiekiamo oro difuzorius TINO serija apima plat\u0173 tiekiamo oro difuzori\u0173 asortiment\u0105, visi turi puik\u0173 mai\u0161ymo santyk\u012f. D\u0117l eleganti\u0161ko dizaino ir itin ma\u017eo konstrukcinio auk\u0161\u010dio TINO tiekiamo oro difuzorius puikiai dera prie bet kokio interjero stiliaus.<\/p>\n<p><a href=\"https:\/\/climeconair.com\/wp-content\/uploads\/2020\/08\/TINO-ENG.pdf\">Technical data<\/a><\/p>\n<p>Oro srauto diapazonas 8-142 dm\u00b3\/s, 29-511 m\u00b3\/h<\/p>\n<p><img decoding=\"async\" src=\"https:\/\/climeconair.com\/wp-content\/uploads\/2020\/08\/TINOqKaikki.png\" \/><\/p>\n<p>\u201eTINO\u201c serijoje yra platus tiekiamo oro difuzori\u0173 asortimentas, visi su puikiu mai\u0161ymo santykiu iki ortakio \u00d8200 mm. TINO difuzorius galima montuoti net toliau nuo lub\u0173 pavir\u0161iaus, nesukeliant traukos jausmo.<\/p>\n<p>D\u0117l universali\u0173 montavimo galimybi\u0173 TINO serija idealiai tinka daugelio tip\u0173 ventiliacijos sprendimams ir d\u0117l savo eleganti\u0161ko dizaino puikiai tinka bet kokiam interjero stiliui.<\/p>\n<p>TINO tiekiamo oro vo\u017etuvas \u012f vid\u0173 paver\u010diamas taip pat, kaip ir sieninis \u0161viestuvas ar garso centras. TINO yra nepastebima nam\u0173 v\u0117dinimo dalis.<\/p>\n<p>TINO tiekiamo oro vo\u017etuv\u0105 taip pat galima montuoti toliau nuo lub\u0173 pavir\u0161iaus nesukuriant traukos poj\u016b\u010dio. TINO P modeliai taip pat pagerina saugum\u0105 gaisro atveju, nes riboja nekontroliuojam\u0105 i\u0161metam\u0173j\u0173 duj\u0173 plitim\u0105 i\u0161 vienos patalpos \u012f kit\u0105. TINO-100P ir TINO-125P taip pat yra patvirtinti kaip d\u016bm\u0173 slopintuvai. Atsisi\u0173skite tipo patvirtinim\u0105 i\u0161 pried\u0173.<\/p>\n<p>TINO dabar galima \u012fsigyti ir su korozijai atspariu r\u016bg\u0161tims atspariu plienu! Climecon HST produktai ypa\u010d tinka pvz. vidaus baseino s\u0105lygos.<\/p>\n<p>Taip pat serijoje yra tokio pat dizaino i\u0161traukiamo oro vo\u017etuvas TINOi ir \u017ealiuzi\u0173 dizaino elementas TINO-0.<\/p>","protected":false},"excerpt":{"rendered":"<ul>\n<li>Galima montuoti toliau nuo lub\u0173, nejau\u010diant traukos<\/li>\n<li>Ypa\u010d ma\u017eas konstrukcijos auk\u0161tis<\/li>\n<li>Patikimas matavimas ir greitas, tikslus reguliavimas<\/li>\n<\/ul>","protected":false},"featured_media":11181,"comment_status":"open","ping_status":"closed","template":"","meta":[],"product_cat":[189,191],"product_tag":[],"class_list":["post-11178","product","type-product","status-publish","has-post-thumbnail","hentry","product_cat-difuzoriai","product_cat-kvadratiniai-oro-difuzoriai"],"acf":[],"yoast_head":"<!-- This site is optimized with the Yoast SEO plugin v20.13 - https:\/\/yoast.com\/wordpress\/plugins\/seo\/ -->\n<title>Tiekiamo oro difuzorius TINO - Kondena<\/title>\n<meta name=\"description\" content=\"Tiekiamo oro difuzorius TINO sujungia puikias garso ir oro savybes ir u\u017etikrina tyl\u0173 ir be skersv\u0117j\u0173 oro paskirstym\u0105 patalpoje.\" \/>\n<meta name=\"robots\" content=\"index, follow, max-snippet:-1, max-image-preview:large, max-video-preview:-1\" \/>\n<link rel=\"canonical\" href=\"https:\/\/parduotuve.kondena.lt\/en\/produktai\/tiekiamo-oro-difuzorius-tino\/\" \/>\n<meta property=\"og:locale\" content=\"en_US\" \/>\n<meta property=\"og:type\" content=\"article\" \/>\n<meta property=\"og:title\" content=\"Tiekiamo oro difuzorius TINO - Kondena\" \/>\n<meta property=\"og:description\" content=\"Tiekiamo oro difuzorius TINO sujungia puikias garso ir oro savybes ir u\u017etikrina tyl\u0173 ir be skersv\u0117j\u0173 oro paskirstym\u0105 patalpoje.\" \/>\n<meta property=\"og:url\" content=\"https:\/\/parduotuve.kondena.lt\/en\/produktai\/tiekiamo-oro-difuzorius-tino\/\" \/>\n<meta property=\"og:site_name\" content=\"Kondena\" \/>\n<meta property=\"article:modified_time\" content=\"2022-12-19T07:58:53+00:00\" \/>\n<meta property=\"og:image\" content=\"https:\/\/parduotuve.kondena.lt\/wp-content\/uploads\/2021\/10\/TINO-600x600-1-400x400-1.png\" \/>\n\t<meta property=\"og:image:width\" content=\"400\" \/>\n\t<meta property=\"og:image:height\" content=\"400\" \/>\n\t<meta property=\"og:image:type\" content=\"image\/png\" \/>\n<meta name=\"twitter:card\" content=\"summary_large_image\" \/>\n<meta name=\"twitter:label1\" content=\"Est. reading time\" \/>\n\t<meta name=\"twitter:data1\" content=\"2 minutes\" \/>\n<script type=\"application\/ld+json\" class=\"yoast-schema-graph\">{\"@context\":\"https:\/\/schema.org\",\"@graph\":[{\"@type\":\"WebPage\",\"@id\":\"https:\/\/parduotuve.kondena.lt\/produktai\/tiekiamo-oro-difuzorius-tino\/\",\"url\":\"https:\/\/parduotuve.kondena.lt\/produktai\/tiekiamo-oro-difuzorius-tino\/\",\"name\":\"Tiekiamo oro difuzorius TINO - Kondena\",\"isPartOf\":{\"@id\":\"https:\/\/parduotuve.kondena.lt\/#website\"},\"datePublished\":\"2021-10-11T12:12:04+00:00\",\"dateModified\":\"2022-12-19T07:58:53+00:00\",\"description\":\"Tiekiamo oro difuzorius TINO sujungia puikias garso ir oro savybes ir u\u017etikrina tyl\u0173 ir be skersv\u0117j\u0173 oro paskirstym\u0105 patalpoje.\",\"breadcrumb\":{\"@id\":\"https:\/\/parduotuve.kondena.lt\/produktai\/tiekiamo-oro-difuzorius-tino\/#breadcrumb\"},\"inLanguage\":\"en-US\",\"potentialAction\":[{\"@type\":\"ReadAction\",\"target\":[\"https:\/\/parduotuve.kondena.lt\/produktai\/tiekiamo-oro-difuzorius-tino\/\"]}]},{\"@type\":\"BreadcrumbList\",\"@id\":\"https:\/\/parduotuve.kondena.lt\/produktai\/tiekiamo-oro-difuzorius-tino\/#breadcrumb\",\"itemListElement\":[{\"@type\":\"ListItem\",\"position\":1,\"name\":\"Parduotuv\u0117\",\"item\":\"https:\/\/parduotuve.kondena.lt\/parduotuve\/\"},{\"@type\":\"ListItem\",\"position\":2,\"name\":\"Tiekiamo oro difuzorius TINO\"}]},{\"@type\":\"WebSite\",\"@id\":\"https:\/\/parduotuve.kondena.lt\/#website\",\"url\":\"https:\/\/parduotuve.kondena.lt\/\",\"name\":\"Kondena\",\"description\":\"Kol kas tik dar vienas WordPress tinklalapis\",\"potentialAction\":[{\"@type\":\"SearchAction\",\"target\":{\"@type\":\"EntryPoint\",\"urlTemplate\":\"https:\/\/parduotuve.kondena.lt\/?s={search_term_string}\"},\"query-input\":\"required name=search_term_string\"}],\"inLanguage\":\"en-US\"}]}<\/script>\n<!-- \/ Yoast SEO plugin. -->","yoast_head_json":{"title":"Tiekiamo oro difuzorius TINO - Kondena","description":"Tiekiamo oro difuzorius TINO sujungia puikias garso ir oro savybes ir u\u017etikrina tyl\u0173 ir be skersv\u0117j\u0173 oro paskirstym\u0105 patalpoje.","robots":{"index":"index","follow":"follow","max-snippet":"max-snippet:-1","max-image-preview":"max-image-preview:large","max-video-preview":"max-video-preview:-1"},"canonical":"https:\/\/parduotuve.kondena.lt\/en\/produktai\/tiekiamo-oro-difuzorius-tino\/","og_locale":"en_US","og_type":"article","og_title":"Tiekiamo oro difuzorius TINO - Kondena","og_description":"Tiekiamo oro difuzorius TINO sujungia puikias garso ir oro savybes ir u\u017etikrina tyl\u0173 ir be skersv\u0117j\u0173 oro paskirstym\u0105 patalpoje.","og_url":"https:\/\/parduotuve.kondena.lt\/en\/produktai\/tiekiamo-oro-difuzorius-tino\/","og_site_name":"Kondena","article_modified_time":"2022-12-19T07:58:53+00:00","og_image":[{"width":400,"height":400,"url":"https:\/\/parduotuve.kondena.lt\/wp-content\/uploads\/2021\/10\/TINO-600x600-1-400x400-1.png","type":"image\/png"}],"twitter_card":"summary_large_image","twitter_misc":{"Est. reading time":"2 minutes"},"schema":{"@context":"https:\/\/schema.org","@graph":[{"@type":"WebPage","@id":"https:\/\/parduotuve.kondena.lt\/produktai\/tiekiamo-oro-difuzorius-tino\/","url":"https:\/\/parduotuve.kondena.lt\/produktai\/tiekiamo-oro-difuzorius-tino\/","name":"Tiekiamo oro difuzorius TINO - Kondena","isPartOf":{"@id":"https:\/\/parduotuve.kondena.lt\/#website"},"datePublished":"2021-10-11T12:12:04+00:00","dateModified":"2022-12-19T07:58:53+00:00","description":"Tiekiamo oro difuzorius TINO sujungia puikias garso ir oro savybes ir u\u017etikrina tyl\u0173 ir be skersv\u0117j\u0173 oro paskirstym\u0105 patalpoje.","breadcrumb":{"@id":"https:\/\/parduotuve.kondena.lt\/produktai\/tiekiamo-oro-difuzorius-tino\/#breadcrumb"},"inLanguage":"en-US","potentialAction":[{"@type":"ReadAction","target":["https:\/\/parduotuve.kondena.lt\/produktai\/tiekiamo-oro-difuzorius-tino\/"]}]},{"@type":"BreadcrumbList","@id":"https:\/\/parduotuve.kondena.lt\/produktai\/tiekiamo-oro-difuzorius-tino\/#breadcrumb","itemListElement":[{"@type":"ListItem","position":1,"name":"Parduotuv\u0117","item":"https:\/\/parduotuve.kondena.lt\/parduotuve\/"},{"@type":"ListItem","position":2,"name":"Tiekiamo oro difuzorius TINO"}]},{"@type":"WebSite","@id":"https:\/\/parduotuve.kondena.lt\/#website","url":"https:\/\/parduotuve.kondena.lt\/","name":"Kondena","description":"Kol kas tik dar vienas WordPress tinklalapis","potentialAction":[{"@type":"SearchAction","target":{"@type":"EntryPoint","urlTemplate":"https:\/\/parduotuve.kondena.lt\/?s={search_term_string}"},"query-input":"required name=search_term_string"}],"inLanguage":"en-US"}]}},"_links":{"self":[{"href":"https:\/\/parduotuve.kondena.lt\/en\/wp-json\/wp\/v2\/product\/11178","targetHints":{"allow":["GET"]}}],"collection":[{"href":"https:\/\/parduotuve.kondena.lt\/en\/wp-json\/wp\/v2\/product"}],"about":[{"href":"https:\/\/parduotuve.kondena.lt\/en\/wp-json\/wp\/v2\/types\/product"}],"replies":[{"embeddable":true,"href":"https:\/\/parduotuve.kondena.lt\/en\/wp-json\/wp\/v2\/comments?post=11178"}],"wp:featuredmedia":[{"embeddable":true,"href":"https:\/\/parduotuve.kondena.lt\/en\/wp-json\/wp\/v2\/media\/11181"}],"wp:attachment":[{"href":"https:\/\/parduotuve.kondena.lt\/en\/wp-json\/wp\/v2\/media?parent=11178"}],"wp:term":[{"taxonomy":"product_cat","embeddable":true,"href":"https:\/\/parduotuve.kondena.lt\/en\/wp-json\/wp\/v2\/product_cat?post=11178"},{"taxonomy":"product_tag","embeddable":true,"href":"https:\/\/parduotuve.kondena.lt\/en\/wp-json\/wp\/v2\/product_tag?post=11178"}],"curies":[{"name":"wp","href":"https:\/\/api.w.org\/{rel}","templated":true}]}}