{"id":11133,"date":"2021-10-11T11:26:53","date_gmt":"2021-10-11T11:26:53","guid":{"rendered":"https:\/\/parduotuve.kondena.lt\/?post_type=product&#038;p=11133"},"modified":"2022-12-16T14:29:59","modified_gmt":"2022-12-16T13:29:59","slug":"tiekiamo-oro-difuzorius-clik","status":"publish","type":"product","link":"https:\/\/parduotuve.kondena.lt\/en\/produktai\/tiekiamo-oro-difuzorius-clik\/","title":{"rendered":"Tiekiamo oro difuzorius CLIK"},"content":{"rendered":"<p>Tiekiamo oro difuzorius CLIK yra funkcionalus ir stilingas. D\u0117l kei\u010diamo priekinio dangtelio spalvos CLIK tinka bet kokio tipo interjerui ar net kaip interjero dekoravimo elementas.<\/p>\n<p>Montuojamas ant sienos.<\/p>\n<p><a href=\"https:\/\/climeconair.com\/wp-content\/uploads\/2020\/08\/CLIK_EN.pdf\">Technical data<\/a><\/p>\n<p>Air flow range 5-25 dm\u00b3 \/ s, 18-90 m\u00b3 \/ h<\/p>\n<p><iframe loading=\"lazy\" title=\"Climecon CLIK tuloilmaventtiili\" width=\"895\" height=\"503\" src=\"https:\/\/www.youtube.com\/embed\/gbfQKcV8I3o?feature=oembed\" frameborder=\"0\" allow=\"accelerometer; autoplay; clipboard-write; encrypted-media; gyroscope; picture-in-picture\" allowfullscreen><\/iframe><\/p>\n<p>CLIK yra geriausias tiekiamo oro vo\u017etuvas rinkoje patalpoms, kuri\u0173 oro srautas ma\u017eesnis 10-25 l\/s. CLIK galima \u012fsigyti dviej\u0173 skirting\u0173 dyd\u017ei\u0173 ortakiais ir t\u0105 pat\u012f gamin\u012f galima montuoti ant pavir\u0161iaus arba \u012fleisti \u012f \u017eem\u0119.<\/p>\n<p>CLIK taip pat yra patvirtintas kaip d\u016bm\u0173 sklend\u0117. Tipo patvirtinimas taikomas visiems trims montavimo b\u016bdams. Atsisi\u0173skite tipo patvirtinim\u0105 i\u0161 pried\u0173.<\/p>\n<p>CLIK idealiai tinka patalpoms su mechanine ventiliacija ir auk\u0161tais traukos bei garso lygio reikalavimais.<\/p>\n<p>&nbsp;<\/p>","protected":false},"excerpt":{"rendered":"<p>CLIK yra geriausias rinkoje tiekiamo oro difuzorius patalpoms, kuriose oro srautas nedidelis 10\u201325 l\/s.<\/p>\n<p>Tinkamas:<\/p>\n<ul>\n<li>Namams<\/li>\n<li>Vie\u0161bu\u010dio kambariams ir biuro patalpoms<\/li>\n<li>Ligonin\u0117ms ir mokykloms<\/li>\n<\/ul>","protected":false},"featured_media":11136,"comment_status":"open","ping_status":"closed","template":"","meta":[],"product_cat":[189,191],"product_tag":[],"class_list":["post-11133","product","type-product","status-publish","has-post-thumbnail","hentry","product_cat-difuzoriai","product_cat-kvadratiniai-oro-difuzoriai"],"acf":[],"yoast_head":"<!-- This site is optimized with the Yoast SEO plugin v20.13 - https:\/\/yoast.com\/wordpress\/plugins\/seo\/ -->\n<title>Tiekiamo oro difuzorius CLIK - Kondena<\/title>\n<meta name=\"description\" content=\"Tiekiamo oro difuzorius CLIK d\u0117l kei\u010diamo priekinio dangtelio spalvos tinka bet kokio tipo interjerui kaip dekoravimo elementas.\u00a0\" \/>\n<meta name=\"robots\" content=\"index, follow, max-snippet:-1, max-image-preview:large, max-video-preview:-1\" \/>\n<link rel=\"canonical\" href=\"https:\/\/parduotuve.kondena.lt\/en\/produktai\/tiekiamo-oro-difuzorius-clik\/\" \/>\n<meta property=\"og:locale\" content=\"en_US\" \/>\n<meta property=\"og:type\" content=\"article\" \/>\n<meta property=\"og:title\" content=\"Tiekiamo oro difuzorius CLIK - Kondena\" \/>\n<meta property=\"og:description\" content=\"Tiekiamo oro difuzorius CLIK d\u0117l kei\u010diamo priekinio dangtelio spalvos tinka bet kokio tipo interjerui kaip dekoravimo elementas.\u00a0\" \/>\n<meta property=\"og:url\" content=\"https:\/\/parduotuve.kondena.lt\/en\/produktai\/tiekiamo-oro-difuzorius-clik\/\" \/>\n<meta property=\"og:site_name\" content=\"Kondena\" \/>\n<meta property=\"article:modified_time\" content=\"2022-12-16T13:29:59+00:00\" \/>\n<meta property=\"og:image\" content=\"https:\/\/parduotuve.kondena.lt\/wp-content\/uploads\/2021\/10\/CLIK-600x600-1-400x400-1.png\" \/>\n\t<meta property=\"og:image:width\" content=\"400\" \/>\n\t<meta property=\"og:image:height\" content=\"400\" \/>\n\t<meta property=\"og:image:type\" content=\"image\/png\" \/>\n<meta name=\"twitter:card\" content=\"summary_large_image\" \/>\n<meta name=\"twitter:label1\" content=\"Est. reading time\" \/>\n\t<meta name=\"twitter:data1\" content=\"1 minute\" \/>\n<script type=\"application\/ld+json\" class=\"yoast-schema-graph\">{\"@context\":\"https:\/\/schema.org\",\"@graph\":[{\"@type\":\"WebPage\",\"@id\":\"https:\/\/parduotuve.kondena.lt\/produktai\/tiekiamo-oro-difuzorius-clik\/\",\"url\":\"https:\/\/parduotuve.kondena.lt\/produktai\/tiekiamo-oro-difuzorius-clik\/\",\"name\":\"Tiekiamo oro difuzorius CLIK - Kondena\",\"isPartOf\":{\"@id\":\"https:\/\/parduotuve.kondena.lt\/#website\"},\"datePublished\":\"2021-10-11T11:26:53+00:00\",\"dateModified\":\"2022-12-16T13:29:59+00:00\",\"description\":\"Tiekiamo oro difuzorius CLIK d\u0117l kei\u010diamo priekinio dangtelio spalvos tinka bet kokio tipo interjerui kaip dekoravimo elementas.\u00a0\",\"breadcrumb\":{\"@id\":\"https:\/\/parduotuve.kondena.lt\/produktai\/tiekiamo-oro-difuzorius-clik\/#breadcrumb\"},\"inLanguage\":\"en-US\",\"potentialAction\":[{\"@type\":\"ReadAction\",\"target\":[\"https:\/\/parduotuve.kondena.lt\/produktai\/tiekiamo-oro-difuzorius-clik\/\"]}]},{\"@type\":\"BreadcrumbList\",\"@id\":\"https:\/\/parduotuve.kondena.lt\/produktai\/tiekiamo-oro-difuzorius-clik\/#breadcrumb\",\"itemListElement\":[{\"@type\":\"ListItem\",\"position\":1,\"name\":\"Parduotuv\u0117\",\"item\":\"https:\/\/parduotuve.kondena.lt\/parduotuve\/\"},{\"@type\":\"ListItem\",\"position\":2,\"name\":\"Tiekiamo oro difuzorius CLIK\"}]},{\"@type\":\"WebSite\",\"@id\":\"https:\/\/parduotuve.kondena.lt\/#website\",\"url\":\"https:\/\/parduotuve.kondena.lt\/\",\"name\":\"Kondena\",\"description\":\"Kol kas tik dar vienas WordPress tinklalapis\",\"potentialAction\":[{\"@type\":\"SearchAction\",\"target\":{\"@type\":\"EntryPoint\",\"urlTemplate\":\"https:\/\/parduotuve.kondena.lt\/?s={search_term_string}\"},\"query-input\":\"required name=search_term_string\"}],\"inLanguage\":\"en-US\"}]}<\/script>\n<!-- \/ Yoast SEO plugin. -->","yoast_head_json":{"title":"Tiekiamo oro difuzorius CLIK - Kondena","description":"Tiekiamo oro difuzorius CLIK d\u0117l kei\u010diamo priekinio dangtelio spalvos tinka bet kokio tipo interjerui kaip dekoravimo elementas.\u00a0","robots":{"index":"index","follow":"follow","max-snippet":"max-snippet:-1","max-image-preview":"max-image-preview:large","max-video-preview":"max-video-preview:-1"},"canonical":"https:\/\/parduotuve.kondena.lt\/en\/produktai\/tiekiamo-oro-difuzorius-clik\/","og_locale":"en_US","og_type":"article","og_title":"Tiekiamo oro difuzorius CLIK - Kondena","og_description":"Tiekiamo oro difuzorius CLIK d\u0117l kei\u010diamo priekinio dangtelio spalvos tinka bet kokio tipo interjerui kaip dekoravimo elementas.\u00a0","og_url":"https:\/\/parduotuve.kondena.lt\/en\/produktai\/tiekiamo-oro-difuzorius-clik\/","og_site_name":"Kondena","article_modified_time":"2022-12-16T13:29:59+00:00","og_image":[{"width":400,"height":400,"url":"https:\/\/parduotuve.kondena.lt\/wp-content\/uploads\/2021\/10\/CLIK-600x600-1-400x400-1.png","type":"image\/png"}],"twitter_card":"summary_large_image","twitter_misc":{"Est. reading time":"1 minute"},"schema":{"@context":"https:\/\/schema.org","@graph":[{"@type":"WebPage","@id":"https:\/\/parduotuve.kondena.lt\/produktai\/tiekiamo-oro-difuzorius-clik\/","url":"https:\/\/parduotuve.kondena.lt\/produktai\/tiekiamo-oro-difuzorius-clik\/","name":"Tiekiamo oro difuzorius CLIK - Kondena","isPartOf":{"@id":"https:\/\/parduotuve.kondena.lt\/#website"},"datePublished":"2021-10-11T11:26:53+00:00","dateModified":"2022-12-16T13:29:59+00:00","description":"Tiekiamo oro difuzorius CLIK d\u0117l kei\u010diamo priekinio dangtelio spalvos tinka bet kokio tipo interjerui kaip dekoravimo elementas.\u00a0","breadcrumb":{"@id":"https:\/\/parduotuve.kondena.lt\/produktai\/tiekiamo-oro-difuzorius-clik\/#breadcrumb"},"inLanguage":"en-US","potentialAction":[{"@type":"ReadAction","target":["https:\/\/parduotuve.kondena.lt\/produktai\/tiekiamo-oro-difuzorius-clik\/"]}]},{"@type":"BreadcrumbList","@id":"https:\/\/parduotuve.kondena.lt\/produktai\/tiekiamo-oro-difuzorius-clik\/#breadcrumb","itemListElement":[{"@type":"ListItem","position":1,"name":"Parduotuv\u0117","item":"https:\/\/parduotuve.kondena.lt\/parduotuve\/"},{"@type":"ListItem","position":2,"name":"Tiekiamo oro difuzorius CLIK"}]},{"@type":"WebSite","@id":"https:\/\/parduotuve.kondena.lt\/#website","url":"https:\/\/parduotuve.kondena.lt\/","name":"Kondena","description":"Kol kas tik dar vienas WordPress tinklalapis","potentialAction":[{"@type":"SearchAction","target":{"@type":"EntryPoint","urlTemplate":"https:\/\/parduotuve.kondena.lt\/?s={search_term_string}"},"query-input":"required name=search_term_string"}],"inLanguage":"en-US"}]}},"_links":{"self":[{"href":"https:\/\/parduotuve.kondena.lt\/en\/wp-json\/wp\/v2\/product\/11133","targetHints":{"allow":["GET"]}}],"collection":[{"href":"https:\/\/parduotuve.kondena.lt\/en\/wp-json\/wp\/v2\/product"}],"about":[{"href":"https:\/\/parduotuve.kondena.lt\/en\/wp-json\/wp\/v2\/types\/product"}],"replies":[{"embeddable":true,"href":"https:\/\/parduotuve.kondena.lt\/en\/wp-json\/wp\/v2\/comments?post=11133"}],"wp:featuredmedia":[{"embeddable":true,"href":"https:\/\/parduotuve.kondena.lt\/en\/wp-json\/wp\/v2\/media\/11136"}],"wp:attachment":[{"href":"https:\/\/parduotuve.kondena.lt\/en\/wp-json\/wp\/v2\/media?parent=11133"}],"wp:term":[{"taxonomy":"product_cat","embeddable":true,"href":"https:\/\/parduotuve.kondena.lt\/en\/wp-json\/wp\/v2\/product_cat?post=11133"},{"taxonomy":"product_tag","embeddable":true,"href":"https:\/\/parduotuve.kondena.lt\/en\/wp-json\/wp\/v2\/product_tag?post=11133"}],"curies":[{"name":"wp","href":"https:\/\/api.w.org\/{rel}","templated":true}]}}