{"id":11116,"date":"2021-10-11T11:09:43","date_gmt":"2021-10-11T11:09:43","guid":{"rendered":"https:\/\/parduotuve.kondena.lt\/?post_type=product&#038;p=11116"},"modified":"2022-12-16T08:43:33","modified_gmt":"2022-12-16T07:43:33","slug":"difuzorius-vip","status":"publish","type":"product","link":"https:\/\/parduotuve.kondena.lt\/en\/produktai\/difuzorius-vip\/","title":{"rendered":"Difuzorius VIP"},"content":{"rendered":"<p>Difuzorius VIP tai stilingas oro i\u0161metimo difuzorius skirtas papildyti nam\u0173 interjer\u0105. VIP pristatomi atskirose apsaugin\u0117se pakuot\u0117se.<\/p>\n<p><a href=\"https:\/\/climeconair.com\/wp-content\/uploads\/2020\/08\/VIP_saatoohje.pdf\">Technical data<\/a><\/p>\n<p>Oro srauto diapazonas 4-80 dm\u00b3\/s, 14-288 m\u00b3\/h<\/p>\n<p>Stilingi VIP ir VIP-S i\u0161metimo vo\u017etuvai yra skirti papildyti nam\u0173 interjer\u0105. Abu turi fiksuojam\u0105 reguliavim\u0105.<\/p>\n<p>VIP yra patikimas ir nepastebimas i\u0161traukiamo oro vo\u017etuvas, tinkantis bet kokiai vietai.\u00a0VIP 100 ir 125 tipo patvirtinti kaip d\u016bm\u0173 dujas ribojantys droseliai.<\/p>\n<p>VIP ir\u00a0VIP-S\u00a0pristatomos atskirose pakuot\u0117se, kurios apsaugo gamin\u012f.\u00a0Gaminiai turi sandarinimo antkakliuk\u0105, kuris yra pakuot\u0117je.\u00a0Standartin\u0117 abiej\u0173 gamini\u0173 spalva yra RAL9010, o pagal u\u017esakym\u0105 gamin\u012f galima \u012fsigyti RAL spalv\u0173 diagramos spalvomis.<\/p>\n<p>VIP i\u0161traukiamo oro vo\u017etuvas yra 100, 125, 160 ir 200 dyd\u017ei\u0173.<\/p>","protected":false},"excerpt":{"rendered":"<p>VIP yra stilingas, \u017eemos konstrukcijos i\u0161metimo oro vo\u017etuvas, skirtas kokybi\u0161kai konstrukcijai. VIP pasi\u017eymi u\u017erakinamu reguliavimu ir papildo nam\u0173 interjer\u0105 \u0161iuolaiki\u0161ka i\u0161vaizda.<\/p>","protected":false},"featured_media":11126,"comment_status":"open","ping_status":"closed","template":"","meta":[],"product_cat":[189,190],"product_tag":[],"class_list":["post-11116","product","type-product","status-publish","has-post-thumbnail","hentry","product_cat-difuzoriai","product_cat-apvalus-oro-difuzoriai"],"acf":[],"yoast_head":"<!-- This site is optimized with the Yoast SEO plugin v20.13 - https:\/\/yoast.com\/wordpress\/plugins\/seo\/ -->\n<title>Difuzorius VIP - Kondena<\/title>\n<meta name=\"description\" content=\"Difuzorius VIP yra i\u0161metimo vo\u017etuvas skirt papildyti nam\u0173 interjer\u0105. Turi fiksuojam\u0105 reguliavim\u0105 ir puikiai tinka saunoms.\" \/>\n<meta name=\"robots\" content=\"index, follow, max-snippet:-1, max-image-preview:large, max-video-preview:-1\" \/>\n<link rel=\"canonical\" href=\"https:\/\/parduotuve.kondena.lt\/en\/produktai\/difuzorius-vip\/\" \/>\n<meta property=\"og:locale\" content=\"en_US\" \/>\n<meta property=\"og:type\" content=\"article\" \/>\n<meta property=\"og:title\" content=\"Difuzorius VIP - Kondena\" \/>\n<meta property=\"og:description\" content=\"Difuzorius VIP yra i\u0161metimo vo\u017etuvas skirt papildyti nam\u0173 interjer\u0105. Turi fiksuojam\u0105 reguliavim\u0105 ir puikiai tinka saunoms.\" \/>\n<meta property=\"og:url\" content=\"https:\/\/parduotuve.kondena.lt\/en\/produktai\/difuzorius-vip\/\" \/>\n<meta property=\"og:site_name\" content=\"Kondena\" \/>\n<meta property=\"article:modified_time\" content=\"2022-12-16T07:43:33+00:00\" \/>\n<meta property=\"og:image\" content=\"https:\/\/parduotuve.kondena.lt\/wp-content\/uploads\/2021\/10\/VIP-600x600-1.png\" \/>\n\t<meta property=\"og:image:width\" content=\"600\" \/>\n\t<meta property=\"og:image:height\" content=\"600\" \/>\n\t<meta property=\"og:image:type\" content=\"image\/png\" \/>\n<meta name=\"twitter:card\" content=\"summary_large_image\" \/>\n<meta name=\"twitter:label1\" content=\"Est. reading time\" \/>\n\t<meta name=\"twitter:data1\" content=\"1 minute\" \/>\n<script type=\"application\/ld+json\" class=\"yoast-schema-graph\">{\"@context\":\"https:\/\/schema.org\",\"@graph\":[{\"@type\":\"WebPage\",\"@id\":\"https:\/\/parduotuve.kondena.lt\/produktai\/difuzorius-vip\/\",\"url\":\"https:\/\/parduotuve.kondena.lt\/produktai\/difuzorius-vip\/\",\"name\":\"Difuzorius VIP - Kondena\",\"isPartOf\":{\"@id\":\"https:\/\/parduotuve.kondena.lt\/#website\"},\"datePublished\":\"2021-10-11T11:09:43+00:00\",\"dateModified\":\"2022-12-16T07:43:33+00:00\",\"description\":\"Difuzorius VIP yra i\u0161metimo vo\u017etuvas skirt papildyti nam\u0173 interjer\u0105. Turi fiksuojam\u0105 reguliavim\u0105 ir puikiai tinka saunoms.\",\"breadcrumb\":{\"@id\":\"https:\/\/parduotuve.kondena.lt\/produktai\/difuzorius-vip\/#breadcrumb\"},\"inLanguage\":\"en-US\",\"potentialAction\":[{\"@type\":\"ReadAction\",\"target\":[\"https:\/\/parduotuve.kondena.lt\/produktai\/difuzorius-vip\/\"]}]},{\"@type\":\"BreadcrumbList\",\"@id\":\"https:\/\/parduotuve.kondena.lt\/produktai\/difuzorius-vip\/#breadcrumb\",\"itemListElement\":[{\"@type\":\"ListItem\",\"position\":1,\"name\":\"Parduotuv\u0117\",\"item\":\"https:\/\/parduotuve.kondena.lt\/parduotuve\/\"},{\"@type\":\"ListItem\",\"position\":2,\"name\":\"Difuzorius VIP\"}]},{\"@type\":\"WebSite\",\"@id\":\"https:\/\/parduotuve.kondena.lt\/#website\",\"url\":\"https:\/\/parduotuve.kondena.lt\/\",\"name\":\"Kondena\",\"description\":\"Kol kas tik dar vienas WordPress tinklalapis\",\"potentialAction\":[{\"@type\":\"SearchAction\",\"target\":{\"@type\":\"EntryPoint\",\"urlTemplate\":\"https:\/\/parduotuve.kondena.lt\/?s={search_term_string}\"},\"query-input\":\"required name=search_term_string\"}],\"inLanguage\":\"en-US\"}]}<\/script>\n<!-- \/ Yoast SEO plugin. -->","yoast_head_json":{"title":"Difuzorius VIP - Kondena","description":"Difuzorius VIP yra i\u0161metimo vo\u017etuvas skirt papildyti nam\u0173 interjer\u0105. Turi fiksuojam\u0105 reguliavim\u0105 ir puikiai tinka saunoms.","robots":{"index":"index","follow":"follow","max-snippet":"max-snippet:-1","max-image-preview":"max-image-preview:large","max-video-preview":"max-video-preview:-1"},"canonical":"https:\/\/parduotuve.kondena.lt\/en\/produktai\/difuzorius-vip\/","og_locale":"en_US","og_type":"article","og_title":"Difuzorius VIP - Kondena","og_description":"Difuzorius VIP yra i\u0161metimo vo\u017etuvas skirt papildyti nam\u0173 interjer\u0105. Turi fiksuojam\u0105 reguliavim\u0105 ir puikiai tinka saunoms.","og_url":"https:\/\/parduotuve.kondena.lt\/en\/produktai\/difuzorius-vip\/","og_site_name":"Kondena","article_modified_time":"2022-12-16T07:43:33+00:00","og_image":[{"width":600,"height":600,"url":"https:\/\/parduotuve.kondena.lt\/wp-content\/uploads\/2021\/10\/VIP-600x600-1.png","type":"image\/png"}],"twitter_card":"summary_large_image","twitter_misc":{"Est. reading time":"1 minute"},"schema":{"@context":"https:\/\/schema.org","@graph":[{"@type":"WebPage","@id":"https:\/\/parduotuve.kondena.lt\/produktai\/difuzorius-vip\/","url":"https:\/\/parduotuve.kondena.lt\/produktai\/difuzorius-vip\/","name":"Difuzorius VIP - Kondena","isPartOf":{"@id":"https:\/\/parduotuve.kondena.lt\/#website"},"datePublished":"2021-10-11T11:09:43+00:00","dateModified":"2022-12-16T07:43:33+00:00","description":"Difuzorius VIP yra i\u0161metimo vo\u017etuvas skirt papildyti nam\u0173 interjer\u0105. Turi fiksuojam\u0105 reguliavim\u0105 ir puikiai tinka saunoms.","breadcrumb":{"@id":"https:\/\/parduotuve.kondena.lt\/produktai\/difuzorius-vip\/#breadcrumb"},"inLanguage":"en-US","potentialAction":[{"@type":"ReadAction","target":["https:\/\/parduotuve.kondena.lt\/produktai\/difuzorius-vip\/"]}]},{"@type":"BreadcrumbList","@id":"https:\/\/parduotuve.kondena.lt\/produktai\/difuzorius-vip\/#breadcrumb","itemListElement":[{"@type":"ListItem","position":1,"name":"Parduotuv\u0117","item":"https:\/\/parduotuve.kondena.lt\/parduotuve\/"},{"@type":"ListItem","position":2,"name":"Difuzorius VIP"}]},{"@type":"WebSite","@id":"https:\/\/parduotuve.kondena.lt\/#website","url":"https:\/\/parduotuve.kondena.lt\/","name":"Kondena","description":"Kol kas tik dar vienas WordPress tinklalapis","potentialAction":[{"@type":"SearchAction","target":{"@type":"EntryPoint","urlTemplate":"https:\/\/parduotuve.kondena.lt\/?s={search_term_string}"},"query-input":"required name=search_term_string"}],"inLanguage":"en-US"}]}},"_links":{"self":[{"href":"https:\/\/parduotuve.kondena.lt\/en\/wp-json\/wp\/v2\/product\/11116","targetHints":{"allow":["GET"]}}],"collection":[{"href":"https:\/\/parduotuve.kondena.lt\/en\/wp-json\/wp\/v2\/product"}],"about":[{"href":"https:\/\/parduotuve.kondena.lt\/en\/wp-json\/wp\/v2\/types\/product"}],"replies":[{"embeddable":true,"href":"https:\/\/parduotuve.kondena.lt\/en\/wp-json\/wp\/v2\/comments?post=11116"}],"wp:featuredmedia":[{"embeddable":true,"href":"https:\/\/parduotuve.kondena.lt\/en\/wp-json\/wp\/v2\/media\/11126"}],"wp:attachment":[{"href":"https:\/\/parduotuve.kondena.lt\/en\/wp-json\/wp\/v2\/media?parent=11116"}],"wp:term":[{"taxonomy":"product_cat","embeddable":true,"href":"https:\/\/parduotuve.kondena.lt\/en\/wp-json\/wp\/v2\/product_cat?post=11116"},{"taxonomy":"product_tag","embeddable":true,"href":"https:\/\/parduotuve.kondena.lt\/en\/wp-json\/wp\/v2\/product_tag?post=11116"}],"curies":[{"name":"wp","href":"https:\/\/api.w.org\/{rel}","templated":true}]}}