{"id":11105,"date":"2021-11-09T10:58:25","date_gmt":"2021-11-09T09:58:25","guid":{"rendered":"https:\/\/parduotuve.kondena.lt\/?post_type=product&#038;p=11105"},"modified":"2022-12-19T10:31:53","modified_gmt":"2022-12-19T09:31:53","slug":"difuzorius-rino","status":"publish","type":"product","link":"https:\/\/parduotuve.kondena.lt\/en\/produktai\/difuzorius-rino\/","title":{"rendered":"Difuzorius RINO"},"content":{"rendered":"<p>Difuzorius RINO &#8211; tai eleganti\u0161kas, prie lub\u0173 montuojamas naujas unikalus standartas difuzori\u0173 i\u0161vaizdai.<\/p>\n<p>Rino yra dar siauresnis ir skersmuo dar ma\u017eesnis. I\u0161skirtinis dizainas bei funkcionalumas yra malonus akiai ir pasi\u017eymi puikiu oro srautu, garso savyb\u0117mis bei u\u017etikrina \u0161var\u0173 pavir\u0161i\u0173 (NEPALIEKA D\u0116MI\u0172!).<\/p>\n<p><a href=\"https:\/\/climeconair.com\/wp-content\/uploads\/2020\/08\/RINO-ENG.pdf\">Technical data<\/a><\/p>\n<p>Oro srauto diapazonas 7-30 dm\u00b3\/s, 25-108 m\u00b3\/h<\/p>\n<p><a href=\"https:\/\/parduotuve.kondena.lt\/wp-content\/uploads\/2021\/11\/rino_1_1_1.jpg\"><img loading=\"lazy\" decoding=\"async\" class=\"alignnone size-medium wp-image-13362\" src=\"https:\/\/parduotuve.kondena.lt\/wp-content\/uploads\/2021\/11\/rino_1_1_1-300x300.jpg\" alt=\"\" width=\"300\" height=\"300\" srcset=\"https:\/\/parduotuve.kondena.lt\/wp-content\/uploads\/2021\/11\/rino_1_1_1-300x300.jpg 300w, https:\/\/parduotuve.kondena.lt\/wp-content\/uploads\/2021\/11\/rino_1_1_1-150x150.jpg 150w, https:\/\/parduotuve.kondena.lt\/wp-content\/uploads\/2021\/11\/rino_1_1_1-12x12.jpg 12w, https:\/\/parduotuve.kondena.lt\/wp-content\/uploads\/2021\/11\/rino_1_1_1-145x145.jpg 145w, https:\/\/parduotuve.kondena.lt\/wp-content\/uploads\/2021\/11\/rino_1_1_1-50x50.jpg 50w, https:\/\/parduotuve.kondena.lt\/wp-content\/uploads\/2021\/11\/rino_1_1_1-600x600.jpg 600w, https:\/\/parduotuve.kondena.lt\/wp-content\/uploads\/2021\/11\/rino_1_1_1-100x100.jpg 100w, https:\/\/parduotuve.kondena.lt\/wp-content\/uploads\/2021\/11\/rino_1_1_1.jpg 700w\" sizes=\"auto, (max-width: 300px) 100vw, 300px\" \/><\/a><\/p>\n<p>Tikslus ir patikimas reguliavimas<\/p>\n<p>RINO reguliavimo mechanizmas yra tikrai unikalus. Oro sraut\u0105 lengva ir nedviprasmi\u0161kai apibr\u0117\u017eti magnetin\u0117mis juostel\u0117mis. Oro srautas i\u0161lieka toks, koks buvo suprojektuotas ir sureguliuotas naudojant ir atliekant technin\u0119 prie\u017ei\u016br\u0105.<\/p>\n<p>Be tiekiamo oro difuzoriaus, RINO serijoje yra RINOi i\u0161traukiamo oro difuzorius ir RINO-S tiekiamo oro difuzorius, specialiai sukurtas pirtims. Visi gaminiai turi t\u0105 pat\u012f dizain\u0105.<\/p>\n<p>I\u0161laiko pavir\u0161ius \u0161varius<\/p>\n<p>I\u0161skirtinis RINO dizainas ir strukt\u016bra efektyviai apsaugo nuo ne\u0161varum\u0173 kaupimosi aplink lubin\u012f difuzori\u0173.<\/p>","protected":false},"excerpt":{"rendered":"<p><strong>Eleganti\u0161kas dizainas ir 6 spalv\u0173 variantai<\/strong><\/p>\n<ul>\n<li>Didelis mai\u0161ymo santykis ir platus metimo modelis<\/li>\n<li>Nauja \u017eemesn\u0117 ir ma\u017eesn\u0117 konstrukcija<\/li>\n<li>Puiki strukt\u016bra, neleid\u017eianti kauptis purvui aplink lub\u0173 difuzori\u0173<\/li>\n<li>Patikimas matavimas ir greitas bei tikslus reguliavimas<\/li>\n<\/ul>","protected":false},"featured_media":11111,"comment_status":"open","ping_status":"closed","template":"","meta":[],"product_cat":[189,190],"product_tag":[],"class_list":["post-11105","product","type-product","status-publish","has-post-thumbnail","hentry","product_cat-difuzoriai","product_cat-apvalus-oro-difuzoriai"],"acf":[],"yoast_head":"<!-- This site is optimized with the Yoast SEO plugin v20.13 - https:\/\/yoast.com\/wordpress\/plugins\/seo\/ -->\n<title>Difuzorius RINO - Kondena<\/title>\n<meta name=\"description\" content=\"Pakabinam\u0173 lub\u0173 difuzorius OLE - itin stilingas ir modernus, buvo sukurtas bendradarbiaujant su pirmaujan\u010diais architektais.\" \/>\n<meta name=\"robots\" content=\"index, follow, max-snippet:-1, max-image-preview:large, max-video-preview:-1\" \/>\n<link rel=\"canonical\" href=\"https:\/\/parduotuve.kondena.lt\/en\/produktai\/difuzorius-rino\/\" \/>\n<meta property=\"og:locale\" content=\"en_US\" \/>\n<meta property=\"og:type\" content=\"article\" \/>\n<meta property=\"og:title\" content=\"Difuzorius RINO - Kondena\" \/>\n<meta property=\"og:description\" content=\"Pakabinam\u0173 lub\u0173 difuzorius OLE - itin stilingas ir modernus, buvo sukurtas bendradarbiaujant su pirmaujan\u010diais architektais.\" \/>\n<meta property=\"og:url\" content=\"https:\/\/parduotuve.kondena.lt\/en\/produktai\/difuzorius-rino\/\" \/>\n<meta property=\"og:site_name\" content=\"Kondena\" \/>\n<meta property=\"article:modified_time\" content=\"2022-12-19T09:31:53+00:00\" \/>\n<meta property=\"og:image\" content=\"https:\/\/parduotuve.kondena.lt\/wp-content\/uploads\/2021\/10\/RINO-600x600px.png\" \/>\n\t<meta property=\"og:image:width\" content=\"600\" \/>\n\t<meta property=\"og:image:height\" content=\"600\" \/>\n\t<meta property=\"og:image:type\" content=\"image\/png\" \/>\n<meta name=\"twitter:card\" content=\"summary_large_image\" \/>\n<meta name=\"twitter:label1\" content=\"Est. reading time\" \/>\n\t<meta name=\"twitter:data1\" content=\"1 minute\" \/>\n<script type=\"application\/ld+json\" class=\"yoast-schema-graph\">{\"@context\":\"https:\/\/schema.org\",\"@graph\":[{\"@type\":\"WebPage\",\"@id\":\"https:\/\/parduotuve.kondena.lt\/produktai\/difuzorius-rino\/\",\"url\":\"https:\/\/parduotuve.kondena.lt\/produktai\/difuzorius-rino\/\",\"name\":\"Difuzorius RINO - Kondena\",\"isPartOf\":{\"@id\":\"https:\/\/parduotuve.kondena.lt\/#website\"},\"datePublished\":\"2021-11-09T09:58:25+00:00\",\"dateModified\":\"2022-12-19T09:31:53+00:00\",\"description\":\"Pakabinam\u0173 lub\u0173 difuzorius OLE - itin stilingas ir modernus, buvo sukurtas bendradarbiaujant su pirmaujan\u010diais architektais.\",\"breadcrumb\":{\"@id\":\"https:\/\/parduotuve.kondena.lt\/produktai\/difuzorius-rino\/#breadcrumb\"},\"inLanguage\":\"en-US\",\"potentialAction\":[{\"@type\":\"ReadAction\",\"target\":[\"https:\/\/parduotuve.kondena.lt\/produktai\/difuzorius-rino\/\"]}]},{\"@type\":\"BreadcrumbList\",\"@id\":\"https:\/\/parduotuve.kondena.lt\/produktai\/difuzorius-rino\/#breadcrumb\",\"itemListElement\":[{\"@type\":\"ListItem\",\"position\":1,\"name\":\"Parduotuv\u0117\",\"item\":\"https:\/\/parduotuve.kondena.lt\/parduotuve\/\"},{\"@type\":\"ListItem\",\"position\":2,\"name\":\"Difuzorius RINO\"}]},{\"@type\":\"WebSite\",\"@id\":\"https:\/\/parduotuve.kondena.lt\/#website\",\"url\":\"https:\/\/parduotuve.kondena.lt\/\",\"name\":\"Kondena\",\"description\":\"Kol kas tik dar vienas WordPress tinklalapis\",\"potentialAction\":[{\"@type\":\"SearchAction\",\"target\":{\"@type\":\"EntryPoint\",\"urlTemplate\":\"https:\/\/parduotuve.kondena.lt\/?s={search_term_string}\"},\"query-input\":\"required name=search_term_string\"}],\"inLanguage\":\"en-US\"}]}<\/script>\n<!-- \/ Yoast SEO plugin. -->","yoast_head_json":{"title":"Difuzorius RINO - Kondena","description":"Pakabinam\u0173 lub\u0173 difuzorius OLE - itin stilingas ir modernus, buvo sukurtas bendradarbiaujant su pirmaujan\u010diais architektais.","robots":{"index":"index","follow":"follow","max-snippet":"max-snippet:-1","max-image-preview":"max-image-preview:large","max-video-preview":"max-video-preview:-1"},"canonical":"https:\/\/parduotuve.kondena.lt\/en\/produktai\/difuzorius-rino\/","og_locale":"en_US","og_type":"article","og_title":"Difuzorius RINO - Kondena","og_description":"Pakabinam\u0173 lub\u0173 difuzorius OLE - itin stilingas ir modernus, buvo sukurtas bendradarbiaujant su pirmaujan\u010diais architektais.","og_url":"https:\/\/parduotuve.kondena.lt\/en\/produktai\/difuzorius-rino\/","og_site_name":"Kondena","article_modified_time":"2022-12-19T09:31:53+00:00","og_image":[{"width":600,"height":600,"url":"https:\/\/parduotuve.kondena.lt\/wp-content\/uploads\/2021\/10\/RINO-600x600px.png","type":"image\/png"}],"twitter_card":"summary_large_image","twitter_misc":{"Est. reading time":"1 minute"},"schema":{"@context":"https:\/\/schema.org","@graph":[{"@type":"WebPage","@id":"https:\/\/parduotuve.kondena.lt\/produktai\/difuzorius-rino\/","url":"https:\/\/parduotuve.kondena.lt\/produktai\/difuzorius-rino\/","name":"Difuzorius RINO - Kondena","isPartOf":{"@id":"https:\/\/parduotuve.kondena.lt\/#website"},"datePublished":"2021-11-09T09:58:25+00:00","dateModified":"2022-12-19T09:31:53+00:00","description":"Pakabinam\u0173 lub\u0173 difuzorius OLE - itin stilingas ir modernus, buvo sukurtas bendradarbiaujant su pirmaujan\u010diais architektais.","breadcrumb":{"@id":"https:\/\/parduotuve.kondena.lt\/produktai\/difuzorius-rino\/#breadcrumb"},"inLanguage":"en-US","potentialAction":[{"@type":"ReadAction","target":["https:\/\/parduotuve.kondena.lt\/produktai\/difuzorius-rino\/"]}]},{"@type":"BreadcrumbList","@id":"https:\/\/parduotuve.kondena.lt\/produktai\/difuzorius-rino\/#breadcrumb","itemListElement":[{"@type":"ListItem","position":1,"name":"Parduotuv\u0117","item":"https:\/\/parduotuve.kondena.lt\/parduotuve\/"},{"@type":"ListItem","position":2,"name":"Difuzorius RINO"}]},{"@type":"WebSite","@id":"https:\/\/parduotuve.kondena.lt\/#website","url":"https:\/\/parduotuve.kondena.lt\/","name":"Kondena","description":"Kol kas tik dar vienas WordPress tinklalapis","potentialAction":[{"@type":"SearchAction","target":{"@type":"EntryPoint","urlTemplate":"https:\/\/parduotuve.kondena.lt\/?s={search_term_string}"},"query-input":"required name=search_term_string"}],"inLanguage":"en-US"}]}},"_links":{"self":[{"href":"https:\/\/parduotuve.kondena.lt\/en\/wp-json\/wp\/v2\/product\/11105","targetHints":{"allow":["GET"]}}],"collection":[{"href":"https:\/\/parduotuve.kondena.lt\/en\/wp-json\/wp\/v2\/product"}],"about":[{"href":"https:\/\/parduotuve.kondena.lt\/en\/wp-json\/wp\/v2\/types\/product"}],"replies":[{"embeddable":true,"href":"https:\/\/parduotuve.kondena.lt\/en\/wp-json\/wp\/v2\/comments?post=11105"}],"wp:featuredmedia":[{"embeddable":true,"href":"https:\/\/parduotuve.kondena.lt\/en\/wp-json\/wp\/v2\/media\/11111"}],"wp:attachment":[{"href":"https:\/\/parduotuve.kondena.lt\/en\/wp-json\/wp\/v2\/media?parent=11105"}],"wp:term":[{"taxonomy":"product_cat","embeddable":true,"href":"https:\/\/parduotuve.kondena.lt\/en\/wp-json\/wp\/v2\/product_cat?post=11105"},{"taxonomy":"product_tag","embeddable":true,"href":"https:\/\/parduotuve.kondena.lt\/en\/wp-json\/wp\/v2\/product_tag?post=11105"}],"curies":[{"name":"wp","href":"https:\/\/api.w.org\/{rel}","templated":true}]}}