{"id":11068,"date":"2021-11-09T09:05:37","date_gmt":"2021-11-09T08:05:37","guid":{"rendered":"https:\/\/parduotuve.kondena.lt\/?post_type=product&#038;p=11068"},"modified":"2024-12-02T14:13:47","modified_gmt":"2024-12-02T13:13:47","slug":"pakabinamu-lubu-difuzorius-halo-x","status":"publish","type":"product","link":"https:\/\/parduotuve.kondena.lt\/en\/produktai\/pakabinamu-lubu-difuzorius-halo-x\/","title":{"rendered":"Pakabinam\u0173 lub\u0173 difuzorius HALO-X"},"content":{"rendered":"<p>Itin stilingas pakabinam\u0173 lub\u0173 difuzorius \u201eHALO-X\u201c, skirtas kasetin\u0117ms luboms su priekine plok\u0161tele, \u012f kuri\u0105 galima \u012fterpti 600 \u00d7 600 lub\u0173 plok\u0161t\u0119. Pasirinkus lub\u0173 plok\u0161t\u0119, kuri bus naudojama kaip priekin\u0117 plok\u0161t\u0117, difuzorius su likusiomis lubomis sudarys vientis\u0105, u\u017ebaigt\u0105 element\u0105. \u201eHALO-X\u201c veikia tyliai ir be skersv\u0117j\u0173, taip pat tinka orui.<\/p>\n<p><a href=\"https:\/\/climeconair.com\/wp-content\/uploads\/2020\/08\/HALO-X_asennusohjeet_2020-1.pdf\">Technical data<\/a><\/p>\n<p>Oro srauto diapazonas 5-170 dm\u00b3\/s, 18-612 m\u00b3\/h<\/p>\n<p>Tinka montuoti pakabinamas lubas, HALO-X formuoja sklaidos ra\u0161t\u0105, kuris pasklinda vandens lygiu. Prietaisas tinka ma\u017eiems ir dideliems oro kiekiams, taip pat \u012fvairiausiems \u012fvairi\u0173 tip\u0173 objektams.<\/p>\n<p>Difuzorius kartu su pakabinamomis lubomis sudaro i\u0161skirtinai stiling\u0105 ir nepa\u017eeist\u0105 visum\u0105. HALO-X palieka bendr\u0105 erdv\u0117s i\u0161vaizd\u0105 u\u017ebaigt\u0105. Unikalus lubinio difuzoriaus tvirtinimo mechanizmas padaro tvirtinim\u0105 visi\u0161kai nepastebim\u0105.<\/p>\n<p>D\u0117l savo i\u0161radingo prisilietimo HALO-X galima i\u0161blukinti arba pary\u0161kinti nuo lub\u0173. \u0160iuo atveju, pavyzd\u017eiui, galima naudoti akustin\u0119 lent\u0105. \u012erenginys si\u016blo daugyb\u0119 galimybi\u0173 interjero dizaineriui u\u017ebaigti erdv\u0119 iki v\u0117dinimo \u012frangos.<\/p>\n<p>Auk\u0161\u010diausios klas\u0117s oro paskirstymui<br \/>\nFunkcionalus stogo difuzoriaus doenne u\u017etikrina plat\u0173 sklaidos ra\u0161t\u0105 ir ventiliacij\u0105 be skersv\u0117jo. HALO-X sklaidos ra\u0161to krypt\u012f galima lengvai ir patikimai orientuoti viena, dviem, trimis ar keturiomis kryptimis.<\/p>\n<p>HALO-X tinka naudoti su FLO jungties d\u0117\u017eute. Tikslus ir nie\u017etintis SlideFix reguliavimas yra paprastas naudoti ir leid\u017eia tiksliai nustatyti visos v\u0117dinimo sistemos dyd\u012f. SlideFix reguliavimo mechanizmo d\u0117ka pasiekiamas 1 matavimo tikslumo klas\u0117s tikslumas.<\/p>\n<p>\u012evairios montavimo parinktys<br \/>\nHALO tinka 600 \u00d7 600 mm pakabinamoms luboms, ta\u010diau asortimente yra ir modelis, skirtas lubose montuoti kiaurai.<\/p>\n<p>HALO-X tinka ir i\u0161traukiamam orui. Tokiu atveju rekomenduojama naudoti FLO jungiam\u0105j\u0105 d\u0117\u017e\u0119.<\/p>","protected":false},"excerpt":{"rendered":"<ul>\n<li>i\u0161skirtinai lengvas ir supaprastintas dizainas<\/li>\n<li>horizontalus metimo modelis<\/li>\n<li>nukreipiamas metimo modelis<\/li>\n<li>dvi tvirtinimo plok\u0161\u010di\u0173 parinktys<\/li>\n<\/ul>","protected":false},"featured_media":11072,"comment_status":"open","ping_status":"closed","template":"","meta":[],"product_cat":[189,191],"product_tag":[],"class_list":["post-11068","product","type-product","status-publish","has-post-thumbnail","hentry","product_cat-difuzoriai","product_cat-kvadratiniai-oro-difuzoriai"],"acf":[],"yoast_head":"<!-- This site is optimized with the Yoast SEO plugin v20.13 - https:\/\/yoast.com\/wordpress\/plugins\/seo\/ -->\n<title>Pakabinam\u0173 lub\u0173 difuzorius HALO-X - Kondena<\/title>\n<meta name=\"description\" content=\"Pakabinam\u0173 lub\u0173 difuzorius HALO-X - itin stilingas ir modernus, buvo sukurtas bendradarbiaujant su pirmaujan\u010diais architektais.\" \/>\n<meta name=\"robots\" content=\"index, follow, max-snippet:-1, max-image-preview:large, max-video-preview:-1\" \/>\n<link rel=\"canonical\" href=\"https:\/\/parduotuve.kondena.lt\/en\/produktai\/pakabinamu-lubu-difuzorius-halo-x\/\" \/>\n<meta property=\"og:locale\" content=\"en_US\" \/>\n<meta property=\"og:type\" content=\"article\" \/>\n<meta property=\"og:title\" content=\"Pakabinam\u0173 lub\u0173 difuzorius HALO-X - Kondena\" \/>\n<meta property=\"og:description\" content=\"Pakabinam\u0173 lub\u0173 difuzorius HALO-X - itin stilingas ir modernus, buvo sukurtas bendradarbiaujant su pirmaujan\u010diais architektais.\" \/>\n<meta property=\"og:url\" content=\"https:\/\/parduotuve.kondena.lt\/en\/produktai\/pakabinamu-lubu-difuzorius-halo-x\/\" \/>\n<meta property=\"og:site_name\" content=\"Kondena\" \/>\n<meta property=\"article:modified_time\" content=\"2024-12-02T13:13:47+00:00\" \/>\n<meta property=\"og:image\" content=\"https:\/\/parduotuve.kondena.lt\/wp-content\/uploads\/2021\/10\/HALO-X-600x600px-400x400-1.png\" \/>\n\t<meta property=\"og:image:width\" content=\"400\" \/>\n\t<meta property=\"og:image:height\" content=\"400\" \/>\n\t<meta property=\"og:image:type\" content=\"image\/png\" \/>\n<meta name=\"twitter:card\" content=\"summary_large_image\" \/>\n<meta name=\"twitter:label1\" content=\"Est. reading time\" \/>\n\t<meta name=\"twitter:data1\" content=\"2 minutes\" \/>\n<script type=\"application\/ld+json\" class=\"yoast-schema-graph\">{\"@context\":\"https:\/\/schema.org\",\"@graph\":[{\"@type\":\"WebPage\",\"@id\":\"https:\/\/parduotuve.kondena.lt\/produktai\/pakabinamu-lubu-difuzorius-halo-x\/\",\"url\":\"https:\/\/parduotuve.kondena.lt\/produktai\/pakabinamu-lubu-difuzorius-halo-x\/\",\"name\":\"Pakabinam\u0173 lub\u0173 difuzorius HALO-X - Kondena\",\"isPartOf\":{\"@id\":\"https:\/\/parduotuve.kondena.lt\/#website\"},\"datePublished\":\"2021-11-09T08:05:37+00:00\",\"dateModified\":\"2024-12-02T13:13:47+00:00\",\"description\":\"Pakabinam\u0173 lub\u0173 difuzorius HALO-X - itin stilingas ir modernus, buvo sukurtas bendradarbiaujant su pirmaujan\u010diais architektais.\",\"breadcrumb\":{\"@id\":\"https:\/\/parduotuve.kondena.lt\/produktai\/pakabinamu-lubu-difuzorius-halo-x\/#breadcrumb\"},\"inLanguage\":\"en-US\",\"potentialAction\":[{\"@type\":\"ReadAction\",\"target\":[\"https:\/\/parduotuve.kondena.lt\/produktai\/pakabinamu-lubu-difuzorius-halo-x\/\"]}]},{\"@type\":\"BreadcrumbList\",\"@id\":\"https:\/\/parduotuve.kondena.lt\/produktai\/pakabinamu-lubu-difuzorius-halo-x\/#breadcrumb\",\"itemListElement\":[{\"@type\":\"ListItem\",\"position\":1,\"name\":\"Parduotuv\u0117\",\"item\":\"https:\/\/parduotuve.kondena.lt\/parduotuve\/\"},{\"@type\":\"ListItem\",\"position\":2,\"name\":\"Pakabinam\u0173 lub\u0173 difuzorius HALO-X\"}]},{\"@type\":\"WebSite\",\"@id\":\"https:\/\/parduotuve.kondena.lt\/#website\",\"url\":\"https:\/\/parduotuve.kondena.lt\/\",\"name\":\"Kondena\",\"description\":\"Kol kas tik dar vienas WordPress tinklalapis\",\"potentialAction\":[{\"@type\":\"SearchAction\",\"target\":{\"@type\":\"EntryPoint\",\"urlTemplate\":\"https:\/\/parduotuve.kondena.lt\/?s={search_term_string}\"},\"query-input\":\"required name=search_term_string\"}],\"inLanguage\":\"en-US\"}]}<\/script>\n<!-- \/ Yoast SEO plugin. -->","yoast_head_json":{"title":"Pakabinam\u0173 lub\u0173 difuzorius HALO-X - Kondena","description":"Pakabinam\u0173 lub\u0173 difuzorius HALO-X - itin stilingas ir modernus, buvo sukurtas bendradarbiaujant su pirmaujan\u010diais architektais.","robots":{"index":"index","follow":"follow","max-snippet":"max-snippet:-1","max-image-preview":"max-image-preview:large","max-video-preview":"max-video-preview:-1"},"canonical":"https:\/\/parduotuve.kondena.lt\/en\/produktai\/pakabinamu-lubu-difuzorius-halo-x\/","og_locale":"en_US","og_type":"article","og_title":"Pakabinam\u0173 lub\u0173 difuzorius HALO-X - Kondena","og_description":"Pakabinam\u0173 lub\u0173 difuzorius HALO-X - itin stilingas ir modernus, buvo sukurtas bendradarbiaujant su pirmaujan\u010diais architektais.","og_url":"https:\/\/parduotuve.kondena.lt\/en\/produktai\/pakabinamu-lubu-difuzorius-halo-x\/","og_site_name":"Kondena","article_modified_time":"2024-12-02T13:13:47+00:00","og_image":[{"width":400,"height":400,"url":"https:\/\/parduotuve.kondena.lt\/wp-content\/uploads\/2021\/10\/HALO-X-600x600px-400x400-1.png","type":"image\/png"}],"twitter_card":"summary_large_image","twitter_misc":{"Est. reading time":"2 minutes"},"schema":{"@context":"https:\/\/schema.org","@graph":[{"@type":"WebPage","@id":"https:\/\/parduotuve.kondena.lt\/produktai\/pakabinamu-lubu-difuzorius-halo-x\/","url":"https:\/\/parduotuve.kondena.lt\/produktai\/pakabinamu-lubu-difuzorius-halo-x\/","name":"Pakabinam\u0173 lub\u0173 difuzorius HALO-X - Kondena","isPartOf":{"@id":"https:\/\/parduotuve.kondena.lt\/#website"},"datePublished":"2021-11-09T08:05:37+00:00","dateModified":"2024-12-02T13:13:47+00:00","description":"Pakabinam\u0173 lub\u0173 difuzorius HALO-X - itin stilingas ir modernus, buvo sukurtas bendradarbiaujant su pirmaujan\u010diais architektais.","breadcrumb":{"@id":"https:\/\/parduotuve.kondena.lt\/produktai\/pakabinamu-lubu-difuzorius-halo-x\/#breadcrumb"},"inLanguage":"en-US","potentialAction":[{"@type":"ReadAction","target":["https:\/\/parduotuve.kondena.lt\/produktai\/pakabinamu-lubu-difuzorius-halo-x\/"]}]},{"@type":"BreadcrumbList","@id":"https:\/\/parduotuve.kondena.lt\/produktai\/pakabinamu-lubu-difuzorius-halo-x\/#breadcrumb","itemListElement":[{"@type":"ListItem","position":1,"name":"Parduotuv\u0117","item":"https:\/\/parduotuve.kondena.lt\/parduotuve\/"},{"@type":"ListItem","position":2,"name":"Pakabinam\u0173 lub\u0173 difuzorius HALO-X"}]},{"@type":"WebSite","@id":"https:\/\/parduotuve.kondena.lt\/#website","url":"https:\/\/parduotuve.kondena.lt\/","name":"Kondena","description":"Kol kas tik dar vienas WordPress tinklalapis","potentialAction":[{"@type":"SearchAction","target":{"@type":"EntryPoint","urlTemplate":"https:\/\/parduotuve.kondena.lt\/?s={search_term_string}"},"query-input":"required name=search_term_string"}],"inLanguage":"en-US"}]}},"_links":{"self":[{"href":"https:\/\/parduotuve.kondena.lt\/en\/wp-json\/wp\/v2\/product\/11068","targetHints":{"allow":["GET"]}}],"collection":[{"href":"https:\/\/parduotuve.kondena.lt\/en\/wp-json\/wp\/v2\/product"}],"about":[{"href":"https:\/\/parduotuve.kondena.lt\/en\/wp-json\/wp\/v2\/types\/product"}],"replies":[{"embeddable":true,"href":"https:\/\/parduotuve.kondena.lt\/en\/wp-json\/wp\/v2\/comments?post=11068"}],"wp:featuredmedia":[{"embeddable":true,"href":"https:\/\/parduotuve.kondena.lt\/en\/wp-json\/wp\/v2\/media\/11072"}],"wp:attachment":[{"href":"https:\/\/parduotuve.kondena.lt\/en\/wp-json\/wp\/v2\/media?parent=11068"}],"wp:term":[{"taxonomy":"product_cat","embeddable":true,"href":"https:\/\/parduotuve.kondena.lt\/en\/wp-json\/wp\/v2\/product_cat?post=11068"},{"taxonomy":"product_tag","embeddable":true,"href":"https:\/\/parduotuve.kondena.lt\/en\/wp-json\/wp\/v2\/product_tag?post=11068"}],"curies":[{"name":"wp","href":"https:\/\/api.w.org\/{rel}","templated":true}]}}