{"id":11063,"date":"2021-11-09T08:26:22","date_gmt":"2021-11-09T07:26:22","guid":{"rendered":"https:\/\/parduotuve.kondena.lt\/?post_type=product&#038;p=11063"},"modified":"2024-12-02T14:36:05","modified_gmt":"2024-12-02T13:36:05","slug":"pakabinamu-lubu-difuzorius-halo","status":"publish","type":"product","link":"https:\/\/parduotuve.kondena.lt\/en\/produktai\/pakabinamu-lubu-difuzorius-halo\/","title":{"rendered":"Pakabinam\u0173 lub\u0173 difuzorius HALO"},"content":{"rendered":"<p>Pakabinam\u0173 lub\u0173 difuzorius HALO &#8211; itin stilingas ir modernus, buvo sukurtas bendradarbiaujant su pirmaujan\u010diais architektais. I\u0161radingas HALO dizainas kartu su lubomis sudaro u\u017ebaigt\u0105 ir i\u0161sam\u0173 objekt\u0105. \u201eHALO\u201c veikia tyliai ir be skersv\u0117j\u0173, taip pat tinka orui.<\/p>\n<p><a href=\"https:\/\/climeconair.com\/en-en\/product\/halo\/\">Technical data<\/a><\/p>\n<p>Oro srauto diapazonas 5-170 dm\u00b3\/s, 18-612 m\u00b3\/h<\/p>","protected":false},"excerpt":{"rendered":"<ul>\n<li>i\u0161skirtinai lengvas ir supaprastintas dizainas<\/li>\n<li>horizontalus metimo modelis<\/li>\n<li>nukreipiamas metimo modelis<\/li>\n<li>dvi tvirtinimo plok\u0161\u010di\u0173 parinktys<\/li>\n<\/ul>","protected":false},"featured_media":11064,"comment_status":"open","ping_status":"closed","template":"","meta":[],"product_cat":[189,191],"product_tag":[],"class_list":["post-11063","product","type-product","status-publish","has-post-thumbnail","hentry","product_cat-difuzoriai","product_cat-kvadratiniai-oro-difuzoriai"],"acf":[],"yoast_head":"<!-- This site is optimized with the Yoast SEO plugin v20.13 - https:\/\/yoast.com\/wordpress\/plugins\/seo\/ -->\n<title>Pakabinam\u0173 lub\u0173 difuzorius HALO - Kondena<\/title>\n<meta name=\"description\" content=\"Pakabinam\u0173 lub\u0173 difuzorius HALO - itin stilingas ir modernus, buvo sukurtas bendradarbiaujant su pirmaujan\u010diais architektais.\" \/>\n<meta name=\"robots\" content=\"index, follow, max-snippet:-1, max-image-preview:large, max-video-preview:-1\" \/>\n<link rel=\"canonical\" href=\"https:\/\/parduotuve.kondena.lt\/en\/produktai\/pakabinamu-lubu-difuzorius-halo\/\" \/>\n<meta property=\"og:locale\" content=\"en_US\" \/>\n<meta property=\"og:type\" content=\"article\" \/>\n<meta property=\"og:title\" content=\"Pakabinam\u0173 lub\u0173 difuzorius HALO - Kondena\" \/>\n<meta property=\"og:description\" content=\"Pakabinam\u0173 lub\u0173 difuzorius HALO - itin stilingas ir modernus, buvo sukurtas bendradarbiaujant su pirmaujan\u010diais architektais.\" \/>\n<meta property=\"og:url\" content=\"https:\/\/parduotuve.kondena.lt\/en\/produktai\/pakabinamu-lubu-difuzorius-halo\/\" \/>\n<meta property=\"og:site_name\" content=\"Kondena\" \/>\n<meta property=\"article:modified_time\" content=\"2024-12-02T13:36:05+00:00\" \/>\n<meta property=\"og:image\" content=\"https:\/\/parduotuve.kondena.lt\/wp-content\/uploads\/2021\/10\/HALO-600x600px-400x400-1.png\" \/>\n\t<meta property=\"og:image:width\" content=\"400\" \/>\n\t<meta property=\"og:image:height\" content=\"400\" \/>\n\t<meta property=\"og:image:type\" content=\"image\/png\" \/>\n<meta name=\"twitter:card\" content=\"summary_large_image\" \/>\n<meta name=\"twitter:label1\" content=\"Est. reading time\" \/>\n\t<meta name=\"twitter:data1\" content=\"1 minute\" \/>\n<script type=\"application\/ld+json\" class=\"yoast-schema-graph\">{\"@context\":\"https:\/\/schema.org\",\"@graph\":[{\"@type\":\"WebPage\",\"@id\":\"https:\/\/parduotuve.kondena.lt\/produktai\/pakabinamu-lubu-difuzorius-halo\/\",\"url\":\"https:\/\/parduotuve.kondena.lt\/produktai\/pakabinamu-lubu-difuzorius-halo\/\",\"name\":\"Pakabinam\u0173 lub\u0173 difuzorius HALO - Kondena\",\"isPartOf\":{\"@id\":\"https:\/\/parduotuve.kondena.lt\/#website\"},\"datePublished\":\"2021-11-09T07:26:22+00:00\",\"dateModified\":\"2024-12-02T13:36:05+00:00\",\"description\":\"Pakabinam\u0173 lub\u0173 difuzorius HALO - itin stilingas ir modernus, buvo sukurtas bendradarbiaujant su pirmaujan\u010diais architektais.\",\"breadcrumb\":{\"@id\":\"https:\/\/parduotuve.kondena.lt\/produktai\/pakabinamu-lubu-difuzorius-halo\/#breadcrumb\"},\"inLanguage\":\"en-US\",\"potentialAction\":[{\"@type\":\"ReadAction\",\"target\":[\"https:\/\/parduotuve.kondena.lt\/produktai\/pakabinamu-lubu-difuzorius-halo\/\"]}]},{\"@type\":\"BreadcrumbList\",\"@id\":\"https:\/\/parduotuve.kondena.lt\/produktai\/pakabinamu-lubu-difuzorius-halo\/#breadcrumb\",\"itemListElement\":[{\"@type\":\"ListItem\",\"position\":1,\"name\":\"Parduotuv\u0117\",\"item\":\"https:\/\/parduotuve.kondena.lt\/parduotuve\/\"},{\"@type\":\"ListItem\",\"position\":2,\"name\":\"Pakabinam\u0173 lub\u0173 difuzorius HALO\"}]},{\"@type\":\"WebSite\",\"@id\":\"https:\/\/parduotuve.kondena.lt\/#website\",\"url\":\"https:\/\/parduotuve.kondena.lt\/\",\"name\":\"Kondena\",\"description\":\"Kol kas tik dar vienas WordPress tinklalapis\",\"potentialAction\":[{\"@type\":\"SearchAction\",\"target\":{\"@type\":\"EntryPoint\",\"urlTemplate\":\"https:\/\/parduotuve.kondena.lt\/?s={search_term_string}\"},\"query-input\":\"required name=search_term_string\"}],\"inLanguage\":\"en-US\"}]}<\/script>\n<!-- \/ Yoast SEO plugin. -->","yoast_head_json":{"title":"Pakabinam\u0173 lub\u0173 difuzorius HALO - Kondena","description":"Pakabinam\u0173 lub\u0173 difuzorius HALO - itin stilingas ir modernus, buvo sukurtas bendradarbiaujant su pirmaujan\u010diais architektais.","robots":{"index":"index","follow":"follow","max-snippet":"max-snippet:-1","max-image-preview":"max-image-preview:large","max-video-preview":"max-video-preview:-1"},"canonical":"https:\/\/parduotuve.kondena.lt\/en\/produktai\/pakabinamu-lubu-difuzorius-halo\/","og_locale":"en_US","og_type":"article","og_title":"Pakabinam\u0173 lub\u0173 difuzorius HALO - Kondena","og_description":"Pakabinam\u0173 lub\u0173 difuzorius HALO - itin stilingas ir modernus, buvo sukurtas bendradarbiaujant su pirmaujan\u010diais architektais.","og_url":"https:\/\/parduotuve.kondena.lt\/en\/produktai\/pakabinamu-lubu-difuzorius-halo\/","og_site_name":"Kondena","article_modified_time":"2024-12-02T13:36:05+00:00","og_image":[{"width":400,"height":400,"url":"https:\/\/parduotuve.kondena.lt\/wp-content\/uploads\/2021\/10\/HALO-600x600px-400x400-1.png","type":"image\/png"}],"twitter_card":"summary_large_image","twitter_misc":{"Est. reading time":"1 minute"},"schema":{"@context":"https:\/\/schema.org","@graph":[{"@type":"WebPage","@id":"https:\/\/parduotuve.kondena.lt\/produktai\/pakabinamu-lubu-difuzorius-halo\/","url":"https:\/\/parduotuve.kondena.lt\/produktai\/pakabinamu-lubu-difuzorius-halo\/","name":"Pakabinam\u0173 lub\u0173 difuzorius HALO - Kondena","isPartOf":{"@id":"https:\/\/parduotuve.kondena.lt\/#website"},"datePublished":"2021-11-09T07:26:22+00:00","dateModified":"2024-12-02T13:36:05+00:00","description":"Pakabinam\u0173 lub\u0173 difuzorius HALO - itin stilingas ir modernus, buvo sukurtas bendradarbiaujant su pirmaujan\u010diais architektais.","breadcrumb":{"@id":"https:\/\/parduotuve.kondena.lt\/produktai\/pakabinamu-lubu-difuzorius-halo\/#breadcrumb"},"inLanguage":"en-US","potentialAction":[{"@type":"ReadAction","target":["https:\/\/parduotuve.kondena.lt\/produktai\/pakabinamu-lubu-difuzorius-halo\/"]}]},{"@type":"BreadcrumbList","@id":"https:\/\/parduotuve.kondena.lt\/produktai\/pakabinamu-lubu-difuzorius-halo\/#breadcrumb","itemListElement":[{"@type":"ListItem","position":1,"name":"Parduotuv\u0117","item":"https:\/\/parduotuve.kondena.lt\/parduotuve\/"},{"@type":"ListItem","position":2,"name":"Pakabinam\u0173 lub\u0173 difuzorius HALO"}]},{"@type":"WebSite","@id":"https:\/\/parduotuve.kondena.lt\/#website","url":"https:\/\/parduotuve.kondena.lt\/","name":"Kondena","description":"Kol kas tik dar vienas WordPress tinklalapis","potentialAction":[{"@type":"SearchAction","target":{"@type":"EntryPoint","urlTemplate":"https:\/\/parduotuve.kondena.lt\/?s={search_term_string}"},"query-input":"required name=search_term_string"}],"inLanguage":"en-US"}]}},"_links":{"self":[{"href":"https:\/\/parduotuve.kondena.lt\/en\/wp-json\/wp\/v2\/product\/11063","targetHints":{"allow":["GET"]}}],"collection":[{"href":"https:\/\/parduotuve.kondena.lt\/en\/wp-json\/wp\/v2\/product"}],"about":[{"href":"https:\/\/parduotuve.kondena.lt\/en\/wp-json\/wp\/v2\/types\/product"}],"replies":[{"embeddable":true,"href":"https:\/\/parduotuve.kondena.lt\/en\/wp-json\/wp\/v2\/comments?post=11063"}],"wp:featuredmedia":[{"embeddable":true,"href":"https:\/\/parduotuve.kondena.lt\/en\/wp-json\/wp\/v2\/media\/11064"}],"wp:attachment":[{"href":"https:\/\/parduotuve.kondena.lt\/en\/wp-json\/wp\/v2\/media?parent=11063"}],"wp:term":[{"taxonomy":"product_cat","embeddable":true,"href":"https:\/\/parduotuve.kondena.lt\/en\/wp-json\/wp\/v2\/product_cat?post=11063"},{"taxonomy":"product_tag","embeddable":true,"href":"https:\/\/parduotuve.kondena.lt\/en\/wp-json\/wp\/v2\/product_tag?post=11063"}],"curies":[{"name":"wp","href":"https:\/\/api.w.org\/{rel}","templated":true}]}}