{"id":11031,"date":"2021-10-08T11:36:47","date_gmt":"2021-10-08T11:36:47","guid":{"rendered":"http:\/\/parduotuve.kondena.lt\/?post_type=product&#038;p=11031"},"modified":"2022-12-16T13:11:24","modified_gmt":"2022-12-16T12:11:24","slug":"pastatomas-difuzorius-dino-a","status":"publish","type":"product","link":"https:\/\/parduotuve.kondena.lt\/en\/produktai\/pastatomas-difuzorius-dino-a\/","title":{"rendered":"Freestanding diffuser DINO-A"},"content":{"rendered":"<p>DINO low speed devices are the best solution for displacing air distribution. The products in this series combine elegant design, flexibility in conversion and high performance. DINO-A is a low-speed device with a curved front surface that allows the supply air to be evenly distributed over a wide area.<\/p>\n<p><a href=\"https:\/\/climeconair.com\/wp-content\/uploads\/2020\/08\/DINOA_kaikki-osat.pdf\">Technical data<\/a><\/p>\n<p>Air flow range 5-25 dm\u00b3 \/ s, 18-90 m\u00b3 \/ h<\/p>\n<p>The new DINO series diffusers for ventilation combine high capacity, elegant design and flexibility for adjustment throughout the diffuser life cycle. DINO series ejection diffusers ensure quiet and draft-free air distribution in places such as:<\/p>\n<ul>\n<li>Classes<\/li>\n<li>Restaurants<\/li>\n<li>Meeting rooms<\/li>\n<li>Gyms<\/li>\n<li>Industrial premises<\/li>\n<li>Professional kitchens<\/li>\n<\/ul>","protected":false},"excerpt":{"rendered":"<p>The new DINO series diffusers for ventilation combine high capacity, elegant design and flexibility for adjustment throughout the diffuser life cycle. DINO series ejection diffusers ensure quiet and draft-free air distribution in places such as:<\/p>\n<ul>\n<li>Classes<\/li>\n<li>Restaurants<\/li>\n<li>Meeting rooms<\/li>\n<li>Gyms<\/li>\n<li>Industrial premises<\/li>\n<li>Professional kitchens<\/li>\n<\/ul>","protected":false},"featured_media":11036,"comment_status":"open","ping_status":"closed","template":"","meta":[],"product_cat":[141,194],"product_tag":[],"class_list":["post-11031","product","type-product","status-publish","has-post-thumbnail","hentry","product_cat-vedinimas","product_cat-pastatomi-oro-difuzoriai"],"acf":[],"yoast_head":"<!-- This site is optimized with the Yoast SEO plugin v20.13 - https:\/\/yoast.com\/wordpress\/plugins\/seo\/ -->\n<title>Pastatomas difuzorius DINO-A - Kondena<\/title>\n<meta name=\"description\" content=\"Pastatomas difuzorius DINO-A ma\u017eo grei\u010dio \u012ftaisas geriausias sprendimas oro paskirstymui i\u0161stumti, skirtas v\u0117dinimo ventiliacijai.\" \/>\n<meta name=\"robots\" content=\"index, follow, max-snippet:-1, max-image-preview:large, max-video-preview:-1\" \/>\n<link rel=\"canonical\" href=\"https:\/\/parduotuve.kondena.lt\/en\/produktai\/pastatomas-difuzorius-dino-a\/\" \/>\n<meta property=\"og:locale\" content=\"en_US\" \/>\n<meta property=\"og:type\" content=\"article\" \/>\n<meta property=\"og:title\" content=\"Pastatomas difuzorius DINO-A - Kondena\" \/>\n<meta property=\"og:description\" content=\"Pastatomas difuzorius DINO-A ma\u017eo grei\u010dio \u012ftaisas geriausias sprendimas oro paskirstymui i\u0161stumti, skirtas v\u0117dinimo ventiliacijai.\" \/>\n<meta property=\"og:url\" content=\"https:\/\/parduotuve.kondena.lt\/en\/produktai\/pastatomas-difuzorius-dino-a\/\" \/>\n<meta property=\"og:site_name\" content=\"Kondena\" \/>\n<meta property=\"article:modified_time\" content=\"2022-12-16T12:11:24+00:00\" \/>\n<meta property=\"og:image\" content=\"https:\/\/parduotuve.kondena.lt\/wp-content\/uploads\/2021\/10\/DINO-A-600x600-1-400x400-1.png\" \/>\n\t<meta property=\"og:image:width\" content=\"400\" \/>\n\t<meta property=\"og:image:height\" content=\"400\" \/>\n\t<meta property=\"og:image:type\" content=\"image\/png\" \/>\n<meta name=\"twitter:card\" content=\"summary_large_image\" \/>\n<meta name=\"twitter:label1\" content=\"Est. reading time\" \/>\n\t<meta name=\"twitter:data1\" content=\"1 minute\" \/>\n<script type=\"application\/ld+json\" class=\"yoast-schema-graph\">{\"@context\":\"https:\/\/schema.org\",\"@graph\":[{\"@type\":\"WebPage\",\"@id\":\"https:\/\/parduotuve.kondena.lt\/produktai\/pastatomas-difuzorius-dino-a\/\",\"url\":\"https:\/\/parduotuve.kondena.lt\/produktai\/pastatomas-difuzorius-dino-a\/\",\"name\":\"Pastatomas difuzorius DINO-A - Kondena\",\"isPartOf\":{\"@id\":\"https:\/\/parduotuve.kondena.lt\/#website\"},\"datePublished\":\"2021-10-08T11:36:47+00:00\",\"dateModified\":\"2022-12-16T12:11:24+00:00\",\"description\":\"Pastatomas difuzorius DINO-A ma\u017eo grei\u010dio \u012ftaisas geriausias sprendimas oro paskirstymui i\u0161stumti, skirtas v\u0117dinimo ventiliacijai.\",\"breadcrumb\":{\"@id\":\"https:\/\/parduotuve.kondena.lt\/produktai\/pastatomas-difuzorius-dino-a\/#breadcrumb\"},\"inLanguage\":\"en-US\",\"potentialAction\":[{\"@type\":\"ReadAction\",\"target\":[\"https:\/\/parduotuve.kondena.lt\/produktai\/pastatomas-difuzorius-dino-a\/\"]}]},{\"@type\":\"BreadcrumbList\",\"@id\":\"https:\/\/parduotuve.kondena.lt\/produktai\/pastatomas-difuzorius-dino-a\/#breadcrumb\",\"itemListElement\":[{\"@type\":\"ListItem\",\"position\":1,\"name\":\"Parduotuv\u0117\",\"item\":\"https:\/\/parduotuve.kondena.lt\/parduotuve\/\"},{\"@type\":\"ListItem\",\"position\":2,\"name\":\"Pastatomas difuzorius DINO-A\"}]},{\"@type\":\"WebSite\",\"@id\":\"https:\/\/parduotuve.kondena.lt\/#website\",\"url\":\"https:\/\/parduotuve.kondena.lt\/\",\"name\":\"Kondena\",\"description\":\"Kol kas tik dar vienas WordPress tinklalapis\",\"potentialAction\":[{\"@type\":\"SearchAction\",\"target\":{\"@type\":\"EntryPoint\",\"urlTemplate\":\"https:\/\/parduotuve.kondena.lt\/?s={search_term_string}\"},\"query-input\":\"required name=search_term_string\"}],\"inLanguage\":\"en-US\"}]}<\/script>\n<!-- \/ Yoast SEO plugin. -->","yoast_head_json":{"title":"Pastatomas difuzorius DINO-A - Kondena","description":"Pastatomas difuzorius DINO-A ma\u017eo grei\u010dio \u012ftaisas geriausias sprendimas oro paskirstymui i\u0161stumti, skirtas v\u0117dinimo ventiliacijai.","robots":{"index":"index","follow":"follow","max-snippet":"max-snippet:-1","max-image-preview":"max-image-preview:large","max-video-preview":"max-video-preview:-1"},"canonical":"https:\/\/parduotuve.kondena.lt\/en\/produktai\/pastatomas-difuzorius-dino-a\/","og_locale":"en_US","og_type":"article","og_title":"Pastatomas difuzorius DINO-A - Kondena","og_description":"Pastatomas difuzorius DINO-A ma\u017eo grei\u010dio \u012ftaisas geriausias sprendimas oro paskirstymui i\u0161stumti, skirtas v\u0117dinimo ventiliacijai.","og_url":"https:\/\/parduotuve.kondena.lt\/en\/produktai\/pastatomas-difuzorius-dino-a\/","og_site_name":"Kondena","article_modified_time":"2022-12-16T12:11:24+00:00","og_image":[{"width":400,"height":400,"url":"https:\/\/parduotuve.kondena.lt\/wp-content\/uploads\/2021\/10\/DINO-A-600x600-1-400x400-1.png","type":"image\/png"}],"twitter_card":"summary_large_image","twitter_misc":{"Est. reading time":"1 minute"},"schema":{"@context":"https:\/\/schema.org","@graph":[{"@type":"WebPage","@id":"https:\/\/parduotuve.kondena.lt\/produktai\/pastatomas-difuzorius-dino-a\/","url":"https:\/\/parduotuve.kondena.lt\/produktai\/pastatomas-difuzorius-dino-a\/","name":"Pastatomas difuzorius DINO-A - Kondena","isPartOf":{"@id":"https:\/\/parduotuve.kondena.lt\/#website"},"datePublished":"2021-10-08T11:36:47+00:00","dateModified":"2022-12-16T12:11:24+00:00","description":"Pastatomas difuzorius DINO-A ma\u017eo grei\u010dio \u012ftaisas geriausias sprendimas oro paskirstymui i\u0161stumti, skirtas v\u0117dinimo ventiliacijai.","breadcrumb":{"@id":"https:\/\/parduotuve.kondena.lt\/produktai\/pastatomas-difuzorius-dino-a\/#breadcrumb"},"inLanguage":"en-US","potentialAction":[{"@type":"ReadAction","target":["https:\/\/parduotuve.kondena.lt\/produktai\/pastatomas-difuzorius-dino-a\/"]}]},{"@type":"BreadcrumbList","@id":"https:\/\/parduotuve.kondena.lt\/produktai\/pastatomas-difuzorius-dino-a\/#breadcrumb","itemListElement":[{"@type":"ListItem","position":1,"name":"Parduotuv\u0117","item":"https:\/\/parduotuve.kondena.lt\/parduotuve\/"},{"@type":"ListItem","position":2,"name":"Pastatomas difuzorius DINO-A"}]},{"@type":"WebSite","@id":"https:\/\/parduotuve.kondena.lt\/#website","url":"https:\/\/parduotuve.kondena.lt\/","name":"Kondena","description":"Kol kas tik dar vienas WordPress tinklalapis","potentialAction":[{"@type":"SearchAction","target":{"@type":"EntryPoint","urlTemplate":"https:\/\/parduotuve.kondena.lt\/?s={search_term_string}"},"query-input":"required name=search_term_string"}],"inLanguage":"en-US"}]}},"_links":{"self":[{"href":"https:\/\/parduotuve.kondena.lt\/en\/wp-json\/wp\/v2\/product\/11031","targetHints":{"allow":["GET"]}}],"collection":[{"href":"https:\/\/parduotuve.kondena.lt\/en\/wp-json\/wp\/v2\/product"}],"about":[{"href":"https:\/\/parduotuve.kondena.lt\/en\/wp-json\/wp\/v2\/types\/product"}],"replies":[{"embeddable":true,"href":"https:\/\/parduotuve.kondena.lt\/en\/wp-json\/wp\/v2\/comments?post=11031"}],"wp:featuredmedia":[{"embeddable":true,"href":"https:\/\/parduotuve.kondena.lt\/en\/wp-json\/wp\/v2\/media\/11036"}],"wp:attachment":[{"href":"https:\/\/parduotuve.kondena.lt\/en\/wp-json\/wp\/v2\/media?parent=11031"}],"wp:term":[{"taxonomy":"product_cat","embeddable":true,"href":"https:\/\/parduotuve.kondena.lt\/en\/wp-json\/wp\/v2\/product_cat?post=11031"},{"taxonomy":"product_tag","embeddable":true,"href":"https:\/\/parduotuve.kondena.lt\/en\/wp-json\/wp\/v2\/product_tag?post=11031"}],"curies":[{"name":"wp","href":"https:\/\/api.w.org\/{rel}","templated":true}]}}