{"id":11017,"date":"2021-10-08T11:08:44","date_gmt":"2021-10-08T11:08:44","guid":{"rendered":"http:\/\/parduotuve.kondena.lt\/?post_type=product&#038;p=11017"},"modified":"2022-12-16T13:24:45","modified_gmt":"2022-12-16T12:24:45","slug":"tiekiamo-oro-difuzorius-rux","status":"publish","type":"product","link":"https:\/\/parduotuve.kondena.lt\/en\/produktai\/tiekiamo-oro-difuzorius-rux\/","title":{"rendered":"Tiekiamo oro difuzorius RUX"},"content":{"rendered":"<p>Tiekiamo oro difuzorius RUX yra lankstus naudojimui ir pritaikomas tiekiamo oro \u012ftaisas gana auk\u0161toms erdv\u0117ms.<\/p>\n<p>D\u0117l optimizuoto ir pritaikomo metimo modelio RUX yra puikus tiekiamo oro difuzorius, skirtas prekybos centrams, maisto preki\u0173 parduotuv\u0117ms ir kitoms patalpoms, da\u017enai kei\u010dian\u010dioms i\u0161d\u0117stym\u0105.<\/p>\n<p><a href=\"https:\/\/climeconair.com\/wp-content\/uploads\/2020\/08\/RUX-ENG.pdf\">Technical data<\/a><\/p>\n<p>Oro srauto diapazonas 30-400 dm\u00b3\/s, 108-1440 m\u00b3\/h<\/p>\n<p>Tiekiamo oro blokas RUX ypa\u010d tinka parduotuvi\u0173 ir sporto bei pramon\u0117s objekt\u0173 v\u0117dinimui ir \u0161ildymui. RUX tiekiamo oro blokas turi labai siaur\u0105 ir ilg\u0105 vertikalios difuzijos model\u012f.<\/p>\n<p>Produkto konversijos lankstumas taip pat leid\u017eia<\/p>\n<p>Vertikalus s\u016bkurys, siauras ir sutrumpintas sklaidos ra\u0161tas<br \/>\n\u0160onin\u0117s sklaidos modelis<br \/>\nHorizontalus sklaidos modelis (rekomenduojama v\u0117sinti)<br \/>\nRUX puikiai tinka kaip tiekiamo oro agregatas auk\u0161tesn\u0117ms patalpoms.<\/p>\n<p>RUX yra naujos OptiFlow\u00ae produkt\u0173 \u0161eimos dalis!<br \/>\nOptiFlow\u00ae produktai prisitaiko prie erdv\u0117s gyvavimo ciklo poky\u010di\u0173 d\u0117l optimizuoto ir lankstaus difuzijos modelio.<\/p>","protected":false},"excerpt":{"rendered":"<ul>\n<li>Supermarkets, grocery stores, industrial premises and gyms<\/li>\n<li>Long, narrow throw pattern<\/li>\n<li>Vertical throw can be directed to the side<\/li>\n<li>Perfect for forced air heating in high rooms<\/li>\n<\/ul>","protected":false},"featured_media":11021,"comment_status":"open","ping_status":"closed","template":"","meta":[],"product_cat":[141,190],"product_tag":[],"class_list":["post-11017","product","type-product","status-publish","has-post-thumbnail","hentry","product_cat-vedinimas","product_cat-apvalus-oro-difuzoriai"],"acf":[],"yoast_head":"<!-- This site is optimized with the Yoast SEO plugin v20.13 - https:\/\/yoast.com\/wordpress\/plugins\/seo\/ -->\n<title>Tiekiamo oro difuzorius RUX - Kondena<\/title>\n<meta name=\"description\" content=\"Tiekiamo oro difuzorius RUX ypa\u010d tinka v\u0117dinti ir \u0161ildyti parduotuves, sporto patalpas ir pramonines patalpas.\" \/>\n<meta name=\"robots\" content=\"index, follow, max-snippet:-1, max-image-preview:large, max-video-preview:-1\" \/>\n<link rel=\"canonical\" href=\"https:\/\/parduotuve.kondena.lt\/en\/produktai\/tiekiamo-oro-difuzorius-rux\/\" \/>\n<meta property=\"og:locale\" content=\"en_US\" \/>\n<meta property=\"og:type\" content=\"article\" \/>\n<meta property=\"og:title\" content=\"Tiekiamo oro difuzorius RUX - Kondena\" \/>\n<meta property=\"og:description\" content=\"Tiekiamo oro difuzorius RUX ypa\u010d tinka v\u0117dinti ir \u0161ildyti parduotuves, sporto patalpas ir pramonines patalpas.\" \/>\n<meta property=\"og:url\" content=\"https:\/\/parduotuve.kondena.lt\/en\/produktai\/tiekiamo-oro-difuzorius-rux\/\" \/>\n<meta property=\"og:site_name\" content=\"Kondena\" \/>\n<meta property=\"article:modified_time\" content=\"2022-12-16T12:24:45+00:00\" \/>\n<meta property=\"og:image\" content=\"https:\/\/parduotuve.kondena.lt\/wp-content\/uploads\/2021\/10\/RUX-600x600-1.png\" \/>\n\t<meta property=\"og:image:width\" content=\"600\" \/>\n\t<meta property=\"og:image:height\" content=\"600\" \/>\n\t<meta property=\"og:image:type\" content=\"image\/png\" \/>\n<meta name=\"twitter:card\" content=\"summary_large_image\" \/>\n<meta name=\"twitter:label1\" content=\"Est. reading time\" \/>\n\t<meta name=\"twitter:data1\" content=\"1 minute\" \/>\n<script type=\"application\/ld+json\" class=\"yoast-schema-graph\">{\"@context\":\"https:\/\/schema.org\",\"@graph\":[{\"@type\":\"WebPage\",\"@id\":\"https:\/\/parduotuve.kondena.lt\/produktai\/tiekiamo-oro-difuzorius-rux\/\",\"url\":\"https:\/\/parduotuve.kondena.lt\/produktai\/tiekiamo-oro-difuzorius-rux\/\",\"name\":\"Tiekiamo oro difuzorius RUX - Kondena\",\"isPartOf\":{\"@id\":\"https:\/\/parduotuve.kondena.lt\/#website\"},\"datePublished\":\"2021-10-08T11:08:44+00:00\",\"dateModified\":\"2022-12-16T12:24:45+00:00\",\"description\":\"Tiekiamo oro difuzorius RUX ypa\u010d tinka v\u0117dinti ir \u0161ildyti parduotuves, sporto patalpas ir pramonines patalpas.\",\"breadcrumb\":{\"@id\":\"https:\/\/parduotuve.kondena.lt\/produktai\/tiekiamo-oro-difuzorius-rux\/#breadcrumb\"},\"inLanguage\":\"en-US\",\"potentialAction\":[{\"@type\":\"ReadAction\",\"target\":[\"https:\/\/parduotuve.kondena.lt\/produktai\/tiekiamo-oro-difuzorius-rux\/\"]}]},{\"@type\":\"BreadcrumbList\",\"@id\":\"https:\/\/parduotuve.kondena.lt\/produktai\/tiekiamo-oro-difuzorius-rux\/#breadcrumb\",\"itemListElement\":[{\"@type\":\"ListItem\",\"position\":1,\"name\":\"Parduotuv\u0117\",\"item\":\"https:\/\/parduotuve.kondena.lt\/parduotuve\/\"},{\"@type\":\"ListItem\",\"position\":2,\"name\":\"Tiekiamo oro difuzorius RUX\"}]},{\"@type\":\"WebSite\",\"@id\":\"https:\/\/parduotuve.kondena.lt\/#website\",\"url\":\"https:\/\/parduotuve.kondena.lt\/\",\"name\":\"Kondena\",\"description\":\"Kol kas tik dar vienas WordPress tinklalapis\",\"potentialAction\":[{\"@type\":\"SearchAction\",\"target\":{\"@type\":\"EntryPoint\",\"urlTemplate\":\"https:\/\/parduotuve.kondena.lt\/?s={search_term_string}\"},\"query-input\":\"required name=search_term_string\"}],\"inLanguage\":\"en-US\"}]}<\/script>\n<!-- \/ Yoast SEO plugin. -->","yoast_head_json":{"title":"Tiekiamo oro difuzorius RUX - Kondena","description":"Tiekiamo oro difuzorius RUX ypa\u010d tinka v\u0117dinti ir \u0161ildyti parduotuves, sporto patalpas ir pramonines patalpas.","robots":{"index":"index","follow":"follow","max-snippet":"max-snippet:-1","max-image-preview":"max-image-preview:large","max-video-preview":"max-video-preview:-1"},"canonical":"https:\/\/parduotuve.kondena.lt\/en\/produktai\/tiekiamo-oro-difuzorius-rux\/","og_locale":"en_US","og_type":"article","og_title":"Tiekiamo oro difuzorius RUX - Kondena","og_description":"Tiekiamo oro difuzorius RUX ypa\u010d tinka v\u0117dinti ir \u0161ildyti parduotuves, sporto patalpas ir pramonines patalpas.","og_url":"https:\/\/parduotuve.kondena.lt\/en\/produktai\/tiekiamo-oro-difuzorius-rux\/","og_site_name":"Kondena","article_modified_time":"2022-12-16T12:24:45+00:00","og_image":[{"width":600,"height":600,"url":"https:\/\/parduotuve.kondena.lt\/wp-content\/uploads\/2021\/10\/RUX-600x600-1.png","type":"image\/png"}],"twitter_card":"summary_large_image","twitter_misc":{"Est. reading time":"1 minute"},"schema":{"@context":"https:\/\/schema.org","@graph":[{"@type":"WebPage","@id":"https:\/\/parduotuve.kondena.lt\/produktai\/tiekiamo-oro-difuzorius-rux\/","url":"https:\/\/parduotuve.kondena.lt\/produktai\/tiekiamo-oro-difuzorius-rux\/","name":"Tiekiamo oro difuzorius RUX - Kondena","isPartOf":{"@id":"https:\/\/parduotuve.kondena.lt\/#website"},"datePublished":"2021-10-08T11:08:44+00:00","dateModified":"2022-12-16T12:24:45+00:00","description":"Tiekiamo oro difuzorius RUX ypa\u010d tinka v\u0117dinti ir \u0161ildyti parduotuves, sporto patalpas ir pramonines patalpas.","breadcrumb":{"@id":"https:\/\/parduotuve.kondena.lt\/produktai\/tiekiamo-oro-difuzorius-rux\/#breadcrumb"},"inLanguage":"en-US","potentialAction":[{"@type":"ReadAction","target":["https:\/\/parduotuve.kondena.lt\/produktai\/tiekiamo-oro-difuzorius-rux\/"]}]},{"@type":"BreadcrumbList","@id":"https:\/\/parduotuve.kondena.lt\/produktai\/tiekiamo-oro-difuzorius-rux\/#breadcrumb","itemListElement":[{"@type":"ListItem","position":1,"name":"Parduotuv\u0117","item":"https:\/\/parduotuve.kondena.lt\/parduotuve\/"},{"@type":"ListItem","position":2,"name":"Tiekiamo oro difuzorius RUX"}]},{"@type":"WebSite","@id":"https:\/\/parduotuve.kondena.lt\/#website","url":"https:\/\/parduotuve.kondena.lt\/","name":"Kondena","description":"Kol kas tik dar vienas WordPress tinklalapis","potentialAction":[{"@type":"SearchAction","target":{"@type":"EntryPoint","urlTemplate":"https:\/\/parduotuve.kondena.lt\/?s={search_term_string}"},"query-input":"required name=search_term_string"}],"inLanguage":"en-US"}]}},"_links":{"self":[{"href":"https:\/\/parduotuve.kondena.lt\/en\/wp-json\/wp\/v2\/product\/11017","targetHints":{"allow":["GET"]}}],"collection":[{"href":"https:\/\/parduotuve.kondena.lt\/en\/wp-json\/wp\/v2\/product"}],"about":[{"href":"https:\/\/parduotuve.kondena.lt\/en\/wp-json\/wp\/v2\/types\/product"}],"replies":[{"embeddable":true,"href":"https:\/\/parduotuve.kondena.lt\/en\/wp-json\/wp\/v2\/comments?post=11017"}],"wp:featuredmedia":[{"embeddable":true,"href":"https:\/\/parduotuve.kondena.lt\/en\/wp-json\/wp\/v2\/media\/11021"}],"wp:attachment":[{"href":"https:\/\/parduotuve.kondena.lt\/en\/wp-json\/wp\/v2\/media?parent=11017"}],"wp:term":[{"taxonomy":"product_cat","embeddable":true,"href":"https:\/\/parduotuve.kondena.lt\/en\/wp-json\/wp\/v2\/product_cat?post=11017"},{"taxonomy":"product_tag","embeddable":true,"href":"https:\/\/parduotuve.kondena.lt\/en\/wp-json\/wp\/v2\/product_tag?post=11017"}],"curies":[{"name":"wp","href":"https:\/\/api.w.org\/{rel}","templated":true}]}}