{"id":11011,"date":"2021-10-08T11:04:30","date_gmt":"2021-10-08T11:04:30","guid":{"rendered":"http:\/\/parduotuve.kondena.lt\/?post_type=product&#038;p=11011"},"modified":"2022-12-16T14:23:52","modified_gmt":"2022-12-16T13:23:52","slug":"tiekiamo-oro-difuzorius-rix","status":"publish","type":"product","link":"https:\/\/parduotuve.kondena.lt\/en\/produktai\/tiekiamo-oro-difuzorius-rix\/","title":{"rendered":"Supply air diffuser RIX"},"content":{"rendered":"<p>The RIX supply air diffuser is particularly suitable for ventilation and heating of shops, sports facilities and industrial premises.<\/p>\n<p>The RIX supply air diffuser provides an extremely narrow vertical throw pattern, and its flexibility also allows it to tilt sideways.<\/p>\n<p><a href=\"https:\/\/climeconair.com\/wp-content\/uploads\/2020\/08\/RIX-ENG.pdf\">Technical data<\/a><\/p>\n<p>Air flow range 50\u2013400 dm\u00b3 \/ s, 180\u20131440 m\u00b3 \/ h<\/p>\n<p>Lankstus tiekiamo oro blokas<br \/>\nRIX puikiai tinka kaip tiekiamo oro \u012frenginys auk\u0161toms patalpoms. RIX, lankstaus tiekiamo oro agregato, skirto didel\u0117ms patalpoms, savyb\u0117s yra pagr\u012fstos optimizuotu standartini\u0173 ir kryptini\u0173 purk\u0161tuk\u0173 skai\u010diumi. RIX tiekiamo oro agregatas turi labai siaur\u0105 vertikalios difuzijos model\u012f, o gaminio konversijos lankstumas taip pat leid\u017eia skleisti \u012fstri\u017eai \u012f \u0161on\u0105.<\/p>\n<p>RIX idealiai tinka kaip tiekiamo oro difuzorius prekybos centrams, maisto preki\u0173 parduotuv\u0117ms ir apskritai patalpoms, kuriose erdv\u0117s i\u0161d\u0117stymas kei\u010diasi kelis kartus per savo gyvavimo cikl\u0105.<\/p>\n<p>Jei, pavyzd\u017eiui, darbo vieta, lentyna ar \u0161aldiklio baseinas patenka \u017eemiau vertikalios sklaidos pie\u0161inio, sklaidos ra\u0161t\u0105 galima lengvai orientuoti, purk\u0161tukus v\u0117l pasukus link laisvo grind\u0173 pavir\u0161iaus.<\/p>\n<p>Lankstus oro srauto valdymo keitimas leid\u017eia bet kur\u012f i\u0161 j\u0173<\/p>\n<p>vertikalus ir labai siauras sklaidos ra\u0161tas arba<br \/>\n\u012fstri\u017eai nukreiptas sklaidos modelis<br \/>\nRIX yra naujos OptiFlow\u00ae produkt\u0173 \u0161eimos dalis!<br \/>\nOptiFlow\u00ae produktai prisitaiko prie erdv\u0117s gyvavimo ciklo poky\u010di\u0173 d\u0117l optimizuoto ir lankstaus difuzijos modelio.<\/p>\n<p>&nbsp;<\/p>","protected":false},"excerpt":{"rendered":"<ul>\n<li>Supermarkets, grocery stores, industrial premises and gyms<\/li>\n<li>Long, narrow throw pattern<\/li>\n<li>Vertical throw can be directed to the side<\/li>\n<li>Perfect for forced air heating in high rooms<\/li>\n<\/ul>","protected":false},"featured_media":11016,"comment_status":"open","ping_status":"closed","template":"","meta":[],"product_cat":[141,190],"product_tag":[],"class_list":["post-11011","product","type-product","status-publish","has-post-thumbnail","hentry","product_cat-vedinimas","product_cat-apvalus-oro-difuzoriai"],"acf":[],"yoast_head":"<!-- This site is optimized with the Yoast SEO plugin v20.13 - https:\/\/yoast.com\/wordpress\/plugins\/seo\/ -->\n<title>Tiekiamo oro difuzorius RIX - Kondena<\/title>\n<meta name=\"description\" content=\"Tiekiamo oro difuzorius RIX ypa\u010d tinka v\u0117dinti ir \u0161ildyti parduotuves, sporto patalpas ir pramonines patalpas.\" \/>\n<meta name=\"robots\" content=\"index, follow, max-snippet:-1, max-image-preview:large, max-video-preview:-1\" \/>\n<link rel=\"canonical\" href=\"https:\/\/parduotuve.kondena.lt\/en\/produktai\/tiekiamo-oro-difuzorius-rix\/\" \/>\n<meta property=\"og:locale\" content=\"en_US\" \/>\n<meta property=\"og:type\" content=\"article\" \/>\n<meta property=\"og:title\" content=\"Tiekiamo oro difuzorius RIX - Kondena\" \/>\n<meta property=\"og:description\" content=\"Tiekiamo oro difuzorius RIX ypa\u010d tinka v\u0117dinti ir \u0161ildyti parduotuves, sporto patalpas ir pramonines patalpas.\" \/>\n<meta property=\"og:url\" content=\"https:\/\/parduotuve.kondena.lt\/en\/produktai\/tiekiamo-oro-difuzorius-rix\/\" \/>\n<meta property=\"og:site_name\" content=\"Kondena\" \/>\n<meta property=\"article:modified_time\" content=\"2022-12-16T13:23:52+00:00\" \/>\n<meta property=\"og:image\" content=\"https:\/\/parduotuve.kondena.lt\/wp-content\/uploads\/2021\/10\/RIX-600x600-1.png\" \/>\n\t<meta property=\"og:image:width\" content=\"600\" \/>\n\t<meta property=\"og:image:height\" content=\"600\" \/>\n\t<meta property=\"og:image:type\" content=\"image\/png\" \/>\n<meta name=\"twitter:card\" content=\"summary_large_image\" \/>\n<meta name=\"twitter:label1\" content=\"Est. reading time\" \/>\n\t<meta name=\"twitter:data1\" content=\"2 minutes\" \/>\n<script type=\"application\/ld+json\" class=\"yoast-schema-graph\">{\"@context\":\"https:\/\/schema.org\",\"@graph\":[{\"@type\":\"WebPage\",\"@id\":\"https:\/\/parduotuve.kondena.lt\/produktai\/tiekiamo-oro-difuzorius-rix\/\",\"url\":\"https:\/\/parduotuve.kondena.lt\/produktai\/tiekiamo-oro-difuzorius-rix\/\",\"name\":\"Tiekiamo oro difuzorius RIX - Kondena\",\"isPartOf\":{\"@id\":\"https:\/\/parduotuve.kondena.lt\/#website\"},\"datePublished\":\"2021-10-08T11:04:30+00:00\",\"dateModified\":\"2022-12-16T13:23:52+00:00\",\"description\":\"Tiekiamo oro difuzorius RIX ypa\u010d tinka v\u0117dinti ir \u0161ildyti parduotuves, sporto patalpas ir pramonines patalpas.\",\"breadcrumb\":{\"@id\":\"https:\/\/parduotuve.kondena.lt\/produktai\/tiekiamo-oro-difuzorius-rix\/#breadcrumb\"},\"inLanguage\":\"en-US\",\"potentialAction\":[{\"@type\":\"ReadAction\",\"target\":[\"https:\/\/parduotuve.kondena.lt\/produktai\/tiekiamo-oro-difuzorius-rix\/\"]}]},{\"@type\":\"BreadcrumbList\",\"@id\":\"https:\/\/parduotuve.kondena.lt\/produktai\/tiekiamo-oro-difuzorius-rix\/#breadcrumb\",\"itemListElement\":[{\"@type\":\"ListItem\",\"position\":1,\"name\":\"Parduotuv\u0117\",\"item\":\"https:\/\/parduotuve.kondena.lt\/parduotuve\/\"},{\"@type\":\"ListItem\",\"position\":2,\"name\":\"Tiekiamo oro difuzorius RIX\"}]},{\"@type\":\"WebSite\",\"@id\":\"https:\/\/parduotuve.kondena.lt\/#website\",\"url\":\"https:\/\/parduotuve.kondena.lt\/\",\"name\":\"Kondena\",\"description\":\"Kol kas tik dar vienas WordPress tinklalapis\",\"potentialAction\":[{\"@type\":\"SearchAction\",\"target\":{\"@type\":\"EntryPoint\",\"urlTemplate\":\"https:\/\/parduotuve.kondena.lt\/?s={search_term_string}\"},\"query-input\":\"required name=search_term_string\"}],\"inLanguage\":\"en-US\"}]}<\/script>\n<!-- \/ Yoast SEO plugin. -->","yoast_head_json":{"title":"Tiekiamo oro difuzorius RIX - Kondena","description":"Tiekiamo oro difuzorius RIX ypa\u010d tinka v\u0117dinti ir \u0161ildyti parduotuves, sporto patalpas ir pramonines patalpas.","robots":{"index":"index","follow":"follow","max-snippet":"max-snippet:-1","max-image-preview":"max-image-preview:large","max-video-preview":"max-video-preview:-1"},"canonical":"https:\/\/parduotuve.kondena.lt\/en\/produktai\/tiekiamo-oro-difuzorius-rix\/","og_locale":"en_US","og_type":"article","og_title":"Tiekiamo oro difuzorius RIX - Kondena","og_description":"Tiekiamo oro difuzorius RIX ypa\u010d tinka v\u0117dinti ir \u0161ildyti parduotuves, sporto patalpas ir pramonines patalpas.","og_url":"https:\/\/parduotuve.kondena.lt\/en\/produktai\/tiekiamo-oro-difuzorius-rix\/","og_site_name":"Kondena","article_modified_time":"2022-12-16T13:23:52+00:00","og_image":[{"width":600,"height":600,"url":"https:\/\/parduotuve.kondena.lt\/wp-content\/uploads\/2021\/10\/RIX-600x600-1.png","type":"image\/png"}],"twitter_card":"summary_large_image","twitter_misc":{"Est. reading time":"2 minutes"},"schema":{"@context":"https:\/\/schema.org","@graph":[{"@type":"WebPage","@id":"https:\/\/parduotuve.kondena.lt\/produktai\/tiekiamo-oro-difuzorius-rix\/","url":"https:\/\/parduotuve.kondena.lt\/produktai\/tiekiamo-oro-difuzorius-rix\/","name":"Tiekiamo oro difuzorius RIX - Kondena","isPartOf":{"@id":"https:\/\/parduotuve.kondena.lt\/#website"},"datePublished":"2021-10-08T11:04:30+00:00","dateModified":"2022-12-16T13:23:52+00:00","description":"Tiekiamo oro difuzorius RIX ypa\u010d tinka v\u0117dinti ir \u0161ildyti parduotuves, sporto patalpas ir pramonines patalpas.","breadcrumb":{"@id":"https:\/\/parduotuve.kondena.lt\/produktai\/tiekiamo-oro-difuzorius-rix\/#breadcrumb"},"inLanguage":"en-US","potentialAction":[{"@type":"ReadAction","target":["https:\/\/parduotuve.kondena.lt\/produktai\/tiekiamo-oro-difuzorius-rix\/"]}]},{"@type":"BreadcrumbList","@id":"https:\/\/parduotuve.kondena.lt\/produktai\/tiekiamo-oro-difuzorius-rix\/#breadcrumb","itemListElement":[{"@type":"ListItem","position":1,"name":"Parduotuv\u0117","item":"https:\/\/parduotuve.kondena.lt\/parduotuve\/"},{"@type":"ListItem","position":2,"name":"Tiekiamo oro difuzorius RIX"}]},{"@type":"WebSite","@id":"https:\/\/parduotuve.kondena.lt\/#website","url":"https:\/\/parduotuve.kondena.lt\/","name":"Kondena","description":"Kol kas tik dar vienas WordPress tinklalapis","potentialAction":[{"@type":"SearchAction","target":{"@type":"EntryPoint","urlTemplate":"https:\/\/parduotuve.kondena.lt\/?s={search_term_string}"},"query-input":"required name=search_term_string"}],"inLanguage":"en-US"}]}},"_links":{"self":[{"href":"https:\/\/parduotuve.kondena.lt\/en\/wp-json\/wp\/v2\/product\/11011","targetHints":{"allow":["GET"]}}],"collection":[{"href":"https:\/\/parduotuve.kondena.lt\/en\/wp-json\/wp\/v2\/product"}],"about":[{"href":"https:\/\/parduotuve.kondena.lt\/en\/wp-json\/wp\/v2\/types\/product"}],"replies":[{"embeddable":true,"href":"https:\/\/parduotuve.kondena.lt\/en\/wp-json\/wp\/v2\/comments?post=11011"}],"wp:featuredmedia":[{"embeddable":true,"href":"https:\/\/parduotuve.kondena.lt\/en\/wp-json\/wp\/v2\/media\/11016"}],"wp:attachment":[{"href":"https:\/\/parduotuve.kondena.lt\/en\/wp-json\/wp\/v2\/media?parent=11011"}],"wp:term":[{"taxonomy":"product_cat","embeddable":true,"href":"https:\/\/parduotuve.kondena.lt\/en\/wp-json\/wp\/v2\/product_cat?post=11011"},{"taxonomy":"product_tag","embeddable":true,"href":"https:\/\/parduotuve.kondena.lt\/en\/wp-json\/wp\/v2\/product_tag?post=11011"}],"curies":[{"name":"wp","href":"https:\/\/api.w.org\/{rel}","templated":true}]}}