{"id":11003,"date":"2021-10-08T10:51:33","date_gmt":"2021-10-08T10:51:33","guid":{"rendered":"http:\/\/parduotuve.kondena.lt\/?post_type=product&#038;p=11003"},"modified":"2022-12-16T14:16:50","modified_gmt":"2022-12-16T13:16:50","slug":"tiekiamo-oro-difuzorius-rif","status":"publish","type":"product","link":"https:\/\/parduotuve.kondena.lt\/en\/produktai\/tiekiamo-oro-difuzorius-rif\/","title":{"rendered":"Supply air diffuser RIF"},"content":{"rendered":"<p>The supply air diffuser RIF is ideal for ventilation, heating and cooling of high rooms. The throw pattern can be adjusted by changing the position of the blade manually (RIF) or remotely (RIF-M).<\/p>\n<p>The RIF diffuser is suitable for both simple installation and ceiling mounting.<\/p>\n<p>Air flow range 100-750 dm\u00b3 \/ s, 360-2700 m\u00b3 \/ h<\/p>\n<p><a href=\"https:\/\/climeconair.com\/wp-content\/uploads\/2020\/08\/RIF-ENG.pdf\">Technical data<\/a><\/p>\n<p>&nbsp;<\/p>","protected":false},"excerpt":{"rendered":"<ul>\n<li>For ventilation, heating and cooling of high rooms<\/li>\n<li>Adjustable throw from horizontal to vertical<\/li>\n<li>Suitable for both free-standing and ceiling-mounted installation<\/li>\n<li>The rotational movement of the supply air improves mixing with the indoor air<\/li>\n<\/ul>","protected":false},"featured_media":11010,"comment_status":"open","ping_status":"closed","template":"","meta":[],"product_cat":[141,190],"product_tag":[],"class_list":["post-11003","product","type-product","status-publish","has-post-thumbnail","hentry","product_cat-vedinimas","product_cat-apvalus-oro-difuzoriai"],"acf":[],"yoast_head":"<!-- This site is optimized with the Yoast SEO plugin v20.13 - https:\/\/yoast.com\/wordpress\/plugins\/seo\/ -->\n<title>Tiekiamo oro difuzorius RIF - Kondena<\/title>\n<meta name=\"description\" content=\"Tiekiamo oro difuzorius RIF puikiai tinka auk\u0161t\u0173 patalp\u0173 v\u0117dinimui, \u0161ildymui ir v\u0117sinimui. Oro srauto diapazonas 100-750 dm\u00b3\/s, 360-2700 m\u00b3\/h\" \/>\n<meta name=\"robots\" content=\"index, follow, max-snippet:-1, max-image-preview:large, max-video-preview:-1\" \/>\n<link rel=\"canonical\" href=\"https:\/\/parduotuve.kondena.lt\/en\/produktai\/tiekiamo-oro-difuzorius-rif\/\" \/>\n<meta property=\"og:locale\" content=\"en_US\" \/>\n<meta property=\"og:type\" content=\"article\" \/>\n<meta property=\"og:title\" content=\"Tiekiamo oro difuzorius RIF - Kondena\" \/>\n<meta property=\"og:description\" content=\"Tiekiamo oro difuzorius RIF puikiai tinka auk\u0161t\u0173 patalp\u0173 v\u0117dinimui, \u0161ildymui ir v\u0117sinimui. Oro srauto diapazonas 100-750 dm\u00b3\/s, 360-2700 m\u00b3\/h\" \/>\n<meta property=\"og:url\" content=\"https:\/\/parduotuve.kondena.lt\/en\/produktai\/tiekiamo-oro-difuzorius-rif\/\" \/>\n<meta property=\"og:site_name\" content=\"Kondena\" \/>\n<meta property=\"article:modified_time\" content=\"2022-12-16T13:16:50+00:00\" \/>\n<meta property=\"og:image\" content=\"https:\/\/parduotuve.kondena.lt\/wp-content\/uploads\/2021\/10\/RIF-600x600-1.png\" \/>\n\t<meta property=\"og:image:width\" content=\"600\" \/>\n\t<meta property=\"og:image:height\" content=\"600\" \/>\n\t<meta property=\"og:image:type\" content=\"image\/png\" \/>\n<meta name=\"twitter:card\" content=\"summary_large_image\" \/>\n<meta name=\"twitter:label1\" content=\"Est. reading time\" \/>\n\t<meta name=\"twitter:data1\" content=\"1 minute\" \/>\n<script type=\"application\/ld+json\" class=\"yoast-schema-graph\">{\"@context\":\"https:\/\/schema.org\",\"@graph\":[{\"@type\":\"WebPage\",\"@id\":\"https:\/\/parduotuve.kondena.lt\/produktai\/tiekiamo-oro-difuzorius-rif\/\",\"url\":\"https:\/\/parduotuve.kondena.lt\/produktai\/tiekiamo-oro-difuzorius-rif\/\",\"name\":\"Tiekiamo oro difuzorius RIF - Kondena\",\"isPartOf\":{\"@id\":\"https:\/\/parduotuve.kondena.lt\/#website\"},\"datePublished\":\"2021-10-08T10:51:33+00:00\",\"dateModified\":\"2022-12-16T13:16:50+00:00\",\"description\":\"Tiekiamo oro difuzorius RIF puikiai tinka auk\u0161t\u0173 patalp\u0173 v\u0117dinimui, \u0161ildymui ir v\u0117sinimui. Oro srauto diapazonas 100-750 dm\u00b3\/s, 360-2700 m\u00b3\/h\",\"breadcrumb\":{\"@id\":\"https:\/\/parduotuve.kondena.lt\/produktai\/tiekiamo-oro-difuzorius-rif\/#breadcrumb\"},\"inLanguage\":\"en-US\",\"potentialAction\":[{\"@type\":\"ReadAction\",\"target\":[\"https:\/\/parduotuve.kondena.lt\/produktai\/tiekiamo-oro-difuzorius-rif\/\"]}]},{\"@type\":\"BreadcrumbList\",\"@id\":\"https:\/\/parduotuve.kondena.lt\/produktai\/tiekiamo-oro-difuzorius-rif\/#breadcrumb\",\"itemListElement\":[{\"@type\":\"ListItem\",\"position\":1,\"name\":\"Parduotuv\u0117\",\"item\":\"https:\/\/parduotuve.kondena.lt\/parduotuve\/\"},{\"@type\":\"ListItem\",\"position\":2,\"name\":\"Tiekiamo oro difuzorius RIF\"}]},{\"@type\":\"WebSite\",\"@id\":\"https:\/\/parduotuve.kondena.lt\/#website\",\"url\":\"https:\/\/parduotuve.kondena.lt\/\",\"name\":\"Kondena\",\"description\":\"Kol kas tik dar vienas WordPress tinklalapis\",\"potentialAction\":[{\"@type\":\"SearchAction\",\"target\":{\"@type\":\"EntryPoint\",\"urlTemplate\":\"https:\/\/parduotuve.kondena.lt\/?s={search_term_string}\"},\"query-input\":\"required name=search_term_string\"}],\"inLanguage\":\"en-US\"}]}<\/script>\n<!-- \/ Yoast SEO plugin. -->","yoast_head_json":{"title":"Tiekiamo oro difuzorius RIF - Kondena","description":"Tiekiamo oro difuzorius RIF puikiai tinka auk\u0161t\u0173 patalp\u0173 v\u0117dinimui, \u0161ildymui ir v\u0117sinimui. Oro srauto diapazonas 100-750 dm\u00b3\/s, 360-2700 m\u00b3\/h","robots":{"index":"index","follow":"follow","max-snippet":"max-snippet:-1","max-image-preview":"max-image-preview:large","max-video-preview":"max-video-preview:-1"},"canonical":"https:\/\/parduotuve.kondena.lt\/en\/produktai\/tiekiamo-oro-difuzorius-rif\/","og_locale":"en_US","og_type":"article","og_title":"Tiekiamo oro difuzorius RIF - Kondena","og_description":"Tiekiamo oro difuzorius RIF puikiai tinka auk\u0161t\u0173 patalp\u0173 v\u0117dinimui, \u0161ildymui ir v\u0117sinimui. Oro srauto diapazonas 100-750 dm\u00b3\/s, 360-2700 m\u00b3\/h","og_url":"https:\/\/parduotuve.kondena.lt\/en\/produktai\/tiekiamo-oro-difuzorius-rif\/","og_site_name":"Kondena","article_modified_time":"2022-12-16T13:16:50+00:00","og_image":[{"width":600,"height":600,"url":"https:\/\/parduotuve.kondena.lt\/wp-content\/uploads\/2021\/10\/RIF-600x600-1.png","type":"image\/png"}],"twitter_card":"summary_large_image","twitter_misc":{"Est. reading time":"1 minute"},"schema":{"@context":"https:\/\/schema.org","@graph":[{"@type":"WebPage","@id":"https:\/\/parduotuve.kondena.lt\/produktai\/tiekiamo-oro-difuzorius-rif\/","url":"https:\/\/parduotuve.kondena.lt\/produktai\/tiekiamo-oro-difuzorius-rif\/","name":"Tiekiamo oro difuzorius RIF - Kondena","isPartOf":{"@id":"https:\/\/parduotuve.kondena.lt\/#website"},"datePublished":"2021-10-08T10:51:33+00:00","dateModified":"2022-12-16T13:16:50+00:00","description":"Tiekiamo oro difuzorius RIF puikiai tinka auk\u0161t\u0173 patalp\u0173 v\u0117dinimui, \u0161ildymui ir v\u0117sinimui. Oro srauto diapazonas 100-750 dm\u00b3\/s, 360-2700 m\u00b3\/h","breadcrumb":{"@id":"https:\/\/parduotuve.kondena.lt\/produktai\/tiekiamo-oro-difuzorius-rif\/#breadcrumb"},"inLanguage":"en-US","potentialAction":[{"@type":"ReadAction","target":["https:\/\/parduotuve.kondena.lt\/produktai\/tiekiamo-oro-difuzorius-rif\/"]}]},{"@type":"BreadcrumbList","@id":"https:\/\/parduotuve.kondena.lt\/produktai\/tiekiamo-oro-difuzorius-rif\/#breadcrumb","itemListElement":[{"@type":"ListItem","position":1,"name":"Parduotuv\u0117","item":"https:\/\/parduotuve.kondena.lt\/parduotuve\/"},{"@type":"ListItem","position":2,"name":"Tiekiamo oro difuzorius RIF"}]},{"@type":"WebSite","@id":"https:\/\/parduotuve.kondena.lt\/#website","url":"https:\/\/parduotuve.kondena.lt\/","name":"Kondena","description":"Kol kas tik dar vienas WordPress tinklalapis","potentialAction":[{"@type":"SearchAction","target":{"@type":"EntryPoint","urlTemplate":"https:\/\/parduotuve.kondena.lt\/?s={search_term_string}"},"query-input":"required name=search_term_string"}],"inLanguage":"en-US"}]}},"_links":{"self":[{"href":"https:\/\/parduotuve.kondena.lt\/en\/wp-json\/wp\/v2\/product\/11003","targetHints":{"allow":["GET"]}}],"collection":[{"href":"https:\/\/parduotuve.kondena.lt\/en\/wp-json\/wp\/v2\/product"}],"about":[{"href":"https:\/\/parduotuve.kondena.lt\/en\/wp-json\/wp\/v2\/types\/product"}],"replies":[{"embeddable":true,"href":"https:\/\/parduotuve.kondena.lt\/en\/wp-json\/wp\/v2\/comments?post=11003"}],"wp:featuredmedia":[{"embeddable":true,"href":"https:\/\/parduotuve.kondena.lt\/en\/wp-json\/wp\/v2\/media\/11010"}],"wp:attachment":[{"href":"https:\/\/parduotuve.kondena.lt\/en\/wp-json\/wp\/v2\/media?parent=11003"}],"wp:term":[{"taxonomy":"product_cat","embeddable":true,"href":"https:\/\/parduotuve.kondena.lt\/en\/wp-json\/wp\/v2\/product_cat?post=11003"},{"taxonomy":"product_tag","embeddable":true,"href":"https:\/\/parduotuve.kondena.lt\/en\/wp-json\/wp\/v2\/product_tag?post=11003"}],"curies":[{"name":"wp","href":"https:\/\/api.w.org\/{rel}","templated":true}]}}