{"id":10972,"date":"2021-02-08T08:19:54","date_gmt":"2021-02-08T07:19:54","guid":{"rendered":"http:\/\/parduotuve.kondena.lt\/?post_type=product&#038;p=10972"},"modified":"2024-01-16T12:15:15","modified_gmt":"2024-01-16T11:15:15","slug":"apvalus-difuzorius-dal-lygiu-fasadu","status":"publish","type":"product","link":"https:\/\/parduotuve.kondena.lt\/en\/produktai\/apvalus-difuzorius-dal-lygiu-fasadu\/","title":{"rendered":"Round diffuser with DAL level fa\u00e7ade"},"content":{"rendered":"<p>Round diffuser with a flat fa\u00e7ade<strong>\u00a0suitable for air supply and extraction<\/strong>. The diffuser connection (diameter) is selected according to the amount of air.<\/p>\n<p><img decoding=\"async\" src=\"image\/png;base64,iVBORw0KGgoAAAANSUhEUgAAA+EAAABvCAYAAACD68HTAAAgAElEQVR4nO2d\/YsbR7b382cKC0+4BgcRG8KyixgCy+VBGP8QFjGYh8DssCw3iIk9Y2u0XseRx7mb0Tgbz8jOVcZaj6VV5PDE47vZUUJsZTejxJ7z\/NBVreruqu7q6la\/SN+CDySeVr+eU1XfejnnjQ+vbhIAIHl4Sfs+APADdgqAOfAfkDSwOQCyDxHRG2nfBACLChpKkAdgpwCYA\/8BSQObAyD7QIQDkCJoKEEegJ0CYA78ByQNbA6A7AMRDkCKoKEEeQB2CoA58B+QNLA5ALIPRDgAKYKGEuQB2CkA5sB\/QNLA5gDIPhDhAKQIGkqQB2CnAJgD\/wFJA5sDIPtAhAOQImgoQR6AnQJgDvwHJA1sDoDsAxEOQIqgoQR5AHYKgDnwH5A0sDkAsg9EOAApgoYS5AHYKQDmwH9A0pjbXJM6o1\/IW05pMvqaOju3XMffoD91julU8gu7nHxNOxvu43+hUafpOtcWNTvf0oSIaHJMh55rbdKHV2\/RTqdHw9GJcIFX9PJoQI\/37tI1xXNd2\/maTthznDz9THnch1cbtPP0X+y8\/6LhTkPj3UzfkfPc4rtxn0vg5gGNTolORwf0J8m\/S680fk5POru05fsNVdfkzyj7BtHes\/azhb6foG\/jYuMzGp6cSuxPbRv+98ho7FLn6ciyUV+\/0PdTiHAAUoKXtO8DAD9gpwCYA\/8BSWNuc0FC8yc62rstHB+XCBcF+LfUubPlvbfGZ3ToEIXuckqTUY92Gjc8v52KcCI6PabOTe8xH17ddAnfOEU40emLHt2RiUEDEW5fcfwN7XveVUQRHuE9az+b43oP6Ghy6v+OHPfN7kJ5TpdN+orw23T\/6Cd2wh\/ocFtid5L79L6SgN\/6+ClEOAApwUva9wGAH7BTAMyB\/4CkMbc5JuA8QvUW7Tw5polH\/PjNbMuQHT8V4KfjIbVk4m7jUzp88cp6qMmIho5Z4Fu00\/maRj5CzhLhpzQZ\/0gT5b1O720yeS0Rsap3E\/Ssr2g8\/jed0it68eRT7yxygAj3is0tau716Gj8iglx9zuLIMIjvmcPgSKcv6MJvRxPfO5ZvG92rPI7sOf\/eUKT0wARfvOARqfcLvxWSfBrv6KXR93pAMTGXdp\/dkzfdj7RXx3g8lOIcABSAp0zkAdgpwCYA\/8BSRO\/CN+czsxqLy+X4T5eQ4Bf3aI7T36gU99jNunDxuc0HL+Siksuwk+e\/p2enpzKhRlfwnzyTzr6TiZiTUX4LzQ6eGCJW9mMaWgRzu\/3E+ocnxB5xL2pCI\/+nj0EPoP1zk9HB\/QnLoiPHiiW2fP7\/hc9ffKMfU+vaLa\/9f\/+L33nK8LZ+U6PqXNz23pnkyO6L33uoHdq7qcQ4QCkBDpnIA\/ATgEwJz\/+45zpks+GbZLvEmTp8VO091\/6dd75slBfMcQ77O7l0wwuuHQF1cZnNDx5HbCfODvEL8JnMRP+iYYAF79V8JLfa9s9eiGxm6kI36MWE3JuMWUd8wuNOn9VCK4IIrzTnN6bewbZVIQLxziFpqEIj+E9q+5Pddz0nTc13u9UhA9399iAiVtgC8L67iPJu\/HalXVvQXbMr23tAQ+1Lz7ATyHCAUiJ\/HTOwCIDOwXAnHz4j7A30lPcM21B+4BVs1kh9l\/6dt41AjnZs5qyDvgN2to7YsGVFEuEpedbIBGu\/LTu7xZkC+5vNF2i\/XL0Q7AAF2whKMCW47u7hNxUhH9G16S2xWxTnBUNuyfcIx69s\/7WTLPL5qKIcKlwNRThMbzncH7M7lO4nvWdVD4piPCdm3LRzAbopjPrqufh30Z4R1yUq5bZ2ysApvVi6EB1Ej+FCAcgJcwbSgCSA3YKgDl58B97hnp8RF\/akX63qLn\/\/2j0z0fUdHRKVbNGN2hrp2fNpCuXM+vsv9wMnkHznYkLmtVinf\/Jj\/RyohLqm2R1+n+kyehrOnzyNY0mr4X\/\/jHWZanZsTmV0Dyh0dPHdN8TBMxUhAvaNUCEh4perRCgDhEuE66OpdAqERtVhG9O91yLgxlxiHDHvZqJ8Djecxg\/tnzYVQ\/4Dp6JIrwhOTd\/32z1i58I59\/B8TfX+WXPs3GX7j8e2PvxbTH+9HPl6p8gP4UIByAl8tA5AwB2CoA52fcf3nkNSt\/kPl4mclWd8zD7Lzc1BIjf0lX\/Za3TJbDbzk677DqNXeo8EZfoW8tRD32W3GcBc5tzvzv+\/6qVC6bL0XmwMvZOj90DPV5biG0m3F4JwWdc+Qw1t9kAEW64HN2+F\/ey9IWcCRfrA9nAhcwn3SKZr15gtukW1j7P41wG775fv33p4ju4S\/e\/4unKzPaKQ4QDkCLZ75wBADsFIAp58B87hdNkRMPHbbUgurpJRjPhofZfboaIqqzqSAcsZef3pyV0pgGrTFMR5cfmvKJOuZc56DsEfrcWtZ6+DBbise4JZ4NM4ozrpnv2dbYi3LMsPYIIlz9v0Iyu4u9J7gnXSb+mEu7CfYvfdcP9jZUiPCjVHIX4xro5ztV+ChEOQErkoXMGAOwUAHPy4T+3BEHE+qHj5\/REKsjD7gk32H8ZIiiV8xySa3l+I874c1Gunund2h3Sy9Of6Ghvh+4f\/RS8hzkDxCnCp3v5ZbOT8UVHVwvxOKOju747ndDo6HtX2rJZi\/BN57L0e38zE+HK552ubJHO6CoDG8YfHV2+xF0jtzyRxCclgwd84GDyPR2NTiRbDMgrwjUGALRjRUCEA5Bf8tE5A4sO7BQAc\/LjP1vU3PsbPTkaB+zZ9elEn47p6MC1VNtk\/6XWDLWsUy671vT5nMuOrX\/3CjSRW7Tz5B804ns+Nz6lw+N\/0KG9bz6bmNucXGjymU\/ve40pT\/j+N\/Ty1BI\/0v21MeUJd3xjUYxpLeeOUYQL7\/R0PKZxGBHu2CKhGLjgQptOaPTVA\/vv1+48oK9GJ6QMnmj8nvlglfD97BRqin3fyveo2h4jqzOcdZHjXUlFuIZoVqTi29od0osXYsyMW7RzcGTZrbZNeP00fhGuHGU4odHTg2mSc9PjhQ+1tfMlHT7la\/J5G6AavQ26Hvutcq+Pae49P0cURgEnx1bFzg00sMjuw\/CdKPGpdAQHm4x6ku+U9Pfxoh9o4gZt7RzQcHQSwv6iw8uszq9PiOf3C7Rx5xEd84r\/yWfsO2mMemqPVPp8k8YudRy2Zu3d67g7S6J\/Bex9spdoehoD07pA5BbtdHqudx492ub82alq6Zji+0q+n16gmakvyOtr028u3L\/S3nQ6svL6VB0wSbi2YmlwNB+I8r7jrG+D25lrdx7R8fiZev\/xXPuPKVvU3PvK7ug7v3044WW0\/1JLhHvFla+gdiyJF\/\/WDN6jnjPMbU7V5+P1W9hI+URy0STZyrA79Bfijc\/o0FFnyNoEWV9UZRe8bnbboGFgNk99GuQnwjYHWb0ZOGPrt5defJ+SX\/rOdBu+Z9X9OvyK78cP2HfNBxEcv1UM3NnXda3UkIlp6XndSFZ+eCKji0V31lzupwmKcNkHMTj+6iaJOQvVvzuWj1bq7EUYf0P7nk5N3CJcFODfUodfz1iER3gnYStkUYBLK4E0vo\/KkShgj4uYrkRyLdVyuRjgZRbn1ifk8ys6R6IAP+58Eq6RDrtcyF0n2KO+sgdwfXuHf\/l1IsUGN2YRHqEzkQa8pHP9oI6PKqhSiHRILn+YmQhXNtZBnTWN+lT6HjREuLEPmL7vOOtbjffy84Qmr1\/ScDe9mUte0rp+FPyXk+qIcMP9l5oi3BlN2W9puY5YNFtSmkXMbc5n4oW3y473G5cIZ\/Zm9yNe0ctnX8j7lgaD13IRzusildietQjfdMw864tw\/cH6a3fadCiubDkd09ETnQk5k\/fsHlx9RS+Pes4BYvt5gwKZyQZ9VKtnWNuj6kfa\/84HPUIMKIvt0cZduv9YDNJoDfYeZi5FmXIJBe94yiPyaR\/vGD1yj567jEBWGSsr9y1q7vXs0PPekaI4RfhUgAfvL9JZAhPxnYS5ti3AVWH50\/o+MjvUSIdiL41xLqO7ducLejZ6Ph0cmQG8zOr8WoR9fsn3sRvOU1lnN+xyNR8bkNYJ08r65VF3amsbd2n\/2TF96xgQEJ6XpadRdvKY\/fw8+VlSaUcQ4RGX1aVBunaqqv+mAkz6DcOkQ9Ky14gi\/PTf9HL8KkAgyFdLTYNCjemo96VzcKaxS53ekSSNlM+7i8UHDN93bPXtrNq8efOfaEQW4ab7L3VFuNgx391TzHQLvhBQslLnLrLNAbAoECUpwlXr\/EMeb+9NkXb4OdMgI6GDHQgi09kwxCXCwwhw4bo+IjzyO9G9dqAAT\/P7SL6FTjqUMGkZYiYTDWXY53d9H38BLrP\/8NfwnkusEzTzVdr2w2dOntGhck8i9+V\/0\/Mj2cipaV0Qf+CT+bdTjZkZj+2GTIekZa9RRfgxfXmvr4gyrPaRaX1qIiQDRHgkHzB83zHVt4HtTONzGo4ndhqkcFsS5sl\/NGl8TsMXPwgDIzdoa6fLBr3DbLHT8QkNe9AW4ZuuASDFDGvgVomQ7UjGyYXNAbDgJCvCY5kJV+1LkWBHH3R1QEJE3XQ2DHGI8E9CCnDhukoRHsM70bn2n\/8SKMDT\/T7iuUOkQ7GXZvrtrZwNmWgowz6\/8H1uBgpwt\/3Pcibc2iMcuERLWL7Y2lXsH7Tt5xHdlQYIMawLZpECZO7t1GAmPGw6JC17jS7COzcbztQ0gdcMUZ+GeXex+IDh+46lvg14L43PaTj+lxWXInSbN2\/+o4M3MrpYwgwaOb+D4f7Lq5sBM+iq+pgU39kvuvf0mbT2quaE7NscAGCmIlxZQu4JdzYAYUYr\/RPS+3duZZ2XqCL8Fb0c\/RBSgKvuRfL3KO8k8No\/0ui7IAGe9vdxv2\/ddCiSABanYzrq\/W3mgjwbDWXI5+ffZ\/w9fRcowMXvoSrqPK96dcKmJGiGz94lxx5CmR3xztgvNOpsK6J0GtYFYWYBAyOIJke6dhp2T7hBOiSpvc5ChN9wpqbx7KsM+K3pu\/MR4eY+YPq+46hvfb4FE+DTuBTRUsjk33902aLm3mPnHlDl\/lEdER5x\/2UoEa6KpszOr4zs7SLEIGnWyYfNAbDYECUqwl17NoOOn4xo6I6iHapjGnb5u4iskY8qwsW2LUYRHsc7CXwPwjf0E+Gpfh9+DwbpUK5aASwe9567OoezDeiTpYZS+\/nd\/pqkCJfVCfZ3v0v3Hw\/smAFKe3UIEFlnUoyUW49VhIeL1p2d5ZHp2qlahJ+OxXQh\/Pua+b\/XXmckwq8Kqxxs0aG4pm99KnkvHpGhI8JNfSDa+45U36rei0eAi+82TFyAefIfsIjA5gDIPkSJ7gnXPJ7\/v3QUPd8z4Xx\/GvmmFtC5l5jfSeC1WVAhq6fn6uRk5ftYGKVDcTHNpSjr2MZHVhtK3+e3Z8Kt3JaWOP7WJ6BSDMvRfesECRt36f5XPGWRyxYdAmTTXjLJz20JJN5hV3XgMROeHOFmg6P7\/+xF+HSWkC+nNpkJj0uEm\/pAXO\/bpL71fgsrNsVPkrYJM+Fg8YDNAZB9sinCPR0U8fhk9hzL92MGje6r\/i52sFrC3itdIZ6RPeHb94Ulvyohnub3Ee7Xr+g+ewIiKNMNper57e\/ziO6Iy0qVQjyOPeF+dYKKgH3Zdmdf9NvbLh9WCRDDugB7wg0II8Lj8P+g\/dlh63+VEBaXpTei7QlXDu5oinAjH4jrfbt9Q+d453vZUArwTYM2b978BywisDkAsg9RJkX4pm9Aj5lH31ZGJp52RqSj+\/yePY29Ojq6nhDPYnR0IpUQT+\/7bAbuJbaKppCDCA8Q4a7o6EQKIR5TYDatID8iuiJ8mkN0MvoHjRwpm1QCxLQuQHT08IQQ4bH4f9CKprDf3GfVjr0svU+7B0HR0X3q08gi3MQH4nrfrnvSXfHA38vkR3p58pKe7csCMpq0efPmP2ARgc0BkH2IsirCfYN6zCgPdWOXOk94jl6FOOYdLTqh0VcP7L9Pl9PJOmiKPOH737BZRM1gZ5nJE36X9p+NrWtJO4ZpfR\/TdCi3qPX0e3ohxito7NKXR+OZd96y0VCGfH5pnvAv6Jkyf3tc0dFVdYIV6OnFC3F\/8C3aOTiy\/EtDgDhn9MT79BEgRnXBJvKEh0ZXhJv4PxNpQj02HVSSBf0y+eZ+9z9d4WFtVQrIEy6NKC60JRFEeHgfSLu+9cufjjzhYLGBzQGQfTIswjcDlm5O09Moy+SYDt1Be4TrqYvf7LQksqv4S+nslkqEiOfyE+K6ndAI70SJOj2QvaxeKsRT+D5G6VD8v+esO2+8zNLJ\/TF4fuUgyTRCudMPggKzEXkET5g6wRMZXSySWTipABHu0WE\/fktxTeoC\/q54qjVVOaXJqOcNYpkS6dqpZv1n6P9y21TtZTb55kGBNYVBGaWg1ahPwwwAxOEDade3G59Q5\/gnlhvap4Ru8+bNf0S26M6T7+lkZim4JJHy8wCLXxAqcB9ro14ftWmD\/1vjAR2dfJ+JyOrZsbmUcUze2BV1QDYGnz6LZ+DczS3a6fScWQb8srVo2plMT00HjE+sdIxBvwnsW2v2w0yuzb\/F05FQX1tpZTsp189pQpRlES44gjLVyc6XdOj4qESn4+f0RBVB2dcQ9R3l2p02HbKRe9uppak8xOeQd7CmxvyKXj77QnKOMHsiDd+JEv9ZHHtZ\/elYshwwye8TLR3KtTtteuy4z1f08qi3ICnKQj6\/n38L2xVOx9\/Q\/p0tilWEq+qEjbt0\/7GzoT0dP6fDwBRlwr83HtDR5HWo1Dfh6wKRmBvrubXTMCuBTPzfufpA5\/uF++YhthMFrBbx+imRNTveV9hMGBEexgfSrm+3qNl5TqNnX1BzI+42b978R+DmAY1O\/XJlRyUPIvzPdP9oQjTuUdPxXuKInm+tDkEcjyxwg7Z2ek7x7SkuASn81r\/PotqSNIPBdUVfSBTBnm2hMxbhRte2V5HJXkv+UwKaQjQLEQ4A0IKXtO8DAD9gpwCYkw3\/YcJihtk+8oFEhMfItZ2v6WThM1qkz3RgUzLb6piRlcWs8Fm9yoW9KtAmUbzbzKTb\/5gIVsUJCRDhUSZIza49DaTpSFO9cZf2nx3Tt8psS\/MPRDgAKbLoDSXIB7BTAMzJhv80qTP6WZjttcTo6fhbes638zhWtFl\/ny63dv6\/GAdE3E63sfecXtMLOrxTpw+vutLPOWYe\/c\/vvv+Nvef0+vRHGn3HzjX5Jx12BtMYMY4Zxi1q7n01nQW1tyT8hQ7Hr4UpuAkd7f2ZPtxs09Hr1\/TyyV\/k13Kt9HM+uzM+hLXK5OfUA2pmw+ZSwhbEfts8ha0xgcGU3X7kTlU5w4CrqkC4GoE64xbh5tcOk7p4sYAIByBFFrqhBLkBdgqAOZnwH484ZDPCtsDkcQd4R9lPJLOZLcmMr1OEb1Gz8w96yQSyNTupc37v\/VvnZbOWjvR+W+y8grDZ+IQ6xy+Y4GcCyV4BIJkJl4lwe4aUxTXgv288oKPJT\/ZggiVMxPfqHuxYYJtLCdkWGDlcPKsyYWjOhM8y9aggam\/qiGDXb+IS4dGuzWfCrVUJWdtulyYQ4QCkyCI3lCA\/wE4BMCcT\/rPZpqPXbOb36ibZM+FiZ3njMxqe8JgAQTPhwgy3MFPsPxMuzD4bzYRz4eMW0n+hw\/Evtoj2zIQTEb1+Tvc3NyW\/3VTMhE9F1sbec3rNfm89n7foPsdC2VwqBMdxEbEFu0M0Bu0Jdy1hV6aIlBA29S0XtePv6TsdESz+JuSecKVoj+PangC62Yx\/kzQQ4QCkyOI2lCBPwE4BMCcT\/qOYCdcX4daSUq+4dM4UO0Q4O5+dzcQxEKB7fgtRCAeJcEtYTYNG+f92Uy7C7eNlItxvWS1mwtNFI3WiiFRA+2TNkMzkyoW8ipBLs93COQURHsu1r26yALoDOnKLcd8UzfMNRDgAKbK4DSXIE7BTAMzJhv\/I94Srl6MzMTM5ovuNur1\/1hLJt6j19AWdHD+i5kawCLeuyZf+chHud37v\/YcX4ew5+NJ1+7fsuqLoCiHCeQYBaw963VqePP7nNA0e9oSnTJwz4VzI8\/+XBXHbTGgmfExjLogn31LHL5NE3MvR47i25z3cpftf8eB4i7tXHCIcgBRZ3IYS5AnYKQDmZMN\/3NHRgwKzuQKQTX6g0fgVE8mu9E9CLnbPnvD9b1he+FOafPc9vTydLolXn997\/2FEuBV1macQPKHvRj\/Sqf1bMVe9T2A2lQi\/eoO2drrCbJ4zMBuio6fPTPaEu+IQOM6TyJ7wR3THttsAMRz7nvAYri0l5KqFOQQiHIAUWeSGEuQH2CkA5mTGf24e0EgZGA1Ex1oVgDzhKTOT6Og3aGvviCbSHOEpREf3E8Ozjo5ucm0pEOEQ4QCkyEI3lCA3wE4BMCc7\/mOJhdejA\/oTRHj83Dyg0evg2dAkyI7NpcNM8oTb4l6yfDrRPOHTFSRS0T\/TPOEm17YGPF68OKIv7e9wi3YOjhSDIIsDRDgAKbLoDSXIB7BTAMzJpv9AhM8z2bS5JHFtmZAWMW+987eqPOG+S90bn9GhIxOAu7jz2WugEW3cI4YNA7ORex99XNf2REYXi2Kf\/YJABBEOQGqgoQR5AHYKgDnwH5A0sDlGY5c6T752ivHTMR31\/kb3lQHG1CJ8Gt1cJR5v0U6nR0OHGI+Qjss32vgn1Dk+YY\/0De3z55m1CDe59sZduv\/Y+R1Ox8\/pECnKIMIBSAs0lCAPwE4BMAf+A5IGNgdA9oEIByBF0FCCPAA7BcAc+A9IGtgcANkHIhyAFEFDCfIA7BQAc+A\/IGlgcwBkH4hwAFIEDSXIA7BTAMyB\/4Ckgc0BkH0gwgFIETSUIA\/ATgEwB\/4DkgY2B0D2ISJ6g1BQUFBQUFBQUFBQUFBQUBIpEOEoKCgoKCgoKCgoKCgoKAmVNwaDIQEAkoeXtO8DAD9gpwCYA\/8BSQObAyD7QIQDkCJoKEEegJ0CYA78ByQNbA6A7AMRDkCKoKEEeQB2CoA58B+QNLA5ALIPRDgAKYKGEuQB2CkA5sB\/QNLA5gDIPhDhAKQIGkqQB2CnAJgD\/wFJA5sDIPtAhAOQImgoQR6AnQJgDvwHJA1sDoDsAxEOQIqgoQR5AHYKgDnwH5A0sDkAsg9EOAApgoYS5AHYKQDmwH9A0sDmAMg+EOEApAgaSpAHYKcAmAP\/AUkDmwPxMKDuzh+oXDxDhcJZKlXWqdUdZOC+5gOIcABSBA0lyAOwUwDMgf+ApIHNgVg4aFBl6V1a3enSoL9HteUSlWv76d\/XnAARDkCKoKEEeQB2CoA58B+QNLA5EDvdT2m1XKZq85Hk7wPq3vsrtfsZuM8cAREeld42VZfOUKHgpVheoQ\/WtzWMckAH9ctULJylC6u71Jce83dq135LhcJvqdb+u8a9dWln9V0qFt6mavOx9+\/de3S9ukxFfr\/FZapev0dd1311WzeoWj4nPNMVut7qpv\/e54T5byinS5mWqtvU8z32ETWr71Ch8KZkpLVLretX2JKoM1QonKNy9QaWRSXE\/NtpnATZvG69CpufF+A\/IGlgc24G1G01aLVycdpPL12i1bqr36vVN46RbpOqpbPyvn3S96LkMTWrb1ttVaVBB7Jj+ru0euFNpmGs44P7fAAiPCpMhHuMrXuP6rXfU6V0lgql96je7qvP0d+j2jLrkJWuUFPayQohwru7VLMrGokIZ9crlt+n2+0+DQZ9at9+n8rFc7Rc27MHAfr767RcPEfllY+sgYT+Q7q9skzF4n9Sbd\/neYA2891QdqlVu0wl1oAEVciWvZ2RiPA+7df+k4rFZVq5\/ZD6gyH12x\/RSvkcFZfXaR8jrzNnvu00ToJtXq9ehc3PE\/AfkDSwORE+MCruaeZ1tdDv1ewbxwer5wtnvH37xO9Fg+4u1Sq\/ll6\/31qjC8XLVD8Y0AAiXBuI8KioRDin+ymtls\/5iGtmvIVz9Jvyr6hYOE+VekdynKYIZ9crlt+n283\/orJHhPNZ91\/Taqsn\/HuPWqu\/poLtRB2qV85T4cIatcQOX3+XVi+cVY+GgVDMb0PJVmIUl2nl9sf0QflN\/wq5v0e15fNUeq9KlSWXCD9oUKXoXSVi+Y3KX0CczK+dxomOzWvWq7D5uQL+A5IGNieiqHd5v\/fCGrX6un3j+O7LGpB9h96r\/h9acvTtk78XXXrNFfoPT\/\/fer9TXQARrgtEeFSCRPhgyJabvKlYas6W4BYvU33\/Y6qWzipmOnRnwvvUbn5sjfS11yUinFVG5XVqu3\/bXqcy7+AdNKhSlC0LZveRYiUwT8xzQ9lv36VGq0uDwT7VfEX4gLrNK1QqXqb6\/zSp6hDhvDGS2b11XgwIzZ55ttM4CbR5rXr177D5OQP+A5IGNqcDq3eXVqjZ0+wbx3Ztq+9frDTof5orLhGe9L2o6e+v0\/IFtpq3\/4Dql97xapmDBlWK4oABRLguEOFR0RHhjtE219\/YjEep2qQuP84z+jWk8HvCh3IRzmZcpPcr7OnotdbogmI\/uTUbI7tHEJbFaCgDRHi3SdXSeWuJU2\/bJcKZTyytULPn\/q2PX4FYWQw7jRO5zfe16tVHsPk5A\/4DkgY2p4Mwg6vZN45nGTifeLC2IPXcIjzRewmCL4NXpShjS+odbRJEuC4Q4VHREuFDr5MNhjSQiG6rIyYL0BaTCPeIHJFpx\/FQer8+5wVGLEZD6SfCXaLCY58sIIhsRNgxii27Lv\/7e1T76I9WfIbCGSoULlKltksH7W2qCUFPvMGx2H3\/bp0+Wrtk7\/MtlC5TrdWhdnNdCK4130GzFsNO40Ru8\/J2gGHXqw9h83MG\/AckDWwuCCaEC+9Y0b41+8axiEqXkPa0C3HfC2tbfler05odL4oJ6oMH1KytTAOAhg3+1t+l1Qsl18w8E+HudiS1wHLZBSI8KvXKTkEAABDnSURBVFFEuHR\/NVuG4lnuDRE+jyxGQ6luNPieKDvlRawinC9lt6KgrjUfUt8O0HKeSqWSEBzrAdUvXXTFbmC+WDhLpcofqdnuk73v9623qbQkBs2q06XSm2xFS9rvG3aaPmmJcNh8FoH\/gKSBzfnjqb8SE+Fs5liod2cuwg8aVCmywdi1plX\/dz+l1fJ5eqtUoiUx+Fv9venAROC5ha2EDr3Co6mL7UjYcy8GEOFRMRbhvLPk3tuh+neI8HlkMRpKVaPhDuYxjFmEc79zV\/qKIC0HDaoURbtm13YHVZQGzWJ+63MveWYx7DRO0hLhsPksAv8BSQObU2ML8Ev1aQrhpET4QYMqRWf\/fuYivLdN1aWzrgFTVfA3q63QO3+H6pWSZCBW0Y6EOvdiABEeFdM94TwtmWxvH5shd\/4Ne8LnkcVoKGWNhnNPlH1szHvCe80VWlKM0np8oLdN1SWvIPEEwfIcJ1xrTgXJYthpnKS3Jxw2nz3gPyBpYHNyLAEuCYAcZR820wF2\/nFlSlYWjM117ZnvCe9tU3XJG8xNXn\/r7+e2VjLKtICiHcFecQ8Q4VExjI5udbicTutFNO6YRDiio2eKxWgoZYKE27Of\/b9J5dr9SJGiQzUyCkESfJzfteaDxbDTOEkvOjpsPnvAf0DSwOYk2Cl8\/0A7nlgWSUQkt+pv\/37Pb6nWfhjvvYSqv3WFsjUgLM\/mpDoHRLgbiPCoGOUJZ2nJfHKH8z0c085WXCIcecKzxGI0lCGWT8mWYUXImQxBEg+LYadx4r8FY5Z5wmHz2QP+A5IGNufCV4APKc3c3OrtqjHdyyxEeLdJ1ZI7IFvQOSDC3UCER0Ulwrv3qF77vRWdtsRy7PG\/KTpYTtzOFpcIH9pL4YtiMIbb71O5eM5KE8WOs5aanBMC+Tyk2yvLVHQvIQbGLEZDGVGE80AmRTEo1Ee0Uj6nGIWdAkESD4thp3ESFIwwqF6Fzc8T8B+QNLA5gUABztDsG8eNPHBzjPcSuwhngwTKiUSIcF0gwqMi2QvCKZZX6IP17Wngh8GQwoxkWZ01LtYDlu\/KOkJ+AdS69+i6kKpGnjpgQN3WDSEljSylDYjCYjSUUUX4kAaDLrWuX5mm0dBMjwRBEg+LYadx4mfzuvUqbH5egP+ApIHNCbTXqRy4BJwJYK2+cbwoA3bGdS+xi3ArIJt6IhEiXBeIcABSBA0lyAOwUwDMgf+ApIHNgZnR\/4Ja2\/9NrTZWxEYFIhyAFEFDCfIA7BQAc+A\/IGlgcwBkH4hwAFIEDSXIA7BTAMzJj\/+otr2do3L1A6r7bkVjQQf90pe216lcUOU\/9qNP7ea6awvHCtWaD13LYcNs4RhQd+cPVC4GpZgd2hluHHmlM05+bA6AxQUiHIAUQUMJ8gDsFABz8uM\/igCw3V2qVS5SoagOymrFsDlDhcJZKlWb8n2rRiKcBSksXKRKbZedt0ut2mUqFcQgVWGCGfLf++V05mhks8kg+bE5ABYXiHAAUgQNJcgDsFMAzMmP\/\/hkYWFp9OSClQec\/RWVf3NOHXjWRIQfNKgijQjNRTe7lnZavy7trL7LxPrH9EFA0FCezWCW0bEX2+YAWFyIiN4gFBQUFBQUFBSUmZa0O33++KVCtSIbF8rr1Hb\/rtukauksFSt12m9ecc1QCxiIcCtytHyJuyWw36Zqs8vyKsvu28pUUKw06ID\/rn2XGq0uBWbu4GmiAtICZhEUFJR8FIhwFBQUFBQUFJQZl7TFmbEIV86Es5zBhXeo2nxkH1e4sEYtt3CdmQjvWDPx0nR5bJZedj9BqQSbV6hUVC\/BzzIoKCj5KFiODkBK8JL2fQDgB+wUAHPy4z8Be8K50BZ\/4xHdTPTKhLPxcnTvMvPpEvjLVD\/oqmfp+TNJBbqPCOez+6W36S0eoK50iVbrs80ZvXg2B8DiAhEOQIqgoQR5AHYKgDn58R9VdPQzVCxfoeuS6OjePddDJpzPOJaADwbD6IHZ1ppWdPL+Q2quXaJSgYtzn6XyRiKcDyTIrpmP\/eH5sTkAFheIcABSBA0lyAOwUwDMyY\/\/uGfCrcjg6j3RLC2ZJxCb4t+NU5R1qVVfo0rpLBsUOE+l0ptCxPKYRbjW7Hu2I6Xnx+YAWFwgwgFIETSUIA\/ATgEwJz\/+412O7hcd3PqbTKzyGXLX34xFuOy64ux7L9Y94Xr70B9n4HvNg80BsLhAhAOQImgoQR6AnQJgTn78R7Yn3JUKzD6WL9n2Ll13IIrfOES4NGL5IFR0dPffIMIBAGkAEQ5AiqChBHkAdgqAOfnxH0Vgtv4urV54k0rV5jQoWbdJ1ZLr3xxwYSzMWEcW4eycRUnEcu084SJ+y9E1cpOn\/r3mweYAWFwgwgFIETSUIA\/ATgEwJz\/+o0pRxtJ12dHRucCWzxbbsMjp9ix0VBHuK\/y5QF6mldsPqT8YUr\/9Ea2U\/fJ8qwKzCcHgarvsWl1q1S4jMBsAIDYgwgFIETSUIA\/ATgEwJz\/+45MnnAVpK5SuUPNgxymulXAxy8R6e53KyqXrAUu8+w+ofumiEIxNdlyXWtevULnIz3mOytUb1FIe75cnvE\/t5jpVy+eECPErVGs+zLwAz5fNAbC4QIQDkCJoKEEegJ0CYA78ByQNbA7Ew4C6O39gA1tnqVRZ9xnUAmGBCAcgRdBQgjwAOwXAHPgPSBrYHIiFgwZVlt6l1Z0uC4pYUmwnGVD33l+pLd32AVRAhEelt03VJfnyqmJ5hT5Y39YwSr6\/Sp7qw8JvmZiMLu2svktF1RKv7j2qr16ikn2\/F6my2nCOcPk8m3z5FgjL\/DeU01FUj834Lk107RvsP6RmbSXEMkMQJ\/Nvp3HiY\/P8760GrVYuTu29dIlW6\/cc+1ytCM0Gy3ZB5oD\/gKSBzbmRbS+4QtdbXedx3Xt0vbpMRV7fFpepev2eIvhgWHg\/XtXvcfXvZ3ovBnQ\/pdVymcWFcP2NBW+0NMxjalbfhk7QACI8Kkyoeoyte4\/qtd9TpXSWCqX3qN7uq8\/BUm5YnTHVfqcQIry7SzW7gyfpsHU\/pdXyOSqULlOt1SWrU7hOldJZZwCT3jZVl9DhmyXz3VDyQDbhBm6saLZiwB+2F9ERcKdOl9z2CmbGfNtpnATZPBfo4rI+ecCnXnOFlqR5j0HegP+ApIHNifDAgueovPKRNTHGYwwUhUj7PP1d+X263e7TYNCn9u33qSyNlB8nklz2qd2LDEtUFwpnlHEg+q01umBnDYAI1wUiPCoqEc6xBa86mIglOs7Rb8q\/cqbzcKApwtn1iuX36Xbzv6jsEeHqqKYe8QMRPnPmt6FkKzGKy7Ry+2P6QBn8xo3VGDnEdf8L2mk0qOEYsdaMzgtiYX7tNE50bL5D9cp5Z2drMCRZJwwifH6A\/4Ckgc2J9Km98xHVG65ZZEdaO1WfgtXNs0xL19+l1QvnBXGd4r340d2lWuXXkkEAq12bCnSIcF0gwqMSJMIHQzuthnypOZ\/lu0z1\/Y+pqpzd050J71O7+bE1w9Jel4hwH9zHQ4TPnHluKPvtu0w4+0WgdXHQoEpRNRDlIqx9A2Pm2U7jxMjmB0Oy63dBdEOEzw\/wH5A0sDkdxHqaDZCW16ntPq69TmXlBFlUmOB2COu07iWYXnOF\/sM9G37QoEpRHDCACNcFIjwqOiJcttSEw0birLyX7Djp7F7YPeHDkCJFUhFAhM+cxWgodQUJS2fjm4KGI2u4wKxYDDuNk7Ai3D2TABE+T8B\/QNLA5jQQB\/1ZTntpne3Y7xzzPfT3qLZ8nmkA8Xop3IuE\/v46LV9gW2r7D6h+6R3XtVm\/zaFvIMJ1gQiPipYI50F23ALaK7qtJeGyAG0zFuFstt5REUgCZ0kDWQBjFqOh1BQk2o1Ln9rNP1KldJ7Kq5\/6BCnhs4vvUe2jP1rxGXgQwtouHbS3qSYEPfHaNrvv363TR2tCEMPSZaq1Oq4gL\/MdKG4x7DROwohwvl\/xHSHgjSyAj46NweazCPwHJA1szp9+u0lrlYtULP+BdroD1pd\/UxH5O+ygaoj78MTAGcZ\/L0wL\/K5WpzU7XhSLS3LwwBn01hP8je9FV6Qo6+\/S6oWSa2aeiXB3O5J2YLkMAhEelSginI12OQMdsGUonhm+GYpwHqDCPQPZ3qRqdZ2aLKgcr7QKjs4iiMJiNJQ6jYbOzLZTmAQHZeP7qqzo02vNh9S3A2Odp1Kp5A3S4vAB5ouFs1Sq\/JH5Adv3+9bbVFpyB4pzDWLNEYthp3Gi31GS287fqb3+f6la49k1+MDTWd\/4IrD5bAL\/AUkDm1MgTi4VhaBsqYhw7wqomdzLQYMqRTYYu9a06v\/up7RaPk9vlUq0JAZ\/q7\/nGhD2gw0ge\/ptPJCb2I6EPfdiABEeFWMRzjtL7r0dqn+fkQi3O2IBEdzt41nERkSljoXFaCh1Gg1FYyRlmuLJHsVWHGv5nbvSVwTHOmhQpSj6C2tI3KLHEcxlek8H9ctUnNPlw4thp3Gi11GyheylulZ+1f7+Oi0HRMeFzWcP+A9IGthcADxNb5HlwE5DhKti4MR9L71tqi6ddQ2YqoK\/WW2F3vk7VK+UJAOxinYk1LkXA4jwqJjuCedpyWT7xNkMufNvMxDhshQNgbD7wF7cWFiMhjK40ZAuyQpCY\/l6r7lCS4pRWs\/9eGIgWMfJR6m9fjXPe3gXw07jRMPmjdLsWef1G6yCzWcP+A9IGticDkLfvBdhHzbTAeL2oWCh6RMrKu494b1tqi55xb68\/tbfz20NCsv6bYp2BHvFPUCER8UwOrolOs649vy5EY07bhHO0+mwUUDtZ0ZArDhZjIYySJCwDAGyxkjjvNIIooxQjYxCkAQf53et+WAx7DROAmzeTiXpv5LDS\/CKEdh89oD\/gKSBzekg9qsfJhuR3DdrUszR0UPV37pCWZJONvAcEOFuIMKjYpQnnIkOv719bA\/HtLMVpwjXEOD9h9Rce48uuZc9+s3gg9AsRkMZIEh805INqNtap0qp7B1t9RstZkCQxMNi2Gmc+Ni8hgDvt5u0dul3nhVK1syDLHDnFNh89oD\/gKSBzQl0d6lWcUf1HpI9G720Qs1ekrm5gyazYr6XWYjwbpOqJXdAtqBzQIS7gQiPikqEd+9RvfZ7FkjHtd9aur\/OjdvZ4hLhmjPg3V2qVS7aUXW77JmuV5epiMAKsbEYDaWfCNdIS8YHfkqXqcYjOXP7DNhKAUESD4thp3GisHmtGXA+8HRWsPkBdVs3rMjkASn8YPPZA\/4DkgY2J8L6GWJ\/dtClVu0ylQpCjA0e80gMVHb7fSoHxOEIjSwtmfSYmO4ldhHOBgmUbRFEuC4Q4VGR7AWZpvNaoQ\/Wt10Bd\/RHspyzHrKUNQKyjpBUhLMlvMol8GIwiC61rl+Zpi4onKVSZY3qSFEWG4vRUPrNCvotyRKPY0FUCuFsEYIkHhbDTuNEYfOStI9OhEFWe9CT\/+0iVVYbgSnBYPPZA\/4DkgY256ZLrfqakLbRyiCxWnelzHLXu7Gn1eIpKTVi4MR1L7GLcCsgm7rfBhGuC0Q4ACmChhLkAdgpAObAf0DSwObAzOh\/Qa3t\/6aWTkYl4AtEOAApgoYS5AHYKQDmwH9A0sDmAMg+EOEApAgaSpAHYKcAmAP\/AUkDmwMg+0CEA5AiaChBHoCdAmAO\/AckDWwOgOwDEQ5AiqChBHkAdgqAOfAfkDSwOQCyD0Q4ACmChhLkAdgpAObAf0DSwOYAyD5ERG8QCgoKCgoKCgoKCgoKCgpKIuX\/A46MyZ0j+dcGAAAAAElFTkSuQmCC\" alt=\"\" \/><\/p>\n<p>* The color can be chosen according to the RAL palette, the price is adjusted separately.<\/p>\n<ul>\n<li>Diffuser protruding from the ceiling - 10-20mm (depending on how far it will be unscrewed)<\/li>\n<\/ul>","protected":false},"excerpt":{"rendered":"<p><strong>\u00a0Suitable for air supply and extraction<\/strong>.<\/p>\n<p>* The color can be chosen according to the RAL palette, the price is adjusted separately.<\/p>","protected":false},"featured_media":10977,"comment_status":"open","ping_status":"closed","template":"","meta":[],"product_cat":[141,189,190],"product_tag":[],"class_list":["post-10972","product","type-product","status-publish","has-post-thumbnail","hentry","product_cat-vedinimas","product_cat-difuzoriai","product_cat-apvalus-oro-difuzoriai"],"acf":[],"yoast_head":"<!-- This site is optimized with the Yoast SEO plugin v20.13 - https:\/\/yoast.com\/wordpress\/plugins\/seo\/ -->\n<title>Apvalus difuzorius DAL lygiu fasadu - Kondena<\/title>\n<meta name=\"description\" content=\"Apvalus difuzorius DAL lygiu fasadu tinkamas oro padavimui ir i\u0161traukimui. Difuzoriaus pajungimas pagal numatom\u0105 diametro oro kiek\u012f.\" \/>\n<meta name=\"robots\" content=\"index, follow, max-snippet:-1, max-image-preview:large, max-video-preview:-1\" \/>\n<link rel=\"canonical\" href=\"https:\/\/parduotuve.kondena.lt\/en\/produktai\/apvalus-difuzorius-dal-lygiu-fasadu\/\" \/>\n<meta property=\"og:locale\" content=\"en_US\" \/>\n<meta property=\"og:type\" content=\"article\" \/>\n<meta property=\"og:title\" content=\"Apvalus difuzorius DAL lygiu fasadu - Kondena\" \/>\n<meta property=\"og:description\" content=\"Apvalus difuzorius DAL lygiu fasadu tinkamas oro padavimui ir i\u0161traukimui. Difuzoriaus pajungimas pagal numatom\u0105 diametro oro kiek\u012f.\" \/>\n<meta property=\"og:url\" content=\"https:\/\/parduotuve.kondena.lt\/en\/produktai\/apvalus-difuzorius-dal-lygiu-fasadu\/\" \/>\n<meta property=\"og:site_name\" content=\"Kondena\" \/>\n<meta property=\"article:modified_time\" content=\"2024-01-16T11:15:15+00:00\" \/>\n<meta property=\"og:image\" content=\"https:\/\/parduotuve.kondena.lt\/wp-content\/uploads\/2021\/10\/difuzorius-apvalus-dal-lygiu-fasadu-3.png\" \/>\n\t<meta property=\"og:image:width\" content=\"1188\" \/>\n\t<meta property=\"og:image:height\" content=\"1188\" \/>\n\t<meta property=\"og:image:type\" content=\"image\/png\" \/>\n<meta name=\"twitter:card\" content=\"summary_large_image\" \/>\n<meta name=\"twitter:label1\" content=\"Est. reading time\" \/>\n\t<meta name=\"twitter:data1\" content=\"1 minute\" \/>\n<script type=\"application\/ld+json\" class=\"yoast-schema-graph\">{\"@context\":\"https:\/\/schema.org\",\"@graph\":[{\"@type\":\"WebPage\",\"@id\":\"https:\/\/parduotuve.kondena.lt\/produktai\/apvalus-difuzorius-dal-lygiu-fasadu\/\",\"url\":\"https:\/\/parduotuve.kondena.lt\/produktai\/apvalus-difuzorius-dal-lygiu-fasadu\/\",\"name\":\"Apvalus difuzorius DAL lygiu fasadu - Kondena\",\"isPartOf\":{\"@id\":\"https:\/\/parduotuve.kondena.lt\/#website\"},\"datePublished\":\"2021-02-08T07:19:54+00:00\",\"dateModified\":\"2024-01-16T11:15:15+00:00\",\"description\":\"Apvalus difuzorius DAL lygiu fasadu tinkamas oro padavimui ir i\u0161traukimui. Difuzoriaus pajungimas pagal numatom\u0105 diametro oro kiek\u012f.\",\"breadcrumb\":{\"@id\":\"https:\/\/parduotuve.kondena.lt\/produktai\/apvalus-difuzorius-dal-lygiu-fasadu\/#breadcrumb\"},\"inLanguage\":\"en-US\",\"potentialAction\":[{\"@type\":\"ReadAction\",\"target\":[\"https:\/\/parduotuve.kondena.lt\/produktai\/apvalus-difuzorius-dal-lygiu-fasadu\/\"]}]},{\"@type\":\"BreadcrumbList\",\"@id\":\"https:\/\/parduotuve.kondena.lt\/produktai\/apvalus-difuzorius-dal-lygiu-fasadu\/#breadcrumb\",\"itemListElement\":[{\"@type\":\"ListItem\",\"position\":1,\"name\":\"Parduotuv\u0117\",\"item\":\"https:\/\/parduotuve.kondena.lt\/parduotuve\/\"},{\"@type\":\"ListItem\",\"position\":2,\"name\":\"Apvalus difuzorius DAL lygiu fasadu\"}]},{\"@type\":\"WebSite\",\"@id\":\"https:\/\/parduotuve.kondena.lt\/#website\",\"url\":\"https:\/\/parduotuve.kondena.lt\/\",\"name\":\"Kondena\",\"description\":\"Kol kas tik dar vienas WordPress tinklalapis\",\"potentialAction\":[{\"@type\":\"SearchAction\",\"target\":{\"@type\":\"EntryPoint\",\"urlTemplate\":\"https:\/\/parduotuve.kondena.lt\/?s={search_term_string}\"},\"query-input\":\"required name=search_term_string\"}],\"inLanguage\":\"en-US\"}]}<\/script>\n<!-- \/ Yoast SEO plugin. -->","yoast_head_json":{"title":"Apvalus difuzorius DAL lygiu fasadu - Kondena","description":"Apvalus difuzorius DAL lygiu fasadu tinkamas oro padavimui ir i\u0161traukimui. Difuzoriaus pajungimas pagal numatom\u0105 diametro oro kiek\u012f.","robots":{"index":"index","follow":"follow","max-snippet":"max-snippet:-1","max-image-preview":"max-image-preview:large","max-video-preview":"max-video-preview:-1"},"canonical":"https:\/\/parduotuve.kondena.lt\/en\/produktai\/apvalus-difuzorius-dal-lygiu-fasadu\/","og_locale":"en_US","og_type":"article","og_title":"Apvalus difuzorius DAL lygiu fasadu - Kondena","og_description":"Apvalus difuzorius DAL lygiu fasadu tinkamas oro padavimui ir i\u0161traukimui. Difuzoriaus pajungimas pagal numatom\u0105 diametro oro kiek\u012f.","og_url":"https:\/\/parduotuve.kondena.lt\/en\/produktai\/apvalus-difuzorius-dal-lygiu-fasadu\/","og_site_name":"Kondena","article_modified_time":"2024-01-16T11:15:15+00:00","og_image":[{"width":1188,"height":1188,"url":"https:\/\/parduotuve.kondena.lt\/wp-content\/uploads\/2021\/10\/difuzorius-apvalus-dal-lygiu-fasadu-3.png","type":"image\/png"}],"twitter_card":"summary_large_image","twitter_misc":{"Est. reading time":"1 minute"},"schema":{"@context":"https:\/\/schema.org","@graph":[{"@type":"WebPage","@id":"https:\/\/parduotuve.kondena.lt\/produktai\/apvalus-difuzorius-dal-lygiu-fasadu\/","url":"https:\/\/parduotuve.kondena.lt\/produktai\/apvalus-difuzorius-dal-lygiu-fasadu\/","name":"Apvalus difuzorius DAL lygiu fasadu - Kondena","isPartOf":{"@id":"https:\/\/parduotuve.kondena.lt\/#website"},"datePublished":"2021-02-08T07:19:54+00:00","dateModified":"2024-01-16T11:15:15+00:00","description":"Apvalus difuzorius DAL lygiu fasadu tinkamas oro padavimui ir i\u0161traukimui. Difuzoriaus pajungimas pagal numatom\u0105 diametro oro kiek\u012f.","breadcrumb":{"@id":"https:\/\/parduotuve.kondena.lt\/produktai\/apvalus-difuzorius-dal-lygiu-fasadu\/#breadcrumb"},"inLanguage":"en-US","potentialAction":[{"@type":"ReadAction","target":["https:\/\/parduotuve.kondena.lt\/produktai\/apvalus-difuzorius-dal-lygiu-fasadu\/"]}]},{"@type":"BreadcrumbList","@id":"https:\/\/parduotuve.kondena.lt\/produktai\/apvalus-difuzorius-dal-lygiu-fasadu\/#breadcrumb","itemListElement":[{"@type":"ListItem","position":1,"name":"Parduotuv\u0117","item":"https:\/\/parduotuve.kondena.lt\/parduotuve\/"},{"@type":"ListItem","position":2,"name":"Apvalus difuzorius DAL lygiu fasadu"}]},{"@type":"WebSite","@id":"https:\/\/parduotuve.kondena.lt\/#website","url":"https:\/\/parduotuve.kondena.lt\/","name":"Kondena","description":"Kol kas tik dar vienas WordPress tinklalapis","potentialAction":[{"@type":"SearchAction","target":{"@type":"EntryPoint","urlTemplate":"https:\/\/parduotuve.kondena.lt\/?s={search_term_string}"},"query-input":"required name=search_term_string"}],"inLanguage":"en-US"}]}},"_links":{"self":[{"href":"https:\/\/parduotuve.kondena.lt\/en\/wp-json\/wp\/v2\/product\/10972","targetHints":{"allow":["GET"]}}],"collection":[{"href":"https:\/\/parduotuve.kondena.lt\/en\/wp-json\/wp\/v2\/product"}],"about":[{"href":"https:\/\/parduotuve.kondena.lt\/en\/wp-json\/wp\/v2\/types\/product"}],"replies":[{"embeddable":true,"href":"https:\/\/parduotuve.kondena.lt\/en\/wp-json\/wp\/v2\/comments?post=10972"}],"wp:featuredmedia":[{"embeddable":true,"href":"https:\/\/parduotuve.kondena.lt\/en\/wp-json\/wp\/v2\/media\/10977"}],"wp:attachment":[{"href":"https:\/\/parduotuve.kondena.lt\/en\/wp-json\/wp\/v2\/media?parent=10972"}],"wp:term":[{"taxonomy":"product_cat","embeddable":true,"href":"https:\/\/parduotuve.kondena.lt\/en\/wp-json\/wp\/v2\/product_cat?post=10972"},{"taxonomy":"product_tag","embeddable":true,"href":"https:\/\/parduotuve.kondena.lt\/en\/wp-json\/wp\/v2\/product_tag?post=10972"}],"curies":[{"name":"wp","href":"https:\/\/api.w.org\/{rel}","templated":true}]}}