{"id":10969,"date":"2021-02-08T08:18:09","date_gmt":"2021-02-08T07:18:09","guid":{"rendered":"http:\/\/parduotuve.kondena.lt\/?post_type=product&#038;p=10969"},"modified":"2023-12-14T14:12:20","modified_gmt":"2023-12-14T13:12:20","slug":"apvalus-difuzorius-dap","status":"publish","type":"product","link":"https:\/\/parduotuve.kondena.lt\/en\/produktai\/apvalus-difuzorius-dap\/","title":{"rendered":"Apvalus difuzorius DAP"},"content":{"rendered":"<p>Apvalus \u012fleid\u017eiamas difuzorius plonu fasadu<strong>\u00a0suitable for air supply and extraction<\/strong>. Difuzoriaus pajungimas (diametras) pasirenkamas pagal oro kiek\u012f. Galimi pajungimai 100 mm arba 125 mm. Difuzoriaus skersmuo 230 mm.<\/p>\n<p><img decoding=\"async\" src=\"image\/png;base64,iVBORw0KGgoAAAANSUhEUgAABAwAAABwCAYAAACaTOLfAAAgAElEQVR4nO2d74sbR7b382cKC0\/A4CBiQ7hkEcNCWBYx+EUIYjCXwDAsgSAmtsfWaLO2H3m8rKXx3nhGdu5YVuwZRZHDXY93N1ZCbDmbURLrPC+6q1XdXVVd1T+kGulb8IHdjKxu9TlV1fWtU+e89dmlTQIApAtrs74PANsDwIBvAmAG+ozdwD4ATIe3Zn0DAMwjmMQWF9ge2Ap8EwAz0GfsBvYBYDpAMAAgAzCJLS6wPbAV+CYAZqDP2A3sA8B0gGAAQAZgEltcYHtgK\/BNAMxAn7Eb2AeA6QDBAIAMwCS2uMD2wFbgmwCYgT5jN7APANMBggEAGYBJbHGB7YGtwDcBMAN9xm5gHwCmAwQDADIAk9jiAtsDW4FvAmAG+ozdwD4ATAcIBgBkACaxxQW2B7YC3wTADPQZu4F9AJgOEAwAyABMYosLbA9sBb4JgBnoM3YD+wAwHSAYAJABmMQWF9ge2Ap8EwAz0GfsBvYBYDpAMAAgAzCJLS6wPbAV+CYAZqDP2E2kfT5v02BMgnZMg6dtatSuBf5NnfYHv4r+gdvGdPz073Q5+PnxC9r\/PPBdV\/5K+y+OiWhMo8Gh4FrXaKvxkJ48HdCIv8LwOR08blH9iuQ3Xfk79Y\/dH3X8LTVkn7u0SZcb39Kx8L5Vz4a1n6jfqAk+L\/iuyOeheK7jIR0dPhQ8n8B1Zb+VPQ+RDZI8Z+3fJn7m40Gb\/qz4PqVtfNSo8fQnsU2MnwXPdWrsf0uDEecEowH193doS\/B5CAYAZABrs74PANsDwIBvAmAG+ozdRNonalE8OqJ7Nc2FrXBxJ1lE8mLBi0eCRel1ahy88C1gw\/f2gp40rod\/Ey8Y0K802K9Lfj\/\/W9IUDIho\/CM92d6SX9NEMPAe7ZCe7d0OL5wTCQYJnrP2b+O5SfeOfo54Rg4TwYDU3+mzk0owuEZbu0fub\/2NXh7cUYgQ3H2GmvjfQjAAIANYm\/V9ANgeAAZ8EwAz0GfsJtI+7mIrtNtb+zs9GRxTeMGtt4us\/LwnFvxGr55+Idit3aJbBz+SswYMRjpco61Gm\/qDY\/miky2QR6\/p1Wgs38n+vE2D8Zh+Gf1CY4VgELUTHvr8cEjDMdH45SHdCi3gIwQDwXO9fKtFT46GzvMYv6L+znXhdc0Fg4TPWcfWkmc+Gr6mUUTkgCMYsM\/KhJ9r9Of9FzSmX2k0ehMhGLj35\/qFKvrEi4IYHtFDTyzZovre\/9HgO5HABcEAgEzAS8biAtsDW4FvAmBGsj6jG\/LLFgWCpggR\/uySfvizcnFYu09Ho6gwZhYW\/TMd7d4M\/90oFJp9\/k1EKHYK9pH+bvbMDY4YCAl8PlIs2KTL24f0cixZHHO+03z6isYi27JnffyMnjz9SbKIZPb6Dz0\/+jFdwWDwFe0c\/Ehj4U60uWDgsEX1\/X\/TiARCREzBIPFzjrK1rI+MX9D+59vu4j0YwRLsu2M6fvo1PT2WLPA9W39HR9\/\/qhQMnO\/7lQb7265vS\/qq1PfVQDAAIAPwYr64wPbAVuCbAJgRv8+YhPwqBAMiIhrT6Oi+YPGpH\/6sXhyyxaUivN1buIgWbSah0Pz3zVAwyCLC4C9\/ixQLJs9a4zlduUNPXv4mOO4wsUVzhy06A8\/R\/cx48IhuyxaHsQWDNv3Zu7eg38UVDLjPyI5CGAkGKTxnla1Fn\/OeeZv+zEUGyPrURDDYpaZE+JmIAP8jfjZBv2L3FmFb7zjEaEB9zTwOEAwAyAC8mC8usD2wFfgmAGbE7TNmIb+yxcU12mocOhEKokWKQfhz5ALC3Y0V\/z1q8aMbCl2jxtPXNBp8S08OvqXB6A33v1+rk7nFtU\/EOf1wWH3EWXvpQvg1Db6PEgv4749IXuc9L4GQ4xNvRItYJuDwu83mOQxCvhDwIc9nfM8wiWAg8bNYgkEKz1lmO+FvYPfOXY8JCMKjG7xg8He6LOyfriDIRyzIfo87FkxszAQEmZA4iazw7B2RBBKCAQAZgBfzxQW2B7YC3wTAjHh9xjTkV7Ugly18zMKfo3eTVYsh9WJPPxR6kz6r7dD+AX9MY+yIBopjF4nsI1sUS3dWYwoGXosQDIyObkj8yCcYiHynzvlDNTPBYJIjgN\/FT0MwCNxrHMEgjeds0kdYlILvHpkQIV7k+wQD0XczQfDoPm0pBRBmB\/\/f\/N8v+j1bVN\/9ig5Y\/ghPOOhTUzCOQDAAIAPwYr64wPbAVuCbAJgRt8+YhfzGiDAwDH+OFgwU36FznEEzFNqBS0anlWwugX2C98P+v2TXN\/6RhP\/Qq+Fv7t0c04v9v6rLDqYWYbDp5aBgv8nZ+WcLRcViOMmRBO9egkcTFjPCYCKaifqO+EiRf0HPokKY+BIUARS\/xzcWCO5XJSRyfbK++40r5IlFBggGAGQAXswXF9ge2Ap8EwAz4vcZk5Bf0xwG5uHPWotD4WJacK3QvzEJhb5GWzt9ejX+mY52G3Tv6GfpjmYq9tHaFedJkMNg+x71I0WDdHMYOAtofif7ZmBXO2PB4FLwaEICwUD79wb\/nejv08xhoFMyUiYycHbhf8dm8DfJBIOosYMoWggJ3pPYJyAYAJABeDFfXGB7YCvwTQDMSNZndEN+FS\/94yEdtQPh+jHCn\/UWh4LvEF5r8vvMQ6GvU+PgXzRgYftX7tCTF\/+iJw1ZFvuE9hH9blYVQrjzmlaVBCKZaJBelYSJTbwSfYN\/0cBXajF7wcAvwtynh7EEA1W1ArZYFh11mSTclAkZqVVJkB1ziDja4bSwcBHuJ6z\/HdPg6IdAqUWZYKAhVpAqoibgmxAMAJgueDFfXGB7YCvwTQDMSK\/PqEJ+NY4UcMQJf9ZdHAYXMcrFfyqh0BnbR\/i72QJX9LsSCgaXNumzK7dp75krEgkXq9yRDDqmwdM2NbzndI22Gm3qD1zRQRSpIdxR5xeOvG9MQzDY5Hbp3aMZ2oLBdWrsH05+7+jftH8rGJnCVeEYDeib3dvu7+D7lEhMSPCca19Qf\/gbJ+5Nyj6Khbro40BB0U3Yt3jxQeOIRXRZVYnQUPuC+i9\/5MTIa7TV6NDR8Dfpb0kuGEiVlaBxYn6ed5jGQ3rydOCWbnGfZ0RWR5XyMx4+pwNpopWo8y8yJ1EN\/JzDjV44iirr+JFNdB8xn4nJwOcNBkw1HdNocCiw07TtE0a7HnFwoNDyPzNY0\/83uvdk6F++f6NovoEsZk3o2g7t++zvJDPaD+wceGc7IxPMsD4m8v+4\/ZMnMFEREdFv9OqoR4+9CSlL20+h9rakv\/n\/XdKxTmSfqGsGfT88djj+\/5juhV4euHuWhS6GfFr+DKP90PB5a\/YDvTFBPaZevvWIXgyfab+UR\/lmOn0z8CwOAnXox0M6OvxKYtdkfjW5\/4gm8A21jVn5OvWCztvl8xZssvFa8\/mZ+HSsZ62JdgIxbtEivVedxXGcMSFBn03QZ0wR35eJYBAv\/Fl7cehbjKqOF6QbCp2ZfWS\/2\/NpSVlAVRMt1AULYe9IilA0uE6NgxcB\/w4033uczEYCe\/iEmmjBQOFIwsVsVKUNsQ9qPFehWCB4nqGmSjQZ9znL7jcgTCijVRhs\/vD\/W7EYx64bFP5E72ni7w32U0ds4b9P9Szl0QgZCgbMEIGHaPr5pB1LI1RkPPwH7YWcNG3BgF\/McZ0itmCQ4JlIkb2Ec2LBi2A5oFnZR9YhKSKJDl8vWHAtzbCdKFjT+7zJPRn6l+\/fKJquYODcUXgHgw2awo\/77eF7qVe9gPp8I2XBwKvBrPiNQmEsTdtPofa25JmmLxgo+o7yJUNj7BBOhhqCgfJllX8ZiFocGzxvg36gRuO5\/DKi0RtVqKW5b6bTNx3f8JK1SdsxDQ7+LvDv+H4VXzCItnH0AlQUEq4jGKjFNN8YIVyEJ3nWOvDzU9R5YL5fyT4btTiOOybE7LMJ+4wpiQWDmOHP+rvJnB\/v7EoiCIK2lre03qli20f6uyd9S1gWUNW0BINN8r2XjYf0bC+4ERFzo012pr92n45GbyTRK9kLBv5klvqCgf4m5xbVdw\/dXfDJv30SucET8zkHxP\/wtVSRKpJ+z\/maWDBg4230O68n0ERsjojFsS2q7z72b5iNh3R0kGVZRZkDeS\/k4myX2p9PGrqjOHPDO174TFmagsFk0IhO7qITDpXwmZhc2xMLZArerOwj8kONesRex\/GfC7x860t6NniuUDfNYE3r80b3FMe\/zMIdzTM2T5LLvDrqTOx\/5TbtPXtB\/w6c4fN24YavA2e0xPcwGr0R9MMEggELnSMS7ORfp8b+ZJcuzsuOvu2nUHtb2E\/SFgx+o+HwP\/IkUpHnHt2J6vChX6Cp7dD+4ZGgZjl3zzLBwK0HLn2xcZ\/hL6Nfoid77edt1g\/kZDW+6woGSfsmv9MkiK7wvYSJfCapXxl+RtfGUYmxhNeKEgxG9Go4Usz3rp\/\/MqKR5MUw2bPWgYWXO31K\/XIayBiv3JkWR8nFHxPi9NnkfUaKUciv7hwdP\/zZKPzc9\/zE14odCp0yse0DADAiO8Egop6m7ucTJ62IGiS5BbF\/Mk1LMDARC7jrKgSD1BN5yK4dKRbM0j4CW+jUI44qz5ISRpOY0T3F8a+0BANZvzB7MZioql\/TU1nmW09B\/46OvlclejHtn5MXUmV\/dM+vxQmpTC4YqH6fYe1tia+lKxj8SoP2\/UBppahr8mNHnB3ACMHg+Bk9kSYAY7\/nP\/T8KGp3wOR5p\/OCHDmm1r6g\/nDkLqbNQq51BYNEfdMT5FRhoixTOgnmumR+ZfwZbRur+qtc\/FMLBj\/R04Nn0jPinj3++U\/6XjRHJH7WGv7onZffdn+Land\/0i8f3u1ymdP1nmOyMSFOn03eZ8SYhvxqztEJwp\/Vu8mysGiZz8QNhU4fCAYATAfLIwxSKIth8FIhTiCSRDD4q6FYwF1XOrFnUSpEcO2\/\/C1SLJitffjvNqhH7IUs65+FjIPRJGZ0T3H8a1oRBs4OV9T5\/8miZJeakkXd5CX1fyIywxr2T+m5RcF9slJBhmdgkwsGKdbelvSl1AWD\/XqgtFLUNQ3GDiFRgsG31NyRJOvynuEjui0L1Yz1vM36gZiI51L7gvrDn5zwcuPx3UQwiN83RaGXYph4l6Zf6fh7AhtLv082b0cLBizsOzy\/cQvf248USbOSPGtNf2S\/K\/J58s+hJilfF\/VM4o4Jcfps8j6jeub6Ib8695ks\/NlMMFCEsV9KGgqdLhAMAJgO1uUwEJ8l0tmxkbzUau0wiCb75GG6rwY\/GooFsnsR\/D3JM4m89msafB8lFszaPsHnrVuPmNtt4SfxNBJDcZhNYib3FMe\/os7Kq8+mh5vghc7bkZ98RpY80HduS2h\/d\/eC3yFKSzAwiebQTvQV1\/ZTqL0dJEPBQFrfWnXNGDueyn\/vO9sp+gzb9eJ3TGUv4DGet0E\/UP4ukS1csWBSpst0fDcRDOL2TfVCQ3y9qDB+E7\/S8fckNmY+FVgAhWrRy35LsE\/9RP3G5+LPuLvJ40Gb\/iwct9J41jrjhaDsl3QBGIxSvCOIEJE9k6RjQsw+m7DPgNkC+wAwHTIUDALnOKM+PxpQP5h8wuiF3fQIBE+cMGu9RGBEKQsGaTyTyOfA2VAlGMzUPuweYtQjvrRJl2+16PHh88Ai3SyBmIo4k5jePcXxr7QEg4id0yu36d7jni8hjciH\/IleBP7uKw0VVXvWrH+avTTHCzHXt\/0Uam8HyVQw2BQvEETXVI4dguRIIYFHRzAQLUz4cl9V9fgY93lr9gPxv5U8l5BYwD9\/\/TPaUb6ZvG8aihjKhXAMv9Ly92Q2DieqEteil\/4W0TVC98n+nRvyLXxOaTxrFeLfpSyzJ\/CZcISI5JkkHhMS9NkEfQbMFtgHgOmQYQ4Dzc+z\/69S809ohAE7Y0okqy6gey8pP5PIa7sJi5xZOfCSaot9HGLVIw5w+dZ9+oaFDaaU2yDpJCa\/pzj+lfRIwuSa2qGiV27TvW9Ysi3VCyfb8WXfHXxJTVcwsDPCIMPa20GyFgwuCRYIxhEGaQkGm5NdWvdenHub+J4y7DaN563oB2IEmZBvPaIXo58F43DGEQax+mYWEQYmfqXj7wltHPQxWcZyZR8PLmJZ5IYriAQXvrOIMPCF9gt8VHiOXtQvgxEicSIM9ASDVPqsYZ8BswX2AWA6zF4wkIUbXtqkaZ2RF59VjlKlZX\/nJ8Mml\/hGVzSwJIfB9j0utFYmGszSPtz9qprub4+5OJSRyiQmvKc4\/pVCDgNhaGkUql1+7iWXf+HeDL58RyT\/M+2fJyKHgaJvJvV1ZT6BJGOdKLGkOy4kyWEgFXg0BQPfvd8M\/A7VgivFscVoYe9\/LlekYsFmjPHdVDCI1zfTzmFg5lc6\/p7Uxv7+4Pxe0xKC4T7FP\/srQTtI+kF2OQw0SvGqkrWG+iU\/f9SS5TCIGhNS6bP6fQbMFtgHgOlggWCwqcz8mnkWfmk29MnLpFCVZvccmeSIq8OqJRrYWCWBSCYazM4+k3+rbpq74idSMND1rzSSHsbJeKwpGHifO6bB0Q+BMk4ywSBu\/zwpVRICpOTr6h3dpGMd77vcAuHuVxFVEhRjR2LBgCsVOPgXDXylFpPUpzYYWwwjAbznMnpNr45fCWp3b1K88T2GYBCnb6ZZJSGGX4n8R\/iZBDYOJYeUzhv6gsGkJOgPdDQ4FhwFEfSDzKokaCy+SSRUKKIBvQiRLu20o6okxBgTUu2z+n0GzBbYB4DpYIdgoMz+mrAmtbQqww7tH7B665KFFntRpmMafHPf+\/skXFz0gi16Qdii+t4\/3LPpmokElRN7VnW6Bde+cpv2ng2dawkn8VnZJ2494uvUfPoDveTza9R26OHR0PjlW4XZJGZyT3H8K6UqCd7LaXjxvrXTp5cvj+ihVwP8OjXaR8KXVOEZWP5lT\/doUKz+yf8OcnKn7PO5Aq5TY5\/5nc7OXRLbZ1l7my0SOH\/wBEDBOJvaWDfBWyAMhzQUzhHBsSNYIYTz6wSCgX\/x4xfBxIJB3LHFrB\/IUdWiTzK+xxEM4vVNb+Hn5j3Zb3DzRm2H9p+yYxqiBVxSvwrbKfyZBPXs+d8+ek2vRqKw\/ajfIora8e\/q+75TcS\/JnrXKD1TPNuKomNDXJxEiznE60bOPOyYktWf8PgNmC+wDwHSwRDDYjAgVvk6NgxfupCdpoxf0pCFQpCNVZ3Uodyh7Pf8vhTuUilJp3nepRAPdTMEJnokU2bW5msJC0WAG9olVj1htzzRL\/7AW\/VnTe4rjXzrhpaIXV8EOkCgENpQZnm\/hl1Rx0iz2AhpcmKrO18fpn+yeWRlXWRvTaHAYTtqasu0zrb0tTTArrjGf3ljH4F\/+ZXOExtghFCtMBAPO\/32\/XSIYxH3ehv1AypW\/0v6Ln2k0fJ3y+B5TMIjbN1lpUGk7dspDGvcLHb\/a9PWBsCCdoJ590KeU\/ddEMOD7bOCaysVukmdt+ru5awojzqKSNnNirfS5xRgTEtszbp\/ZolsHP9BxjNwI2kgrcFhMnHt2ffzNUYuu8HY9\/kH5XhY1ps0X12ir8ZCeeCKg2xuGz+kgmDRe8GyF44Jvk0+Ab\/POu2DMymKqsZ2LlvXNbbIxJSoKSlYqNI1rb1Jwc4mIBBtQ84U9ggE3AUvL4aXaUfTLXV2+1aIn7m6v11mEtXSjnJIlsBo713\/2peA7TEoLxXwmUtS7A16HGg8FYbLTtE+yesSXb7Xose8+f6NXR4czLKtock9x\/Cs9wWAySAcWQFdu073H\/sFzPHxOT6LKKvL+s3tEI+Pkhqb9k+c6NfYP\/XWyjcvgJbF91rW3A7vRGn6e5ljn+MVkgaDMUxLyfyLnZaYrsYWJYLDpLijeaNQaT1jr3KAfyOxd339Og2dfUv1K2uN7XMEgft+M97KZnl+ZRzRq2Djw3eoda0PBgC1qZeH2qmul9GLvRSxE7cQLN3kMjlRGCKX6Y0JK9ozTZz5v02BsJkAYY7tgsNmiozdv6NXB3zK4Z6efqPq4\/nx70slwY062iZCqEOl8pyw\/zWTB\/m\/a941XWQsGca7NxEdRMz\/2dFJILhgAAEKwNuv7ALA9AAz4JgBmyPuMuwBJqbLSiUUkGKTI5ca3dKwQoBZjTMvq6C+LtFTkE0nxqJP0SK27YBdHMkYIBtpH\/dK7tic8Dvnjh1tU3\/s\/GnynWxHv5AHBAIAMWIxJDMD24CQB3wTADHmfqdP+4BffLuaV3ef0Zjyk5\/9kUVr+SNIru8\/pzZvndG9T8P\/5fFH8Aia4IPeVavUfnVN+f+D+nXt9TYPv3YXm6Dt6st+b5I3ij+TJrnnrkF7xm6vsWr57\/gvdOxrRePgDfc9yAw3\/QXvcTu7lW1\/SM64qF59Hx4lk+UUajbIIY1p2ycUlx\/IyS6YqT9otP0KalWAQ99pm5WznCQgGAGTAIkxiALYHJwv4JgBmSPuMYCF7Zfc5vfFEAhbSPTkKpVrQO7uWgmMaAcHg8q1H9GL4nRN6fuUOPXn5q9b3B++f3evLgzt0OVA22VmgTu5FdU1hhIFAMPB2voPHw2r36Wj0sxfa7hyr5J9rWJjRss\/ckGH5ckmEQfblWn+lwf5fNRbszP5pCwbJrs2eD40G1I95PPAkAsEAgAyY\/0kMwPbgpAHfBMAMaZ\/ZbNHRmxEd7f7F+2\/Orj2\/uHAXe+6xhagIg8kuPheZoIwwcDf23USB5hEG7F7dRf3wkOqXNumzS3+jJ8Nfta6pKxhMFqvO\/\/fdM4XbJPmh\/\/Pa9pkbNHLFeEiqhUTkMPALA2Y76NEVVXjYd\/9GrwY\/aizYud9vmsNAWq43jWtzieDZ5RLkFjopQDAAIAPmfxIDsD04acA3ATBD2mdkEQbagoG7gAkt6ANJRn2Lb\/f7vORsgsV35Pdz9+r9TSUYqK+pKxjIBABHMFAthhc8wsBLLqqXCF242JdWTBLtkGuUKOUxKlcaTsA9fcEgjWtv0meXtqi++xUd8Emitb7z5ALBAIAMmPtJDMD24MQB3wTADHmfkeQwUBxJcHZj3aoKrAzrm+d0b9M9D378b9q\/VYsWDNzFGTvbzhbf8u8P\/y5jwUByTWdBG6hAYyAYsCMKTl6EqvPM2PEH7\/sXOYdBehEGXhQA+\/+SinTTiDAYDv\/jLrRVpe2535\/akYQ0rh1ki+q733j5P+Y1twEEAwAyYP4nMQDbg5MGfBMAM+R9JlwlISrpoT+x4TF9P3g9iQDwzpM7f\/PK1YVyGHAJAkc\/0mD4G7d4V3x\/4P71BYOIa\/Lh2Yqkh\/IjBtdoq9GhI0nSQ1RJyCKHAcs9IP7O6eQwaHJh\/aqFexY5DJJeW4yZeHLygGAAQAbM\/yQGYHtw0oBvAmCGss983qbBeLLzq8oZAOLg1LtXLcAWYUzLpEpC7T4djcZEoyO6Fwyhn0GVBPnCPfsqCebXltgJggEAwJRFmMQAbA9OFvBNAMxQ9xlnh\/WNu0CAYJAyn7dp8MatrhDLPvMC28l3IzCeticlLy9do61Gm\/osOmUseF7CKgnsO8Uh9J5IQWMaDb6l\/QYnVNR2aP\/pJEFnZOSDR3DR7txHfe8fjvAgFCiyEgwSXLv2BfVf\/khH7R3383yUjG60xckDggEAGbAYkxiA7cFJAr4JgBkmfQaCgd32Odlcp8bBC1+lilAbvZjkfuCRlVX0EiqKRBmWg0NRXoE\/OqOFaNHuXotFK4QW7jGTHhIFEjGmde1whQS+RR\/jOLlAMAAgAxZnEgOwPTgpwDcBMAN9xm4Wyz7XaKvxkJ489Ze4jCzpJxMMuMoB0oVubYf2D771CwfjIR0dfkX3bskjP2T3L160O1y+9YhejMbkz\/2RtWAQ59pbVN99PInqYM\/kAGUVAQCGLNYkBmB7cBKAbwJgBvqM3cA+AEwHCAYAZAAmscUFtge2At8EwAz0GbuBfQCYDhAMAMgATGKLC2wPbAW+CYAZ6DN2A\/sAMB0gGACQAZjEFhfYHtgKfBMAM9Bn7Ab2AWA6QDAAIAMwiS0usD2wFfgmAGagz9gN7APAdHiL0NDQ0NDQ0NDQ0NDQ0NDQ0AINggEaGhoaGhoaGhoaGhoaGlqovdXr9QkAkC6szfo+AGwPAAO+CYAZ6DN2A\/sAMB0gGACQAZjEFhfYHtgKfBMAM9Bn7Ab2AWA6QDAAIAMwiS0usD2wFfgmAGagz9gN7APAdIBgAEAGYBJbXGB7YCvwTQDMQJ+xG9gHgOkAwQCADMAktrjA9sBW4JsAmIE+YzewDwDTAYIBABmASWxxge2BrcA3ATADfcZuYB8ApgMEAwAyAJPY4gLbA1uBbwJgBvqM3cA+AEwHCAYAZAAmscUFtge2At8EwAz0GbuBfQCYDhAMAMgATGKLC2wPbAW+CYAZ6DN2A\/vMOx1qrP2e8rlTlMudp1Jlhzozv6fFBIIBABmASWxxge2BrcA3ATADfcZuYJ95pkft6gVaKv6JGp0edfc2aDn\/AVVaXws+26G7zS+pO\/N7nl8gGGjzmOrldymXOxUmv0zlTzep3upGf0+7RqX8KcqdW6dmV\/KZ1gYVBdfJF1epUn8g7hCdO7RWPEO5pVWqHwb\/3qNO8xqVi2e477pIV5udwOc61Lx6kYp5ds0zVCxfo2anZ8HzP1lYMYl17lJ1bYUKng+dp9JaLWDPLrXqG9G+0blLV8vLrsrr+vzVu1B6bbV9Zj6FceYkM9e+mQodalbXqVQ47frmaSqU1qkaazyEn88D6DN2A\/ukzSOql9+jXO5tKlb2fH87rK\/SkmgNlHuXyvXHGd9XjzqNP1Hx3EWqC8bQbnOdzuXep7XmoXOfwncUkAQIBtq4gkHICTvUrG7QWuk85XLnaaV6X6FwdWmv8gf3JeM9KtcfiT\/X2qBisLN2H1B9fYUKuTO0XNnlrtGjTnNj8oIj6CSOKneGiqs3qNV1vuvm6jLl83+gyl7Xf2\/5ZVq96YgS3dYNWmDSdl8AABVGSURBVC2eofzyBu3JxA0gZOaTGFvYFS5Qpdnx+cnEnj3q1C9SIcf7xn2qrpynHO8b3V2qLJ+hfPFjutnqUq\/XpdbNj6mYD\/oisML2mYBxZh6YT99MCxb6yoW9dnaoUoozHsLP5wX0GbuBfdLFmcdPyQWDWSzED7epvHSKcrmzVKruCz5zSM219ylfqlF7lvc550Aw0EYmGDDYy4ZCCOju0Nq505T\/3TL9Ln\/Kc+7Q50SCQa9Pvd4+VUtnuegEV3HLn6Hi6udU\/\/QDwf0F\/03gXtg9tGtUyp+mc2s7vgWgo9rJOimQMdtJzAnjyrtqK\/83XoXt9brUatygai2wM+bzBdl3OQN0Ln+Bqm3smNlj+2z8CePMfDB\/vpkiEt90fPhts\/EQfj43oM\/YDeyTIt1dqiyfpcKHZSotWSQY9PrkbVqc+yO3AeHSrlEpPxlXIRhkAwQDbaIEgz55oTzC4wZsN\/cslap3nc\/5dt44pILB19SqBF7Wuw+oXrtLHdHfen23Iym+K3+Bqu2v3Zcg0dmgPaoU35aLG0CItZNYa4OKkeFjjs2Xytt0yBaCxQ1qCb8LL78nxvZJwDgzF8ylb2aO6Xj4Jfx8jkCfsRvYJy3cNUr+AlX\/t05l6wSDPjnrsPcD75yuiMutu2Z\/n\/MJBANtdASD4A4u\/zf3RaPgnL9xPifYzej1DSIMeMQv8s51xAvEyb0+cnZHhL\/N3TlR5VwAIeycxNyBNSoqgFdr3R1i52U58Dnfztusf5s92Gn7tMA4c5KZb9\/MCOPx8DbdgZ\/PDegzdgP7pESnTuXCWedY1eG2JYJBl\/Yqf6RzK1VqdfvUbVVppVD0r6\/cqAj+PRSCQTZAMNBGTzDoSTpaSCBwXzyELw5CwaBDzcoFQQ4DhvhF3klSIskq6u02P3B+m2jXRLajCJRYOYl16lQuvE2Fcl2arLDbqtN66Tzl3ay0Mn924HfeRN\/n\/v2jDbqxziVfLFygSnM\/kGxRkBDM9c+PKlVaL53nkpBtULN9n+qV1UlCMYuSMFpp+9SY1TjD\/v4hVW58wiWlc86bt1vbVOGS0IWTLSb0xTlhvn0zC9yoQVfo1xsPa3QDfj43oM\/YDeyTBgEhUzjOuWOTL9mhzhiScExjuZAkZRW7zXU6F9gEcwSD4PUw3iUFgoE2SQQD0XlvdhZSENItqZKQK6zQuqxKAgQDq7BuEmPJDAviDLM+n+OPyiQSDNyImNxpKpQ+cauIuLk+3nmXCkt8QrAqrQTFDFZRJHeeSut1J5Fe5w6tFc\/SO4UCLfFJx6ofUkGVP2SRbZ8qsxpn2HjJj4Mst8JZKhQK4cSdPl9P6Itzwnz7ZtoIxpXMBQP4uW2gz9gN7JMcJ9Fh1Dj3NbU2\/pvKlW1n\/Ol1qVV3F+Sy98pen5KPaSocQTd4xMur5sCtmTDeJQeCgTYJBAN34RM6tyj779IjCSogGNiEVZOYNwh\/SNWo0p+sFGP+97TW6CQUDNw+Exz8hQnB3EmF97PDbSovnQ4M8LKkY86LsvxeFtT2qTO7cca5RlAUkhzTateolOePSCT0xTlhvn0zTZhYEKh8lLlgAD+3DfQZu4F9kuKMLb51iHKc88OqI6kqZiUb0xS0a1TKhzeKxNfDeJcUCAbaxM1hwEopivIauJEHwb+lKBjgbPFssGYSE5VJjISz+WGSHAZOnwkJYofbVF4K+2To3NnhNpWXwhE44vNpzrUgGGTN7MaZw\/oqLYXyb0jsHvKxhL44J8y3b6YFEwsEL8FTyGEAP7cL9Bm7gX2SwBIdBt4PDQQDnUSuycY0Ge7aSjCWiq+H8S4pEAy0iVklgeUqEB0x8Ago\/ykKBshePhvsmMTcUFQWLWDqS7kPqNJ6kKBKgtmEIBYMdF9yIRhMh9mNM0Z2lyykYvvinDDfvpkGXAnRtTuC0NXsqyTAz+0CfcZuYJ8kiPISBIlaiwgiFAIkG9MkdHdo7dxZYWSDbFzDeJcMCAbaRAkG7uLMFwbDSimqzla7LyC8GpamYID66DNh9pOYhljQ2aFK6T1BhMAhtxOsWXdceA8QDOaP2Y0zWEglZ759MylRYoHzGa3xEH4+N6DP2A3skwGCCINuq07rKx+FIlWdIwmSim8u6QsGXAlIwfsnBINsgGCgjUww6FCzukFrpfOUC553VJZBnBB6iUhVMJicMZokFnGzjvrCkNzwnjyfFOkGrRbPUH55g\/ZwHMGI2U5iupEF7LgMn3lWUI2ju0uV5TOU55MM3vyYihHn1iAYzN4P02d24wwWUvDN7NARC1y0xkP4+byAPmM3sE8GhASDHnWaG26CwwtUaXbc\/3bNqboSkaQwfcFgn6qlgjSBIQSDbIBgoI0rGIhCdvLLVP50081IPPk32rvz7guIJyykLBj4Ora0HFOfer0ONa9enJSqQxmS2Mx2EnPCXvVCzDrUrK5zpWeczLJr1UCJws5dusqVvtErYwjBYP6Y3TiDhVRy5ts3k6ARmssfQ9AaD+Hn8wD6jN3APhkgy2EQHPdy56m0Vst4TBPQrlEpL8oLp7oexrukQDAAIAMwiS0usD2wFfgmAGagz9gN7LN4dFt3aXv7rlveEUwLCAYAZAAmscUFtge2At8EwAz0GbuBfQCYDhAMAMgATGKLC2wPbAW+CYAZ6DN2A\/sAMB0gGACQAZjEFhfYHtgKfBMAM5L1GVlujDNULH9K1VB+Fx43aXaoIgePm69IVOYzgm5rmyrBPByV7UCYt0keDpY49FR0LqFOncqFt6mwUk0cVo4xDYDpAMEAgAzAJLa4wPbAVuCbAJiRjmDwAVVaX0\/+e2eHKqXzlMv\/IVSmjuFUnTlFudxpaTb4uIIBK4VXKG24i\/9JFvxJFQ+TSh+supIjLKgFg0dUL78XmVl\/OvYBAOjyFqGhoaGhoaGhoaGhCVu8l2yJYNDrU6+7Q2vnTksW14fUXHufcvn\/ouLvzlBOUm8+nmDgRC6Iyns6QoJb2atdo1L+NJ1b2\/GVTg5X\/2JlnJdp9eb\/o0+LbysFA1Z+V12SWR80NLTpNAgGaGhoaGhoaGhoaJKWumDASnWLFvudOpULpylfqtJe\/SIVcrIFdgzB4HCbykthIcAvYtTpf6sXKC+8b+ea+VKN2kwEaN2mWrPj\/U0qGLglxEViBQQDNDS7G44kAJABrM36PgBsDwADvgmAGcn6TJwIgx61qxcon3uPyvVH3udy59apGVpkZyUY\/IX+tvY+5YQ1693oB8X9iAWDHnXqF6mQlx\/DmL59AAC6QDAAIAMwiS0usD2wFfgmAGZkIhiwHAZMFOD\/TUggcBfowuSH8Y8kiBb8k+MGX8ijH9hvEooJCsGARU0U3qV3WKLFwgqtVe9K8jNMwz4AAF0gGACQAZjEFhfYHtgKfBMAM9IRDIJVEk5RvniRrgqqJIRzBPTdfAKnfMcAHJImPfyE6q0u9XpdatU\/oVKBCRWK4xKxBAMmepyn0nrdqYzQfUD19RXFcYtp2AcAoAsEAwAyAJPY4gLbA1uBbwJgRroRBk6FAPkZfnf3P5TkUPbf45ZV7FGnWaO10nlXwDhN7xQKk2MQqvwKcQQDSQLFSXJHWVLHrO0DANAFggEAGYBJbHGB7YGtwDcBMCPtIwmqKgFs51+UX8CJPAj+La5gEIAlI\/QiGNyFfEo5DA7rq7QkPFLBfte7VK4\/noF9AAC6QDAAIAMwiS0usD2wFfgmAGakLRj0el3aq\/yB8qFddRa2Hz6+4MO3UE9DMGD3wycjZIkX9aokBP8GwQCA+QOCAQAZgElscYHtga3ANwEwI33BoO8mNnybCuX6JOFfp07lQuC\/+WCLeD6\/QQqCQbtGJVHEg+QYgTDHgofqSIIoqkImnkzLPgAAXSAYAJABmMQWF9ge2Ap8EwAzMhEMWIlBL2cAEwPEu\/AebgWFye5+UsHAyamQK1ykeie4YGeL+WVavfmAur0+dVs3aLV4RpGDQZb00P2u3HkqVXZcQaRDzcoFJD0E4IQAwQCADMAktrjA9sBW4JsAmJGNYNAn32K93QgIATLYwpsJC65gIDm+ICxvyH1Xq\/ohJ1qIPtOh5tWLVMyz7zxDxfI1aobEBYairGKvS636BpWLZ7hKEatUqT+ILRYktw+wnw411n5P+dwpp8qGJziBaQPBAIAMwCS2uMD2wFbgmwCYgT5jN7DPPONE3iwV\/0SNTs9NCioS38A0gGAAQAZgEltcYHtgK\/BNAMxAn7Eb2GdR6FGn8ScqnhMdn+lTr9ehu80vE0WrADUQDLRx69KKQr\/yy1T+dJPqrW7097RrVMoHM90GaG1QUXAdZfhW5w6tFc9IyuAEa+6eolxhhdaqd32hPU4mW1FoW\/wMtouKFZNY5y5V11ao4NnxPJXWaoFwQlGY4EW62uyEvutqedkNC3N9\/updhIbZavvMfArjzElmrn0zFTrUrK5TqXDaq09fKK1TNdZ4aBrODWwEfcZuYJ8UONym8lL0sZaZzd3e\/cmSbbJknM5RncP6Ki0J31FAEiAYaOMKBiEn7FCzuuG+JJ+nlep9hcLFzp+dopzq3Fhrg4q5t6lY2Zv8t+4Dqq+vCBLE9KjT3Ji84ITuz1Xl8qepUNpwX1bEyWbQydJj5pMYW9gVLlCl2fH5ySRhEUu8dIaKqzeo1e1Tr3ufqivnKZfnSiyxGs3Fj+lmq0u9XpdaNz+moqSW9KIzc9tnAsaZeWA+fTMt2FlZ7pxsZ4cqpTjjYZyEccBG0GfsBvZJgcNtKi9FL\/pnO3e77yDn\/siV\/2Q4JUlZDhC8Y2QDBANtZIIBg71sKIQAluH2d8v0u\/wpeYIbkWDQ61Ovt0\/V0lkuOoG9pJ+h4urnVP\/0A8H9Bf8Nw635y\/13dLL0mO0kJs+4zKuwvV6XWo0bVK0FdsZ85ZRk3+X6T4JySPPK\/L3AYJyZF+bPN1NEUkaOlcAzGg9jlaQDNoI+YzewTwqcCMGgT8467P3w+NmuUSk\/GVdnf5\/zCQQDbaIEgz55WW+Fxw3Ybu5ZKlXvOp\/jdy14pIKBm3GXv4fuA6rX7lJH9Dcl4c+jk6WHtZNYa4OKkeFjfKZjdyEoKtvU2qAiXn5Pju2TgHFmLphL38wc0\/HwS1dUECXncr4rOhs+sAX0GbuBfVLAWsGgS3uVP9K5lSq1un3qtqq0UigGxFpXxMWmROZAMNBGRzAI7uDyf3NfNNx6t87nBLsZvb5BhAGP6Yu88138iws6WXrYOYm5A2tUVACv1rpRMcIySb6dt1n\/Nnuw0\/ZpgXHmJDPfvpkRxuPhbbqz9r6kj4QjboDdoM\/YDeyTAtYKBn3qdR\/QzdVleVnF7i5Vls\/63kPxjpENEAy00RMMnI4XXuyHBAL3xUP44iAUDMTngSeYvMizaAf++ASrF8wnMkGSprhYOYl16lQuvE2Fcl2arLDbqtN66Tzl3TI2Mn92UNVc5v7+0QbdWOeSLxYuUKW5H0i2KPA1Nxrio0qV1r1Eeu4Z+fZ9qldWJwnFLErCaKXtU2NW4wy77odUufEJl5TOeYFot7apwiWhCyfuTOiLc8J8+2YWuFGDrtCvNx7W6Eb5XXEUQmT\/gZ\/bBvqM3cA+KSBItB4eW2Y1d6vpNtfpXGATzBEMgtfDeJcUCAbaJBEMROe92VlIQUi3pEpCrrBC67IqCQYv8k5YT3Dh+DW1Nv6bypVtJ\/ldr0ututvZCrIyJkCGdZMYS2YosyXvc\/xRmUSCgRsRkztNhdInbhURN9fHO+9SYYlPCCbwSVZRJHeeSut1xy87d2iteJbeKRRoiU86Vv0wsDCF7bNhVuMMGy\/5cZDlVjhLhUIhnLjT930JfXFOmG\/fTBvBuJK5YAA\/tw30GbuBfVKgtUnl8oZX6Y1tHOWCYv9M5m4VjqAbPOLlVXPg1kwY75IDwUCbBIKBu\/AJnVuU\/XfpkQQVei\/yXqdxzwRFfW93b4OWkQ3fGKsmMW8Q\/pCqUaU\/WSnG\/O9prdFJKBi4fSY4+AsTgrmTCu+\/h9tUXjodGOBlScecF2X5vSyo7VNnduOM8xIQFIUkx7TaNSrl+RDLhL44J8y3b6YJEwsClY8yFwzg57aBPmM3sE9GsGowEVVdsp+7FbRrVMqHN4rE18N4lxQIBtrEzWHASimK8hq4kQfBv2UkGDgv8acNyzohSVMcrJnERGUSI+HO2R4myWHg9JmQ70jOy4XOnR1uU3kpHIEjPp\/mXAuCQdbMbpw5rK\/SUij\/hsTuIR9L6Itzwnz7ZlowsUDwEjyFHAbwc7tAn7Eb2Ccr3Lk+shJW1nO3DHdtJRhLxdfDeJcUCAbaxKySwHIViI4YeASU\/ywEg84dWiuemZxN1\/7ecNIyEI0dk5gbisqiBbT\/HTur9gFVWg8SVEkwmxDEgoHuSy4Eg+kwu3HGyO6ShVRsX5wT5ts304ArIbp2RxC6mn2VBPi5XaDP2A3skxWaSbIzn7sldHdo7dxZYWSDbFzDeJcMCAbaRAkG7uLMFwYjSvoVxH0B4Ttl2oKBxkt8t1Wn9ZWPQrvQTriRpJoDkDL7SUxDLOjsUKX0nsC27i7Y0irVDzXrjgvvAYLB\/DG7cQYLqeTMt28mJUoscD6jNR4KjwCwCER1KVr4uV2gz9gN7JOQ7gOqr39IK6FoKudIAtsAnd3cLcJdW0nePyEYZAMEA21kgkGHmtUNWiudp1zwvKOyDOKE0EtEmoKB1o5fjzrNDTd5yQWqNDvuf7vmZFRG0kNjZjuJ6UYWsOMyfKkaQTUOdpaNTzJ482MqRua2gGAwf8xunMFCKjnz7ZtJ0BELXLTGQ3dszfNJBm\/QajH6TDD83C7QZ+wG9klIZ4cq7vrFew\/s3KWr5WVuA3SWc7eIfaqWCtIEhhAMsgGCgTauYCA6UpBfpvKnm16GUYbObkKv1w8peakKBrKKCx5c2KQ3SLC\/nafSWg1lSGIw20nMCXuV25z3rQ41q+tc6Rkns+xaNVCiMOgbWmUMIRjMH7MbZ7CQgm9mh6hkWAD+GILWeNih5tWLk9KvmmW94Od2gT5jN7BPGgTHqtNUKK1TNVjecCZzt4B2jUp5UV441fUw3iUFggEAGYBJbHGB7YGtwDcBMAN9xm5gn8Wj27pL29t3tSowgfSAYABABmASW1xge2Ar8E0AzECfsRvYB4DpAMEAgAzAJLa4wPbAVuCbAJiBPmM3sA8A0wGCAQAZgElscYHtga3ANwEwA33GbmAfAKYDBAMAMgCT2OIC2wNbgW8CYAb6jN3APgBMh7cIDQ0NDQ0NDQ0NDQ0NDQ0NLdD+P7HdzViS4AdtAAAAAElFTkSuQmCC\" alt=\"\" \/><\/p>\n<p>* The color can be chosen according to the RAL palette, the price is adjusted separately.<\/p>\n<ul>\n<li>Diffuser inlet 63mm;<\/li>\n<li>Difuzorius i\u0161 lub\u0173 i\u0161lind\u0119s &#8211; 2mm<\/li>\n<\/ul>","protected":false},"excerpt":{"rendered":"<p><strong>\u00a0Suitable for air supply and extraction<\/strong>.<\/p>\n<p>* The color can be chosen according to the RAL palette, the price is adjusted separately.<\/p>","protected":false},"featured_media":10967,"comment_status":"open","ping_status":"closed","template":"","meta":[],"product_cat":[141,189,190],"product_tag":[],"class_list":["post-10969","product","type-product","status-publish","has-post-thumbnail","hentry","product_cat-vedinimas","product_cat-difuzoriai","product_cat-apvalus-oro-difuzoriai"],"acf":[],"yoast_head":"<!-- This site is optimized with the Yoast SEO plugin v20.13 - https:\/\/yoast.com\/wordpress\/plugins\/seo\/ -->\n<title>Apvalus difuzorius DAP - Kondena<\/title>\n<meta name=\"description\" content=\"Apvalus difuzorius DAP tinkamas oro padavimui ir i\u0161traukimui. Difuzoriaus pajungimas pagal numatom\u0105 diametro oro kiek\u012f.\" \/>\n<meta name=\"robots\" content=\"index, follow, max-snippet:-1, max-image-preview:large, max-video-preview:-1\" \/>\n<link rel=\"canonical\" href=\"https:\/\/parduotuve.kondena.lt\/en\/produktai\/apvalus-difuzorius-dap\/\" \/>\n<meta property=\"og:locale\" content=\"en_US\" \/>\n<meta property=\"og:type\" content=\"article\" \/>\n<meta property=\"og:title\" content=\"Apvalus difuzorius DAP - Kondena\" \/>\n<meta property=\"og:description\" content=\"Apvalus difuzorius DAP tinkamas oro padavimui ir i\u0161traukimui. Difuzoriaus pajungimas pagal numatom\u0105 diametro oro kiek\u012f.\" \/>\n<meta property=\"og:url\" content=\"https:\/\/parduotuve.kondena.lt\/en\/produktai\/apvalus-difuzorius-dap\/\" \/>\n<meta property=\"og:site_name\" content=\"Kondena\" \/>\n<meta property=\"article:modified_time\" content=\"2023-12-14T13:12:20+00:00\" \/>\n<meta property=\"og:image\" content=\"https:\/\/parduotuve.kondena.lt\/wp-content\/uploads\/2021\/10\/difuzorius-apvalus-dag-potinkinis-priglaistomas-2-1.png\" \/>\n\t<meta property=\"og:image:width\" content=\"1188\" \/>\n\t<meta property=\"og:image:height\" content=\"1188\" \/>\n\t<meta property=\"og:image:type\" content=\"image\/png\" \/>\n<meta name=\"twitter:card\" content=\"summary_large_image\" \/>\n<meta name=\"twitter:label1\" content=\"Est. reading time\" \/>\n\t<meta name=\"twitter:data1\" content=\"1 minute\" \/>\n<script type=\"application\/ld+json\" class=\"yoast-schema-graph\">{\"@context\":\"https:\/\/schema.org\",\"@graph\":[{\"@type\":\"WebPage\",\"@id\":\"https:\/\/parduotuve.kondena.lt\/produktai\/apvalus-difuzorius-dap\/\",\"url\":\"https:\/\/parduotuve.kondena.lt\/produktai\/apvalus-difuzorius-dap\/\",\"name\":\"Apvalus difuzorius DAP - Kondena\",\"isPartOf\":{\"@id\":\"https:\/\/parduotuve.kondena.lt\/#website\"},\"datePublished\":\"2021-02-08T07:18:09+00:00\",\"dateModified\":\"2023-12-14T13:12:20+00:00\",\"description\":\"Apvalus difuzorius DAP tinkamas oro padavimui ir i\u0161traukimui. Difuzoriaus pajungimas pagal numatom\u0105 diametro oro kiek\u012f.\",\"breadcrumb\":{\"@id\":\"https:\/\/parduotuve.kondena.lt\/produktai\/apvalus-difuzorius-dap\/#breadcrumb\"},\"inLanguage\":\"en-US\",\"potentialAction\":[{\"@type\":\"ReadAction\",\"target\":[\"https:\/\/parduotuve.kondena.lt\/produktai\/apvalus-difuzorius-dap\/\"]}]},{\"@type\":\"BreadcrumbList\",\"@id\":\"https:\/\/parduotuve.kondena.lt\/produktai\/apvalus-difuzorius-dap\/#breadcrumb\",\"itemListElement\":[{\"@type\":\"ListItem\",\"position\":1,\"name\":\"Parduotuv\u0117\",\"item\":\"https:\/\/parduotuve.kondena.lt\/parduotuve\/\"},{\"@type\":\"ListItem\",\"position\":2,\"name\":\"Apvalus difuzorius DAP\"}]},{\"@type\":\"WebSite\",\"@id\":\"https:\/\/parduotuve.kondena.lt\/#website\",\"url\":\"https:\/\/parduotuve.kondena.lt\/\",\"name\":\"Kondena\",\"description\":\"Kol kas tik dar vienas WordPress tinklalapis\",\"potentialAction\":[{\"@type\":\"SearchAction\",\"target\":{\"@type\":\"EntryPoint\",\"urlTemplate\":\"https:\/\/parduotuve.kondena.lt\/?s={search_term_string}\"},\"query-input\":\"required name=search_term_string\"}],\"inLanguage\":\"en-US\"}]}<\/script>\n<!-- \/ Yoast SEO plugin. -->","yoast_head_json":{"title":"Apvalus difuzorius DAP - Kondena","description":"Apvalus difuzorius DAP tinkamas oro padavimui ir i\u0161traukimui. Difuzoriaus pajungimas pagal numatom\u0105 diametro oro kiek\u012f.","robots":{"index":"index","follow":"follow","max-snippet":"max-snippet:-1","max-image-preview":"max-image-preview:large","max-video-preview":"max-video-preview:-1"},"canonical":"https:\/\/parduotuve.kondena.lt\/en\/produktai\/apvalus-difuzorius-dap\/","og_locale":"en_US","og_type":"article","og_title":"Apvalus difuzorius DAP - Kondena","og_description":"Apvalus difuzorius DAP tinkamas oro padavimui ir i\u0161traukimui. Difuzoriaus pajungimas pagal numatom\u0105 diametro oro kiek\u012f.","og_url":"https:\/\/parduotuve.kondena.lt\/en\/produktai\/apvalus-difuzorius-dap\/","og_site_name":"Kondena","article_modified_time":"2023-12-14T13:12:20+00:00","og_image":[{"width":1188,"height":1188,"url":"https:\/\/parduotuve.kondena.lt\/wp-content\/uploads\/2021\/10\/difuzorius-apvalus-dag-potinkinis-priglaistomas-2-1.png","type":"image\/png"}],"twitter_card":"summary_large_image","twitter_misc":{"Est. reading time":"1 minute"},"schema":{"@context":"https:\/\/schema.org","@graph":[{"@type":"WebPage","@id":"https:\/\/parduotuve.kondena.lt\/produktai\/apvalus-difuzorius-dap\/","url":"https:\/\/parduotuve.kondena.lt\/produktai\/apvalus-difuzorius-dap\/","name":"Apvalus difuzorius DAP - Kondena","isPartOf":{"@id":"https:\/\/parduotuve.kondena.lt\/#website"},"datePublished":"2021-02-08T07:18:09+00:00","dateModified":"2023-12-14T13:12:20+00:00","description":"Apvalus difuzorius DAP tinkamas oro padavimui ir i\u0161traukimui. Difuzoriaus pajungimas pagal numatom\u0105 diametro oro kiek\u012f.","breadcrumb":{"@id":"https:\/\/parduotuve.kondena.lt\/produktai\/apvalus-difuzorius-dap\/#breadcrumb"},"inLanguage":"en-US","potentialAction":[{"@type":"ReadAction","target":["https:\/\/parduotuve.kondena.lt\/produktai\/apvalus-difuzorius-dap\/"]}]},{"@type":"BreadcrumbList","@id":"https:\/\/parduotuve.kondena.lt\/produktai\/apvalus-difuzorius-dap\/#breadcrumb","itemListElement":[{"@type":"ListItem","position":1,"name":"Parduotuv\u0117","item":"https:\/\/parduotuve.kondena.lt\/parduotuve\/"},{"@type":"ListItem","position":2,"name":"Apvalus difuzorius DAP"}]},{"@type":"WebSite","@id":"https:\/\/parduotuve.kondena.lt\/#website","url":"https:\/\/parduotuve.kondena.lt\/","name":"Kondena","description":"Kol kas tik dar vienas WordPress tinklalapis","potentialAction":[{"@type":"SearchAction","target":{"@type":"EntryPoint","urlTemplate":"https:\/\/parduotuve.kondena.lt\/?s={search_term_string}"},"query-input":"required name=search_term_string"}],"inLanguage":"en-US"}]}},"_links":{"self":[{"href":"https:\/\/parduotuve.kondena.lt\/en\/wp-json\/wp\/v2\/product\/10969","targetHints":{"allow":["GET"]}}],"collection":[{"href":"https:\/\/parduotuve.kondena.lt\/en\/wp-json\/wp\/v2\/product"}],"about":[{"href":"https:\/\/parduotuve.kondena.lt\/en\/wp-json\/wp\/v2\/types\/product"}],"replies":[{"embeddable":true,"href":"https:\/\/parduotuve.kondena.lt\/en\/wp-json\/wp\/v2\/comments?post=10969"}],"wp:featuredmedia":[{"embeddable":true,"href":"https:\/\/parduotuve.kondena.lt\/en\/wp-json\/wp\/v2\/media\/10967"}],"wp:attachment":[{"href":"https:\/\/parduotuve.kondena.lt\/en\/wp-json\/wp\/v2\/media?parent=10969"}],"wp:term":[{"taxonomy":"product_cat","embeddable":true,"href":"https:\/\/parduotuve.kondena.lt\/en\/wp-json\/wp\/v2\/product_cat?post=10969"},{"taxonomy":"product_tag","embeddable":true,"href":"https:\/\/parduotuve.kondena.lt\/en\/wp-json\/wp\/v2\/product_tag?post=10969"}],"curies":[{"name":"wp","href":"https:\/\/api.w.org\/{rel}","templated":true}]}}