{"id":10962,"date":"2021-02-08T08:17:57","date_gmt":"2021-02-08T07:17:57","guid":{"rendered":"http:\/\/parduotuve.kondena.lt\/?post_type=product&#038;p=10962"},"modified":"2024-01-16T12:17:37","modified_gmt":"2024-01-16T11:17:37","slug":"apvalus-difuzorius-dag","status":"publish","type":"product","link":"https:\/\/parduotuve.kondena.lt\/en\/produktai\/apvalus-difuzorius-dag\/","title":{"rendered":"Round diffuser DAG"},"content":{"rendered":"<p>Round concealed diffuser<strong>\u00a0suitable for air supply and extraction<\/strong>. The diffuser connection (diameter) is selected according to the amount of air.<\/p>\n<p><img decoding=\"async\" src=\"image\/png;base64,iVBORw0KGgoAAAANSUhEUgAAA+cAAABwCAYAAAB8dQHaAAAgAElEQVR4nO2d7W8bx7n2+2cKIazgGEhAxAKKBykE4QBF8YAQ\/CEoBCEoCqhGEcAQVFuyZda1fWi5pxblnFimnSoya5sMQxtPLbc5YoJYSlMxsXU9H3aHnN2d2Z1d7suQvAb4AYm15C5n73tmrnm575\/94dIGCCHFIkrRz0GICtonIdlB\/yJ5IJein4UQoudnRT8AIYSDM2I3tE9CsoP+RfKA4pyQ8YDinBALYIdJbIb2SUh20L9IHlCcEzIeUJwTYgHsMInN0D4JyQ76F8kDinNCxgOKc0IsgB0msRnaJyHZQf8ieUBxTsh4QHFOiAWwwyQ2Q\/skJDvoXyQPKM4JGQ8ozgmxAHaYxGZon4RkB\/2L5AHFOSHjAcU5IRbADpPYDO2TkOygf5E8oDgnZDygOCfEAthhEpuhfRKSHfQvkgcU54SMBxTnhFgAO0xiM7RPQrKD\/kXygOKckPGA4pwQC2CHSWyG9klIdtC\/SB6MJs5r2Ov9hGA5Rb\/3AnvbNwyvH37u5PmnuDy4\/ir+uHeIU\/yE3l7N913XUNv7Gn0A6B\/iaeBeG\/jDpRvY3muh2zuR7vEGRwcdPNm9I93HTxXbz\/\/lXv8vdLer+jpY\/xTdk1Pn0pMX2F4f5fdK1we+K6pOxL+ryhscHXypeB\/+++p+q6gP1XsYta5NfluS54l6N14ub7\/AifKdhF9\/2tvHH6N+V3UHe897jq2G+kc4FOeEWIAoRT8HISpon4RkB\/2L5IFc4n8+Snz+Gwe7t2JcbyrOZWH+NfZuXws+W\/VTPPUIxeC9+r0WtqtXFb9LFudhAswniNMU53iD18\/uKkRiEnGOwXcevfwctYBIHVGcj1TXJr\/Nf7+HOOg7v\/T0dQu3daJbFueh3ynXu4k4v4X7B\/92L\/8OT7cU9qd41mC1RHzWB8U5IRYgStHPQYgK2ich2UH\/Inkgl\/ifd0XN6SH2rsvC6wa2nx2iD7+w1V2vQyXWhsL89LiLukrwrd\/F09dvnB\/V76G7t4Nr8rPtvUAvVNwJMdrH0XE\/5Hnd3\/NjH\/1T6MW58e8V1\/+Ao+M3GvEWJc4VInT9Du4\/e4WjU1egP\/9Mqg\/pvknE+ch1bfLbVNe47yZsZ4MQ5\/3vcdQ\/1U+yXN9H7\/QUP\/Z\/xKmJOHev7x9\/j37o9aLe3uDooDmcnFi\/gwcvD\/H13p8NdxQ4UJwTYgEcnBGboX0Skh30L5IH2YjzDVfA+AXrqOLcQJhfuobbz77Daeg1G\/hD9TN0j99oVlSFqPoXnj97iRONAHO2Np\/i5B\/\/wDepivNDfHGvjdenKkGbQJyL5739GIf9U4XoTyrO06hrk98m4Qru094+\/ihE8sFD32SD91qcvMRT930Gf5\/4bT\/g1cF3BuLcvf70EHvXt5x66x\/gvvK3R9VrPCjOCbEADs6IzdA+CcmO8fCvq7i2ve87Z3qC3vP94BZWIdYCRXO9QAywIwVOmBAS21DDxYEQW+rBvuE5V\/\/1EWddiyYbcZ7FyvmfDYS5bC\/RW4Yvb7UcARxYUR2K8+7Orivw\/O9REml3HismIpL8Xvn6qit8\/dvbk4vz4TW67fQxxXkqda1735oJhu0XOBn8PaJ+B+L8Beo7L9STLAOx\/xh3lHWj\/k7nd0Q9r6g354y5+dl7NRTnhFjAeAzOyLRC+yQkO+z3r6u4tnsgBTnylsCKn1acu0W5+iTfQ3cGVxA+UI8O4CQJMpVAMT3n6v++aRDnuqJdodVd7393Qvy8wVHvu2hhLtuZSb1rJ35kW7iuFmCuPQxXcFX3jPt7fTYstox76nEUcT6sH+WkSVxxnkpdb8T4De5zSvdz\/FrTNkjifHtd1T6I9uUn9Pa2NBMXqueT6kmIdV2bMNg1IErcIHlDKM4JsYDkHSYh2UP7JCQ7rPevwWD7GAf7w3Oml29\/jpe9V8EgXUpRsCEFk1INyN0BtXtmNFwERK2iCaGj+bvu+S5tIM4518vbL3DS76H7rO3sKBj897+NokAXZWfpivMT9J4\/wf1AoLak4ly6JEKcx4qirRWlvomagG2I53ID3mUlzi9JK84D8ZeOOFceN4gpztOpa5WfqX+DUxc+8ewR4H6fl\/+m+u6atC19M1qcizbEc6+ISb1LG86Z\/ycdHPhFeuDsfzgU54RYgPWDMzLV0D4JyQ7r\/SvOqpl0fXAgr9tqK29h3fKKIeU9orYQhw38I4RNnHOuqpRS\/R66z74wiFZdnJ0lszV\/nYv\/121zTrqt\/Q2Oj39wRfop+oePFRHHE9il0cp5FYNjEeJ3+UValDhPtK1dXH\/Nt719WlfO5bPeqgkcRdvgF+5it4M70eEV+\/p2SODdUu+v07A2QX6mO7j\/lUirFu8sOsU5IRZg\/eCMTDW0T0Kyw3r\/GqQp0q2S+oi9cu4bjIeubG\/ASAhpv8NkS7zhOVfxGXfFM3o7vh12lo44V630xnxHHmSxVkf9+VG0QE\/7zLkrngbB355\/ivVt3\/nlTMX5hm97e3UEcS6EvsbXIsW57+95njmPOhYDxXcHVtXl33HL95uixHlUWjzEeM9x41c4UJwTYgHWD87IVEP7JCQ77Pevq7i203XTM4nB6TEOWn9TC\/W4Z87d1ajhQFmI9VFWZTUru4F7KT5jes710oZ7zvQn9A8eobZ7gP7pEbo7Nyx4Z3o7S2ZrqjoXwfdUuxzSi9auF+jpRmv3ny1G\/1sc9E68vyFrcX5JnvRoY2c\/iTiX\/FW7+qxZ\/RXxFgKfSztau060muRwR9CvFVveB0Efe\/9Ez5NeLUKcG0wOmE\/EUZwTMrbYPzgj0wztk5DsGBf\/uny7gSetVz6RrhCj2sGtLwfwpQ0MB\/3elbrL\/hVLD4Yr2oHvUN9rcH3cc66XruLadguHva9csXINt5\/9E4fPPo11vjRvO0tma+o6H+waGFmsavKcP\/h7SM7ujRTznMs24RWInlXaHMS5vL3d2eJvKs6v4tr2F3j6XGylPsGhKr\/2IODhCXpfPRxMely+\/RBf9U4AnXBPXNc3nJ0QUlsxSPWmXaGPOrJi4qfyCrhcVzpxXoWRmFbagDMh8vr1Ab7YvjGsk\/0DzSRJONmI81hpNJxK0s6UBAwg+KK8xug60\/ErPHvS0JxVCZuZeYOjgy+xt62b+UyaIzBspkuaIewf4un2jUHwhcii7TDi1kn0+1RtURk62Al6yg4p4bNc3w+dvTo9foVnoXZh8k509mSYLiZFRMnq+83wNq4ANP4X0qms\/xl7h27j3mtJdRa1TUiX7iN4Xb\/3QuOfpu9O2AMQeQ5osJ1T4WtRZ7BMzl1Vd7D3zFfnYStSBWGHfUbZUZhtOMQLajO0K3XbnbQvkH6D9vyeWaocVdsavvVYt5UyxM41dRj02VHqO81296q2buR+5\/Ltxzg8fqnJWZsv9viXOcOBvL5tNPIzT7oiha0qI7sbCiH\/gD1UaCc45zpmyCX+53V1Lto5\/0qiwdZgn7jRCs7Brg2NQB8cl9AV\/3hE8d797fhg\/Ol770kDwgV+r2FQQwDJVpc1wjxQp4raCl0ZT1LXuuf1TwKIiOoRZ7rF5ILcNih9W7qvpx3RiPPqQ\/V3B1DsGAlEapdL\/OMuOYtztygqKdzQdC9qmF9Rfy9H7PoNM9qw3+Do5ecK8Zi2OJeF+deDqKfJxXnSOol+n\/7OUxbm6kZghGeJEOeinB7\/HQ+iRIxxWpSY6WJSRJRM\/NEI0dioiqbTDQzwJWEe2IKWljgXxT9QivPuZHEeNoD0tROpinNnxcUjygNFN+GVP6IU\/RxGAyDtIFqycYNzc0E7yECcazvtKHFu0LbG2Woqi\/PQCQH52aPEuWl9p9nuOvUSWTc\/9tF\/a8\/2Y1GKfo7Y6No4Y3FuMhYLieweuRrlFV6hW9STnHMdM+QS\/\/MhdS7qzuPnaYlzh+F4Uzc2VwTnM0plpTuD7bZfxv1+yuL8khzLIIY4jzG5f\/l2A08Pjoffc3qMg2cmC3hJ6tq3+KO612BCIip4mmJCSDfxVn2Ig\/5bX1+lEufObgVnx0KMiWe5f1q\/g\/tPvIstp8ev8NSaVGqxgoHI4ly1RcMdwIacfwjOsPtm4QMDg5BGYP0O7j97FTJLl6Y4Hwpz03yO4Z3DKHUS730OGkrt+aoRn0US58HffA213dYgVUF43ZmnRYmdLiZFRMnq+6MYNDTH8paca6g9+H\/o\/a9GaMs+ORDmupQRaW35GooSj13EenfCR12b0D6T+ww\/9tFXdcYjiPNhp6tY7a3uYG+w4mdHgKGi7dPMjjS24Xlfp+gff4++Qec7JCNxfvoDjo79eW2j7rkBT9t6eoyDli8ydHUHe60Dhd+G1N\/gjKWTxkrbz7h1+GP\/x+gBjGl9p9buSmci0+4DM8Ye\/4rJyOLcZLJNNUFj3p8Mt7bvoq5cGXdsI9E51zFDLkU\/CyFET77iXDlbESbON6AbAA0Gt6HBN24MIj56nyV6y+BQfPob47TEeQxhHlqn0jOPVCfm944W5ik8S6g4d5EEoVbAxEmLEjddTIoU22FGp5Xw4hsYRQpzxWfi3iPqPcV6d8OZ8ufPXmrPNQ4Gdf\/4B75JU5wPZofD6issoEv+2DOgi7Aj7TuRt6xuhWyXVb+LbMT5Ib6419ZEO9b3UcO2NYlQiBDnJy\/xVBvJV\/yeH\/DqIGp1IUZ9p9Tuyn2Ott+pfobucX+QqsmWlVB7\/EvHDdSff4vX8nnx6g6+cFfdVP23iTiPPvag87E4\/Yk3f7ryXknPuY4ZFOeEjAdjunKuO+OiYJCWQP682Xk+dWOchjj\/czxhHlangfsmrROze183EOapPIuJOJeeTTewi5UWJW66mBQpusMcHKPo99CNjEsg1eOf\/mIgzH2fyXLl3OjdSdvYdnY1ZxAlcXHnsdrGEopz5XYoJbpUKPlTtH2a2VHIyrnnXKthjtgB2YnzvetVX17bqHvGaFvj1J+0JbC+ownENajDx7gTJVTi1Hcq7a63XpR1U\/0M3eN\/OUdF4vaBGWOPf6ntP+x8qm7nW7Q4D4v0Ld1beQY1YsVdd+5Uk\/c88TnXMYPinJDxYEzOnOsCTZgkdVcNkAwHZ8oOZlRx\/gZHve\/iCXPts8iMWicG9z7+Ft9ECvOUnsVUnIcO1uOmRYmZLiZFiu8wb0h5RcVP1wXtE3X+PXrfmAhz2SY0JfD+oq4PHlUxf3fyGbPr6rbAHYgNd1wgJXEebwUmWQCzSbRPQ7sAoIpH4NR5MFWO2XnmLMX5VV9e22tm90wsKqPF+fa66hohYH5Cb28rwobj1nca7a73XQTehyvMh7FRkqW3mXz\/0nP5dgNPPAH23uDooBWaSs1op1\/UjgllfuU44nwjvK0e5ZzrmCGXop+FEKInZ3GuSqMRJs6d85iBAAMmUZB936\/aSm8qztWh+ZOKc3n8kaI4H7lOYrzPKHGexrPEFeeK9xE\/LYr7OdN0MSliR4d5DbXdv+GZHCBEaaf+gVGe4jx8dc3s3fkCwATszBedN1VxnmxirIijFvbZZ7QdeWMmiPfgDr49dagLAqQiY3F+Sc5rK8Sr5p6hbauibkzT\/XjaRdW95cjZm+H9R8L6Hqnd9dWL57cFhLlcv3ZsU7bHv8gkI5ein4UQoifnM+cqVNvah6vM6hnK8V45F+fdoIxqnbRO81g5P8axGDhJkeUzeZaRV87TSYsSmi4mRezrMK+htvuVG3VSc7RDBLRyRbM+bUfYezK9Xvy\/+Tlb\/bvzCwV3e6X4br+44Mq5RfYZf+XYe7TF\/\/4itrJ63ll24lzOa+v0eUlWztMS5xvDnSPuZIF3ojPchkev7yTtrnrl3ImP8m9F28SVczJ9UJwTMh5YKs43NFv9BHmcOded94xaAdD9Xb5nXdpCbCjQrThz\/hi35e2HWoGe35nzwYqTJiBNWDEWPLF2AiTD1g5TLQ6lAf7WfSm3Y5hAH\/3MeXB1Mem7C\/roMKLvp1jf9p251YnwqF0Ymr\/zzPkoJLSj0IYg6ruizn\/H7Qt0Alnu86qjnTmPSvcTJc49z37L9zvCxHka9e17JqPrg2fO17XCfCN+Hzg1\/kUmGbkU\/SyEED32ivOIIB3ZRmsPi5Q8HJgoVwBE0BDt54LR2o0Euo3R2gGtQM8lWnv1M1cYxsgB6RkkGq7CUpzrxbknWjugF+hpBIQzCSBk8u4UommQSupbHPROvNdH5jVVPc8wd3MwOBmjtScnph0ZTNJFTyJG7YaK2xfof8NwAqqNnf2oaO0hbevI4nw4YdXv\/RM9T5TrEHGeSn2H+a6eQb30v3cic58c4eUDVX7ZBH3g1PgXmWTkUvSzEEL0WCzONyICdWSR5\/wqrm1\/gaeDoCcaoSEGXThB76uHA1E93IqnGqxp8pw\/+HtITvW4dZpnnvPP8TI0z3iGec6rO9h79mKw5TowsZE4LUrMdDEpUniHWf0M3dffSXmGr+LadtPNJW+wtXb9Dh68dM+qK0VDOtHa9UGE4rw71Yqmd0LHc71W6AwFOPo9fDWIjSEfCVBPJDDPeVLi2JHB1uXAu3WFm2TDw8lIRT+UqC8I+w3D7e3O8aeIPOfKGAxSvzKCOPeugquOhfnbzyT1Hdd3w\/DlOQ\/kgGeeczLdUJwTMh7YLc4vRW0BHabO0Zb+IZ76AwQZrayGbdENTy2iFqshEwKD7woR6MZ1mrROErzPwcq17jeP8CySONcX1Y6DpGlREqSLSRFRsnZ4nc34I7V7fnrA9\/RpzgbfExDoBttdVcJAF0vAI1rjvjvNduOBvfkEdejZ8rC6i1gZF2ki9RXipH0qxCZssk8T21NglPrIvxtD1zfo2pMkfUFUSkcxKQ3oha5B2xpnYkApzqW6UGRYCYjzhPWdWru7\/mfsHf4b\/ePvHcKqJm4fODX+RSYZuRT9LIVT3fEt9Awa7YhMESH6od9Dd28npM++ge291nCCEIATKLsTDHxtQoguGE4qy+OIkF3DkeNt9XjJ\/N7hn\/EuSgDKhYspwnpxPhzUh6S\/8qx2C\/\/SpYGSDVRRYqRwuXy7gadyZOvTYxw8i7qnerA1NOY3OHr5efA7YtZp\/DpJ+D6lLc2nx3\/Hg0C9JXyWUHEe0piNmBYlVrqYFBEly3uEcw213SfeTkNrz+Erf4PjGqfH0rbStMT50B79A3fzd6c7C+wKh7iB3y5dQ2235e4yGNr3U5PONtHgIH+Kt08T2\/O+E2cVNTrwXnAC+Aa296R3EtquD23PvC+I\/g3DnRXh8QaCNg84q+ltzWAvjjjfcAX3W18dqsT5KPWdRrt7DbW9V+i9\/By19auorafcB2aMLf51eauF1ydZ5vEOpje1nyTP7H7m7Svc3xD\/5iwcnMSJmZIycim+XotiODGebHI8anFPd8zpUzz1iHLF53otXzarCDRjc1kcq7NUZCfO9ffWf2a4A01VLfbscMqTbMQ5ISQW7DCJzdA+CckOO\/yrhr3ej0bR9Ee7h93ifH33Fd7iNZ7e3kz\/mdc\/Rffkx8ICfMql6HouCvlIWbJjZWHHYt3dcLpgn4Bidd07GRwr4K3yyKkrjpXHC6PFedJYVNH31t1juFDmSbW9fgcPXh7i69AsQJMLxTkhFjDtHSaxG9onIdlhhX9d30fv1CT96WQTFOdp4giRogIRTr049wVjTRaQNWwXrCq9phQLQ3nMyUUb4DgEXbBmbbDQ7MR59L1194iTenl6oDgnxAKmusMk1kP7JCQ7ivcvd9AurQ6v777C29NjvPqHOK7hPXK3vvsKb6Vt297\/l4PdQhqw\/wn3D\/rAcQu1Sxv4w\/od3P+qN8xaI23rDf9+P873nh5\/i28GgWK\/xF7rcBDcV96iPAzYKP9tE7Vnrz0C9u1BA+v+Z95o4ODtGxz1vhusrnqOIsrBUXGKfu8rz\/GMy9svcFJQBo5pF+f+IzXJUpnGXDkfBCiO3p6tTQ2sQxK7103EcUbi3OzeunuIlXNnF0Ois\/cTCMU5IRYwzR0msR\/aJyHZUbx\/BVd0nRVkITyF8BjGHwgVz64gCQ70vUL38u3HODz+Xyc43\/pdPH39k9n3B57f\/V5XAA1TErZwe90VWQPBdA21vX\/iyJ0IcK4drtoFV85V4lx8twhAKz5\/C\/cPfhhOMrgxeYLZP4pZJZxucR6MlRElAtWpZKPOnPu2wkfGrJGIm7ZXiF0xKRUljkc4c65Kdxzv3hshZ86HwaVFHSYOkjchUJwTYgHT22GScYD2SUh2FO9fjgB1Voqdf3NWzmWR4K5wuSIjcuV8kE5SDhYbtnLuFPEMiVbOxaB\/o4GDt29x9Owvzt9vt3AkCW7vyjkA9HGw+6fhfSLFuSRuNho4eOt+3hXugSI\/t3x9QXY2nW25QapHP0phHZLRQ7Hyqxb4OmJu8fYL6gLEufm9NyKCS9\/B\/ScdT2DdyBTTEwzFOSEWML0dJhkHaJ+EZEfx\/qVZOTcW5+6gXyWePRH\/ZaHrfl\/\/a+xJwl0tzkO+\/9JG4LOh4nz9U3RP3g7TsPrEspk4l8R1QJxHZCzgynlBpL1yLgSu+H9NRqlcVs6PcSyE8sCfwuogxW3txveOcQ\/PpN10nkWnOCfEAqa3wyTjAO2TkOwo3r80Z85DtrU7wsXNVy+2pQrxXP0M3eN\/OamUosS5e0+xFV0I7NDvDzx\/fHHuPI84VzwU2859ZUEQQ5yLdJz9Q2erfvVTPO299p5355nzwsjszLkINKc6V57LmfPHuC0C2IWK5CzOnJveO+49Eux0mCAozgmxgGnuMIn90D4JyQ4r\/Mu3ohsVEM4b+OwE3\/S+l1a2b2D72aEi0Jv\/zPnneCm2sfa\/Q+\/4zVBgh36\/nxji3BOs7hT9b77F0akktqXzr\/qAcDpxvoE\/VHfwxYEuIByjtRdKZtHaRewBVY7zAqK1a0VyDtHawwQ6xbkxFOeEWMBUd5jEemifhGSHHf7l5DnXBWQjKVB9iIM+85wXSWZ5zgfCX7ENO9c858MJr+BkQNZ5zsPurbuHMxHy+vUBvhi8hxvY3j\/QTI5MBxTnhFjAtHeYxG5on4Rkhy3+dXmrhddvncEwxXnaOMLobRzxlTIU5857ECnPhCBWF2\/6Pf97VAlc\/7Z5z+eqn+KpJwihv3hTCRphEP3cK5KTB4QDfLEUYt9b85lApHa5aM7xTwEU54RYADtMYjO0T0Kyw0b\/ojifPORS9LMUTnXHWSV\/9sIr0k+PcdD6myc3vZcQgTuItq4TlTewvddC1yPSR0gbFhr93Enj5\/wkkS0hB3GuvXfIZ9bv4P4T73s4PX6Fp0ylRggpEnaYxGZon4RkB\/2L5AHFOSHjAcU5IRbADpPYDO2TkOygf5E8oDgnZDygOCfEAthhEpuhfRKSHfQvkgcU54SMBxTnhFgAO0xiM7RPQrKD\/kXygOKckPGA4pwQC2CHSWyG9klIdtC\/SB5QnBMyHlCcE2IB7DCJzdA+CckO+hfJA4pzQsaDn4GFhYWFhYWFhYWFhYWFhaXQQnHOwsLCwsLCwsLCwsLCwlJw+Vmn0wUhpFhEKfo5CFFB+yQkO+hfJA\/kUvSzEEL0UJwTYgHsMInN0D4JyQ76F8kDinNCxgOKc0IsgB0msRnaJyHZQf8ieUBxTsh4QHFOiAWwwyQ2Q\/skJDvoXyQPKM4JGQ8ozgmxAHaYxGZon4RkB\/2L5AHFOSHjAcU5IRbADpPYDO2TkOygf5E8oDgnZDygOCfEAthhEpuhfRKSHfQvkgcU54SMBxTnhFgAO0xiM7RPQrKD\/kXygOKcdJp3sTJ\/FjMz72CmfB6r9Wbxz0QCUJwTYgHsMInN0D4JyQ76F8kDivNpZw+blTnMr9xFs9PGg9VfoTS\/hkbhz0X8UJwTYgHsMInN0D4JyQ76F8kDinMypIntlV\/i3FINzcDfOmje+x802kU\/4\/RCcZ6YJ6gtfeBsDfFTWsDSxQ3UGu3o79mvolJ6BzPnLqAe6QgdNOvXcXFpAaVY9+uguf17zJfewezSFlrK772KJbHVZeYdlOY\/xhX\/dpfmPVyR711awNKVewrHJnGZzA6zg2a9ipXK3NBWy4tY2fTbTBP1Kx9jviRs+izml66i3uz4vsvARkkmTKZ95kVK7a+Rn5BxhP5F8oDivACaNSyVz2Bm5pdYbXwp\/S1EQ8wuo9bK7platWXMzryDmdJ5bO4r+o\/2DlbOvYtzKztou8+p7rtIVlCcJ8Z1rIATNVHfXHMFyRwWNx+irf0Od1vJzDuYmfk5lmqP9fdrP8Kt5QWUZuZQWalKA7Im6psX3YGd6n5N1FfPo+w6vcrB2g\/WsFA6i\/nlm85MmbhX6VdYfeAK\/vYuVhfOojT\/W9xqtNHptNG49VvMl85iYXU35DcSEyavwxSC5AzKlTXXXoUtyjbj+kBpAcu3HqHd6aLduInl+bMoLazhgTthZWSjJDMmzz7zIqX219BPyHhC\/yJ5QHGeN\/IYXy3OixO9Tt90TtF\/tOsXcG4g3It+zumE4jwxOnEuaGJ75T9RChPd7R2snDuD0i8W8IvSOyhVqthX3usxaks\/x0z5I2zqVsfbj1C7tOXbhuI+Q2kBy7f+Cxfn31U42B42K+8FV+7Fs1Wq2O90sL95HqWZD7FSb0mfbaG+8qF+9o0YM3kdpsauhM2If9+volI6487QDq9r1y\/g3Mx7qGzu6b\/LY6NF\/97JZvLsMw\/San+7hn5S9O8lSaF\/kTygOM8XZ+L15\/ho6f9i1jpx3kWntYWl\/\/CP350+aTiusuA5pxCK88REifMuBqJauWW9g2btY5Rn3kNl855znWYV0BmARaysa2g37qBab6LTeYBV1eBwv4pK6V3Mrz7wffZLNFZ\/6Qrvz50BpCpwRGMN8xwcjsz0dJiuXc0uo9YSkz7+TqsLYa+lShX7RjbKyaEsmR77TJd02t8vzfzEgt9LkkH\/InlAcZ4nzvi\/VKnir7VlO8R5exerCx+6O2zbaGx+hLJfn+xXUSnJC3EU50VAcZ4YEztpr+0AABHqSURBVHEuhLV\/xbmLwYpJ+WPUmh33uuDKSGClMfHzqgeHzn0\/wFLtif7Z797Byrkzauf0nE0p+p2ML9PTYcqzsq5tK31oaPd37xrYaMC\/SJpMj31mxQjtb\/2xkZ+M1j+QIqF\/kTygOM8Ld\/HNXXBr2SLOO8PjUOpUau42fE9\/QnFeBBTniTET553WFpZmgysjATHubmMMDrI0Ky6xUX+PutFwaaxhfuYDLN2sKn9Dus833UxHhyl2i4hdIK4PKVN5DFfYb940sFGFuJH\/\/uvVTVwYBKZzz8HvP0RtdXkYYCsQ4FA8w0dYvfkJKuUz7ufnUFndwX5jC6tSgMRJDlA3HfaZJSO0v7VHRn6i7odGtWH3uX+9hpsXFgdn551B3R4atTUpkB0D1CWF\/kXygOI8J3yLVup23mlbA8GkI4MsZ9gmt3ewcq7s2wnrinP\/\/RgQOlMozhMzijhXndUWW3x9W8RbW1ia1UX5DTq3XiRTnNvMNHSY7cYmFsvvojxI3ZGDOBfZEGbmULlQc2IyNO9iZf49vF8uY1YOcLj5kTRx0MXQJ50o8xdqj9AeBLp7D+VyWQri9RCbi3ODnTBF1zXt0zaKEuej2rC7w2vmDMqVT9yMIO5Z+vc\/QHlWDlDn929iCv2L5AHFeR64q89SO6oT52tLv8Fq7ZG7QPcItQuLKM+ciWhDs2qTxWq\/\/5igiCov3081XiJpQnGemBHEuSsYAucElf9uKn6jrqM4t5lJ7zAHncTiphS0MAdx3trC0qy\/s9MFOHQ6PdmWHf\/wd0CaIF77VVRKIc8yxky6fWZPUeJ8VBt2fdQ\/6aQMUOf6VcZpgCYR+hfJA4rzHNivolLyLrKFtvMeRFaOsCw0WbXJe9islBVCXnM\/xXiJpAfFeWKSnjkXqRVU52TdFXXP30zPFCYT5zxzbgeT3GE6wvyMIuVTDmfOW1tYmg0GLGzVljEbuG\/wbFWrtoxZzUxywB9aW1iapTgnKoo7cz6aDTvXBSaSNbau9isSBf2L5AHFeda4QeB8Yx1zcd41CLKcTZvsRJZXjaU09+NZ9EyhOE9Mwmjt4my5fM4kgHf2yyxaezJxzmjtdjCxHWbzLlbmz6I0\/3tsB7Z75xCtPVaHpRHnBteF3WsSmFj7zI3iorWPZsPxbJ3iPBn0L5IHFOdZozhHHiBCpCtW3r1k0SY7k7zBBZSQ+1GcZwrFeWKS5Dn3B8RSfc7dbugRHAZ5zpOKc+Y5t4KJ7DBDhblL1nnOKc5TYSLtM1dGaX+7I+U5pzi3H\/oXyQOK82IIrpy30ah9gsXFSz4xHLazVpBBm9ysYansDwQXcT+K80yhOE+MTpw3Ud9cw0plDjMzc24+QfE3zUDMh3LA1X6EW8sLKM3MobJS9UZfbD9Cbe13qJQ1W887XYSJd2c7y1kpMJB7L\/ncS3sXqwtnUZIDaN36LeZLZ7Gwusst7SMycR2miTDvdDE8YyUHMXFSfcizuEY2qoLinPZpBSO2v4Z+ooLi3H7oXyQPKM6LISjOm6ivnneCv1XW3PF8E\/UrH2O+FBUQLu022V180wazpTgvAorzxIgIhoptK6UFLF3ccKMaDj9jssrR6XQHQjgo4tto1DZwUUp9M0wN9Tusrm1Jwbb8hK2sd9CsX5XSL2jSQjXv4Yp8b6ZSSI2J6zAba5g33tolOiXxN1X6D0Mb9UNxTvu0ghTaXyM\/CUJxbj\/0L5IHFOfFoD5zHmz3Z8qLWNmMGlOn3SY7geD0caMozouA4pwQC2CHSWyG9klIdtC\/SB5QnJMA7c9R3\/pv1LVHZkkRUJwTYgHsMInN0D4JyQ76F8kDinNCxgOKc0IsgB0msRnaJyHZQf8ieUBxTsh4QHFOiAWwwyQ2Q\/skJDvGxr80sURK88u4GHpWVmR8CWYcGOKmDzTNBy3TfoTa6rIvHsOaL+5PzLglblDT8HS5XZhl07EDinNCxgOKc0IsgB0msRnaJyHZMTb+1VjD\/My7mF99IP27iDwdkrlFBLmdeQcz2qjQCcW5+O7yeawKod3cwWplDjOlYcYD84wfHTTra6iUzzjPGxHpOjo9rj1QnBMyHvwMLCwsLCwsLCwshZeiB4WhKMV5F51OC\/WVD7VC1slUcxa\/mP8\/KGkz1iQR5+6KfEmRUlOkf61Usa9LY9vewcq5M+41zvc1t3+P+dJZzC9fR+3iL8PFubhHRDpDW2BhYRmPQnHOwsLCwsLCwmJBKVrAJRPnunRRXQy2fZfOY\/PBf2GpfEYjZpOIczelbSDtbBeeCYO\/VlEpqZ7bvWfpPDb33dX89iPUqvfQFH\/TivM2Hqz+Sj0xYCksLCzjUbitnRALEKXo5yBEBe2TkOwYG\/9KsnK+X0WldAblpRqa4rqZD7FSb\/m+IztxfusvF3BuJpgDutMRq\/ohz6MT580alsrv6bfyW4hcin4WQogeinNCLIAdJrEZ2ich2TE2\/hV65lwIcPkzQTHuiGFVYLgRtrWrxLW0Zf2v2lV98ZtUwj1MnIvdAGWU33fPps\/MobJSRV15nt4OKM4JGQ8ozgmxAHaYxGZon4Rkx9j4lyZa+0xpAUtXFNHaA2e6u+iI89\/yVvJOF6MHhFvEhdojtDtdtBs1XKjMDSYF9Fvuu4nEuZhgKFc+cSPCt9GofYKKdsu+HVCcEzIeUJwTYgHsMInN0D4JyY6x8S\/PyrkbqbykO3MtVrX9AeB0\/z5CKrXmPWyuLKIsJgve\/wDl0nAlP11xrgku1xGiXRfwrngozgkZDyjOCbEAdpjEZmifhGTH2PiXf1t7WLRysaKtOg\/urqh7\/zaCOPcgArUNV+Yd0ZzSmfPWFpZmNfna3d81u7SFVtHvKsTOxsLWCJliKM4JsQB2mMRmaJ+EZMfY+JfizLmTPzy4WuyIXsUWeA+yKE5HnIt85p5AbfsxorX7\/0ZxTgjJGYpzQiyAHSaxGdonIdkxNv6lDAjnBn0rf4zaIBiaGzDN828+9quolN6RzqOnIc6dLefBlXzTPOcy4dvaVbsFdBMVtkBxTsh4QHFOiAWwwyQ2Q\/skJDvGxr90qdSaNSyV3x1Ga3fTpylXlwe4on6waj2qOHfPwM\/8HEu1x4G\/ixX1+eWbaLS76LQf4dbyQkie8pCAcA\/WsFA6g3JlzY3O3kGzvsaAcISQVKA4J8QC2GESm6F9EpIdY+Nf2jznsjB+5BPd+u8TItcR8UKca7bA6\/KNi+9qbGJRniAI0EGzfhVL82cH31ma\/xhX6k3Nd4bnOW83trC6tICSHLF+dcsR\/kW\/pwg7GwtbI9nQvIsV4QPl81jV2j8pEopzQiyAHSaxGdonIdlB\/yJ5QHE+7exhszKH+ZW7aIrAifNraBT+XMQPxTkhFsAOk9gM7ZOQ7KB\/kTygOCdDmthe+SXOKXeadNC89z9W7wKZdCjOE\/MEtaUP1NuvSgtYuriBWkN1jsmHGxRFmW4kQAfN+nVclLdSGd2vg+b27zFfekcTRbSDZr2Klcrc8DvLi1jZvCc5bcjvjdhuRqKZzA7TxK666HSaqF\/5GPMlYVNnMb901T3LJ39XnC2JJE0m0z7zIo32V+RqVm35VaeIIuMD\/YvkAcV5Ppi11cWNqQfPpzt60t7Byrl33eMmznPamoFgUqE4T4zrWAEnaqK+ueYOtOawuPkwJCCKu61k5h3MaIKYDBDBS2bmUFmpSsKlifrmRVe0qO7XRH31PMqu0wcdTAwc5eAm4jNyOhI6aJZMXodpalciJ+0Clm89QrvTRbtxE8vz3ty58YP5kDSZPPvMi7TaX3dAxYnQiYT+RfKA4jwfzNrqosfUTj9zTpV1oH4B5wbCvejnnE4ozhOjE+eCJrZX\/hOlMNEt0nj8YgG\/8KQU8SPSknyETd3qePsRapf8wUjcZygtYPnWf+Hi\/LsKB9OkGBGRVAf\/TgfNksnrMA3tShPV18mRK1LSJEmDQ9Jk8uwzD9JsfynOJxn6F8kDivN8GA9x3kWntYWl\/\/CvnrupAgfjKguecwqhOE9MlDjvYiCqlVvWRXTT91DZvOdcp1kFdIRKxMq6hnbjDqr1JjqdB1hVDg51+COV0kGzZHo6TNmuOtjfPI+SMnWOY6+lShX7+1VUSqoIwe53GUQFJqMxPfaZLum1vxTnkwz9i+QBxXk+WCvO27tYXfjQ3WHbRmPzI5T9+mS\/ikrpQ6zUW8U9J6E4T46JOBfCWjZ0gbtiUv4YtWbHvU6VFzS4gpKMuINDzp7lyfR0mLJdubat9KGh3d+9ewHnNOdq9f5F0mR67DMrRm1\/Kc4nGfoXyQOK83ywVpx3hscG1anU3GOGHr3BsX8RUJwnxkycd1pbWJoNrvoFxLi7RTcowuMO6nTE+R45Z+ljz+cDge+u+IN7kSRMR4fptyvXh5SpPIYrhzdvLmNWubredfPuhgTEcv\/+69VNXBgE3HLP9+4\/RG11eRiILmDP4hk+wurNT1Apn3E\/P4fK6g72fXluJzlA3XTYZ5aM2v6qckCrAif6GdWG3ef+9RpuXlgcnJ13BnV7aNTWpCCNJs9DVNC\/SB5QnOeBaVuddEydYZvc3sHKubJ7nFD8uyvO\/ffj+D9TKM4TM4o4d1cFPdtxxRbf97yO0drC0qwuym\/QufWDP\/PBYbuxicXyuyh7Uiw8wNrSb7Bae+ROJjxC7cIiyjNnfNeRJExDhxm0qxzEuciGMDOHyoWaE5OheRcr8+\/h\/XIZs\/O\/xa1GGx2xxcsjiIRPOtGzL9QeoT0I4PUeyuWyFKDuITYX5wY7YYqua9qnbYza\/n6JxtpvsLQq4oq00ai5YjvU5ka1YXeH18wZlCufuBlB3LP073+A8qwcyFH13MQE+hfJA4rzPDBtq5OOqbNqk91J4cAxQRFVXr6farxE0oTiPDEjiHNXMAQCWSn\/3XRQF3Wd2fcMnHlx0yDHoYi0zYjZozLpHabarnIQ560tLM36OzshWPzb4Z1OT\/YRJ+WIvwPSBPHar6JSmsy0VpNun9mTRfs7zGIgR3X3M5oNuz7qnwBQBnJ0\/Ypb72ND\/yJ5QHFeHCZttdmYOqs2eQ+blbJCyGvupxgvkfSgOE9M0jPnIn2a6pysu6Lu+ZvpmfPRxbkzMDzjSWEVSWMN8\/7VfhKbSe4w9XaVw5nz1haWZoP2qT4TFjxb1aotY1YzkxzwpdYWlmYpzomKjNpfOXCi5prRbNi5LvD9Glvnufhk0L9IHlCcF0l0W93pdA3G1Nm0yc7kgWospbkfz6JnCsV5YhJGaxdnyz3nUfx4Z7\/MorWPKM6bd7Eyfxal+d9jO8623P0qKiWK81GZ2A4z1K5yiNYeq8PSiHOD68LuNQlMrH3mRkbtryJwnJ\/RbDierVOcJ4P+RfKA4rxIotvqTqdrMKbOok12FkPUE8M6EU5xniUU54lJkudcFejHj7vd0CM4DPKcjyLOIweGzpmZxcVLPscN2wVA4jCRHaaJ4Mg6zznFeSpMpH3myijtbxftRg0XFn8d2OrorHaosnwMoTi3H\/oXyQOK8+wxa6tHGVNn0CY3a1gq+wPBRdyP4jxTKM4ToxPnTdQ317BSmcPMzJybT1D8TSMyfHiFifvv7Ue4tbyA0swcKitVb\/TF9iPU1n6HSvlMfHFutGLTRH31vBOoorLm3ruJ+pWPMV9iQLg0mLgO03glUJyxkoOYOKk+5FlccV5rGLzK9YfQs1ldinPapyWM0v520KyvuQGFROqbDpr1q05U3ogghBTn9kP\/InlAcZ41pm31KGPqtNtkdwejth+hOC8CivPEiAiGim3ppQUsXdxwoxoOP6MU3Srau1hdOKsQ8W00ahu4KKW+GaaG+h1W17ZCgghpBoeNNcyHbrEXW46lBmaQumERK5tMpZAGE9dhGttVF8NOKSztSND+jFKXUZzTPq1g1Pa3i07zHq542n7FRK0CinP7oX+RPKA4zwmjtjrpmDrtNtkJBKfffUVxXgQU54RYADtMYjO0T0Kyg\/5F8oDinARof4761n+jrj0yS4qA4pwQC2CHSWyG9klIdtC\/SB5QnBMyHlCcE2IB7DCJzdA+CckO+hfJA4pzQsYDinNCLIAdJrEZ2ich2UH\/InlAcU7IeEBxTogFsMMkNkP7JCQ76F8kDyjOCRkP\/j8gSojF9uFrhwAAAABJRU5ErkJggg==\" alt=\"\" \/><\/p>\n<p>* The color can be chosen according to the RAL palette, the price is adjusted separately.<\/p>\n<ul>\n<li>Diffuser inlet 63mm;<\/li>\n<\/ul>","protected":false},"excerpt":{"rendered":"<p><strong>\u00a0Suitable for air supply and extraction<\/strong>.<\/p>\n<p>* The color can be chosen according to the RAL palette, the price is adjusted separately.<\/p>","protected":false},"featured_media":10967,"comment_status":"open","ping_status":"closed","template":"","meta":[],"product_cat":[141,189,190],"product_tag":[],"class_list":["post-10962","product","type-product","status-publish","has-post-thumbnail","hentry","product_cat-vedinimas","product_cat-difuzoriai","product_cat-apvalus-oro-difuzoriai"],"acf":[],"yoast_head":"<!-- This site is optimized with the Yoast SEO plugin v20.13 - https:\/\/yoast.com\/wordpress\/plugins\/seo\/ -->\n<title>Apvalus difuzorius DAG - Kondena<\/title>\n<meta name=\"description\" content=\"Apvalus difuzorius DAG\u00a0tinkamas oro padavimui ir i\u0161traukimui. Difuzoriaus pajungimas pagal numatom\u0105 diametro oro kiek\u012f.\" \/>\n<meta name=\"robots\" content=\"index, follow, max-snippet:-1, max-image-preview:large, max-video-preview:-1\" \/>\n<link rel=\"canonical\" href=\"https:\/\/parduotuve.kondena.lt\/en\/produktai\/apvalus-difuzorius-dag\/\" \/>\n<meta property=\"og:locale\" content=\"en_US\" \/>\n<meta property=\"og:type\" content=\"article\" \/>\n<meta property=\"og:title\" content=\"Apvalus difuzorius DAG - Kondena\" \/>\n<meta property=\"og:description\" content=\"Apvalus difuzorius DAG\u00a0tinkamas oro padavimui ir i\u0161traukimui. Difuzoriaus pajungimas pagal numatom\u0105 diametro oro kiek\u012f.\" \/>\n<meta property=\"og:url\" content=\"https:\/\/parduotuve.kondena.lt\/en\/produktai\/apvalus-difuzorius-dag\/\" \/>\n<meta property=\"og:site_name\" content=\"Kondena\" \/>\n<meta property=\"article:modified_time\" content=\"2024-01-16T11:17:37+00:00\" \/>\n<meta property=\"og:image\" content=\"https:\/\/parduotuve.kondena.lt\/wp-content\/uploads\/2021\/10\/difuzorius-apvalus-dag-potinkinis-priglaistomas-2-1.png\" \/>\n\t<meta property=\"og:image:width\" content=\"1188\" \/>\n\t<meta property=\"og:image:height\" content=\"1188\" \/>\n\t<meta property=\"og:image:type\" content=\"image\/png\" \/>\n<meta name=\"twitter:card\" content=\"summary_large_image\" \/>\n<meta name=\"twitter:label1\" content=\"Est. reading time\" \/>\n\t<meta name=\"twitter:data1\" content=\"1 minute\" \/>\n<script type=\"application\/ld+json\" class=\"yoast-schema-graph\">{\"@context\":\"https:\/\/schema.org\",\"@graph\":[{\"@type\":\"WebPage\",\"@id\":\"https:\/\/parduotuve.kondena.lt\/produktai\/apvalus-difuzorius-dag\/\",\"url\":\"https:\/\/parduotuve.kondena.lt\/produktai\/apvalus-difuzorius-dag\/\",\"name\":\"Apvalus difuzorius DAG - Kondena\",\"isPartOf\":{\"@id\":\"https:\/\/parduotuve.kondena.lt\/#website\"},\"datePublished\":\"2021-02-08T07:17:57+00:00\",\"dateModified\":\"2024-01-16T11:17:37+00:00\",\"description\":\"Apvalus difuzorius DAG\u00a0tinkamas oro padavimui ir i\u0161traukimui. Difuzoriaus pajungimas pagal numatom\u0105 diametro oro kiek\u012f.\",\"breadcrumb\":{\"@id\":\"https:\/\/parduotuve.kondena.lt\/produktai\/apvalus-difuzorius-dag\/#breadcrumb\"},\"inLanguage\":\"en-US\",\"potentialAction\":[{\"@type\":\"ReadAction\",\"target\":[\"https:\/\/parduotuve.kondena.lt\/produktai\/apvalus-difuzorius-dag\/\"]}]},{\"@type\":\"BreadcrumbList\",\"@id\":\"https:\/\/parduotuve.kondena.lt\/produktai\/apvalus-difuzorius-dag\/#breadcrumb\",\"itemListElement\":[{\"@type\":\"ListItem\",\"position\":1,\"name\":\"Parduotuv\u0117\",\"item\":\"https:\/\/parduotuve.kondena.lt\/parduotuve\/\"},{\"@type\":\"ListItem\",\"position\":2,\"name\":\"Apvalus difuzorius DAG\"}]},{\"@type\":\"WebSite\",\"@id\":\"https:\/\/parduotuve.kondena.lt\/#website\",\"url\":\"https:\/\/parduotuve.kondena.lt\/\",\"name\":\"Kondena\",\"description\":\"Kol kas tik dar vienas WordPress tinklalapis\",\"potentialAction\":[{\"@type\":\"SearchAction\",\"target\":{\"@type\":\"EntryPoint\",\"urlTemplate\":\"https:\/\/parduotuve.kondena.lt\/?s={search_term_string}\"},\"query-input\":\"required name=search_term_string\"}],\"inLanguage\":\"en-US\"}]}<\/script>\n<!-- \/ Yoast SEO plugin. -->","yoast_head_json":{"title":"Apvalus difuzorius DAG - Kondena","description":"Apvalus difuzorius DAG\u00a0tinkamas oro padavimui ir i\u0161traukimui. Difuzoriaus pajungimas pagal numatom\u0105 diametro oro kiek\u012f.","robots":{"index":"index","follow":"follow","max-snippet":"max-snippet:-1","max-image-preview":"max-image-preview:large","max-video-preview":"max-video-preview:-1"},"canonical":"https:\/\/parduotuve.kondena.lt\/en\/produktai\/apvalus-difuzorius-dag\/","og_locale":"en_US","og_type":"article","og_title":"Apvalus difuzorius DAG - Kondena","og_description":"Apvalus difuzorius DAG\u00a0tinkamas oro padavimui ir i\u0161traukimui. Difuzoriaus pajungimas pagal numatom\u0105 diametro oro kiek\u012f.","og_url":"https:\/\/parduotuve.kondena.lt\/en\/produktai\/apvalus-difuzorius-dag\/","og_site_name":"Kondena","article_modified_time":"2024-01-16T11:17:37+00:00","og_image":[{"width":1188,"height":1188,"url":"https:\/\/parduotuve.kondena.lt\/wp-content\/uploads\/2021\/10\/difuzorius-apvalus-dag-potinkinis-priglaistomas-2-1.png","type":"image\/png"}],"twitter_card":"summary_large_image","twitter_misc":{"Est. reading time":"1 minute"},"schema":{"@context":"https:\/\/schema.org","@graph":[{"@type":"WebPage","@id":"https:\/\/parduotuve.kondena.lt\/produktai\/apvalus-difuzorius-dag\/","url":"https:\/\/parduotuve.kondena.lt\/produktai\/apvalus-difuzorius-dag\/","name":"Apvalus difuzorius DAG - Kondena","isPartOf":{"@id":"https:\/\/parduotuve.kondena.lt\/#website"},"datePublished":"2021-02-08T07:17:57+00:00","dateModified":"2024-01-16T11:17:37+00:00","description":"Apvalus difuzorius DAG\u00a0tinkamas oro padavimui ir i\u0161traukimui. Difuzoriaus pajungimas pagal numatom\u0105 diametro oro kiek\u012f.","breadcrumb":{"@id":"https:\/\/parduotuve.kondena.lt\/produktai\/apvalus-difuzorius-dag\/#breadcrumb"},"inLanguage":"en-US","potentialAction":[{"@type":"ReadAction","target":["https:\/\/parduotuve.kondena.lt\/produktai\/apvalus-difuzorius-dag\/"]}]},{"@type":"BreadcrumbList","@id":"https:\/\/parduotuve.kondena.lt\/produktai\/apvalus-difuzorius-dag\/#breadcrumb","itemListElement":[{"@type":"ListItem","position":1,"name":"Parduotuv\u0117","item":"https:\/\/parduotuve.kondena.lt\/parduotuve\/"},{"@type":"ListItem","position":2,"name":"Apvalus difuzorius DAG"}]},{"@type":"WebSite","@id":"https:\/\/parduotuve.kondena.lt\/#website","url":"https:\/\/parduotuve.kondena.lt\/","name":"Kondena","description":"Kol kas tik dar vienas WordPress tinklalapis","potentialAction":[{"@type":"SearchAction","target":{"@type":"EntryPoint","urlTemplate":"https:\/\/parduotuve.kondena.lt\/?s={search_term_string}"},"query-input":"required name=search_term_string"}],"inLanguage":"en-US"}]}},"_links":{"self":[{"href":"https:\/\/parduotuve.kondena.lt\/en\/wp-json\/wp\/v2\/product\/10962","targetHints":{"allow":["GET"]}}],"collection":[{"href":"https:\/\/parduotuve.kondena.lt\/en\/wp-json\/wp\/v2\/product"}],"about":[{"href":"https:\/\/parduotuve.kondena.lt\/en\/wp-json\/wp\/v2\/types\/product"}],"replies":[{"embeddable":true,"href":"https:\/\/parduotuve.kondena.lt\/en\/wp-json\/wp\/v2\/comments?post=10962"}],"wp:featuredmedia":[{"embeddable":true,"href":"https:\/\/parduotuve.kondena.lt\/en\/wp-json\/wp\/v2\/media\/10967"}],"wp:attachment":[{"href":"https:\/\/parduotuve.kondena.lt\/en\/wp-json\/wp\/v2\/media?parent=10962"}],"wp:term":[{"taxonomy":"product_cat","embeddable":true,"href":"https:\/\/parduotuve.kondena.lt\/en\/wp-json\/wp\/v2\/product_cat?post=10962"},{"taxonomy":"product_tag","embeddable":true,"href":"https:\/\/parduotuve.kondena.lt\/en\/wp-json\/wp\/v2\/product_tag?post=10962"}],"curies":[{"name":"wp","href":"https:\/\/api.w.org\/{rel}","templated":true}]}}