{"id":10946,"date":"2021-02-08T06:40:09","date_gmt":"2021-02-08T05:40:09","guid":{"rendered":"http:\/\/parduotuve.kondena.lt\/?post_type=product&#038;p=10946"},"modified":"2022-08-24T10:38:53","modified_gmt":"2022-08-24T09:38:53","slug":"tiekiamo-oro-difuzorius-pd","status":"publish","type":"product","link":"https:\/\/parduotuve.kondena.lt\/en\/produktai\/tiekiamo-oro-difuzorius-pd\/","title":{"rendered":"Supply air diffuser PD"},"content":{"rendered":"<p>Supply air diffuser PD<\/p>\n<p>Steel diffusers for air intake. Diffusers painted white. Comes with a retaining ring.<\/p>","protected":false},"excerpt":{"rendered":"<p>Steel diffusers for air intake. Diffusers painted white (RAL9016). Comes with a retaining ring.<\/p>","protected":false},"featured_media":10956,"comment_status":"open","ping_status":"closed","template":"","meta":[],"product_cat":[141,189,190,15],"product_tag":[],"class_list":["post-10946","product","type-product","status-publish","has-post-thumbnail","hentry","product_cat-vedinimas","product_cat-difuzoriai","product_cat-apvalus-oro-difuzoriai","product_cat-kita"],"acf":[],"yoast_head":"<!-- This site is optimized with the Yoast SEO plugin v20.13 - https:\/\/yoast.com\/wordpress\/plugins\/seo\/ -->\n<title>Tiekiamo oro difuzorius PD - Kondena<\/title>\n<meta name=\"description\" content=\"Tiekiamo oro difuzorius PD. Plieniniai difuzoriai skirti oro pa\u0117mimui. Difuzoriai da\u017eyti baltai. Komplektuojami su tvirtinimo \u017eiedu.\" \/>\n<meta name=\"robots\" content=\"index, follow, max-snippet:-1, max-image-preview:large, max-video-preview:-1\" \/>\n<link rel=\"canonical\" href=\"https:\/\/parduotuve.kondena.lt\/en\/produktai\/tiekiamo-oro-difuzorius-pd\/\" \/>\n<meta property=\"og:locale\" content=\"en_US\" \/>\n<meta property=\"og:type\" content=\"article\" \/>\n<meta property=\"og:title\" content=\"Tiekiamo oro difuzorius PD - Kondena\" \/>\n<meta property=\"og:description\" content=\"Tiekiamo oro difuzorius PD. Plieniniai difuzoriai skirti oro pa\u0117mimui. Difuzoriai da\u017eyti baltai. Komplektuojami su tvirtinimo \u017eiedu.\" \/>\n<meta property=\"og:url\" content=\"https:\/\/parduotuve.kondena.lt\/en\/produktai\/tiekiamo-oro-difuzorius-pd\/\" \/>\n<meta property=\"og:site_name\" content=\"Kondena\" \/>\n<meta property=\"article:modified_time\" content=\"2022-08-24T09:38:53+00:00\" \/>\n<meta property=\"og:image\" content=\"https:\/\/parduotuve.kondena.lt\/wp-content\/uploads\/2021\/10\/oro-padavimo-difuzorius-p-dvs-160-1.jpg\" \/>\n\t<meta property=\"og:image:width\" content=\"800\" \/>\n\t<meta property=\"og:image:height\" content=\"800\" \/>\n\t<meta property=\"og:image:type\" content=\"image\/jpeg\" \/>\n<meta name=\"twitter:card\" content=\"summary_large_image\" \/>\n<script type=\"application\/ld+json\" class=\"yoast-schema-graph\">{\"@context\":\"https:\/\/schema.org\",\"@graph\":[{\"@type\":\"WebPage\",\"@id\":\"https:\/\/parduotuve.kondena.lt\/produktai\/tiekiamo-oro-difuzorius-pd\/\",\"url\":\"https:\/\/parduotuve.kondena.lt\/produktai\/tiekiamo-oro-difuzorius-pd\/\",\"name\":\"Tiekiamo oro difuzorius PD - Kondena\",\"isPartOf\":{\"@id\":\"https:\/\/parduotuve.kondena.lt\/#website\"},\"datePublished\":\"2021-02-08T05:40:09+00:00\",\"dateModified\":\"2022-08-24T09:38:53+00:00\",\"description\":\"Tiekiamo oro difuzorius PD. Plieniniai difuzoriai skirti oro pa\u0117mimui. Difuzoriai da\u017eyti baltai. Komplektuojami su tvirtinimo \u017eiedu.\",\"breadcrumb\":{\"@id\":\"https:\/\/parduotuve.kondena.lt\/produktai\/tiekiamo-oro-difuzorius-pd\/#breadcrumb\"},\"inLanguage\":\"en-US\",\"potentialAction\":[{\"@type\":\"ReadAction\",\"target\":[\"https:\/\/parduotuve.kondena.lt\/produktai\/tiekiamo-oro-difuzorius-pd\/\"]}]},{\"@type\":\"BreadcrumbList\",\"@id\":\"https:\/\/parduotuve.kondena.lt\/produktai\/tiekiamo-oro-difuzorius-pd\/#breadcrumb\",\"itemListElement\":[{\"@type\":\"ListItem\",\"position\":1,\"name\":\"Parduotuv\u0117\",\"item\":\"https:\/\/parduotuve.kondena.lt\/parduotuve\/\"},{\"@type\":\"ListItem\",\"position\":2,\"name\":\"Tiekiamo oro difuzorius PD\"}]},{\"@type\":\"WebSite\",\"@id\":\"https:\/\/parduotuve.kondena.lt\/#website\",\"url\":\"https:\/\/parduotuve.kondena.lt\/\",\"name\":\"Kondena\",\"description\":\"Kol kas tik dar vienas WordPress tinklalapis\",\"potentialAction\":[{\"@type\":\"SearchAction\",\"target\":{\"@type\":\"EntryPoint\",\"urlTemplate\":\"https:\/\/parduotuve.kondena.lt\/?s={search_term_string}\"},\"query-input\":\"required name=search_term_string\"}],\"inLanguage\":\"en-US\"}]}<\/script>\n<!-- \/ Yoast SEO plugin. -->","yoast_head_json":{"title":"Tiekiamo oro difuzorius PD - Kondena","description":"Tiekiamo oro difuzorius PD. Plieniniai difuzoriai skirti oro pa\u0117mimui. Difuzoriai da\u017eyti baltai. Komplektuojami su tvirtinimo \u017eiedu.","robots":{"index":"index","follow":"follow","max-snippet":"max-snippet:-1","max-image-preview":"max-image-preview:large","max-video-preview":"max-video-preview:-1"},"canonical":"https:\/\/parduotuve.kondena.lt\/en\/produktai\/tiekiamo-oro-difuzorius-pd\/","og_locale":"en_US","og_type":"article","og_title":"Tiekiamo oro difuzorius PD - Kondena","og_description":"Tiekiamo oro difuzorius PD. Plieniniai difuzoriai skirti oro pa\u0117mimui. Difuzoriai da\u017eyti baltai. Komplektuojami su tvirtinimo \u017eiedu.","og_url":"https:\/\/parduotuve.kondena.lt\/en\/produktai\/tiekiamo-oro-difuzorius-pd\/","og_site_name":"Kondena","article_modified_time":"2022-08-24T09:38:53+00:00","og_image":[{"width":800,"height":800,"url":"https:\/\/parduotuve.kondena.lt\/wp-content\/uploads\/2021\/10\/oro-padavimo-difuzorius-p-dvs-160-1.jpg","type":"image\/jpeg"}],"twitter_card":"summary_large_image","schema":{"@context":"https:\/\/schema.org","@graph":[{"@type":"WebPage","@id":"https:\/\/parduotuve.kondena.lt\/produktai\/tiekiamo-oro-difuzorius-pd\/","url":"https:\/\/parduotuve.kondena.lt\/produktai\/tiekiamo-oro-difuzorius-pd\/","name":"Tiekiamo oro difuzorius PD - Kondena","isPartOf":{"@id":"https:\/\/parduotuve.kondena.lt\/#website"},"datePublished":"2021-02-08T05:40:09+00:00","dateModified":"2022-08-24T09:38:53+00:00","description":"Tiekiamo oro difuzorius PD. Plieniniai difuzoriai skirti oro pa\u0117mimui. Difuzoriai da\u017eyti baltai. Komplektuojami su tvirtinimo \u017eiedu.","breadcrumb":{"@id":"https:\/\/parduotuve.kondena.lt\/produktai\/tiekiamo-oro-difuzorius-pd\/#breadcrumb"},"inLanguage":"en-US","potentialAction":[{"@type":"ReadAction","target":["https:\/\/parduotuve.kondena.lt\/produktai\/tiekiamo-oro-difuzorius-pd\/"]}]},{"@type":"BreadcrumbList","@id":"https:\/\/parduotuve.kondena.lt\/produktai\/tiekiamo-oro-difuzorius-pd\/#breadcrumb","itemListElement":[{"@type":"ListItem","position":1,"name":"Parduotuv\u0117","item":"https:\/\/parduotuve.kondena.lt\/parduotuve\/"},{"@type":"ListItem","position":2,"name":"Tiekiamo oro difuzorius PD"}]},{"@type":"WebSite","@id":"https:\/\/parduotuve.kondena.lt\/#website","url":"https:\/\/parduotuve.kondena.lt\/","name":"Kondena","description":"Kol kas tik dar vienas WordPress tinklalapis","potentialAction":[{"@type":"SearchAction","target":{"@type":"EntryPoint","urlTemplate":"https:\/\/parduotuve.kondena.lt\/?s={search_term_string}"},"query-input":"required name=search_term_string"}],"inLanguage":"en-US"}]}},"_links":{"self":[{"href":"https:\/\/parduotuve.kondena.lt\/en\/wp-json\/wp\/v2\/product\/10946","targetHints":{"allow":["GET"]}}],"collection":[{"href":"https:\/\/parduotuve.kondena.lt\/en\/wp-json\/wp\/v2\/product"}],"about":[{"href":"https:\/\/parduotuve.kondena.lt\/en\/wp-json\/wp\/v2\/types\/product"}],"replies":[{"embeddable":true,"href":"https:\/\/parduotuve.kondena.lt\/en\/wp-json\/wp\/v2\/comments?post=10946"}],"wp:featuredmedia":[{"embeddable":true,"href":"https:\/\/parduotuve.kondena.lt\/en\/wp-json\/wp\/v2\/media\/10956"}],"wp:attachment":[{"href":"https:\/\/parduotuve.kondena.lt\/en\/wp-json\/wp\/v2\/media?parent=10946"}],"wp:term":[{"taxonomy":"product_cat","embeddable":true,"href":"https:\/\/parduotuve.kondena.lt\/en\/wp-json\/wp\/v2\/product_cat?post=10946"},{"taxonomy":"product_tag","embeddable":true,"href":"https:\/\/parduotuve.kondena.lt\/en\/wp-json\/wp\/v2\/product_tag?post=10946"}],"curies":[{"name":"wp","href":"https:\/\/api.w.org\/{rel}","templated":true}]}}