{"id":10926,"date":"2021-10-08T05:54:10","date_gmt":"2021-10-08T05:54:10","guid":{"rendered":"http:\/\/parduotuve.kondena.lt\/?post_type=product&#038;p=10926"},"modified":"2025-04-15T08:00:57","modified_gmt":"2025-04-15T07:00:57","slug":"izoliuota-epe-ortakio-alkune","status":"publish","type":"product","link":"https:\/\/parduotuve.kondena.lt\/en\/produktai\/izoliuota-epe-ortakio-alkune\/","title":{"rendered":"Insulated EPE duct elbow"},"content":{"rendered":"<p>Insulated ducts are a necessary part of a ventilation system. Insulated ducts are used in air distribution systems for ventilation, heating or cooling to reduce heat loss or prevent condensation on or inside the duct. Ubbink has developed a full range of unique insulated EPE ducts that are extremely easy to install. It comes in a variety of diameters.<\/p>\n<p><a href=\"https:\/\/www.rekuperatoriucentras.lt\/images\/Userfiles\/Izoliuot_alkni_specifikacija.pdf\">Technical data<\/a><\/p>\n<p><strong>Features and benefits:<br \/>\n<\/strong><\/p>\n<ul>\n<li>well insulated duct;<\/li>\n<li>low pressure drop due to extremely smooth inner surface;<\/li>\n<li>lightweight, easy to cut and elastic, impact resistant (i.e. no bends);<\/li>\n<li>rust;<\/li>\n<li>duct length - 2.00 m, diameter - 125, 160 and 180 mm;<\/li>\n<li>mechanical joints (i.e. no adhesive tape required);<\/li>\n<li>easy to disassemble, making maintenance very easy.<\/li>\n<\/ul>","protected":false},"excerpt":{"rendered":"<p>Designed to be connected to the outdoor part of the recuperator, ie from the recuperator to the field. No additional insulation is required.<\/p>","protected":false},"featured_media":10938,"comment_status":"open","ping_status":"closed","template":"","meta":[],"product_cat":[141,311,176],"product_tag":[],"class_list":["post-10926","product","type-product","status-publish","has-post-thumbnail","hentry","product_cat-vedinimas","product_cat-pusto-polietileno-ortakiai-ir-jungtys","product_cat-lanksti-ortakiu-systema"],"acf":[],"yoast_head":"<!-- This site is optimized with the Yoast SEO plugin v20.13 - https:\/\/yoast.com\/wordpress\/plugins\/seo\/ -->\n<title>Izoliuota EPE ortakio alk\u016bn\u0117 - Kondena<\/title>\n<meta name=\"description\" content=\"Izoliuota EPE ortakio alk\u016bn\u0117 - skirta pajungti rekuperatoriaus lauko daliai, tai yra nuo rekuperatoriaus iki lauko.\" \/>\n<meta name=\"robots\" content=\"index, follow, max-snippet:-1, max-image-preview:large, max-video-preview:-1\" \/>\n<link rel=\"canonical\" href=\"https:\/\/parduotuve.kondena.lt\/en\/produktai\/izoliuota-epe-ortakio-alkune\/\" \/>\n<meta property=\"og:locale\" content=\"en_US\" \/>\n<meta property=\"og:type\" content=\"article\" \/>\n<meta property=\"og:title\" content=\"Izoliuota EPE ortakio alk\u016bn\u0117 - Kondena\" \/>\n<meta property=\"og:description\" content=\"Izoliuota EPE ortakio alk\u016bn\u0117 - skirta pajungti rekuperatoriaus lauko daliai, tai yra nuo rekuperatoriaus iki lauko.\" \/>\n<meta property=\"og:url\" content=\"https:\/\/parduotuve.kondena.lt\/en\/produktai\/izoliuota-epe-ortakio-alkune\/\" \/>\n<meta property=\"og:site_name\" content=\"Kondena\" \/>\n<meta property=\"article:modified_time\" content=\"2025-04-15T07:00:57+00:00\" \/>\n<meta property=\"og:image\" content=\"https:\/\/parduotuve.kondena.lt\/wp-content\/uploads\/2021\/10\/be5a2659924a5252f39da50031fa33c4.jpg\" \/>\n\t<meta property=\"og:image:width\" content=\"553\" \/>\n\t<meta property=\"og:image:height\" content=\"369\" \/>\n\t<meta property=\"og:image:type\" content=\"image\/jpeg\" \/>\n<meta name=\"twitter:card\" content=\"summary_large_image\" \/>\n<meta name=\"twitter:label1\" content=\"Est. reading time\" \/>\n\t<meta name=\"twitter:data1\" content=\"1 minute\" \/>\n<script type=\"application\/ld+json\" class=\"yoast-schema-graph\">{\"@context\":\"https:\/\/schema.org\",\"@graph\":[{\"@type\":\"WebPage\",\"@id\":\"https:\/\/parduotuve.kondena.lt\/produktai\/izoliuota-epe-ortakio-alkune\/\",\"url\":\"https:\/\/parduotuve.kondena.lt\/produktai\/izoliuota-epe-ortakio-alkune\/\",\"name\":\"Izoliuota EPE ortakio alk\u016bn\u0117 - Kondena\",\"isPartOf\":{\"@id\":\"https:\/\/parduotuve.kondena.lt\/#website\"},\"datePublished\":\"2021-10-08T05:54:10+00:00\",\"dateModified\":\"2025-04-15T07:00:57+00:00\",\"description\":\"Izoliuota EPE ortakio alk\u016bn\u0117 - skirta pajungti rekuperatoriaus lauko daliai, tai yra nuo rekuperatoriaus iki lauko.\",\"breadcrumb\":{\"@id\":\"https:\/\/parduotuve.kondena.lt\/produktai\/izoliuota-epe-ortakio-alkune\/#breadcrumb\"},\"inLanguage\":\"en-US\",\"potentialAction\":[{\"@type\":\"ReadAction\",\"target\":[\"https:\/\/parduotuve.kondena.lt\/produktai\/izoliuota-epe-ortakio-alkune\/\"]}]},{\"@type\":\"BreadcrumbList\",\"@id\":\"https:\/\/parduotuve.kondena.lt\/produktai\/izoliuota-epe-ortakio-alkune\/#breadcrumb\",\"itemListElement\":[{\"@type\":\"ListItem\",\"position\":1,\"name\":\"Parduotuv\u0117\",\"item\":\"https:\/\/parduotuve.kondena.lt\/parduotuve\/\"},{\"@type\":\"ListItem\",\"position\":2,\"name\":\"Izoliuota EPE ortakio alk\u016bn\u0117\"}]},{\"@type\":\"WebSite\",\"@id\":\"https:\/\/parduotuve.kondena.lt\/#website\",\"url\":\"https:\/\/parduotuve.kondena.lt\/\",\"name\":\"Kondena\",\"description\":\"Kol kas tik dar vienas WordPress tinklalapis\",\"potentialAction\":[{\"@type\":\"SearchAction\",\"target\":{\"@type\":\"EntryPoint\",\"urlTemplate\":\"https:\/\/parduotuve.kondena.lt\/?s={search_term_string}\"},\"query-input\":\"required name=search_term_string\"}],\"inLanguage\":\"en-US\"}]}<\/script>\n<!-- \/ Yoast SEO plugin. -->","yoast_head_json":{"title":"Izoliuota EPE ortakio alk\u016bn\u0117 - Kondena","description":"Izoliuota EPE ortakio alk\u016bn\u0117 - skirta pajungti rekuperatoriaus lauko daliai, tai yra nuo rekuperatoriaus iki lauko.","robots":{"index":"index","follow":"follow","max-snippet":"max-snippet:-1","max-image-preview":"max-image-preview:large","max-video-preview":"max-video-preview:-1"},"canonical":"https:\/\/parduotuve.kondena.lt\/en\/produktai\/izoliuota-epe-ortakio-alkune\/","og_locale":"en_US","og_type":"article","og_title":"Izoliuota EPE ortakio alk\u016bn\u0117 - Kondena","og_description":"Izoliuota EPE ortakio alk\u016bn\u0117 - skirta pajungti rekuperatoriaus lauko daliai, tai yra nuo rekuperatoriaus iki lauko.","og_url":"https:\/\/parduotuve.kondena.lt\/en\/produktai\/izoliuota-epe-ortakio-alkune\/","og_site_name":"Kondena","article_modified_time":"2025-04-15T07:00:57+00:00","og_image":[{"width":553,"height":369,"url":"https:\/\/parduotuve.kondena.lt\/wp-content\/uploads\/2021\/10\/be5a2659924a5252f39da50031fa33c4.jpg","type":"image\/jpeg"}],"twitter_card":"summary_large_image","twitter_misc":{"Est. reading time":"1 minute"},"schema":{"@context":"https:\/\/schema.org","@graph":[{"@type":"WebPage","@id":"https:\/\/parduotuve.kondena.lt\/produktai\/izoliuota-epe-ortakio-alkune\/","url":"https:\/\/parduotuve.kondena.lt\/produktai\/izoliuota-epe-ortakio-alkune\/","name":"Izoliuota EPE ortakio alk\u016bn\u0117 - Kondena","isPartOf":{"@id":"https:\/\/parduotuve.kondena.lt\/#website"},"datePublished":"2021-10-08T05:54:10+00:00","dateModified":"2025-04-15T07:00:57+00:00","description":"Izoliuota EPE ortakio alk\u016bn\u0117 - skirta pajungti rekuperatoriaus lauko daliai, tai yra nuo rekuperatoriaus iki lauko.","breadcrumb":{"@id":"https:\/\/parduotuve.kondena.lt\/produktai\/izoliuota-epe-ortakio-alkune\/#breadcrumb"},"inLanguage":"en-US","potentialAction":[{"@type":"ReadAction","target":["https:\/\/parduotuve.kondena.lt\/produktai\/izoliuota-epe-ortakio-alkune\/"]}]},{"@type":"BreadcrumbList","@id":"https:\/\/parduotuve.kondena.lt\/produktai\/izoliuota-epe-ortakio-alkune\/#breadcrumb","itemListElement":[{"@type":"ListItem","position":1,"name":"Parduotuv\u0117","item":"https:\/\/parduotuve.kondena.lt\/parduotuve\/"},{"@type":"ListItem","position":2,"name":"Izoliuota EPE ortakio alk\u016bn\u0117"}]},{"@type":"WebSite","@id":"https:\/\/parduotuve.kondena.lt\/#website","url":"https:\/\/parduotuve.kondena.lt\/","name":"Kondena","description":"Kol kas tik dar vienas WordPress tinklalapis","potentialAction":[{"@type":"SearchAction","target":{"@type":"EntryPoint","urlTemplate":"https:\/\/parduotuve.kondena.lt\/?s={search_term_string}"},"query-input":"required name=search_term_string"}],"inLanguage":"en-US"}]}},"_links":{"self":[{"href":"https:\/\/parduotuve.kondena.lt\/en\/wp-json\/wp\/v2\/product\/10926","targetHints":{"allow":["GET"]}}],"collection":[{"href":"https:\/\/parduotuve.kondena.lt\/en\/wp-json\/wp\/v2\/product"}],"about":[{"href":"https:\/\/parduotuve.kondena.lt\/en\/wp-json\/wp\/v2\/types\/product"}],"replies":[{"embeddable":true,"href":"https:\/\/parduotuve.kondena.lt\/en\/wp-json\/wp\/v2\/comments?post=10926"}],"wp:featuredmedia":[{"embeddable":true,"href":"https:\/\/parduotuve.kondena.lt\/en\/wp-json\/wp\/v2\/media\/10938"}],"wp:attachment":[{"href":"https:\/\/parduotuve.kondena.lt\/en\/wp-json\/wp\/v2\/media?parent=10926"}],"wp:term":[{"taxonomy":"product_cat","embeddable":true,"href":"https:\/\/parduotuve.kondena.lt\/en\/wp-json\/wp\/v2\/product_cat?post=10926"},{"taxonomy":"product_tag","embeddable":true,"href":"https:\/\/parduotuve.kondena.lt\/en\/wp-json\/wp\/v2\/product_tag?post=10926"}],"curies":[{"name":"wp","href":"https:\/\/api.w.org\/{rel}","templated":true}]}}