{"id":10895,"date":"2021-10-07T13:01:54","date_gmt":"2021-10-07T13:01:54","guid":{"rendered":"https:\/\/parduotuve.kondena.lt\/?post_type=product&#038;p=10895"},"modified":"2025-04-15T07:32:00","modified_gmt":"2025-04-15T06:32:00","slug":"gumine-tarpine-ortakiui-d75","status":"publish","type":"product","link":"https:\/\/parduotuve.kondena.lt\/en\/produktai\/gumine-tarpine-ortakiui-d75\/","title":{"rendered":"Gumin\u0117 tarpin\u0117 ortakiui D75"},"content":{"rendered":"<p>Skirta 75 mm diametro lankstaus plastikinio ortakio u\u017esandarinimui. Med\u017eiaga \u2013 guma.<\/p>","protected":false},"excerpt":{"rendered":"<p>Skirta 75 mm diametro lankstaus plastikinio ortakio u\u017esandarinimui. Med\u017eiaga \u2013 guma.<\/p>","protected":false},"featured_media":10898,"comment_status":"open","ping_status":"closed","template":"","meta":[],"product_cat":[141,176],"product_tag":[],"class_list":["post-10895","product","type-product","status-publish","has-post-thumbnail","hentry","product_cat-vedinimas","product_cat-lanksti-ortakiu-systema"],"acf":[],"yoast_head":"<!-- This site is optimized with the Yoast SEO plugin v20.13 - https:\/\/yoast.com\/wordpress\/plugins\/seo\/ -->\n<title>Gumin\u0117 tarpin\u0117 ortakiui D75 - Kondena<\/title>\n<meta name=\"description\" content=\"Gumin\u0117 tarpin\u0117 ortakiui D75 - skirta 75 mm diametro lankstaus plastikinio ortakio u\u017esandarinimui. Med\u017eiaga \u2013 guma.\" \/>\n<meta name=\"robots\" content=\"index, follow, max-snippet:-1, max-image-preview:large, max-video-preview:-1\" \/>\n<link rel=\"canonical\" href=\"https:\/\/parduotuve.kondena.lt\/en\/produktai\/gumine-tarpine-ortakiui-d75\/\" \/>\n<meta property=\"og:locale\" content=\"en_US\" \/>\n<meta property=\"og:type\" content=\"article\" \/>\n<meta property=\"og:title\" content=\"Gumin\u0117 tarpin\u0117 ortakiui D75 - Kondena\" \/>\n<meta property=\"og:description\" content=\"Gumin\u0117 tarpin\u0117 ortakiui D75 - skirta 75 mm diametro lankstaus plastikinio ortakio u\u017esandarinimui. Med\u017eiaga \u2013 guma.\" \/>\n<meta property=\"og:url\" content=\"https:\/\/parduotuve.kondena.lt\/en\/produktai\/gumine-tarpine-ortakiui-d75\/\" \/>\n<meta property=\"og:site_name\" content=\"Kondena\" \/>\n<meta property=\"article:modified_time\" content=\"2025-04-15T06:32:00+00:00\" \/>\n<meta property=\"og:image\" content=\"https:\/\/parduotuve.kondena.lt\/wp-content\/uploads\/2021\/10\/gumine-tarpine-ortakiui-d75-mm-4-1.png\" \/>\n\t<meta property=\"og:image:width\" content=\"804\" \/>\n\t<meta property=\"og:image:height\" content=\"804\" \/>\n\t<meta property=\"og:image:type\" content=\"image\/png\" \/>\n<meta name=\"twitter:card\" content=\"summary_large_image\" \/>\n<meta name=\"twitter:label1\" content=\"Est. reading time\" \/>\n\t<meta name=\"twitter:data1\" content=\"1 minute\" \/>\n<script type=\"application\/ld+json\" class=\"yoast-schema-graph\">{\"@context\":\"https:\/\/schema.org\",\"@graph\":[{\"@type\":\"WebPage\",\"@id\":\"https:\/\/parduotuve.kondena.lt\/produktai\/gumine-tarpine-ortakiui-d75\/\",\"url\":\"https:\/\/parduotuve.kondena.lt\/produktai\/gumine-tarpine-ortakiui-d75\/\",\"name\":\"Gumin\u0117 tarpin\u0117 ortakiui D75 - Kondena\",\"isPartOf\":{\"@id\":\"https:\/\/parduotuve.kondena.lt\/#website\"},\"datePublished\":\"2021-10-07T13:01:54+00:00\",\"dateModified\":\"2025-04-15T06:32:00+00:00\",\"description\":\"Gumin\u0117 tarpin\u0117 ortakiui D75 - skirta 75 mm diametro lankstaus plastikinio ortakio u\u017esandarinimui. Med\u017eiaga \u2013 guma.\",\"breadcrumb\":{\"@id\":\"https:\/\/parduotuve.kondena.lt\/produktai\/gumine-tarpine-ortakiui-d75\/#breadcrumb\"},\"inLanguage\":\"en-US\",\"potentialAction\":[{\"@type\":\"ReadAction\",\"target\":[\"https:\/\/parduotuve.kondena.lt\/produktai\/gumine-tarpine-ortakiui-d75\/\"]}]},{\"@type\":\"BreadcrumbList\",\"@id\":\"https:\/\/parduotuve.kondena.lt\/produktai\/gumine-tarpine-ortakiui-d75\/#breadcrumb\",\"itemListElement\":[{\"@type\":\"ListItem\",\"position\":1,\"name\":\"Parduotuv\u0117\",\"item\":\"https:\/\/parduotuve.kondena.lt\/parduotuve\/\"},{\"@type\":\"ListItem\",\"position\":2,\"name\":\"Gumin\u0117 tarpin\u0117 ortakiui D75\"}]},{\"@type\":\"WebSite\",\"@id\":\"https:\/\/parduotuve.kondena.lt\/#website\",\"url\":\"https:\/\/parduotuve.kondena.lt\/\",\"name\":\"Kondena\",\"description\":\"Kol kas tik dar vienas WordPress tinklalapis\",\"potentialAction\":[{\"@type\":\"SearchAction\",\"target\":{\"@type\":\"EntryPoint\",\"urlTemplate\":\"https:\/\/parduotuve.kondena.lt\/?s={search_term_string}\"},\"query-input\":\"required name=search_term_string\"}],\"inLanguage\":\"en-US\"}]}<\/script>\n<!-- \/ Yoast SEO plugin. -->","yoast_head_json":{"title":"Gumin\u0117 tarpin\u0117 ortakiui D75 - Kondena","description":"Gumin\u0117 tarpin\u0117 ortakiui D75 - skirta 75 mm diametro lankstaus plastikinio ortakio u\u017esandarinimui. Med\u017eiaga \u2013 guma.","robots":{"index":"index","follow":"follow","max-snippet":"max-snippet:-1","max-image-preview":"max-image-preview:large","max-video-preview":"max-video-preview:-1"},"canonical":"https:\/\/parduotuve.kondena.lt\/en\/produktai\/gumine-tarpine-ortakiui-d75\/","og_locale":"en_US","og_type":"article","og_title":"Gumin\u0117 tarpin\u0117 ortakiui D75 - Kondena","og_description":"Gumin\u0117 tarpin\u0117 ortakiui D75 - skirta 75 mm diametro lankstaus plastikinio ortakio u\u017esandarinimui. Med\u017eiaga \u2013 guma.","og_url":"https:\/\/parduotuve.kondena.lt\/en\/produktai\/gumine-tarpine-ortakiui-d75\/","og_site_name":"Kondena","article_modified_time":"2025-04-15T06:32:00+00:00","og_image":[{"width":804,"height":804,"url":"https:\/\/parduotuve.kondena.lt\/wp-content\/uploads\/2021\/10\/gumine-tarpine-ortakiui-d75-mm-4-1.png","type":"image\/png"}],"twitter_card":"summary_large_image","twitter_misc":{"Est. reading time":"1 minute"},"schema":{"@context":"https:\/\/schema.org","@graph":[{"@type":"WebPage","@id":"https:\/\/parduotuve.kondena.lt\/produktai\/gumine-tarpine-ortakiui-d75\/","url":"https:\/\/parduotuve.kondena.lt\/produktai\/gumine-tarpine-ortakiui-d75\/","name":"Gumin\u0117 tarpin\u0117 ortakiui D75 - Kondena","isPartOf":{"@id":"https:\/\/parduotuve.kondena.lt\/#website"},"datePublished":"2021-10-07T13:01:54+00:00","dateModified":"2025-04-15T06:32:00+00:00","description":"Gumin\u0117 tarpin\u0117 ortakiui D75 - skirta 75 mm diametro lankstaus plastikinio ortakio u\u017esandarinimui. Med\u017eiaga \u2013 guma.","breadcrumb":{"@id":"https:\/\/parduotuve.kondena.lt\/produktai\/gumine-tarpine-ortakiui-d75\/#breadcrumb"},"inLanguage":"en-US","potentialAction":[{"@type":"ReadAction","target":["https:\/\/parduotuve.kondena.lt\/produktai\/gumine-tarpine-ortakiui-d75\/"]}]},{"@type":"BreadcrumbList","@id":"https:\/\/parduotuve.kondena.lt\/produktai\/gumine-tarpine-ortakiui-d75\/#breadcrumb","itemListElement":[{"@type":"ListItem","position":1,"name":"Parduotuv\u0117","item":"https:\/\/parduotuve.kondena.lt\/parduotuve\/"},{"@type":"ListItem","position":2,"name":"Gumin\u0117 tarpin\u0117 ortakiui D75"}]},{"@type":"WebSite","@id":"https:\/\/parduotuve.kondena.lt\/#website","url":"https:\/\/parduotuve.kondena.lt\/","name":"Kondena","description":"Kol kas tik dar vienas WordPress tinklalapis","potentialAction":[{"@type":"SearchAction","target":{"@type":"EntryPoint","urlTemplate":"https:\/\/parduotuve.kondena.lt\/?s={search_term_string}"},"query-input":"required name=search_term_string"}],"inLanguage":"en-US"}]}},"_links":{"self":[{"href":"https:\/\/parduotuve.kondena.lt\/en\/wp-json\/wp\/v2\/product\/10895","targetHints":{"allow":["GET"]}}],"collection":[{"href":"https:\/\/parduotuve.kondena.lt\/en\/wp-json\/wp\/v2\/product"}],"about":[{"href":"https:\/\/parduotuve.kondena.lt\/en\/wp-json\/wp\/v2\/types\/product"}],"replies":[{"embeddable":true,"href":"https:\/\/parduotuve.kondena.lt\/en\/wp-json\/wp\/v2\/comments?post=10895"}],"wp:featuredmedia":[{"embeddable":true,"href":"https:\/\/parduotuve.kondena.lt\/en\/wp-json\/wp\/v2\/media\/10898"}],"wp:attachment":[{"href":"https:\/\/parduotuve.kondena.lt\/en\/wp-json\/wp\/v2\/media?parent=10895"}],"wp:term":[{"taxonomy":"product_cat","embeddable":true,"href":"https:\/\/parduotuve.kondena.lt\/en\/wp-json\/wp\/v2\/product_cat?post=10895"},{"taxonomy":"product_tag","embeddable":true,"href":"https:\/\/parduotuve.kondena.lt\/en\/wp-json\/wp\/v2\/product_tag?post=10895"}],"curies":[{"name":"wp","href":"https:\/\/api.w.org\/{rel}","templated":true}]}}