{"id":10891,"date":"2021-10-07T12:40:59","date_gmt":"2021-10-07T12:40:59","guid":{"rendered":"https:\/\/parduotuve.kondena.lt\/?post_type=product&#038;p=10891"},"modified":"2022-02-07T08:11:14","modified_gmt":"2022-02-07T07:11:14","slug":"sujungimo-mova-lanskciam-ortakiui-dn90","status":"publish","type":"product","link":"https:\/\/parduotuve.kondena.lt\/en\/produktai\/sujungimo-mova-lanskciam-ortakiui-dn90\/","title":{"rendered":"I\u0161orin\u0117 jungtis lansk\u010diam ortakiui D75mm"},"content":{"rendered":"<p>I\u0161orin\u0117 jungtis lansk\u010diam ortakiui D75mm<\/p>\n<p>Skirta 75mm diametro lankstaus ortakio sujungimui. Med\u017eiaga \u2013 plastikas. U\u017esandarinimui reikalinga gumin\u0117 tarpin\u0117.<\/p>","protected":false},"excerpt":{"rendered":"<p>Sujungimo mova lansk\u010diam ortakiui DN90. Prifi air, plastikin\u0117<\/p>","protected":false},"featured_media":10893,"comment_status":"open","ping_status":"closed","template":"","meta":[],"product_cat":[141,176],"product_tag":[],"class_list":["post-10891","product","type-product","status-publish","has-post-thumbnail","hentry","product_cat-vedinimas","product_cat-lanksti-ortakiu-systema"],"acf":[],"yoast_head":"<!-- This site is optimized with the Yoast SEO plugin v20.13 - https:\/\/yoast.com\/wordpress\/plugins\/seo\/ -->\n<title>I\u0161orin\u0117 jungtis lansk\u010diam ortakiui D75mm - Kondena<\/title>\n<meta name=\"description\" content=\"Sujungimo mova lansk\u010diam ortakiui DN90 - Skirta 90mm diametro lankstaus ortakio sujungimui. Reikalinga tarpin\u0117 gumyt\u0117\" \/>\n<meta name=\"robots\" content=\"index, follow, max-snippet:-1, max-image-preview:large, max-video-preview:-1\" \/>\n<link rel=\"canonical\" href=\"https:\/\/parduotuve.kondena.lt\/en\/produktai\/sujungimo-mova-lanskciam-ortakiui-dn90\/\" \/>\n<meta property=\"og:locale\" content=\"en_US\" \/>\n<meta property=\"og:type\" content=\"article\" \/>\n<meta property=\"og:title\" content=\"I\u0161orin\u0117 jungtis lansk\u010diam ortakiui D75mm - Kondena\" \/>\n<meta property=\"og:description\" content=\"Sujungimo mova lansk\u010diam ortakiui DN90 - Skirta 90mm diametro lankstaus ortakio sujungimui. Reikalinga tarpin\u0117 gumyt\u0117\" \/>\n<meta property=\"og:url\" content=\"https:\/\/parduotuve.kondena.lt\/en\/produktai\/sujungimo-mova-lanskciam-ortakiui-dn90\/\" \/>\n<meta property=\"og:site_name\" content=\"Kondena\" \/>\n<meta property=\"article:modified_time\" content=\"2022-02-07T07:11:14+00:00\" \/>\n<meta property=\"og:image\" content=\"https:\/\/parduotuve.kondena.lt\/wp-content\/uploads\/2021\/10\/frankische-kolektoriaus-mova-profi-air-dn90-kopija-1-1.png\" \/>\n\t<meta property=\"og:image:width\" content=\"270\" \/>\n\t<meta property=\"og:image:height\" content=\"270\" \/>\n\t<meta property=\"og:image:type\" content=\"image\/png\" \/>\n<meta name=\"twitter:card\" content=\"summary_large_image\" \/>\n<meta name=\"twitter:label1\" content=\"Est. reading time\" \/>\n\t<meta name=\"twitter:data1\" content=\"1 minute\" \/>\n<script type=\"application\/ld+json\" class=\"yoast-schema-graph\">{\"@context\":\"https:\/\/schema.org\",\"@graph\":[{\"@type\":\"WebPage\",\"@id\":\"https:\/\/parduotuve.kondena.lt\/en\/produktai\/sujungimo-mova-lanskciam-ortakiui-dn90\/\",\"url\":\"https:\/\/parduotuve.kondena.lt\/en\/produktai\/sujungimo-mova-lanskciam-ortakiui-dn90\/\",\"name\":\"I\u0161orin\u0117 jungtis lansk\u010diam ortakiui D75mm - Kondena\",\"isPartOf\":{\"@id\":\"https:\/\/parduotuve.kondena.lt\/#website\"},\"datePublished\":\"2021-10-07T12:40:59+00:00\",\"dateModified\":\"2022-02-07T07:11:14+00:00\",\"description\":\"Sujungimo mova lansk\u010diam ortakiui DN90 - Skirta 90mm diametro lankstaus ortakio sujungimui. Reikalinga tarpin\u0117 gumyt\u0117\",\"breadcrumb\":{\"@id\":\"https:\/\/parduotuve.kondena.lt\/en\/produktai\/sujungimo-mova-lanskciam-ortakiui-dn90\/#breadcrumb\"},\"inLanguage\":\"en-US\",\"potentialAction\":[{\"@type\":\"ReadAction\",\"target\":[\"https:\/\/parduotuve.kondena.lt\/en\/produktai\/sujungimo-mova-lanskciam-ortakiui-dn90\/\"]}]},{\"@type\":\"BreadcrumbList\",\"@id\":\"https:\/\/parduotuve.kondena.lt\/en\/produktai\/sujungimo-mova-lanskciam-ortakiui-dn90\/#breadcrumb\",\"itemListElement\":[{\"@type\":\"ListItem\",\"position\":1,\"name\":\"Parduotuv\u0117\",\"item\":\"https:\/\/parduotuve.kondena.lt\/parduotuve\/\"},{\"@type\":\"ListItem\",\"position\":2,\"name\":\"I\u0161orin\u0117 jungtis lansk\u010diam ortakiui D75mm\"}]},{\"@type\":\"WebSite\",\"@id\":\"https:\/\/parduotuve.kondena.lt\/#website\",\"url\":\"https:\/\/parduotuve.kondena.lt\/\",\"name\":\"Kondena\",\"description\":\"Kol kas tik dar vienas WordPress tinklalapis\",\"potentialAction\":[{\"@type\":\"SearchAction\",\"target\":{\"@type\":\"EntryPoint\",\"urlTemplate\":\"https:\/\/parduotuve.kondena.lt\/?s={search_term_string}\"},\"query-input\":\"required name=search_term_string\"}],\"inLanguage\":\"en-US\"}]}<\/script>\n<!-- \/ Yoast SEO plugin. -->","yoast_head_json":{"title":"I\u0161orin\u0117 jungtis lansk\u010diam ortakiui D75mm - Kondena","description":"Sujungimo mova lansk\u010diam ortakiui DN90 - Skirta 90mm diametro lankstaus ortakio sujungimui. Reikalinga tarpin\u0117 gumyt\u0117","robots":{"index":"index","follow":"follow","max-snippet":"max-snippet:-1","max-image-preview":"max-image-preview:large","max-video-preview":"max-video-preview:-1"},"canonical":"https:\/\/parduotuve.kondena.lt\/en\/produktai\/sujungimo-mova-lanskciam-ortakiui-dn90\/","og_locale":"en_US","og_type":"article","og_title":"I\u0161orin\u0117 jungtis lansk\u010diam ortakiui D75mm - Kondena","og_description":"Sujungimo mova lansk\u010diam ortakiui DN90 - Skirta 90mm diametro lankstaus ortakio sujungimui. Reikalinga tarpin\u0117 gumyt\u0117","og_url":"https:\/\/parduotuve.kondena.lt\/en\/produktai\/sujungimo-mova-lanskciam-ortakiui-dn90\/","og_site_name":"Kondena","article_modified_time":"2022-02-07T07:11:14+00:00","og_image":[{"width":270,"height":270,"url":"https:\/\/parduotuve.kondena.lt\/wp-content\/uploads\/2021\/10\/frankische-kolektoriaus-mova-profi-air-dn90-kopija-1-1.png","type":"image\/png"}],"twitter_card":"summary_large_image","twitter_misc":{"Est. reading time":"1 minute"},"schema":{"@context":"https:\/\/schema.org","@graph":[{"@type":"WebPage","@id":"https:\/\/parduotuve.kondena.lt\/en\/produktai\/sujungimo-mova-lanskciam-ortakiui-dn90\/","url":"https:\/\/parduotuve.kondena.lt\/en\/produktai\/sujungimo-mova-lanskciam-ortakiui-dn90\/","name":"I\u0161orin\u0117 jungtis lansk\u010diam ortakiui D75mm - Kondena","isPartOf":{"@id":"https:\/\/parduotuve.kondena.lt\/#website"},"datePublished":"2021-10-07T12:40:59+00:00","dateModified":"2022-02-07T07:11:14+00:00","description":"Sujungimo mova lansk\u010diam ortakiui DN90 - Skirta 90mm diametro lankstaus ortakio sujungimui. Reikalinga tarpin\u0117 gumyt\u0117","breadcrumb":{"@id":"https:\/\/parduotuve.kondena.lt\/en\/produktai\/sujungimo-mova-lanskciam-ortakiui-dn90\/#breadcrumb"},"inLanguage":"en-US","potentialAction":[{"@type":"ReadAction","target":["https:\/\/parduotuve.kondena.lt\/en\/produktai\/sujungimo-mova-lanskciam-ortakiui-dn90\/"]}]},{"@type":"BreadcrumbList","@id":"https:\/\/parduotuve.kondena.lt\/en\/produktai\/sujungimo-mova-lanskciam-ortakiui-dn90\/#breadcrumb","itemListElement":[{"@type":"ListItem","position":1,"name":"Parduotuv\u0117","item":"https:\/\/parduotuve.kondena.lt\/parduotuve\/"},{"@type":"ListItem","position":2,"name":"I\u0161orin\u0117 jungtis lansk\u010diam ortakiui D75mm"}]},{"@type":"WebSite","@id":"https:\/\/parduotuve.kondena.lt\/#website","url":"https:\/\/parduotuve.kondena.lt\/","name":"Kondena","description":"Kol kas tik dar vienas WordPress tinklalapis","potentialAction":[{"@type":"SearchAction","target":{"@type":"EntryPoint","urlTemplate":"https:\/\/parduotuve.kondena.lt\/?s={search_term_string}"},"query-input":"required name=search_term_string"}],"inLanguage":"en-US"}]}},"_links":{"self":[{"href":"https:\/\/parduotuve.kondena.lt\/en\/wp-json\/wp\/v2\/product\/10891","targetHints":{"allow":["GET"]}}],"collection":[{"href":"https:\/\/parduotuve.kondena.lt\/en\/wp-json\/wp\/v2\/product"}],"about":[{"href":"https:\/\/parduotuve.kondena.lt\/en\/wp-json\/wp\/v2\/types\/product"}],"replies":[{"embeddable":true,"href":"https:\/\/parduotuve.kondena.lt\/en\/wp-json\/wp\/v2\/comments?post=10891"}],"wp:featuredmedia":[{"embeddable":true,"href":"https:\/\/parduotuve.kondena.lt\/en\/wp-json\/wp\/v2\/media\/10893"}],"wp:attachment":[{"href":"https:\/\/parduotuve.kondena.lt\/en\/wp-json\/wp\/v2\/media?parent=10891"}],"wp:term":[{"taxonomy":"product_cat","embeddable":true,"href":"https:\/\/parduotuve.kondena.lt\/en\/wp-json\/wp\/v2\/product_cat?post=10891"},{"taxonomy":"product_tag","embeddable":true,"href":"https:\/\/parduotuve.kondena.lt\/en\/wp-json\/wp\/v2\/product_tag?post=10891"}],"curies":[{"name":"wp","href":"https:\/\/api.w.org\/{rel}","templated":true}]}}