{"id":10880,"date":"2021-10-07T12:36:43","date_gmt":"2021-10-07T12:36:43","guid":{"rendered":"https:\/\/parduotuve.kondena.lt\/?post_type=product&#038;p=10880"},"modified":"2025-04-15T07:30:16","modified_gmt":"2025-04-15T06:30:16","slug":"lankstus-ortakis-rec-flex-hdpea","status":"publish","type":"product","link":"https:\/\/parduotuve.kondena.lt\/en\/produktai\/lankstus-ortakis-rec-flex-hdpea\/","title":{"rendered":"Lankstus ortakis REC Flex HDPEA 75\/63MM"},"content":{"rendered":"<p>Lankstus ortakis REC Flex HDPEA 75\/63MM ortakis, m\u0117lynas 50m.<\/p>\n<ul>\n<li>Ortakis skirtas ved\u017eioti patalpose.<\/li>\n<li>Kokybi\u0161kas, su ma\u017eais sl\u0117gio nuostoliais.<\/li>\n<li>Rulonas parduodama po 50 m.<\/li>\n<\/ul>\n<p>&nbsp;<\/p>\n<p>&nbsp;<\/p>\n<p>Kaina nurodyta 50 metr\u0173 rulono.<\/p>","protected":false},"excerpt":{"rendered":"<ul>\n<li>Ortakis skirtas ved\u017eioti patalpose.<\/li>\n<li>Kokybi\u0161kas, su ma\u017eais sl\u0117gio nuostoliais.<\/li>\n<li>Rulonas parduodamas po 50 m.<\/li>\n<\/ul>","protected":false},"featured_media":10890,"comment_status":"open","ping_status":"closed","template":"","meta":[],"product_cat":[141,176],"product_tag":[],"class_list":["post-10880","product","type-product","status-publish","has-post-thumbnail","hentry","product_cat-vedinimas","product_cat-lanksti-ortakiu-systema"],"acf":[],"yoast_head":"<!-- This site is optimized with the Yoast SEO plugin v20.13 - https:\/\/yoast.com\/wordpress\/plugins\/seo\/ -->\n<title>Lankstus ortakis REC Flex HDPEA 75\/63MM - Kondena<\/title>\n<meta name=\"description\" content=\"Lankstus ortakis REC Flex HDPEA 75 ortakis, m\u0117lynas 50m. Ortakis yra antibakterinis su lygiu vidiniu pavir\u0161iumi.\" \/>\n<meta name=\"robots\" content=\"index, follow, max-snippet:-1, max-image-preview:large, max-video-preview:-1\" \/>\n<link rel=\"canonical\" href=\"https:\/\/parduotuve.kondena.lt\/en\/produktai\/lankstus-ortakis-rec-flex-hdpea\/\" \/>\n<meta property=\"og:locale\" content=\"en_US\" \/>\n<meta property=\"og:type\" content=\"article\" \/>\n<meta property=\"og:title\" content=\"Lankstus ortakis REC Flex HDPEA 75\/63MM - Kondena\" \/>\n<meta property=\"og:description\" content=\"Lankstus ortakis REC Flex HDPEA 75 ortakis, m\u0117lynas 50m. Ortakis yra antibakterinis su lygiu vidiniu pavir\u0161iumi.\" \/>\n<meta property=\"og:url\" content=\"https:\/\/parduotuve.kondena.lt\/en\/produktai\/lankstus-ortakis-rec-flex-hdpea\/\" \/>\n<meta property=\"og:site_name\" content=\"Kondena\" \/>\n<meta property=\"article:modified_time\" content=\"2025-04-15T06:30:16+00:00\" \/>\n<meta property=\"og:image\" content=\"https:\/\/parduotuve.kondena.lt\/wp-content\/uploads\/2021\/10\/lankstus-ortakis-75-mm.png\" \/>\n\t<meta property=\"og:image:width\" content=\"500\" \/>\n\t<meta property=\"og:image:height\" content=\"500\" \/>\n\t<meta property=\"og:image:type\" content=\"image\/png\" \/>\n<meta name=\"twitter:card\" content=\"summary_large_image\" \/>\n<meta name=\"twitter:label1\" content=\"Est. reading time\" \/>\n\t<meta name=\"twitter:data1\" content=\"1 minute\" \/>\n<script type=\"application\/ld+json\" class=\"yoast-schema-graph\">{\"@context\":\"https:\/\/schema.org\",\"@graph\":[{\"@type\":\"WebPage\",\"@id\":\"https:\/\/parduotuve.kondena.lt\/produktai\/lankstus-ortakis-rec-flex-hdpea\/\",\"url\":\"https:\/\/parduotuve.kondena.lt\/produktai\/lankstus-ortakis-rec-flex-hdpea\/\",\"name\":\"Lankstus ortakis REC Flex HDPEA 75\/63MM - Kondena\",\"isPartOf\":{\"@id\":\"https:\/\/parduotuve.kondena.lt\/#website\"},\"datePublished\":\"2021-10-07T12:36:43+00:00\",\"dateModified\":\"2025-04-15T06:30:16+00:00\",\"description\":\"Lankstus ortakis REC Flex HDPEA 75 ortakis, m\u0117lynas 50m. Ortakis yra antibakterinis su lygiu vidiniu pavir\u0161iumi.\",\"breadcrumb\":{\"@id\":\"https:\/\/parduotuve.kondena.lt\/produktai\/lankstus-ortakis-rec-flex-hdpea\/#breadcrumb\"},\"inLanguage\":\"en-US\",\"potentialAction\":[{\"@type\":\"ReadAction\",\"target\":[\"https:\/\/parduotuve.kondena.lt\/produktai\/lankstus-ortakis-rec-flex-hdpea\/\"]}]},{\"@type\":\"BreadcrumbList\",\"@id\":\"https:\/\/parduotuve.kondena.lt\/produktai\/lankstus-ortakis-rec-flex-hdpea\/#breadcrumb\",\"itemListElement\":[{\"@type\":\"ListItem\",\"position\":1,\"name\":\"Parduotuv\u0117\",\"item\":\"https:\/\/parduotuve.kondena.lt\/parduotuve\/\"},{\"@type\":\"ListItem\",\"position\":2,\"name\":\"Lankstus ortakis REC Flex HDPEA 75\/63MM\"}]},{\"@type\":\"WebSite\",\"@id\":\"https:\/\/parduotuve.kondena.lt\/#website\",\"url\":\"https:\/\/parduotuve.kondena.lt\/\",\"name\":\"Kondena\",\"description\":\"Kol kas tik dar vienas WordPress tinklalapis\",\"potentialAction\":[{\"@type\":\"SearchAction\",\"target\":{\"@type\":\"EntryPoint\",\"urlTemplate\":\"https:\/\/parduotuve.kondena.lt\/?s={search_term_string}\"},\"query-input\":\"required name=search_term_string\"}],\"inLanguage\":\"en-US\"}]}<\/script>\n<!-- \/ Yoast SEO plugin. -->","yoast_head_json":{"title":"Lankstus ortakis REC Flex HDPEA 75\/63MM - Kondena","description":"Lankstus ortakis REC Flex HDPEA 75 ortakis, m\u0117lynas 50m. Ortakis yra antibakterinis su lygiu vidiniu pavir\u0161iumi.","robots":{"index":"index","follow":"follow","max-snippet":"max-snippet:-1","max-image-preview":"max-image-preview:large","max-video-preview":"max-video-preview:-1"},"canonical":"https:\/\/parduotuve.kondena.lt\/en\/produktai\/lankstus-ortakis-rec-flex-hdpea\/","og_locale":"en_US","og_type":"article","og_title":"Lankstus ortakis REC Flex HDPEA 75\/63MM - Kondena","og_description":"Lankstus ortakis REC Flex HDPEA 75 ortakis, m\u0117lynas 50m. Ortakis yra antibakterinis su lygiu vidiniu pavir\u0161iumi.","og_url":"https:\/\/parduotuve.kondena.lt\/en\/produktai\/lankstus-ortakis-rec-flex-hdpea\/","og_site_name":"Kondena","article_modified_time":"2025-04-15T06:30:16+00:00","og_image":[{"width":500,"height":500,"url":"https:\/\/parduotuve.kondena.lt\/wp-content\/uploads\/2021\/10\/lankstus-ortakis-75-mm.png","type":"image\/png"}],"twitter_card":"summary_large_image","twitter_misc":{"Est. reading time":"1 minute"},"schema":{"@context":"https:\/\/schema.org","@graph":[{"@type":"WebPage","@id":"https:\/\/parduotuve.kondena.lt\/produktai\/lankstus-ortakis-rec-flex-hdpea\/","url":"https:\/\/parduotuve.kondena.lt\/produktai\/lankstus-ortakis-rec-flex-hdpea\/","name":"Lankstus ortakis REC Flex HDPEA 75\/63MM - Kondena","isPartOf":{"@id":"https:\/\/parduotuve.kondena.lt\/#website"},"datePublished":"2021-10-07T12:36:43+00:00","dateModified":"2025-04-15T06:30:16+00:00","description":"Lankstus ortakis REC Flex HDPEA 75 ortakis, m\u0117lynas 50m. Ortakis yra antibakterinis su lygiu vidiniu pavir\u0161iumi.","breadcrumb":{"@id":"https:\/\/parduotuve.kondena.lt\/produktai\/lankstus-ortakis-rec-flex-hdpea\/#breadcrumb"},"inLanguage":"en-US","potentialAction":[{"@type":"ReadAction","target":["https:\/\/parduotuve.kondena.lt\/produktai\/lankstus-ortakis-rec-flex-hdpea\/"]}]},{"@type":"BreadcrumbList","@id":"https:\/\/parduotuve.kondena.lt\/produktai\/lankstus-ortakis-rec-flex-hdpea\/#breadcrumb","itemListElement":[{"@type":"ListItem","position":1,"name":"Parduotuv\u0117","item":"https:\/\/parduotuve.kondena.lt\/parduotuve\/"},{"@type":"ListItem","position":2,"name":"Lankstus ortakis REC Flex HDPEA 75\/63MM"}]},{"@type":"WebSite","@id":"https:\/\/parduotuve.kondena.lt\/#website","url":"https:\/\/parduotuve.kondena.lt\/","name":"Kondena","description":"Kol kas tik dar vienas WordPress tinklalapis","potentialAction":[{"@type":"SearchAction","target":{"@type":"EntryPoint","urlTemplate":"https:\/\/parduotuve.kondena.lt\/?s={search_term_string}"},"query-input":"required name=search_term_string"}],"inLanguage":"en-US"}]}},"_links":{"self":[{"href":"https:\/\/parduotuve.kondena.lt\/en\/wp-json\/wp\/v2\/product\/10880","targetHints":{"allow":["GET"]}}],"collection":[{"href":"https:\/\/parduotuve.kondena.lt\/en\/wp-json\/wp\/v2\/product"}],"about":[{"href":"https:\/\/parduotuve.kondena.lt\/en\/wp-json\/wp\/v2\/types\/product"}],"replies":[{"embeddable":true,"href":"https:\/\/parduotuve.kondena.lt\/en\/wp-json\/wp\/v2\/comments?post=10880"}],"wp:featuredmedia":[{"embeddable":true,"href":"https:\/\/parduotuve.kondena.lt\/en\/wp-json\/wp\/v2\/media\/10890"}],"wp:attachment":[{"href":"https:\/\/parduotuve.kondena.lt\/en\/wp-json\/wp\/v2\/media?parent=10880"}],"wp:term":[{"taxonomy":"product_cat","embeddable":true,"href":"https:\/\/parduotuve.kondena.lt\/en\/wp-json\/wp\/v2\/product_cat?post=10880"},{"taxonomy":"product_tag","embeddable":true,"href":"https:\/\/parduotuve.kondena.lt\/en\/wp-json\/wp\/v2\/product_tag?post=10880"}],"curies":[{"name":"wp","href":"https:\/\/api.w.org\/{rel}","templated":true}]}}