{"id":11666,"date":"2021-10-22T06:14:59","date_gmt":"2021-10-22T06:14:59","guid":{"rendered":"https:\/\/parduotuve.kondena.lt\/?page_id=11666"},"modified":"2021-10-22T06:18:41","modified_gmt":"2021-10-22T06:18:41","slug":"patarimai","status":"publish","type":"page","link":"https:\/\/parduotuve.kondena.lt\/en\/patarimai\/","title":{"rendered":"Advices"},"content":{"rendered":"<section class=\"wpb-content-wrapper\"><div class=\"vc_row wpb_row vc_row-fluid\"><div class=\"wpb_column vc_column_container vc_col-sm-12\"><div class=\"vc_column-inner\"><div class=\"wpb_wrapper\"><div id=\"blog-posts-products\" class=\"blog-posts-content posts-content grid\"><div id=\"blog_grid\" class=\"blog-grid grid cols-1\"><div class=\"item container  last\"><div class=\"container-inner\"><div class=\"post-image-outer\"><div class=\"post-image\"><img decoding=\"async\" src=\"https:\/\/parduotuve.kondena.lt\/wp-content\/uploads\/2021\/11\/daniel-mccullough-HtBlQdxfG9k-unsplash-scaled-400x300_t.jpg\" title=\"\u0160VOK sistem\u0173 projektavimas | \u0160ildymas, v\u0117dinimas bei oro kondicionavimas\" alt=\"\u0160VOK sistem\u0173 projektavimas | \u0160ildymas, v\u0117dinimas bei oro kondicionavimas\" \/><div class=\"block_hover\"><div class=\"links\"><a href=\"https:\/\/parduotuve.kondena.lt\/wp-content\/uploads\/2021\/11\/daniel-mccullough-HtBlQdxfG9k-unsplash-scaled.jpg\" class=\"icon mustang-gallery\"><i class=\"fa fa-plus\"><\/i><\/a><a href=\"https:\/\/parduotuve.kondena.lt\/en\/svok-sistemu-projektavimas-sildymas-vedinimas-bei-oro-kondicionavimas\/\" class=\"icon\"><i class=\"fa fa-link\"><\/i><\/a><\/div><\/div><\/div><\/div><div class=\"post-content-outer\"><div class=\"post-title\"><a href=\"https:\/\/parduotuve.kondena.lt\/en\/svok-sistemu-projektavimas-sildymas-vedinimas-bei-oro-kondicionavimas\/\" title=\"\u0160VOK sistem\u0173 projektavimas | \u0160ildymas, v\u0117dinimas bei oro kondicionavimas\">\u0160VOK sistem\u0173 projektavimas | \u0160ildymas, v\u0117dinimas bei oro kondicionavimas<\/a><\/div><div class=\"entry-meta\"><div class=\"meta-inner\"><span class=\"entry-date\"><span class=\"day-year\">7th November, 2021<\/span><\/span><\/div><div class=\"meta-inner\"><div class=\"comments-link\"><a href=\"https:\/\/parduotuve.kondena.lt\/en\/svok-sistemu-projektavimas-sildymas-vedinimas-bei-oro-kondicionavimas\/\"><i class=\"fa fa-comments\"><\/i>0 comments<\/a><\/div><\/div><\/div><div class=\"post-description\">\nAuk\u0161\u010diausiam j\u016bs\u0173 nam\u0173 mikroklimato komfortui pasiekti reikalingas teisingas \u0160VOK sistemos projektas.<\/div><div class=\"read-more\"><a class=\"read-more-link\" href=\"https:\/\/parduotuve.kondena.lt\/en\/svok-sistemu-projektavimas-sildymas-vedinimas-bei-oro-kondicionavimas\/\" title=\"\u0160VOK sistem\u0173 projektavimas | \u0160ildymas, v\u0117dinimas bei oro kondicionavimas\">Read More<\/a><\/div><\/div><\/div><\/div><div class=\"item container  last\"><div class=\"container-inner\"><div class=\"post-image-outer\"><div class=\"post-image\"><img decoding=\"async\" src=\"https:\/\/parduotuve.kondena.lt\/wp-content\/uploads\/2021\/11\/testo-440_real-400x300_t.png\" title=\"ORO SRAUTO MATAVIMAS | \u0160VOK SISTEMOS\" alt=\"ORO SRAUTO MATAVIMAS | \u0160VOK SISTEMOS\" \/><div class=\"block_hover\"><div class=\"links\"><a href=\"https:\/\/parduotuve.kondena.lt\/wp-content\/uploads\/2021\/11\/testo-440_real.png\" class=\"icon mustang-gallery\"><i class=\"fa fa-plus\"><\/i><\/a><a href=\"https:\/\/parduotuve.kondena.lt\/en\/oro-srauto-matavimas\/\" class=\"icon\"><i class=\"fa fa-link\"><\/i><\/a><\/div><\/div><\/div><\/div><div class=\"post-content-outer\"><div class=\"post-title\"><a href=\"https:\/\/parduotuve.kondena.lt\/en\/oro-srauto-matavimas\/\" title=\"ORO SRAUTO MATAVIMAS | \u0160VOK SISTEMOS\">ORO SRAUTO MATAVIMAS | \u0160VOK SISTEMOS<\/a><\/div><div class=\"entry-meta\"><div class=\"meta-inner\"><span class=\"entry-date\"><span class=\"day-year\">6th November, 2021<\/span><\/span><\/div><div class=\"meta-inner\"><div class=\"comments-link\"><a href=\"https:\/\/parduotuve.kondena.lt\/en\/oro-srauto-matavimas\/\"><i class=\"fa fa-comments\"><\/i>0 comments<\/a><\/div><\/div><\/div><div class=\"post-description\">\nTiesiog nusipirkti ir sumontuoti ortakin\u0119 rekuperacin\u0119 sistem\u0105, oro \u0161ildymo ar oro kondicionavimo<\/div><div class=\"read-more\"><a class=\"read-more-link\" href=\"https:\/\/parduotuve.kondena.lt\/en\/oro-srauto-matavimas\/\" title=\"ORO SRAUTO MATAVIMAS | \u0160VOK SISTEMOS\">Read More<\/a><\/div><\/div><\/div><\/div><div class=\"item container  last\"><div class=\"container-inner\"><div class=\"post-image-outer\"><div class=\"post-image\"><img decoding=\"async\" src=\"https:\/\/parduotuve.kondena.lt\/wp-content\/uploads\/2021\/11\/scott-graham-5fNmWej4tAA-unsplash-scaled-400x300_t.jpg\" title=\"KONSULTAVIMAS | \u0160ildymas, v\u0117dinimas ir oro kondicionavimas\" alt=\"KONSULTAVIMAS | \u0160ildymas, v\u0117dinimas ir oro kondicionavimas\" \/><div class=\"block_hover\"><div class=\"links\"><a href=\"https:\/\/parduotuve.kondena.lt\/wp-content\/uploads\/2021\/11\/scott-graham-5fNmWej4tAA-unsplash-scaled.jpg\" class=\"icon mustang-gallery\"><i class=\"fa fa-plus\"><\/i><\/a><a href=\"https:\/\/parduotuve.kondena.lt\/en\/konsultavimas\/\" class=\"icon\"><i class=\"fa fa-link\"><\/i><\/a><\/div><\/div><\/div><\/div><div class=\"post-content-outer\"><div class=\"post-title\"><a href=\"https:\/\/parduotuve.kondena.lt\/en\/konsultavimas\/\" title=\"KONSULTAVIMAS | \u0160ildymas, v\u0117dinimas ir oro kondicionavimas\">KONSULTAVIMAS | \u0160ildymas, v\u0117dinimas ir oro kondicionavimas<\/a><\/div><div class=\"entry-meta\"><div class=\"meta-inner\"><span class=\"entry-date\"><span class=\"day-year\">5th November, 2021<\/span><\/span><\/div><div class=\"meta-inner\"><div class=\"comments-link\"><a href=\"https:\/\/parduotuve.kondena.lt\/en\/konsultavimas\/\"><i class=\"fa fa-comments\"><\/i>0 comments<\/a><\/div><\/div><\/div><div class=\"post-description\">\nKondenos komandos profesionalai pasiruo\u0161\u0119 jums pad\u0117ti visais v\u0117dinimo sistem\u0173, \u0161ildymo bei oro<\/div><div class=\"read-more\"><a class=\"read-more-link\" href=\"https:\/\/parduotuve.kondena.lt\/en\/konsultavimas\/\" title=\"KONSULTAVIMAS | \u0160ildymas, v\u0117dinimas ir oro kondicionavimas\">Read More<\/a><\/div><\/div><\/div><\/div><div class=\"item container  last\"><div class=\"container-inner\"><div class=\"post-image-outer\"><div class=\"post-image\"><img decoding=\"async\" src=\"https:\/\/parduotuve.kondena.lt\/wp-content\/uploads\/2021\/11\/pexels-fauxels-3184306-scaled-400x300_t.jpg\" title=\"\u012eRANGOS IR MED\u017dIAG\u0172 PARINKIMAS | \u0160VOK sistemos projektavimas\" alt=\"\u012eRANGOS IR MED\u017dIAG\u0172 PARINKIMAS | \u0160VOK sistemos projektavimas\" \/><div class=\"block_hover\"><div class=\"links\"><a href=\"https:\/\/parduotuve.kondena.lt\/wp-content\/uploads\/2021\/11\/pexels-fauxels-3184306-scaled.jpg\" class=\"icon mustang-gallery\"><i class=\"fa fa-plus\"><\/i><\/a><a href=\"https:\/\/parduotuve.kondena.lt\/en\/irangos-ir-medziagu-parinkimas\/\" class=\"icon\"><i class=\"fa fa-link\"><\/i><\/a><\/div><\/div><\/div><\/div><div class=\"post-content-outer\"><div class=\"post-title\"><a href=\"https:\/\/parduotuve.kondena.lt\/en\/irangos-ir-medziagu-parinkimas\/\" title=\"\u012eRANGOS IR MED\u017dIAG\u0172 PARINKIMAS | \u0160VOK sistemos projektavimas\">\u012eRANGOS IR MED\u017dIAG\u0172 PARINKIMAS | \u0160VOK sistemos projektavimas<\/a><\/div><div class=\"entry-meta\"><div class=\"meta-inner\"><span class=\"entry-date\"><span class=\"day-year\">4th November, 2021<\/span><\/span><\/div><div class=\"meta-inner\"><div class=\"comments-link\"><a href=\"https:\/\/parduotuve.kondena.lt\/en\/irangos-ir-medziagu-parinkimas\/\"><i class=\"fa fa-comments\"><\/i>0 comments<\/a><\/div><\/div><\/div><div class=\"post-description\">\nGalime ne tik suprojektuoti vis\u0105 v\u0117dinimo sistem\u0105, bet ir parinkti tinkamiausi\u0105 \u012frang\u0105 bei med\u017eiagas<\/div><div class=\"read-more\"><a class=\"read-more-link\" href=\"https:\/\/parduotuve.kondena.lt\/en\/irangos-ir-medziagu-parinkimas\/\" title=\"\u012eRANGOS IR MED\u017dIAG\u0172 PARINKIMAS | \u0160VOK sistemos projektavimas\">Read More<\/a><\/div><\/div><\/div><\/div><div class=\"item container  last\"><div class=\"container-inner\"><div class=\"post-image-outer\"><div class=\"post-image\"><img decoding=\"async\" src=\"https:\/\/parduotuve.kondena.lt\/wp-content\/uploads\/2021\/11\/pexels-kateryna-babaieva-2760243-scaled-400x300_t.jpg\" title=\"MONTAVIMAS | \u0160VOK sistemos sprendiniai\" alt=\"MONTAVIMAS | \u0160VOK sistemos sprendiniai\" \/><div class=\"block_hover\"><div class=\"links\"><a href=\"https:\/\/parduotuve.kondena.lt\/wp-content\/uploads\/2021\/11\/pexels-kateryna-babaieva-2760243-scaled.jpg\" class=\"icon mustang-gallery\"><i class=\"fa fa-plus\"><\/i><\/a><a href=\"https:\/\/parduotuve.kondena.lt\/en\/montavimas\/\" class=\"icon\"><i class=\"fa fa-link\"><\/i><\/a><\/div><\/div><\/div><\/div><div class=\"post-content-outer\"><div class=\"post-title\"><a href=\"https:\/\/parduotuve.kondena.lt\/en\/montavimas\/\" title=\"MONTAVIMAS | \u0160VOK sistemos sprendiniai\">MONTAVIMAS | \u0160VOK sistemos sprendiniai<\/a><\/div><div class=\"entry-meta\"><div class=\"meta-inner\"><span class=\"entry-date\"><span class=\"day-year\">3rd November, 2021<\/span><\/span><\/div><div class=\"meta-inner\"><div class=\"comments-link\"><a href=\"https:\/\/parduotuve.kondena.lt\/en\/montavimas\/\"><i class=\"fa fa-comments\"><\/i>0 comments<\/a><\/div><\/div><\/div><div class=\"post-description\">\nReikalinga pagalba sumontuoti \u012frenginius?\n\n\n\nGALIME PAD\u0116TI!\n\n\n\nMontuojame vis\u0173 tip\u0173 oro kondicionieri\u0173<\/div><div class=\"read-more\"><a class=\"read-more-link\" href=\"https:\/\/parduotuve.kondena.lt\/en\/montavimas\/\" title=\"MONTAVIMAS | \u0160VOK sistemos sprendiniai\">Read More<\/a><\/div><\/div><\/div><\/div><div class=\"item container  last\"><div class=\"container-inner\"><div class=\"post-image-outer\"><div class=\"post-image\"><img decoding=\"async\" src=\"https:\/\/parduotuve.kondena.lt\/wp-content\/uploads\/2021\/11\/pexels-matilda-wormwood-4098786-scaled-400x300_t.jpg\" title=\"DEZINFEKAVIMO SPRENDIMAI NAMAMS IR PRAMONEI | UV-C | Ozonas\" alt=\"DEZINFEKAVIMO SPRENDIMAI NAMAMS IR PRAMONEI | UV-C | Ozonas\" \/><div class=\"block_hover\"><div class=\"links\"><a href=\"https:\/\/parduotuve.kondena.lt\/wp-content\/uploads\/2021\/11\/pexels-matilda-wormwood-4098786-scaled.jpg\" class=\"icon mustang-gallery\"><i class=\"fa fa-plus\"><\/i><\/a><a href=\"https:\/\/parduotuve.kondena.lt\/en\/dezinfekavimo-sprendimai\/\" class=\"icon\"><i class=\"fa fa-link\"><\/i><\/a><\/div><\/div><\/div><\/div><div class=\"post-content-outer\"><div class=\"post-title\"><a href=\"https:\/\/parduotuve.kondena.lt\/en\/dezinfekavimo-sprendimai\/\" title=\"DEZINFEKAVIMO SPRENDIMAI NAMAMS IR PRAMONEI | UV-C | Ozonas\">DEZINFEKAVIMO SPRENDIMAI NAMAMS IR PRAMONEI | UV-C | Ozonas<\/a><\/div><div class=\"entry-meta\"><div class=\"meta-inner\"><span class=\"entry-date\"><span class=\"day-year\">2nd November, 2021<\/span><\/span><\/div><div class=\"meta-inner\"><div class=\"comments-link\"><a href=\"https:\/\/parduotuve.kondena.lt\/en\/dezinfekavimo-sprendimai\/\"><i class=\"fa fa-comments\"><\/i>0 comments<\/a><\/div><\/div><\/div><div class=\"post-description\">\nKondenos komanda si\u016blo patikrintus dezinfekcijos sprendimus: UV-C lempas bei ozon\u0105!\n\n\n\nGalimybe<\/div><div class=\"read-more\"><a class=\"read-more-link\" href=\"https:\/\/parduotuve.kondena.lt\/en\/dezinfekavimo-sprendimai\/\" title=\"DEZINFEKAVIMO SPRENDIMAI NAMAMS IR PRAMONEI | UV-C | Ozonas\">Read More<\/a><\/div><\/div><\/div><\/div><div class=\"item container  last\"><div class=\"container-inner\"><div class=\"post-image-outer\"><div class=\"post-image\"><img decoding=\"async\" src=\"https:\/\/parduotuve.kondena.lt\/wp-content\/uploads\/2021\/11\/francisco-suarez-0EkWTSFXwCc-unsplash-scaled-400x300_t.jpg\" title=\"VIRTUV\u0116S OZONAVIMO SPRENDIMAI | Ozonavimo sprendimai\" alt=\"VIRTUV\u0116S OZONAVIMO SPRENDIMAI | Ozonavimo sprendimai\" \/><div class=\"block_hover\"><div class=\"links\"><a href=\"https:\/\/parduotuve.kondena.lt\/wp-content\/uploads\/2021\/11\/francisco-suarez-0EkWTSFXwCc-unsplash-scaled.jpg\" class=\"icon mustang-gallery\"><i class=\"fa fa-plus\"><\/i><\/a><a href=\"https:\/\/parduotuve.kondena.lt\/en\/virtuves-ozonavimo-sprendimai\/\" class=\"icon\"><i class=\"fa fa-link\"><\/i><\/a><\/div><\/div><\/div><\/div><div class=\"post-content-outer\"><div class=\"post-title\"><a href=\"https:\/\/parduotuve.kondena.lt\/en\/virtuves-ozonavimo-sprendimai\/\" title=\"VIRTUV\u0116S OZONAVIMO SPRENDIMAI | Ozonavimo sprendimai\">VIRTUV\u0116S OZONAVIMO SPRENDIMAI | Ozonavimo sprendimai<\/a><\/div><div class=\"entry-meta\"><div class=\"meta-inner\"><span class=\"entry-date\"><span class=\"day-year\">1st November, 2021<\/span><\/span><\/div><div class=\"meta-inner\"><div class=\"comments-link\"><a href=\"https:\/\/parduotuve.kondena.lt\/en\/virtuves-ozonavimo-sprendimai\/\"><i class=\"fa fa-comments\"><\/i>0 comments<\/a><\/div><\/div><\/div><div class=\"post-description\">\nKondena komanda si\u016blo ekonomi\u0161kiausi\u0105 b\u016bd\u0105 i\u0161spr\u0119sti kvap\u0173 problemas, suma\u017einti gaisro rizik\u0105 ir<\/div><div class=\"read-more\"><a class=\"read-more-link\" href=\"https:\/\/parduotuve.kondena.lt\/en\/virtuves-ozonavimo-sprendimai\/\" title=\"VIRTUV\u0116S OZONAVIMO SPRENDIMAI | Ozonavimo sprendimai\">Read More<\/a><\/div><\/div><\/div><\/div><\/div><\/div><\/div><\/div><\/div><\/div>\n<\/section>","protected":false},"excerpt":{"rendered":"Kondena komanda si\u016blo ekonomi\u0161kiausi\u0105 b\u016bd\u0105 i\u0161spr\u0119sti kvap\u0173 problemas, suma\u017einti gaisro rizik\u0105 ir suma\u017einti komercini\u0173 virtuvi\u0173 poveik\u012f aplinkai! Kod\u0117l virtuv\u0117s gar\u0173 apdorojimas ozonu? I\u0161 komercini\u0173 virtuvi\u0173 ir restoran\u0173, ypa\u010d virtuvi\u0173, kuriose da\u017enai naudojami gruzdintuvai, i\u0161leid\u017eiami gaminimo garai turi daug riebal\u0173. D\u016bmuose yra \u0161ilumos energijos, kvapo molekuli\u0173, suod\u017ei\u0173 ir riebal\u0173 daleli\u0173. D\u0117l \u0161ilumos riebalai \u012fgauna skyst\u0105, dujin\u012f [...]","protected":false},"author":1,"featured_media":0,"parent":0,"menu_order":0,"comment_status":"closed","ping_status":"closed","template":"","meta":{"footnotes":""},"class_list":["post-11666","page","type-page","status-publish","hentry","has-post-thumbnail"],"acf":[],"yoast_head":"<!-- This site is optimized with the Yoast SEO plugin v20.13 - https:\/\/yoast.com\/wordpress\/plugins\/seo\/ -->\n<title>Patarimai - Kondena<\/title>\n<meta name=\"robots\" content=\"index, follow, max-snippet:-1, max-image-preview:large, max-video-preview:-1\" \/>\n<link rel=\"canonical\" href=\"https:\/\/parduotuve.kondena.lt\/en\/patarimai\/\" \/>\n<meta property=\"og:locale\" content=\"en_US\" \/>\n<meta property=\"og:type\" content=\"article\" \/>\n<meta property=\"og:title\" content=\"Patarimai - Kondena\" \/>\n<meta property=\"og:url\" content=\"https:\/\/parduotuve.kondena.lt\/en\/patarimai\/\" \/>\n<meta property=\"og:site_name\" content=\"Kondena\" \/>\n<meta property=\"article:modified_time\" content=\"2021-10-22T06:18:41+00:00\" \/>\n<meta name=\"twitter:card\" content=\"summary_large_image\" \/>\n<script type=\"application\/ld+json\" class=\"yoast-schema-graph\">{\"@context\":\"https:\/\/schema.org\",\"@graph\":[{\"@type\":\"WebPage\",\"@id\":\"https:\/\/parduotuve.kondena.lt\/en\/patarimai\/\",\"url\":\"https:\/\/parduotuve.kondena.lt\/en\/patarimai\/\",\"name\":\"Patarimai - Kondena\",\"isPartOf\":{\"@id\":\"https:\/\/parduotuve.kondena.lt\/#website\"},\"datePublished\":\"2021-10-22T06:14:59+00:00\",\"dateModified\":\"2021-10-22T06:18:41+00:00\",\"inLanguage\":\"en-US\",\"potentialAction\":[{\"@type\":\"ReadAction\",\"target\":[\"https:\/\/parduotuve.kondena.lt\/en\/patarimai\/\"]}]},{\"@type\":\"WebSite\",\"@id\":\"https:\/\/parduotuve.kondena.lt\/#website\",\"url\":\"https:\/\/parduotuve.kondena.lt\/\",\"name\":\"Kondena\",\"description\":\"Kol kas tik dar vienas WordPress tinklalapis\",\"potentialAction\":[{\"@type\":\"SearchAction\",\"target\":{\"@type\":\"EntryPoint\",\"urlTemplate\":\"https:\/\/parduotuve.kondena.lt\/?s={search_term_string}\"},\"query-input\":\"required name=search_term_string\"}],\"inLanguage\":\"en-US\"}]}<\/script>\n<!-- \/ Yoast SEO plugin. -->","yoast_head_json":{"title":"Patarimai - Kondena","robots":{"index":"index","follow":"follow","max-snippet":"max-snippet:-1","max-image-preview":"max-image-preview:large","max-video-preview":"max-video-preview:-1"},"canonical":"https:\/\/parduotuve.kondena.lt\/en\/patarimai\/","og_locale":"en_US","og_type":"article","og_title":"Patarimai - Kondena","og_url":"https:\/\/parduotuve.kondena.lt\/en\/patarimai\/","og_site_name":"Kondena","article_modified_time":"2021-10-22T06:18:41+00:00","twitter_card":"summary_large_image","schema":{"@context":"https:\/\/schema.org","@graph":[{"@type":"WebPage","@id":"https:\/\/parduotuve.kondena.lt\/en\/patarimai\/","url":"https:\/\/parduotuve.kondena.lt\/en\/patarimai\/","name":"Patarimai - Kondena","isPartOf":{"@id":"https:\/\/parduotuve.kondena.lt\/#website"},"datePublished":"2021-10-22T06:14:59+00:00","dateModified":"2021-10-22T06:18:41+00:00","inLanguage":"en-US","potentialAction":[{"@type":"ReadAction","target":["https:\/\/parduotuve.kondena.lt\/en\/patarimai\/"]}]},{"@type":"WebSite","@id":"https:\/\/parduotuve.kondena.lt\/#website","url":"https:\/\/parduotuve.kondena.lt\/","name":"Kondena","description":"Kol kas tik dar vienas WordPress tinklalapis","potentialAction":[{"@type":"SearchAction","target":{"@type":"EntryPoint","urlTemplate":"https:\/\/parduotuve.kondena.lt\/?s={search_term_string}"},"query-input":"required name=search_term_string"}],"inLanguage":"en-US"}]}},"_links":{"self":[{"href":"https:\/\/parduotuve.kondena.lt\/en\/wp-json\/wp\/v2\/pages\/11666","targetHints":{"allow":["GET"]}}],"collection":[{"href":"https:\/\/parduotuve.kondena.lt\/en\/wp-json\/wp\/v2\/pages"}],"about":[{"href":"https:\/\/parduotuve.kondena.lt\/en\/wp-json\/wp\/v2\/types\/page"}],"author":[{"embeddable":true,"href":"https:\/\/parduotuve.kondena.lt\/en\/wp-json\/wp\/v2\/users\/1"}],"replies":[{"embeddable":true,"href":"https:\/\/parduotuve.kondena.lt\/en\/wp-json\/wp\/v2\/comments?post=11666"}],"version-history":[{"count":4,"href":"https:\/\/parduotuve.kondena.lt\/en\/wp-json\/wp\/v2\/pages\/11666\/revisions"}],"predecessor-version":[{"id":11670,"href":"https:\/\/parduotuve.kondena.lt\/en\/wp-json\/wp\/v2\/pages\/11666\/revisions\/11670"}],"wp:attachment":[{"href":"https:\/\/parduotuve.kondena.lt\/en\/wp-json\/wp\/v2\/media?parent=11666"}],"curies":[{"name":"wp","href":"https:\/\/api.w.org\/{rel}","templated":true}]}}