{"id":11654,"date":"2021-10-22T05:54:02","date_gmt":"2021-10-22T05:54:02","guid":{"rendered":"https:\/\/parduotuve.kondena.lt\/?page_id=11654"},"modified":"2021-10-22T08:10:37","modified_gmt":"2021-10-22T07:10:37","slug":"top-prekes","status":"publish","type":"page","link":"https:\/\/parduotuve.kondena.lt\/en\/top-prekes\/","title":{"rendered":"Top products"},"content":{"rendered":"<section class=\"wpb-content-wrapper\"><div class=\"vc_row wpb_row vc_row-fluid\"><div class=\"wpb_column vc_column_container vc_col-sm-12\"><div class=\"vc_column-inner\"><div class=\"wpb_wrapper\"><div class=\"shortcode-title left\"><h1 class=\"normal-title\">Geriausiai \u012fvertinti m\u016bs\u0173 produktai<\/h1><\/div><\/div><\/div><\/div><\/div><div class=\"vc_row wpb_row vc_row-fluid\"><div class=\"wpb_column vc_column_container vc_col-sm-12\"><div class=\"vc_column-inner\"><div class=\"wpb_wrapper\"><div class=\"woocommerce columns-4\">\t<ul class=\"products\" >\n<li class=\"post-13532 product type-product status-publish has-post-thumbnail hentry product_cat-oro-kondicionieriai product_cat-split-kondicionieriai product_cat-vesinimas\">\n\t<div class=\"container-inner\">\n\t<div class=\"product-block-inner\">\n\t\t\t\t<div class=\"image-block\"><a href=\"https:\/\/parduotuve.kondena.lt\/en\/produktai\/oro-kondicionierius-aria-komplektas-5-2kw\/\">\n\t\t\t<img loading=\"lazy\" decoding=\"async\" width=\"224\" height=\"280\" src=\"https:\/\/parduotuve.kondena.lt\/wp-content\/uploads\/2021\/10\/heiko-agregat-split-1-224x280.jpg\" class=\"secondary-image attachment-shop-catalog\" alt=\"\" \/><\/a><div class=\"product-block-outer\"><div class=\"product-button-hover\"><\/div><\/div><\/div><div class=\"product-detail-wrapper\">\n\t\t\t\t\t<a href=\"https:\/\/parduotuve.kondena.lt\/en\/produktai\/oro-kondicionierius-aria-komplektas-5-2kw\/\"><h3 class=\"product-name\">Heiko Oro kondicionierius ARIA kompletas 5.2kw<\/h3><\/a>\n\t\t\n\t<span class=\"price\"><span class=\"woocommerce-Price-amount amount\"><bdi>1,153.98<span class=\"woocommerce-Price-currencySymbol\">&euro;<\/span><\/bdi><\/span><\/span>\n\n<div\n\tclass=\"yith-wcwl-add-to-wishlist add-to-wishlist-13532  wishlist-fragment on-first-load\"\n\tdata-fragment-ref=\"13532\"\n\tdata-fragment-options=\"{&quot;base_url&quot;:&quot;&quot;,&quot;in_default_wishlist&quot;:false,&quot;is_single&quot;:false,&quot;show_exists&quot;:false,&quot;product_id&quot;:13532,&quot;parent_product_id&quot;:13532,&quot;product_type&quot;:&quot;simple&quot;,&quot;show_view&quot;:false,&quot;browse_wishlist_text&quot;:&quot;Nor\\u0173 puslapis&quot;,&quot;already_in_wishslist_text&quot;:&quot;\\u0160is produktas jau yra J\\u016bs\\u0173 nor\\u0173 puslapyje!&quot;,&quot;product_added_text&quot;:&quot;Produktas prid\\u0117tas!&quot;,&quot;heading_icon&quot;:&quot;fa-heart-o&quot;,&quot;available_multi_wishlist&quot;:false,&quot;disable_wishlist&quot;:false,&quot;show_count&quot;:false,&quot;ajax_loading&quot;:false,&quot;loop_position&quot;:&quot;after_add_to_cart&quot;,&quot;item&quot;:&quot;add_to_wishlist&quot;}\"\n>\n\t\t\t\n\t\t\t<!-- ADD TO WISHLIST -->\n\t\t\t\n<div class=\"yith-wcwl-add-button\">\n\t\t<a\n\t\thref=\"?add_to_wishlist=13532&#038;_wpnonce=ad694285ce\"\n\t\tclass=\"add_to_wishlist single_add_to_wishlist\"\n\t\tdata-product-id=\"13532\"\n\t\tdata-product-type=\"simple\"\n\t\tdata-original-product-id=\"13532\"\n\t\tdata-title=\"Prid\u0117ti \u012f nor\u0173 puslap\u012f\"\n\t\trel=\"nofollow\"\n\t>\n\t\t<i class=\"yith-wcwl-icon fa fa-heart-o\"><\/i>\t\t<span>Prid\u0117ti \u012f nor\u0173 puslap\u012f<\/span>\n\t<\/a>\n<\/div>\n\n\t\t\t<!-- COUNT TEXT -->\n\t\t\t\n\t\t\t<\/div>\n<a href=\"#\" class=\"button yith-wcqv-button\" data-product_id=\"13532\">Quick View<\/a>            <div class=\"product-block-hover\"><\/div>\t<\/div>\t\n\t\t<\/div>\n\t\t<\/div>\n<\/li><li class=\"post-13531 product type-product status-publish has-post-thumbnail hentry product_cat-oro-kondicionieriai product_cat-split-kondicionieriai product_cat-vesinimas\">\n\t<div class=\"container-inner\">\n\t<div class=\"product-block-inner\">\n\t\t\t\t<div class=\"image-block\"><a href=\"https:\/\/parduotuve.kondena.lt\/en\/produktai\/oro-kondicionierius-aria-kompletas-3-5kw\/\">\n\t\t\t<img loading=\"lazy\" decoding=\"async\" width=\"224\" height=\"280\" src=\"https:\/\/parduotuve.kondena.lt\/wp-content\/uploads\/2021\/10\/heiko-agregat-split-1-224x280.jpg\" class=\"secondary-image attachment-shop-catalog\" alt=\"\" \/><span class='onsale'>-8%<\/span><\/a><div class=\"product-block-outer\"><div class=\"product-button-hover\"><\/div><\/div><\/div><div class=\"product-detail-wrapper\">\n\t\t\t\t\t<a href=\"https:\/\/parduotuve.kondena.lt\/en\/produktai\/oro-kondicionierius-aria-kompletas-3-5kw\/\"><h3 class=\"product-name\">Heiko Oro kondicionierius ARIA komplektas 3.5kw<\/h3><\/a>\n\t\t\n\t<span class=\"price\"><del aria-hidden=\"true\"><span class=\"woocommerce-Price-amount amount\"><bdi>899.99<span class=\"woocommerce-Price-currencySymbol\">&euro;<\/span><\/bdi><\/span><\/del> <ins><span class=\"woocommerce-Price-amount amount\"><bdi>831.42<span class=\"woocommerce-Price-currencySymbol\">&euro;<\/span><\/bdi><\/span><\/ins><\/span>\n\n<div\n\tclass=\"yith-wcwl-add-to-wishlist add-to-wishlist-13531  wishlist-fragment on-first-load\"\n\tdata-fragment-ref=\"13531\"\n\tdata-fragment-options=\"{&quot;base_url&quot;:&quot;&quot;,&quot;in_default_wishlist&quot;:false,&quot;is_single&quot;:false,&quot;show_exists&quot;:false,&quot;product_id&quot;:13531,&quot;parent_product_id&quot;:13531,&quot;product_type&quot;:&quot;simple&quot;,&quot;show_view&quot;:false,&quot;browse_wishlist_text&quot;:&quot;Nor\\u0173 puslapis&quot;,&quot;already_in_wishslist_text&quot;:&quot;\\u0160is produktas jau yra J\\u016bs\\u0173 nor\\u0173 puslapyje!&quot;,&quot;product_added_text&quot;:&quot;Produktas prid\\u0117tas!&quot;,&quot;heading_icon&quot;:&quot;fa-heart-o&quot;,&quot;available_multi_wishlist&quot;:false,&quot;disable_wishlist&quot;:false,&quot;show_count&quot;:false,&quot;ajax_loading&quot;:false,&quot;loop_position&quot;:&quot;after_add_to_cart&quot;,&quot;item&quot;:&quot;add_to_wishlist&quot;}\"\n>\n\t\t\t\n\t\t\t<!-- ADD TO WISHLIST -->\n\t\t\t\n<div class=\"yith-wcwl-add-button\">\n\t\t<a\n\t\thref=\"?add_to_wishlist=13531&#038;_wpnonce=ad694285ce\"\n\t\tclass=\"add_to_wishlist single_add_to_wishlist\"\n\t\tdata-product-id=\"13531\"\n\t\tdata-product-type=\"simple\"\n\t\tdata-original-product-id=\"13531\"\n\t\tdata-title=\"Prid\u0117ti \u012f nor\u0173 puslap\u012f\"\n\t\trel=\"nofollow\"\n\t>\n\t\t<i class=\"yith-wcwl-icon fa fa-heart-o\"><\/i>\t\t<span>Prid\u0117ti \u012f nor\u0173 puslap\u012f<\/span>\n\t<\/a>\n<\/div>\n\n\t\t\t<!-- COUNT TEXT -->\n\t\t\t\n\t\t\t<\/div>\n<a href=\"#\" class=\"button yith-wcqv-button\" data-product_id=\"13531\">Quick View<\/a>            <div class=\"product-block-hover\"><\/div>\t<\/div>\t\n\t\t<\/div>\n\t\t<\/div>\n<\/li><li class=\"post-13527 product type-product status-publish has-post-thumbnail hentry product_cat-split-kondicionieriai product_cat-oro-kondicionieriai product_cat-vesinimas\">\n\t<div class=\"container-inner\">\n\t<div class=\"product-block-inner\">\n\t\t\t\t<div class=\"image-block\"><a href=\"https:\/\/parduotuve.kondena.lt\/en\/produktai\/oro-kondicionierius-aria-komplektas-2-6kw\/\">\n\t\t\t<img loading=\"lazy\" decoding=\"async\" width=\"224\" height=\"280\" src=\"https:\/\/parduotuve.kondena.lt\/wp-content\/uploads\/2021\/10\/heiko-agregat-split-1-224x280.jpg\" class=\"secondary-image attachment-shop-catalog\" alt=\"\" \/><span class='onsale'>-7%<\/span><\/a><div class=\"product-block-outer\"><div class=\"product-button-hover\"><\/div><\/div><\/div><div class=\"product-detail-wrapper\">\n\t\t\t\t\t<a href=\"https:\/\/parduotuve.kondena.lt\/en\/produktai\/oro-kondicionierius-aria-komplektas-2-6kw\/\"><h3 class=\"product-name\">Heiko Oro kondicionierius ARIA kompletas 2.6kw<\/h3><\/a>\n\t\t\n\t<span class=\"price\"><del aria-hidden=\"true\"><span class=\"woocommerce-Price-amount amount\"><bdi>830.45<span class=\"woocommerce-Price-currencySymbol\">&euro;<\/span><\/bdi><\/span><\/del> <ins><span class=\"woocommerce-Price-amount amount\"><bdi>770.43<span class=\"woocommerce-Price-currencySymbol\">&euro;<\/span><\/bdi><\/span><\/ins><\/span>\n\n<div\n\tclass=\"yith-wcwl-add-to-wishlist add-to-wishlist-13527  wishlist-fragment on-first-load\"\n\tdata-fragment-ref=\"13527\"\n\tdata-fragment-options=\"{&quot;base_url&quot;:&quot;&quot;,&quot;in_default_wishlist&quot;:false,&quot;is_single&quot;:false,&quot;show_exists&quot;:false,&quot;product_id&quot;:13527,&quot;parent_product_id&quot;:13527,&quot;product_type&quot;:&quot;simple&quot;,&quot;show_view&quot;:false,&quot;browse_wishlist_text&quot;:&quot;Nor\\u0173 puslapis&quot;,&quot;already_in_wishslist_text&quot;:&quot;\\u0160is produktas jau yra J\\u016bs\\u0173 nor\\u0173 puslapyje!&quot;,&quot;product_added_text&quot;:&quot;Produktas prid\\u0117tas!&quot;,&quot;heading_icon&quot;:&quot;fa-heart-o&quot;,&quot;available_multi_wishlist&quot;:false,&quot;disable_wishlist&quot;:false,&quot;show_count&quot;:false,&quot;ajax_loading&quot;:false,&quot;loop_position&quot;:&quot;after_add_to_cart&quot;,&quot;item&quot;:&quot;add_to_wishlist&quot;}\"\n>\n\t\t\t\n\t\t\t<!-- ADD TO WISHLIST -->\n\t\t\t\n<div class=\"yith-wcwl-add-button\">\n\t\t<a\n\t\thref=\"?add_to_wishlist=13527&#038;_wpnonce=ad694285ce\"\n\t\tclass=\"add_to_wishlist single_add_to_wishlist\"\n\t\tdata-product-id=\"13527\"\n\t\tdata-product-type=\"simple\"\n\t\tdata-original-product-id=\"13527\"\n\t\tdata-title=\"Prid\u0117ti \u012f nor\u0173 puslap\u012f\"\n\t\trel=\"nofollow\"\n\t>\n\t\t<i class=\"yith-wcwl-icon fa fa-heart-o\"><\/i>\t\t<span>Prid\u0117ti \u012f nor\u0173 puslap\u012f<\/span>\n\t<\/a>\n<\/div>\n\n\t\t\t<!-- COUNT TEXT -->\n\t\t\t\n\t\t\t<\/div>\n<a href=\"#\" class=\"button yith-wcqv-button\" data-product_id=\"13527\">Quick View<\/a>            <div class=\"product-block-hover\"><\/div>\t<\/div>\t\n\t\t<\/div>\n\t\t<\/div>\n<\/li><li class=\"post-11105 product type-product status-publish has-post-thumbnail hentry product_cat-difuzoriai product_cat-apvalus-oro-difuzoriai\">\n\t<div class=\"container-inner\">\n\t<div class=\"product-block-inner\">\n\t\t\t\t<div class=\"image-block\"><a href=\"https:\/\/parduotuve.kondena.lt\/en\/produktai\/difuzorius-rino\/\">\n\t\t\t<img loading=\"lazy\" decoding=\"async\" width=\"224\" height=\"280\" src=\"https:\/\/parduotuve.kondena.lt\/wp-content\/uploads\/2021\/11\/tuloilmaventtiili-climecon-rino-s-100-6034-mintunvihrea-224x280.jpg\" class=\"secondary-image attachment-shop-catalog\" alt=\"\" \/><\/a><div class=\"product-block-outer\"><div class=\"product-button-hover\"><\/div><\/div><\/div><div class=\"product-detail-wrapper\">\n\t\t\t\t\t<a href=\"https:\/\/parduotuve.kondena.lt\/en\/produktai\/difuzorius-rino\/\"><h3 class=\"product-name\">Difuzorius RINO<\/h3><\/a>\n\t\t\n\t<span class=\"price\" data-no-translation=\"\" data-trp-gettext=\"\"><span class=\"woocommerce-Price-amount amount\"><bdi>88.17<span class=\"woocommerce-Price-currencySymbol\">&euro;<\/span><\/bdi><\/span> &ndash; <span class=\"woocommerce-Price-amount amount\"><bdi>116.39<span class=\"woocommerce-Price-currencySymbol\">&euro;<\/span><\/bdi><\/span><\/span>\n\n<div\n\tclass=\"yith-wcwl-add-to-wishlist add-to-wishlist-11105  wishlist-fragment on-first-load\"\n\tdata-fragment-ref=\"11105\"\n\tdata-fragment-options=\"{&quot;base_url&quot;:&quot;&quot;,&quot;in_default_wishlist&quot;:false,&quot;is_single&quot;:false,&quot;show_exists&quot;:false,&quot;product_id&quot;:11105,&quot;parent_product_id&quot;:11105,&quot;product_type&quot;:&quot;variable&quot;,&quot;show_view&quot;:false,&quot;browse_wishlist_text&quot;:&quot;Nor\\u0173 puslapis&quot;,&quot;already_in_wishslist_text&quot;:&quot;\\u0160is produktas jau yra J\\u016bs\\u0173 nor\\u0173 puslapyje!&quot;,&quot;product_added_text&quot;:&quot;Produktas prid\\u0117tas!&quot;,&quot;heading_icon&quot;:&quot;fa-heart-o&quot;,&quot;available_multi_wishlist&quot;:false,&quot;disable_wishlist&quot;:false,&quot;show_count&quot;:false,&quot;ajax_loading&quot;:false,&quot;loop_position&quot;:&quot;after_add_to_cart&quot;,&quot;item&quot;:&quot;add_to_wishlist&quot;}\"\n>\n\t\t\t\n\t\t\t<!-- ADD TO WISHLIST -->\n\t\t\t\n<div class=\"yith-wcwl-add-button\">\n\t\t<a\n\t\thref=\"?add_to_wishlist=11105&#038;_wpnonce=ad694285ce\"\n\t\tclass=\"add_to_wishlist single_add_to_wishlist\"\n\t\tdata-product-id=\"11105\"\n\t\tdata-product-type=\"variable\"\n\t\tdata-original-product-id=\"11105\"\n\t\tdata-title=\"Prid\u0117ti \u012f nor\u0173 puslap\u012f\"\n\t\trel=\"nofollow\"\n\t>\n\t\t<i class=\"yith-wcwl-icon fa fa-heart-o\"><\/i>\t\t<span>Prid\u0117ti \u012f nor\u0173 puslap\u012f<\/span>\n\t<\/a>\n<\/div>\n\n\t\t\t<!-- COUNT TEXT -->\n\t\t\t\n\t\t\t<\/div>\n<a href=\"#\" class=\"button yith-wcqv-button\" data-product_id=\"11105\">Quick View<\/a>            <div class=\"product-block-hover\"><\/div>\t<\/div>\t\n\t\t<\/div>\n\t\t<\/div>\n<\/li><\/ul>\n<\/div><\/div><\/div><\/div><\/div><div class=\"vc_row wpb_row vc_row-fluid\"><div class=\"wpb_column vc_column_container vc_col-sm-12\"><div class=\"vc_column-inner\"><div class=\"wpb_wrapper\"><\/div><\/div><\/div><\/div>\n<\/section>","protected":false},"excerpt":{"rendered":"Geriausiai \u012fvertinti m\u016bs\u0173 produktai Heiko Oro kondicionierius ARIA kompletas 5.2kw 1,153.98&euro; Prid\u0117ti \u012f nor\u0173 puslap\u012f Quick View -8% Heiko Oro kondicionierius ARIA komplektas 3.5kw 899.99&euro; 831.42&euro; Prid\u0117ti \u012f nor\u0173 puslap\u012f Quick View -7% Heiko Oro kondicionierius ARIA kompletas 2.6kw 830.45&euro; 770.43&euro; Prid\u0117ti \u012f nor\u0173 puslap\u012f Quick View Difuzorius RINO 88.17&euro; &ndash; 116.39&euro; Prid\u0117ti \u012f [...]","protected":false},"author":1,"featured_media":0,"parent":0,"menu_order":0,"comment_status":"closed","ping_status":"closed","template":"","meta":{"footnotes":""},"class_list":["post-11654","page","type-page","status-publish","hentry"],"acf":[],"yoast_head":"<!-- This site is optimized with the Yoast SEO plugin v20.13 - https:\/\/yoast.com\/wordpress\/plugins\/seo\/ -->\n<title>Top prek\u0117s - Kondena<\/title>\n<meta name=\"robots\" content=\"index, follow, max-snippet:-1, max-image-preview:large, max-video-preview:-1\" \/>\n<link rel=\"canonical\" href=\"https:\/\/parduotuve.kondena.lt\/en\/top-prekes\/\" \/>\n<meta property=\"og:locale\" content=\"en_US\" \/>\n<meta property=\"og:type\" content=\"article\" \/>\n<meta property=\"og:title\" content=\"Top prek\u0117s - Kondena\" \/>\n<meta property=\"og:url\" content=\"https:\/\/parduotuve.kondena.lt\/en\/top-prekes\/\" \/>\n<meta property=\"og:site_name\" content=\"Kondena\" \/>\n<meta property=\"article:modified_time\" content=\"2021-10-22T07:10:37+00:00\" \/>\n<meta name=\"twitter:card\" content=\"summary_large_image\" \/>\n<script type=\"application\/ld+json\" class=\"yoast-schema-graph\">{\"@context\":\"https:\/\/schema.org\",\"@graph\":[{\"@type\":\"WebPage\",\"@id\":\"https:\/\/parduotuve.kondena.lt\/top-prekes\/\",\"url\":\"https:\/\/parduotuve.kondena.lt\/top-prekes\/\",\"name\":\"Top prek\u0117s - Kondena\",\"isPartOf\":{\"@id\":\"https:\/\/parduotuve.kondena.lt\/#website\"},\"datePublished\":\"2021-10-22T05:54:02+00:00\",\"dateModified\":\"2021-10-22T07:10:37+00:00\",\"inLanguage\":\"en-US\",\"potentialAction\":[{\"@type\":\"ReadAction\",\"target\":[\"https:\/\/parduotuve.kondena.lt\/top-prekes\/\"]}]},{\"@type\":\"WebSite\",\"@id\":\"https:\/\/parduotuve.kondena.lt\/#website\",\"url\":\"https:\/\/parduotuve.kondena.lt\/\",\"name\":\"Kondena\",\"description\":\"Kol kas tik dar vienas WordPress tinklalapis\",\"potentialAction\":[{\"@type\":\"SearchAction\",\"target\":{\"@type\":\"EntryPoint\",\"urlTemplate\":\"https:\/\/parduotuve.kondena.lt\/?s={search_term_string}\"},\"query-input\":\"required name=search_term_string\"}],\"inLanguage\":\"en-US\"}]}<\/script>\n<!-- \/ Yoast SEO plugin. -->","yoast_head_json":{"title":"Top prek\u0117s - Kondena","robots":{"index":"index","follow":"follow","max-snippet":"max-snippet:-1","max-image-preview":"max-image-preview:large","max-video-preview":"max-video-preview:-1"},"canonical":"https:\/\/parduotuve.kondena.lt\/en\/top-prekes\/","og_locale":"en_US","og_type":"article","og_title":"Top prek\u0117s - Kondena","og_url":"https:\/\/parduotuve.kondena.lt\/en\/top-prekes\/","og_site_name":"Kondena","article_modified_time":"2021-10-22T07:10:37+00:00","twitter_card":"summary_large_image","schema":{"@context":"https:\/\/schema.org","@graph":[{"@type":"WebPage","@id":"https:\/\/parduotuve.kondena.lt\/top-prekes\/","url":"https:\/\/parduotuve.kondena.lt\/top-prekes\/","name":"Top prek\u0117s - Kondena","isPartOf":{"@id":"https:\/\/parduotuve.kondena.lt\/#website"},"datePublished":"2021-10-22T05:54:02+00:00","dateModified":"2021-10-22T07:10:37+00:00","inLanguage":"en-US","potentialAction":[{"@type":"ReadAction","target":["https:\/\/parduotuve.kondena.lt\/top-prekes\/"]}]},{"@type":"WebSite","@id":"https:\/\/parduotuve.kondena.lt\/#website","url":"https:\/\/parduotuve.kondena.lt\/","name":"Kondena","description":"Kol kas tik dar vienas WordPress tinklalapis","potentialAction":[{"@type":"SearchAction","target":{"@type":"EntryPoint","urlTemplate":"https:\/\/parduotuve.kondena.lt\/?s={search_term_string}"},"query-input":"required name=search_term_string"}],"inLanguage":"en-US"}]}},"_links":{"self":[{"href":"https:\/\/parduotuve.kondena.lt\/en\/wp-json\/wp\/v2\/pages\/11654","targetHints":{"allow":["GET"]}}],"collection":[{"href":"https:\/\/parduotuve.kondena.lt\/en\/wp-json\/wp\/v2\/pages"}],"about":[{"href":"https:\/\/parduotuve.kondena.lt\/en\/wp-json\/wp\/v2\/types\/page"}],"author":[{"embeddable":true,"href":"https:\/\/parduotuve.kondena.lt\/en\/wp-json\/wp\/v2\/users\/1"}],"replies":[{"embeddable":true,"href":"https:\/\/parduotuve.kondena.lt\/en\/wp-json\/wp\/v2\/comments?post=11654"}],"version-history":[{"count":7,"href":"https:\/\/parduotuve.kondena.lt\/en\/wp-json\/wp\/v2\/pages\/11654\/revisions"}],"predecessor-version":[{"id":11695,"href":"https:\/\/parduotuve.kondena.lt\/en\/wp-json\/wp\/v2\/pages\/11654\/revisions\/11695"}],"wp:attachment":[{"href":"https:\/\/parduotuve.kondena.lt\/en\/wp-json\/wp\/v2\/media?parent=11654"}],"curies":[{"name":"wp","href":"https:\/\/api.w.org\/{rel}","templated":true}]}}